{"id":90,"date":"2025-08-18T16:25:10","date_gmt":"2025-08-18T19:25:10","guid":{"rendered":"https:\/\/pos.uel.br\/engenharia-de-software\/?page_id=90"},"modified":"2026-02-26T15:17:12","modified_gmt":"2026-02-26T18:17:12","slug":"inscricoes","status":"publish","type":"page","link":"https:\/\/pos.uel.br\/engenharia-de-software\/inscricoes\/","title":{"rendered":"Inscri\u00e7\u00f5es"},"content":{"rendered":"\n<h5 class=\"wp-block-heading\"><span class=\"highlight\">Inscri\u00e7\u00e3o Turma 2026 &#8211; As inscri\u00e7\u00f5es foram prorrogadas at\u00e9 o dia 24\/02\/2026<\/span><\/h5>\n\n\n\n<p>AULAS 100% REMOTAS (ON-LINE): TER\u00c7A-FEIRA E QUINTA-FEIRA, NO PER\u00cdODO NOTURNO, PODEREMOS TER AULAS AOS S\u00c1BADO, NO PER\u00cdODO MATUTINO.<\/p>\n\n\n\n<p><\/p>\n\n\n\n<p>Para realizar sua <strong>inscri\u00e7\u00e3o <\/strong>clique em <a href=\"https:\/\/sistemas.uel.br\/portaldepos\/inscricao\/listarCursos?nvCurso=1&amp;sqNivel=1\"><strong>saiba mais<\/strong><\/a>:<\/p>\n\n\n\n<p><strong>D\u00favidas<\/strong>:<\/p>\n\n\n\n<p>(43) 99116-1703&nbsp; &nbsp; Prof. Dr. Rodolfo Barros (Coordenador do Curso)<\/p>\n\n\n\n<p><strong>Edital<\/strong>:&nbsp;<a href=\"https:\/\/pos.uel.br\/engenharia-de-software\/wp-content\/uploads\/2025\/10\/Edital_002_Oferta_Regular_2026_01.pdf\">https:\/\/pos.uel.br\/engenharia-de-software\/wp-content\/uploads\/2025\/10\/Edital_002_Oferta_Regular_2026_01.pdf<\/a><\/p>\n\n\n\n<p><\/p>\n\n\n\n<p><strong>Resultado<\/strong><strong>&nbsp;<\/strong><strong>(Edital candidatos aprovados)<\/strong><strong>:<\/strong><\/p>\n\n\n\n<p>Edital: <a href=\"https:\/\/pos.uel.br\/engenharia-de-software\/wp-content\/uploads\/2026\/02\/Edital_001__resultado_selecao_2026_1_Engenharia_de_Software_assinado.pdf\">https:\/\/pos.uel.br\/engenharia-de-software\/wp-content\/uploads\/2026\/02\/Edital_001__resultado_selecao_2026_1_Engenharia_de_Software_assinado.pdf<\/a><\/p>\n\n\n\n<p><strong>Investimento<\/strong><strong>:<\/strong><\/p>\n\n\n\n<p><strong>Taxa de inscri\u00e7\u00e3o R$ 81,00 + 18 parcelas de R$ 460,00.<\/strong><\/p>\n\n\n\n<p>** Por ser uma institui\u00e7\u00e3o p\u00fablica n\u00e3o temos pol\u00edticas de descontos nas mensalidades.<\/p>\n\n\n\n<p><strong>Calend\u00e1rio<\/strong><\/p>\n\n\n\n<figure class=\"wp-block-image size-full\"><img loading=\"lazy\" decoding=\"async\" width=\"726\" height=\"703\" src=\"https:\/\/pos.uel.br\/engenharia-de-software\/wp-content\/uploads\/2026\/02\/image-1.png\" alt=\"\" class=\"wp-image-134\" srcset=\"https:\/\/pos.uel.br\/engenharia-de-software\/wp-content\/uploads\/2026\/02\/image-1.png 726w, https:\/\/pos.uel.br\/engenharia-de-software\/wp-content\/uploads\/2026\/02\/image-1-300x290.png 300w\" sizes=\"auto, (max-width: 726px) 100vw, 726px\" \/><\/figure>\n\n\n\n<div class=\"wp-block-columns is-layout-flex wp-container-core-columns-is-layout-9d6595d7 wp-block-columns-is-layout-flex\">\n<div class=\"wp-block-column is-layout-flow wp-block-column-is-layout-flow\"><\/div>\n<\/div>\n\n\n\n<p><\/p>\n","protected":false},"excerpt":{"rendered":"<p>Inscri\u00e7\u00e3o Turma 2026 &#8211; As inscri\u00e7\u00f5es foram prorrogadas at\u00e9 o dia 24\/02\/2026 AULAS 100% REMOTAS (ON-LINE): TER\u00c7A-FEIRA E QUINTA-FEIRA, NO PER\u00cdODO NOTURNO, PODEREMOS TER AULAS AOS S\u00c1BADO, NO PER\u00cdODO MATUTINO. Para realizar sua inscri\u00e7\u00e3o clique em saiba mais: D\u00favidas: (43) 99116-1703&nbsp; &nbsp; Prof. Dr. Rodolfo Barros (Coordenador do Curso) Edital:&nbsp;https:\/\/pos.uel.br\/engenharia-de-software\/wp-content\/uploads\/2025\/10\/Edital_002_Oferta_Regular_2026_01.pdf Resultado&nbsp;(Edital candidatos aprovados): Edital: https:\/\/pos.uel.br\/engenharia-de-software\/wp-content\/uploads\/2026\/02\/Edital_001__resultado_selecao_2026_1_Engenharia_de_Software_assinado.pdf [&hellip;]<\/p>\n","protected":false},"author":6,"featured_media":0,"parent":0,"menu_order":0,"comment_status":"closed","ping_status":"closed","template":"","meta":{"_acf_changed":false,"_themeisle_gutenberg_block_has_review":false,"footnotes":""},"class_list":["post-90","page","type-page","status-publish","hentry"],"acf":[],"_links":{"self":[{"href":"https:\/\/pos.uel.br\/engenharia-de-software\/wp-json\/wp\/v2\/pages\/90","targetHints":{"allow":["GET"]}}],"collection":[{"href":"https:\/\/pos.uel.br\/engenharia-de-software\/wp-json\/wp\/v2\/pages"}],"about":[{"href":"https:\/\/pos.uel.br\/engenharia-de-software\/wp-json\/wp\/v2\/types\/page"}],"author":[{"embeddable":true,"href":"https:\/\/pos.uel.br\/engenharia-de-software\/wp-json\/wp\/v2\/users\/6"}],"replies":[{"embeddable":true,"href":"https:\/\/pos.uel.br\/engenharia-de-software\/wp-json\/wp\/v2\/comments?post=90"}],"version-history":[{"count":16,"href":"https:\/\/pos.uel.br\/engenharia-de-software\/wp-json\/wp\/v2\/pages\/90\/revisions"}],"predecessor-version":[{"id":139,"href":"https:\/\/pos.uel.br\/engenharia-de-software\/wp-json\/wp\/v2\/pages\/90\/revisions\/139"}],"wp:attachment":[{"href":"https:\/\/pos.uel.br\/engenharia-de-software\/wp-json\/wp\/v2\/media?parent=90"}],"curies":[{"name":"wp","href":"https:\/\/api.w.org\/{rel}","templated":true}]}}