{"id":8,"date":"2025-08-18T10:15:15","date_gmt":"2025-08-18T13:15:15","guid":{"rendered":"https:\/\/pos.uel.br\/engenharia-de-software\/?page_id=8"},"modified":"2025-08-18T15:30:54","modified_gmt":"2025-08-18T18:30:54","slug":"sobre-o-curso","status":"publish","type":"page","link":"https:\/\/pos.uel.br\/engenharia-de-software\/sobre-o-curso\/","title":{"rendered":"Sobre o curso"},"content":{"rendered":"\n<h3 class=\"wp-block-heading\">Apresenta\u00e7\u00e3o e Objetivos<\/h3>\n\n\n\n<p>A evolu\u00e7\u00e3o tecnol\u00f3gica e a conseq\u00fcente diminui\u00e7\u00e3o do custo dos equipamentos possibilitaram a expans\u00e3o dos sistemas computacionais. Atualmente, o uso dos sistemas computacionais se d\u00e1 nos mais variados setores da atividade humana, o que os torna um agente ativo na sociedade em que vivemos. Neste sentido, cresce a preocupa\u00e7\u00e3o com o desenvolvimento destes sistemas computacionais, no que diz respeito \u00e0s t\u00e9cnicas empregadas, gerenciamento do seu desenvolvimento, projeto de banco de dados, softwares utilizados para o desenvolvimento, qualidade do processo de desenvolvimento e do produto final, entre outros fatores.<\/p>\n\n\n\n<p>&nbsp;Assim, frente a esta preocupa\u00e7\u00e3o, o curso de especializa\u00e7\u00e3o tem por objetivo fornecer uma vis\u00e3o sist\u00eamica e atualizada de Engenharia de Software, enfocando o desenvolvimento de sistemas, atrav\u00e9s da discuss\u00e3o de aspectos conceituais, do estudo de metodologias e t\u00e9cnicas usadas neste desenvolvimento, da apresenta\u00e7\u00e3o e discuss\u00e3o de normas e padr\u00f5es de qualidade, bem como conceitos de gerenciamento do conhecimento em projetos de desenvolvimento de Software.<\/p>\n\n\n\n<h3 class=\"wp-block-heading\">P\u00fablico-alvo<\/h3>\n\n\n\n<p>Este curso \u00e9 dirigido aos profissionais de TI ou \u00e1reas afins, que desejam atualizar e aprimorar seus conhecimentos na \u00e1rea de Engenharia de Software.<\/p>\n\n\n\n<h3 class=\"wp-block-heading\">Hor\u00e1rios<\/h3>\n\n\n\n<ul class=\"wp-block-list\">\n<li>A aulas ser\u00e3o 100% remotas (AO VIVO)!<\/li>\n\n\n\n<li>Ter\u00e7a-feira e Quinta-feira\u00a0no per\u00edodo noturno!<\/li>\n\n\n\n<li>Poderemos ter aulas as s\u00e1bados no per\u00edodo matutino.<\/li>\n<\/ul>\n\n\n\n<div class=\"wp-block-columns is-layout-flex wp-container-core-columns-is-layout-9d6595d7 wp-block-columns-is-layout-flex\">\n<div class=\"wp-block-column is-layout-flow wp-block-column-is-layout-flow\"><\/div>\n<\/div>\n","protected":false},"excerpt":{"rendered":"<p>Apresenta\u00e7\u00e3o e Objetivos A evolu\u00e7\u00e3o tecnol\u00f3gica e a conseq\u00fcente diminui\u00e7\u00e3o do custo dos equipamentos possibilitaram a expans\u00e3o dos sistemas computacionais. Atualmente, o uso dos sistemas computacionais se d\u00e1 nos mais variados setores da atividade humana, o que os torna um agente ativo na sociedade em que vivemos. Neste sentido, cresce a preocupa\u00e7\u00e3o com o desenvolvimento [&hellip;]<\/p>\n","protected":false},"author":6,"featured_media":0,"parent":0,"menu_order":0,"comment_status":"closed","ping_status":"closed","template":"","meta":{"_acf_changed":false,"_themeisle_gutenberg_block_has_review":false,"footnotes":""},"class_list":["post-8","page","type-page","status-publish","hentry"],"acf":[],"_links":{"self":[{"href":"https:\/\/pos.uel.br\/engenharia-de-software\/wp-json\/wp\/v2\/pages\/8","targetHints":{"allow":["GET"]}}],"collection":[{"href":"https:\/\/pos.uel.br\/engenharia-de-software\/wp-json\/wp\/v2\/pages"}],"about":[{"href":"https:\/\/pos.uel.br\/engenharia-de-software\/wp-json\/wp\/v2\/types\/page"}],"author":[{"embeddable":true,"href":"https:\/\/pos.uel.br\/engenharia-de-software\/wp-json\/wp\/v2\/users\/6"}],"replies":[{"embeddable":true,"href":"https:\/\/pos.uel.br\/engenharia-de-software\/wp-json\/wp\/v2\/comments?post=8"}],"version-history":[{"count":5,"href":"https:\/\/pos.uel.br\/engenharia-de-software\/wp-json\/wp\/v2\/pages\/8\/revisions"}],"predecessor-version":[{"id":87,"href":"https:\/\/pos.uel.br\/engenharia-de-software\/wp-json\/wp\/v2\/pages\/8\/revisions\/87"}],"wp:attachment":[{"href":"https:\/\/pos.uel.br\/engenharia-de-software\/wp-json\/wp\/v2\/media?parent=8"}],"curies":[{"name":"wp","href":"https:\/\/api.w.org\/{rel}","templated":true}]}}