{"id":70,"date":"2025-08-18T13:56:25","date_gmt":"2025-08-18T16:56:25","guid":{"rendered":"https:\/\/pos.uel.br\/engenharia-de-software\/?page_id=70"},"modified":"2025-08-19T16:25:53","modified_gmt":"2025-08-19T19:25:53","slug":"normas-do-curso","status":"publish","type":"page","link":"https:\/\/pos.uel.br\/engenharia-de-software\/normas-do-curso\/","title":{"rendered":"Normas do curso"},"content":{"rendered":"\n<h3 class=\"wp-block-heading\">Detalhes<\/h3>\n\n\n\n<ol class=\"wp-block-list\">\n<li>A nota m\u00ednima para aprova\u00e7\u00e3o em cada disciplina \u00e9 igual ou superior a 7,0.<\/li>\n\n\n\n<li>O aluno n\u00e3o pode ter mais do que 25 % de faltas em cada disciplina.<\/li>\n\n\n\n<li>Para obten\u00e7\u00e3o do t\u00edtulo de especialista em Engenharia de Software e Banco de Dados&nbsp;o aluno dever\u00e1 completar o n\u00famero de cr\u00e9ditos exigidos pelo curso e apresentar uma monografia\/artigo cient\u00edfico realizado&nbsp;em um tema ligado aos conte\u00fados do curso. A monografia\/artigo dever\u00e1 ser realizada individualmente, sob a orienta\u00e7\u00e3o de docentes que tenham ministrado disciplinas no curso.&nbsp;<\/li>\n<\/ol>\n\n\n\n<h4 class=\"wp-block-heading\">Monografias \/ Artigo Cient\u00edfico<\/h4>\n\n\n\n<p>Cada aluno deve escolher um professor para orientar sua monografia\/artigo cient\u00edfico. Para firmar realmente a orienta\u00e7\u00e3o, o aluno e o orientador dever\u00e3o enviar um e-mail para a coordena\u00e7\u00e3o informando sobre a orienta\u00e7\u00e3o at\u00e9 no m\u00e1ximo 120 dias ap\u00f3s o in\u00edcio do curso. Ap\u00f3s acertada a orienta\u00e7\u00e3o, o aluno s\u00f3 poder\u00e1 trocar de orientador com o aceite por escrito do orientador anterior e ap\u00f3s atualizar a coordena\u00e7\u00e3o do curso, que dever\u00e1 dar anu\u00eancia a mudan\u00e7a.<\/p>\n\n\n\n<h4 class=\"wp-block-heading\">Entrega da vers\u00e3o para avalia\u00e7\u00e3o da banca (1\u00aa vers\u00e3o)<\/h4>\n\n\n\n<p>Deve ser entregue uma vers\u00e3o da monografia\/artigo para avalia\u00e7\u00e3o da banca. O calend\u00e1rio exige que as monografias\/artigos dos cursos iniciados no primeiro semestre do ano corrente devam ser entregues at\u00e9 a 1a semana de junho do ano seguinte.<\/p>\n\n\n\n<p><\/p>\n\n\n\n<h4 class=\"wp-block-heading\">Avalia\u00e7\u00e3o e divulga\u00e7\u00e3o do resultado da Monografia\/artigo<\/h4>\n\n\n\n<p>Logo ap\u00f3s a entrega dos exemplares da vers\u00e3o da monografia\/artigo para avalia\u00e7\u00e3o, a coordena\u00e7\u00e3o do curso tem 30 (trinta) dias para nomear a banca e solicitar sua homologa\u00e7\u00e3o pela Coordenadoria de P\u00f3s-Gradua\u00e7\u00e3o (CPG) da UEL. A banca \u00e9 formada por 3 (tr\u00eas) professores, incluindo o orientador, que \u00e9 o presidente da banca, e mais dois professores. A partir da homologa\u00e7\u00e3o pela CPG, a banca tem at\u00e9 60 (sessenta) dias para divulgar o resultado da avalia\u00e7\u00e3o. N\u00e3o haver\u00e1 apresenta\u00e7\u00e3o ou defesa perante a banca das monografias\/artigos, apenas avalia\u00e7\u00e3o do exemplar impresso.<\/p>\n\n\n\n<p>Dependendo do resultado da avalia\u00e7\u00e3o existem duas possibilidades:<\/p>\n\n\n\n<ol class=\"wp-block-list\">\n<li>Aprova\u00e7\u00e3o em primeira inst\u00e2ncia: caso a monografia\/artigo seja aprovada em primeira inst\u00e2ncia se a necessidade de reformula\u00e7\u00e3o, neste caso o aluno poder\u00e1 solicitar a emiss\u00e3o do Certificado de Conclus\u00e3o do Curso, que deve ser solicitado junto Pr\u00f3-reitoria de Pesquisa e P\u00f3s-Gradua\u00e7\u00e3o (PROPPG) da UEL desde que tenha cumprido todas as outras obriga\u00e7\u00f5es contratuais assumidas no in\u00edcio do curso.<\/li>\n\n\n\n<li>A banca solicita reformula\u00e7\u00e3o (altera\u00e7\u00f5es): caso a banca solicite reformula\u00e7\u00e3o (altera\u00e7\u00f5es), o aluno ter\u00e1 60 (sessenta) dias, contados a partir da data da divulga\u00e7\u00e3o do resultado da avalia\u00e7\u00e3o da banca, para entregar uma vers\u00e3o para reavalia\u00e7\u00e3o, contendo integralmente estas altera\u00e7\u00f5es que novamente ser\u00e3o avaliadas pela banca. Neste caso o aluno ap\u00f3s realizar as corre\u00e7\u00f5es dever\u00e1 entregar 1 (um) novo exemplar impresso e encadernado (encaderna\u00e7\u00e3o simples) da vers\u00e3o para reavalia\u00e7\u00e3o na secretaria do departamento, desta vez com o visto do orientador na capa.<\/li>\n<\/ol>\n\n\n\n<div class=\"wp-block-columns is-layout-flex wp-container-core-columns-is-layout-9d6595d7 wp-block-columns-is-layout-flex\">\n<div class=\"wp-block-column is-layout-flow wp-block-column-is-layout-flow\"><\/div>\n<\/div>\n","protected":false},"excerpt":{"rendered":"<p>Detalhes Monografias \/ Artigo Cient\u00edfico Cada aluno deve escolher um professor para orientar sua monografia\/artigo cient\u00edfico. Para firmar realmente a orienta\u00e7\u00e3o, o aluno e o orientador dever\u00e3o enviar um e-mail para a coordena\u00e7\u00e3o informando sobre a orienta\u00e7\u00e3o at\u00e9 no m\u00e1ximo 120 dias ap\u00f3s o in\u00edcio do curso. Ap\u00f3s acertada a orienta\u00e7\u00e3o, o aluno s\u00f3 poder\u00e1 [&hellip;]<\/p>\n","protected":false},"author":6,"featured_media":0,"parent":0,"menu_order":0,"comment_status":"closed","ping_status":"closed","template":"","meta":{"_acf_changed":false,"_themeisle_gutenberg_block_has_review":false,"footnotes":""},"class_list":["post-70","page","type-page","status-publish","hentry"],"acf":[],"_links":{"self":[{"href":"https:\/\/pos.uel.br\/engenharia-de-software\/wp-json\/wp\/v2\/pages\/70","targetHints":{"allow":["GET"]}}],"collection":[{"href":"https:\/\/pos.uel.br\/engenharia-de-software\/wp-json\/wp\/v2\/pages"}],"about":[{"href":"https:\/\/pos.uel.br\/engenharia-de-software\/wp-json\/wp\/v2\/types\/page"}],"author":[{"embeddable":true,"href":"https:\/\/pos.uel.br\/engenharia-de-software\/wp-json\/wp\/v2\/users\/6"}],"replies":[{"embeddable":true,"href":"https:\/\/pos.uel.br\/engenharia-de-software\/wp-json\/wp\/v2\/comments?post=70"}],"version-history":[{"count":5,"href":"https:\/\/pos.uel.br\/engenharia-de-software\/wp-json\/wp\/v2\/pages\/70\/revisions"}],"predecessor-version":[{"id":109,"href":"https:\/\/pos.uel.br\/engenharia-de-software\/wp-json\/wp\/v2\/pages\/70\/revisions\/109"}],"wp:attachment":[{"href":"https:\/\/pos.uel.br\/engenharia-de-software\/wp-json\/wp\/v2\/media?parent=70"}],"curies":[{"name":"wp","href":"https:\/\/api.w.org\/{rel}","templated":true}]}}