{"id":14,"date":"2025-08-18T10:16:09","date_gmt":"2025-08-18T13:16:09","guid":{"rendered":"https:\/\/pos.uel.br\/engenharia-de-software\/?page_id=14"},"modified":"2025-08-18T13:45:58","modified_gmt":"2025-08-18T16:45:58","slug":"corpo-docente","status":"publish","type":"page","link":"https:\/\/pos.uel.br\/engenharia-de-software\/corpo-docente\/","title":{"rendered":"Corpo Docente"},"content":{"rendered":"\n<figure class=\"wp-block-table is-style-stripes\"><table class=\"has-fixed-layout\"><thead><tr><th>Docente<\/th><th class=\"has-text-align-left\" data-align=\"left\">Institui\u00e7\u00e3o<\/th><th>E-mail<\/th><\/tr><\/thead><tbody><tr><td>Dr. Adilson Luis Bonif\u00e1cio<\/td><td class=\"has-text-align-left\" data-align=\"left\">UEL<\/td><td>bonifacio@uel.br<a href=\"mailto:bonifacio@uel.br\"><\/a><\/td><\/tr><tr><td>Dr. Bruno Bogaz Zarpel\u00e3o<\/td><td class=\"has-text-align-left\" data-align=\"left\">UEL<\/td><td>brunozarpelao@uel.br<a href=\"mailto:brunozarpelao@uel.br\"><\/a><\/td><\/tr><tr><td>Dr. Daniel dos Santos kaster<\/td><td class=\"has-text-align-left\" data-align=\"left\">UEL<\/td><td>dskaster@uel.br<a href=\"mailto:dskaster@uel.br\"><\/a><\/td><\/tr><tr><td>Dra. Helen Cristina de M. Senefonte<\/td><td class=\"has-text-align-left\" data-align=\"left\">UEL      <\/td><td>helen@uel.br<a href=\"http:\/\/lattes.cnpq.br\/3024430473396064\" target=\"_blank\" rel=\"noreferrer noopener\"><\/a><\/td><\/tr><tr><td>Ms. Sergio Akio Tanaka<\/td><td class=\"has-text-align-left\" data-align=\"left\">UNIFIL <\/td><td>sergio.tanaka@unifil.br<a href=\"http:\/\/buscatextual.cnpq.br\/buscatextual\/visualizacv.jsp?id=N685972\" target=\"_blank\" rel=\"noreferrer noopener\"><\/a><\/td><\/tr><tr><td>Dr. Rodolfo Miranda de Barros<\/td><td class=\"has-text-align-left\" data-align=\"left\">UEL       <\/td><td>rodolfo@uel.br<a href=\"http:\/\/buscatextual.cnpq.br\/buscatextual\/visualizacv.do?id=K4784751D2\" target=\"_blank\" rel=\"noreferrer noopener\"><\/a><\/td><\/tr><tr><td>Dra. Vanessa Tavares de Oliveira Barros<\/td><td class=\"has-text-align-left\" data-align=\"left\">UEL<\/td><td>vanessa@uel.br<a href=\"mailto:vanessa@uel.br\"><\/a><\/td><\/tr><\/tbody><\/table><\/figure>\n","protected":false},"excerpt":{"rendered":"<p>Docente Institui\u00e7\u00e3o E-mail Dr. Adilson Luis Bonif\u00e1cio UEL bonifacio@uel.br Dr. Bruno Bogaz Zarpel\u00e3o UEL brunozarpelao@uel.br Dr. Daniel dos Santos kaster UEL dskaster@uel.br Dra. Helen Cristina de M. Senefonte UEL helen@uel.br Ms. Sergio Akio Tanaka UNIFIL sergio.tanaka@unifil.br Dr. Rodolfo Miranda de Barros UEL rodolfo@uel.br Dra. Vanessa Tavares de Oliveira Barros UEL vanessa@uel.br<\/p>\n","protected":false},"author":6,"featured_media":0,"parent":0,"menu_order":0,"comment_status":"closed","ping_status":"closed","template":"","meta":{"_acf_changed":false,"_themeisle_gutenberg_block_has_review":false,"footnotes":""},"class_list":["post-14","page","type-page","status-publish","hentry"],"acf":[],"_links":{"self":[{"href":"https:\/\/pos.uel.br\/engenharia-de-software\/wp-json\/wp\/v2\/pages\/14","targetHints":{"allow":["GET"]}}],"collection":[{"href":"https:\/\/pos.uel.br\/engenharia-de-software\/wp-json\/wp\/v2\/pages"}],"about":[{"href":"https:\/\/pos.uel.br\/engenharia-de-software\/wp-json\/wp\/v2\/types\/page"}],"author":[{"embeddable":true,"href":"https:\/\/pos.uel.br\/engenharia-de-software\/wp-json\/wp\/v2\/users\/6"}],"replies":[{"embeddable":true,"href":"https:\/\/pos.uel.br\/engenharia-de-software\/wp-json\/wp\/v2\/comments?post=14"}],"version-history":[{"count":9,"href":"https:\/\/pos.uel.br\/engenharia-de-software\/wp-json\/wp\/v2\/pages\/14\/revisions"}],"predecessor-version":[{"id":66,"href":"https:\/\/pos.uel.br\/engenharia-de-software\/wp-json\/wp\/v2\/pages\/14\/revisions\/66"}],"wp:attachment":[{"href":"https:\/\/pos.uel.br\/engenharia-de-software\/wp-json\/wp\/v2\/media?parent=14"}],"curies":[{"name":"wp","href":"https:\/\/api.w.org\/{rel}","templated":true}]}}