{"id":12,"date":"2025-08-18T10:15:41","date_gmt":"2025-08-18T13:15:41","guid":{"rendered":"https:\/\/pos.uel.br\/engenharia-de-software\/?page_id=12"},"modified":"2025-08-18T10:55:35","modified_gmt":"2025-08-18T13:55:35","slug":"estrutura-curricular","status":"publish","type":"page","link":"https:\/\/pos.uel.br\/engenharia-de-software\/estrutura-curricular\/","title":{"rendered":"Estrutura Curricular"},"content":{"rendered":"\n<figure class=\"wp-block-table is-style-stripes has-small-font-size\"><table class=\"has-fixed-layout\"><thead><tr><th>Disciplina<\/th><th class=\"has-text-align-center\" data-align=\"center\">Carga hor\u00e1ria<\/th><\/tr><\/thead><tbody><tr><td><strong>An\u00e1lise e Projeto Orientado a Objetos<\/strong><br>Introdu\u00e7\u00e3o a ger\u00eancia de requisitos. Requisitos funcionais e n\u00e3o funcionais. T\u00e9cnicas de entrevistas. Ciclo de Vida. Artefatos para documenta\u00e7\u00e3o em ger\u00eancia de requisitos. Prototipa\u00e7\u00e3o. Linguagem de Modelagem Unificada (UML). RUP. BPMN.<\/td><td class=\"has-text-align-center\" data-align=\"center\">60<\/td><\/tr><tr><td><strong>Data Science aplicada a Engenharia de Software<\/strong><br>Ferramentas e Ambientes em Python, Introdu\u00e7\u00e3o \u00e0 Programa\u00e7\u00e3o com Python, Bibliotecas e Pacotes Python para an\u00e1lise de dados, Visualiza\u00e7\u00e3o de Dados com Python, Introdu\u00e7\u00e3o \u00e0 Ci\u00eancia de Dados, Probabilidade,&nbsp;<\/td><td class=\"has-text-align-center\" data-align=\"center\">45<\/td><\/tr><tr><td><strong>Desenvolvimento de Software Seguro<\/strong><br>Amea\u00e7as Comuns de Seguran\u00e7a. Modelagem de Amea\u00e7as e Gest\u00e3o de Riscos. T\u00e9cnicas e Boas Pr\u00e1ticas para Desenvolvimento de C\u00f3digo Seguro. Revis\u00e3o de C\u00f3digo. Testes de Seguran\u00e7a. Boas Pr\u00e1ticas para uso de Criptografia.&nbsp;<\/td><td class=\"has-text-align-center\" data-align=\"center\">30<\/td><\/tr><tr><td><strong>Empreendedorismo e Inova\u00e7\u00e3o em TI<\/strong><br>Introdu\u00e7\u00e3o ao Empreendedorismo. Conhecendo o mercado, a sociedade e suas necessidades. Modelo de Neg\u00f3cio. Business Canvas. M\u00ednimo Produto Vi\u00e1vel (MVP). Escalabilidade do neg\u00f3cio. Inova\u00e7\u00e3o em TI. Apresentar e discutir Tecnologias emergentes relacionadas \u00e0 \u00e1rea de TI.<\/td><td class=\"has-text-align-center\" data-align=\"center\">30<\/td><\/tr><tr><td><strong>Engenharia de Software<\/strong><br>Conceitos e Fundamentos da Engenharia de Software; Processo (paradigmas) de desenvolvimento de software. Apresentar e discutir assuntos emergentes relacionados \u00e0 \u00e1rea de engenharia de software.<\/td><td class=\"has-text-align-center\" data-align=\"center\">30<\/td><\/tr><tr><td><strong>Gerenciamento de Projetos de Software<\/strong><br>Conceitos de Gerenciamento de Projetos; O ciclo de um projeto segundo o PMBOK; Grupo de Processos e \u00c1reas de Conhecimento do PMBOK; M\u00e9tricas de projetos; Estimativas por dados hist\u00f3ricos; An\u00e1lise de Pontos de Fun\u00e7\u00e3o.<\/td><td class=\"has-text-align-center\" data-align=\"center\">30<\/td><\/tr><tr><td><strong>Projeto de Intera\u00e7\u00e3o Homem Computador<\/strong><br>Fundamentos te\u00f3ricos em intera\u00e7\u00e3o humano-computador. Hist\u00f3rico. Fatores humanos. Fatores psicol\u00f3gicos. Aspectos cognitivos. Ergonomia. Engenharia semi\u00f3tica. Arquitetura da informa\u00e7\u00e3o. Usabilidade e acessibilidade. Especifica\u00e7\u00e3o e projeto de interfaces centrado no usu\u00e1rio. Avalia\u00e7\u00e3o de interfaces.<\/td><td class=\"has-text-align-center\" data-align=\"center\">30<\/td><\/tr><tr><td><strong>Projeto e Administra\u00e7\u00e3o de Banco de Dados<\/strong><br>Projeto e implementa\u00e7\u00e3o de banco de dados relacionais: modelagem, implementa\u00e7\u00e3o e recupera\u00e7\u00e3o de dados. SQL. Arquitetura interna de sistemas de ger\u00eancia bancos de dados: organiza\u00e7\u00e3o e indexa\u00e7\u00e3o de dados, processamento de consultas e transa\u00e7\u00f5es. Bancos de Dados n\u00e3o-relacionais (NoSQL). Aspectos operacionais de administra\u00e7\u00e3o de banco de dados: disponibilidade, seguran\u00e7a e desempenho.<\/td><td class=\"has-text-align-center\" data-align=\"center\">45<\/td><\/tr><tr><td><strong>Qualidade de Software<\/strong><br>Conceitos ligados \u00e0 qualidade no processo de desenvolvimento de software. Normas e modelos de qualidade para o processo de desenvolvimento de software.&nbsp;<\/td><td class=\"has-text-align-center\" data-align=\"center\">30<\/td><\/tr><tr><td><strong>Software Baseado em Blockchain<\/strong><br>Elementos b\u00e1sicos: blocos e transa\u00e7\u00f5es.&nbsp; Fundamentos de seguran\u00e7a da informa\u00e7\u00e3o: criptografia de chave p\u00fablica, fun\u00e7\u00f5es hash, e assinatura digital. Blockchains p\u00fablicas e privadas. Mecanismos de Consenso. Contratos Inteligentes. Aplica\u00e7\u00f5es.<\/td><td class=\"has-text-align-center\" data-align=\"center\">30<\/td><\/tr><tr><td><strong>Teste de Software<\/strong><br>Fundamentos de teste. Classifica\u00e7\u00e3o dos testes. Abordagens tradicionais de teste. Estrat\u00e9gias para o teste de software. Teste estrutural e funcional. Gera\u00e7\u00e3o de testes. Sele\u00e7\u00e3o de casos de teste. Cobertura de falhas. Ferramentas de apoio ao teste de sistema. Teste em ambientes \u00e1geis. Automa\u00e7\u00e3o de testes.<\/td><td class=\"has-text-align-center\" data-align=\"center\">30<\/td><\/tr><\/tbody><\/table><\/figure>\n\n\n\n<div class=\"wp-block-columns is-layout-flex wp-container-core-columns-is-layout-9d6595d7 wp-block-columns-is-layout-flex\">\n<div class=\"wp-block-column is-layout-flow wp-block-column-is-layout-flow\"><\/div>\n<\/div>\n\n\n\n<p><\/p>\n","protected":false},"excerpt":{"rendered":"<p>Disciplina Carga hor\u00e1ria An\u00e1lise e Projeto Orientado a ObjetosIntrodu\u00e7\u00e3o a ger\u00eancia de requisitos. Requisitos funcionais e n\u00e3o funcionais. T\u00e9cnicas de entrevistas. Ciclo de Vida. Artefatos para documenta\u00e7\u00e3o em ger\u00eancia de requisitos. Prototipa\u00e7\u00e3o. Linguagem de Modelagem Unificada (UML). RUP. BPMN. 60 Data Science aplicada a Engenharia de SoftwareFerramentas e Ambientes em Python, Introdu\u00e7\u00e3o \u00e0 Programa\u00e7\u00e3o com [&hellip;]<\/p>\n","protected":false},"author":6,"featured_media":0,"parent":0,"menu_order":0,"comment_status":"closed","ping_status":"closed","template":"","meta":{"_acf_changed":false,"_themeisle_gutenberg_block_has_review":false,"footnotes":""},"class_list":["post-12","page","type-page","status-publish","hentry"],"acf":[],"_links":{"self":[{"href":"https:\/\/pos.uel.br\/engenharia-de-software\/wp-json\/wp\/v2\/pages\/12","targetHints":{"allow":["GET"]}}],"collection":[{"href":"https:\/\/pos.uel.br\/engenharia-de-software\/wp-json\/wp\/v2\/pages"}],"about":[{"href":"https:\/\/pos.uel.br\/engenharia-de-software\/wp-json\/wp\/v2\/types\/page"}],"author":[{"embeddable":true,"href":"https:\/\/pos.uel.br\/engenharia-de-software\/wp-json\/wp\/v2\/users\/6"}],"replies":[{"embeddable":true,"href":"https:\/\/pos.uel.br\/engenharia-de-software\/wp-json\/wp\/v2\/comments?post=12"}],"version-history":[{"count":4,"href":"https:\/\/pos.uel.br\/engenharia-de-software\/wp-json\/wp\/v2\/pages\/12\/revisions"}],"predecessor-version":[{"id":51,"href":"https:\/\/pos.uel.br\/engenharia-de-software\/wp-json\/wp\/v2\/pages\/12\/revisions\/51"}],"wp:attachment":[{"href":"https:\/\/pos.uel.br\/engenharia-de-software\/wp-json\/wp\/v2\/media?parent=12"}],"curies":[{"name":"wp","href":"https:\/\/api.w.org\/{rel}","templated":true}]}}