{"id":10,"date":"2025-08-18T10:15:25","date_gmt":"2025-08-18T13:15:25","guid":{"rendered":"https:\/\/pos.uel.br\/engenharia-de-software\/?page_id=10"},"modified":"2025-08-18T10:37:19","modified_gmt":"2025-08-18T13:37:19","slug":"contatos","status":"publish","type":"page","link":"https:\/\/pos.uel.br\/engenharia-de-software\/contatos\/","title":{"rendered":"Contatos"},"content":{"rendered":"\n<p><strong>Coordena\u00e7\u00e3o<\/strong><br>Prof. Dr. Rodolfo Miranda de Barros<br>E-mail: rodolfo@uel.br<\/p>\n\n\n\n<p><strong>Secretaria Geral de P\u00f3s-Gradua\u00e7\u00e3o<\/strong><br>Hor\u00e1rios: das 08:00 \u00e0s 11:30 e das 14:30 \u00e0s 17:00 horas<br>Telefone: (43) 3371-4879<br>E-mail:\u00a0spgcce@uel.br<\/p>\n\n\n\n<figure class=\"wp-block-image\"><img decoding=\"async\" src=\"http:\/\/www.uel.br\/pos\/estatisticaquantitativa\/portal\/modules\/fckeditor\/fckeditor\/editor\/images\/spacer.gif\" alt=\"\"\/><\/figure>\n\n\n\n<p><\/p>\n","protected":false},"excerpt":{"rendered":"<p>Coordena\u00e7\u00e3oProf. Dr. Rodolfo Miranda de BarrosE-mail: rodolfo@uel.br Secretaria Geral de P\u00f3s-Gradua\u00e7\u00e3oHor\u00e1rios: das 08:00 \u00e0s 11:30 e das 14:30 \u00e0s 17:00 horasTelefone: (43) 3371-4879E-mail:\u00a0spgcce@uel.br<\/p>\n","protected":false},"author":6,"featured_media":0,"parent":0,"menu_order":0,"comment_status":"closed","ping_status":"closed","template":"","meta":{"_acf_changed":false,"_themeisle_gutenberg_block_has_review":false,"footnotes":""},"class_list":["post-10","page","type-page","status-publish","hentry"],"acf":[],"_links":{"self":[{"href":"https:\/\/pos.uel.br\/engenharia-de-software\/wp-json\/wp\/v2\/pages\/10","targetHints":{"allow":["GET"]}}],"collection":[{"href":"https:\/\/pos.uel.br\/engenharia-de-software\/wp-json\/wp\/v2\/pages"}],"about":[{"href":"https:\/\/pos.uel.br\/engenharia-de-software\/wp-json\/wp\/v2\/types\/page"}],"author":[{"embeddable":true,"href":"https:\/\/pos.uel.br\/engenharia-de-software\/wp-json\/wp\/v2\/users\/6"}],"replies":[{"embeddable":true,"href":"https:\/\/pos.uel.br\/engenharia-de-software\/wp-json\/wp\/v2\/comments?post=10"}],"version-history":[{"count":2,"href":"https:\/\/pos.uel.br\/engenharia-de-software\/wp-json\/wp\/v2\/pages\/10\/revisions"}],"predecessor-version":[{"id":45,"href":"https:\/\/pos.uel.br\/engenharia-de-software\/wp-json\/wp\/v2\/pages\/10\/revisions\/45"}],"wp:attachment":[{"href":"https:\/\/pos.uel.br\/engenharia-de-software\/wp-json\/wp\/v2\/media?parent=10"}],"curies":[{"name":"wp","href":"https:\/\/api.w.org\/{rel}","templated":true}]}}