{"id":71,"date":"2025-09-01T16:49:45","date_gmt":"2025-09-01T19:49:45","guid":{"rendered":"https:\/\/pos.uel.br\/edufisicabasica\/?page_id=71"},"modified":"2025-09-01T16:50:43","modified_gmt":"2025-09-01T19:50:43","slug":"inscricoes","status":"publish","type":"page","link":"https:\/\/pos.uel.br\/edufisicabasica\/inscricoes\/","title":{"rendered":"Inscri\u00e7\u00f5es"},"content":{"rendered":"\n<p><strong>EDITAL N\u00ba 27\/2024<\/strong><\/p>\n\n\n\n<div class=\"wp-block-file\"><a id=\"wp-block-file--media-9dec4e83-ab46-42cc-b8e4-726c2e6d698e\" href=\"https:\/\/pos.uel.br\/edufisicabasica\/wp-content\/uploads\/2025\/09\/EDITAL_27_2024_SELECAO_2025.pdf\">EDITAL_27_2024_SELECAO_2025<\/a><a href=\"https:\/\/pos.uel.br\/edufisicabasica\/wp-content\/uploads\/2025\/09\/EDITAL_27_2024_SELECAO_2025.pdf\" class=\"wp-block-file__button wp-element-button\" download aria-describedby=\"wp-block-file--media-9dec4e83-ab46-42cc-b8e4-726c2e6d698e\">Baixar<\/a><\/div>\n\n\n\n<p>Estabelece normas e procedimentos de sele\u00e7\u00e3o de Estudante Regular para o ingresso no Curso de P\u00f3s-Gradua\u00e7\u00e3o&nbsp;<em>Lato sensu<\/em>&nbsp;em Educa\u00e7\u00e3o F\u00edsica na Educa\u00e7\u00e3o B\u00e1sica.<\/p>\n\n\n\n<p>A Comiss\u00e3o Coordenadora do Curso de P\u00f3s-Gradua\u00e7\u00e3o&nbsp;<em>Lato sensu<\/em>&nbsp;em Educa\u00e7\u00e3o F\u00edsica na Educa\u00e7\u00e3o B\u00e1sica da Universidade Estadual de Londrina-UEL, no uso de suas atribui\u00e7\u00f5es administrativas e em conformidade com o&nbsp;Edital PROPPG\/DPG\/DAM, torna p\u00fablico aos interessados as normas e os procedimentos a serem obedecidos no processo de sele\u00e7\u00e3o para o preenchimento de vagas regulares do curso de Especializa\u00e7\u00e3o em Educa\u00e7\u00e3o F\u00edsica na Educa\u00e7\u00e3o B\u00e1sica, a ter in\u00edcio em 10 de mar\u00e7o de 2025, primeiro per\u00edodo letivo de 2025.&nbsp;<strong>Este curso ser\u00e1 ofertado totalmente presencial nas depend\u00eancias do CEFE.<\/strong><\/p>\n\n\n\n<p>Todos os hor\u00e1rios indicados no presente edital referem-se ao hor\u00e1rio de Bras\u00edlia, portanto verifique a configura\u00e7\u00e3o de seu e-mail, computador e\/ou celular.<\/p>\n\n\n\n<p>As inscri\u00e7\u00f5es ser\u00e3o realizadas somente via sistema de inscri\u00e7\u00e3o&nbsp;<em>online<\/em>, no endere\u00e7o eletr\u00f4nico&nbsp;<a href=\"https:\/\/sites.uel.br\/proppg\/inscricoes\/\"><strong>https:\/\/sites.uel.br\/proppg\/inscricoes\/<\/strong><\/a>em Educa\u00e7\u00e3o F\u00edsica-Licenciatura, Educa\u00e7\u00e3o F\u00edsica-Bacharelado e\/ou Pedagogia, reconhecidos&nbsp;pelo \u00f3rg\u00e3o competente \u2013 MEC.<\/p>\n\n\n\n<p>Antes de efetuar o recolhimento do pre\u00e7o p\u00fablico de inscri\u00e7\u00e3o, o candidato deve inteirar-se das regras deste Edital, certificar-se de que preenche ou preencher\u00e1, at\u00e9 a data da matr\u00edcula e in\u00edcio do semestre letivo, todos os requisitos exigidos.&nbsp;<strong>N\u00e3o haver\u00e1 devolu\u00e7\u00e3o do valor do pre\u00e7o p\u00fablico de inscri\u00e7\u00e3o ap\u00f3s a sua efetiva\u00e7\u00e3o, quaisquer que sejam os motivos.<\/strong><\/p>\n\n\n\n<p>A&nbsp;Universidade e o Curso n\u00e3o se responsabilizam por recolhimento do valor do pre\u00e7o p\u00fablico de inscri\u00e7\u00e3o efetuado em banco diferente do indicado no boleto ou que n\u00e3o tenha sido quitado at\u00e9 o hor\u00e1rio previsto neste edital.<\/p>\n\n\n\n<p>As d\u00favidas sobre o processo seletivo dever\u00e3o ser enviadas para o e-mail cefepos@uel.br.<\/p>\n\n\n\n<p><\/p>\n","protected":false},"excerpt":{"rendered":"<p>EDITAL N\u00ba 27\/2024 Estabelece normas e procedimentos de sele\u00e7\u00e3o de Estudante Regular para o ingresso no Curso de P\u00f3s-Gradua\u00e7\u00e3o&nbsp;Lato sensu&nbsp;em Educa\u00e7\u00e3o F\u00edsica na Educa\u00e7\u00e3o B\u00e1sica. A Comiss\u00e3o Coordenadora do Curso de P\u00f3s-Gradua\u00e7\u00e3o&nbsp;Lato sensu&nbsp;em Educa\u00e7\u00e3o F\u00edsica na Educa\u00e7\u00e3o B\u00e1sica da Universidade Estadual de Londrina-UEL, no uso de suas atribui\u00e7\u00f5es administrativas e em conformidade com o&nbsp;Edital PROPPG\/DPG\/DAM, [&hellip;]<\/p>\n","protected":false},"author":6,"featured_media":0,"parent":0,"menu_order":0,"comment_status":"closed","ping_status":"closed","template":"","meta":{"_acf_changed":false,"_themeisle_gutenberg_block_has_review":false,"footnotes":""},"class_list":["post-71","page","type-page","status-publish","hentry"],"acf":[],"_links":{"self":[{"href":"https:\/\/pos.uel.br\/edufisicabasica\/wp-json\/wp\/v2\/pages\/71","targetHints":{"allow":["GET"]}}],"collection":[{"href":"https:\/\/pos.uel.br\/edufisicabasica\/wp-json\/wp\/v2\/pages"}],"about":[{"href":"https:\/\/pos.uel.br\/edufisicabasica\/wp-json\/wp\/v2\/types\/page"}],"author":[{"embeddable":true,"href":"https:\/\/pos.uel.br\/edufisicabasica\/wp-json\/wp\/v2\/users\/6"}],"replies":[{"embeddable":true,"href":"https:\/\/pos.uel.br\/edufisicabasica\/wp-json\/wp\/v2\/comments?post=71"}],"version-history":[{"count":2,"href":"https:\/\/pos.uel.br\/edufisicabasica\/wp-json\/wp\/v2\/pages\/71\/revisions"}],"predecessor-version":[{"id":74,"href":"https:\/\/pos.uel.br\/edufisicabasica\/wp-json\/wp\/v2\/pages\/71\/revisions\/74"}],"wp:attachment":[{"href":"https:\/\/pos.uel.br\/edufisicabasica\/wp-json\/wp\/v2\/media?parent=71"}],"curies":[{"name":"wp","href":"https:\/\/api.w.org\/{rel}","templated":true}]}}