{"id":20,"date":"2025-09-01T14:25:44","date_gmt":"2025-09-01T17:25:44","guid":{"rendered":"https:\/\/pos.uel.br\/edufisicabasica\/?page_id=20"},"modified":"2025-09-01T15:54:17","modified_gmt":"2025-09-01T18:54:17","slug":"localizacao","status":"publish","type":"page","link":"https:\/\/pos.uel.br\/edufisicabasica\/localizacao\/","title":{"rendered":"Localiza\u00e7\u00e3o"},"content":{"rendered":"\n<p>A P\u00f3s-Gradua\u00e7\u00e3o em Educa\u00e7\u00e3o F\u00edsica na Educa\u00e7\u00e3o B\u00e1sica, encontra-se no Departamento e Centro de Educa\u00e7\u00e3o F\u00edsica e Esporte (CEFE) no Campus da UEL:<\/p>\n\n\n\n<iframe src=\"https:\/\/www.google.com\/maps\/embed?pb=!1m16!1m12!1m3!1d3663.8005195275446!2d-51.207591574834204!3d-23.322995352878063!2m3!1f0!2f0!3f0!3m2!1i1024!2i768!4f13.1!2m1!1sdepartamento%20CEFE%20-%20UEL!5e0!3m2!1spt-BR!2sbr!4v1756752645519!5m2!1spt-BR!2sbr\" width=\"1000\" height=\"600\" style=\"border:0;\" allowfullscreen=\"\" loading=\"lazy\" referrerpolicy=\"no-referrer-when-downgrade\"><\/iframe>\n","protected":false},"excerpt":{"rendered":"<p>A P\u00f3s-Gradua\u00e7\u00e3o em Educa\u00e7\u00e3o F\u00edsica na Educa\u00e7\u00e3o B\u00e1sica, encontra-se no Departamento e Centro de Educa\u00e7\u00e3o F\u00edsica e Esporte (CEFE) no Campus da UEL:<\/p>\n","protected":false},"author":6,"featured_media":0,"parent":0,"menu_order":0,"comment_status":"closed","ping_status":"closed","template":"","meta":{"_acf_changed":false,"_themeisle_gutenberg_block_has_review":false,"footnotes":""},"class_list":["post-20","page","type-page","status-publish","hentry"],"acf":[],"_links":{"self":[{"href":"https:\/\/pos.uel.br\/edufisicabasica\/wp-json\/wp\/v2\/pages\/20","targetHints":{"allow":["GET"]}}],"collection":[{"href":"https:\/\/pos.uel.br\/edufisicabasica\/wp-json\/wp\/v2\/pages"}],"about":[{"href":"https:\/\/pos.uel.br\/edufisicabasica\/wp-json\/wp\/v2\/types\/page"}],"author":[{"embeddable":true,"href":"https:\/\/pos.uel.br\/edufisicabasica\/wp-json\/wp\/v2\/users\/6"}],"replies":[{"embeddable":true,"href":"https:\/\/pos.uel.br\/edufisicabasica\/wp-json\/wp\/v2\/comments?post=20"}],"version-history":[{"count":2,"href":"https:\/\/pos.uel.br\/edufisicabasica\/wp-json\/wp\/v2\/pages\/20\/revisions"}],"predecessor-version":[{"id":58,"href":"https:\/\/pos.uel.br\/edufisicabasica\/wp-json\/wp\/v2\/pages\/20\/revisions\/58"}],"wp:attachment":[{"href":"https:\/\/pos.uel.br\/edufisicabasica\/wp-json\/wp\/v2\/media?parent=20"}],"curies":[{"name":"wp","href":"https:\/\/api.w.org\/{rel}","templated":true}]}}