{"id":14,"date":"2025-09-01T14:23:39","date_gmt":"2025-09-01T17:23:39","guid":{"rendered":"https:\/\/pos.uel.br\/edufisicabasica\/?page_id=14"},"modified":"2025-09-08T14:28:59","modified_gmt":"2025-09-08T17:28:59","slug":"corpo-docente","status":"publish","type":"page","link":"https:\/\/pos.uel.br\/edufisicabasica\/corpo-docente\/","title":{"rendered":"Corpo Docente"},"content":{"rendered":"\n<p><strong>Prof\u00aa. Dr\u00aa. Ana Cl\u00e1udia Saladini<\/strong><br>ana.saladini@uel.br<br><a href=\"http:\/\/lattes.cnpq.br\/1344052197293671\">Link Lattes<\/a><br><br><strong>Prof\u00aa. Dr\u00aa. \u00c2ngela Pereira Teixeira Victoria Palma<\/strong><br>angpalma@uel.br<br><a href=\"http:\/\/lattes.cnpq.br\/8821173290289293\">Link Lattes<\/a><br><br><strong>Prof. Dr. Ant\u00f4nio Geraldo Magalh\u00e3es Gomes Pires<\/strong><br>agmgpires@uel.br<br><a href=\"http:\/\/lattes.cnpq.br\/4698682690598011\">Link Lattes<\/a><br><br><strong>Prof\u00aa. Dr\u00aa. Carla Cristiane da Silva<\/strong><br>ccsilva@uel.br<br><a href=\"http:\/\/lattes.cnpq.br\/5330803795655133\">Link Lattes<\/a><br><br><strong>Prof. Dr. Dalberto De Santo<\/strong><br>dalberto@uel.br<br><a href=\"http:\/\/lattes.cnpq.br\/5383325239650990\">Link Lattes<\/a><br><br><strong>Prof. Dr. Fernando Pereira Candido<\/strong><br>fercandidoedf@uel.br<br><a href=\"http:\/\/lattes.cnpq.br\/9085501916590769\">Link Lattes<\/a><br><br><strong>Prof\u00aa. Dr\u00aa. Gisele Franco De Lima Santos<\/strong><br>giselesantos@uel.br<br><a href=\"http:\/\/lattes.cnpq.br\/2556440298962655\">Link Lattes<\/a><br><br><strong>Prof\u00aa. Dr\u00aa. Josiane Medina Papst<\/strong><br>josi_medina@uel.br<br><a href=\"http:\/\/lattes.cnpq.br\/4566977125542380\">Link Lattes<\/a><br><br><strong>Prof. Dr. Jos\u00e9 Augusto Victoria Palma<\/strong><br>javpalma@uel.br<br><a href=\"http:\/\/lattes.cnpq.br\/6372133976406968\">Link Lattes<\/a><br><br><strong>Prof\u00aa. Dr\u00aa. Karina De Toledo Araujo<\/strong><br>karina.araujo@uel.br<br><a href=\"http:\/\/lattes.cnpq.br\/0453297121251055\">Link Lattes<\/a><br><br><strong>Prof\u00aa. Dr\u00aa. Marilene Ces\u00e1rio<\/strong><br>malila@uel.br<br><a href=\"http:\/\/lattes.cnpq.br\/3317859231163538\">Link Lattes<\/a><br><br><strong>Prof. Dr. Nilton Munhoz Gomes<\/strong><br>niltonmg68@uel.br<br><a href=\"http:\/\/lattes.cnpq.br\/4146880572096811\">Link Lattes<\/a><br><br><strong>Prof. Dr. Orlando Mendes Foga\u00e7a Junior<\/strong><br>orlandojr@uel.br<br><a href=\"http:\/\/lattes.cnpq.br\/6334657399977800\">Link Lattes<\/a><br><br><strong>Prof. Dr. Thiago Pelegrini<\/strong><br>thiago.pelegrini@uel.br<br><a href=\"http:\/\/lattes.cnpq.br\/9085501916590769\">Link Lattes<\/a><br><\/p>\n\n\n\n<p><\/p>\n\n\n\n<p><\/p>\n","protected":false},"excerpt":{"rendered":"<p>Prof\u00aa. Dr\u00aa. Ana Cl\u00e1udia Saladiniana.saladini@uel.brLink Lattes Prof\u00aa. Dr\u00aa. \u00c2ngela Pereira Teixeira Victoria Palmaangpalma@uel.brLink Lattes Prof. Dr. Ant\u00f4nio Geraldo Magalh\u00e3es Gomes Piresagmgpires@uel.brLink Lattes Prof\u00aa. Dr\u00aa. Carla Cristiane da Silvaccsilva@uel.brLink Lattes Prof. Dr. Dalberto De Santodalberto@uel.brLink Lattes Prof. Dr. Fernando Pereira Candidofercandidoedf@uel.brLink Lattes Prof\u00aa. Dr\u00aa. Gisele Franco De Lima Santosgiselesantos@uel.brLink Lattes Prof\u00aa. Dr\u00aa. Josiane Medina Papstjosi_medina@uel.brLink Lattes [&hellip;]<\/p>\n","protected":false},"author":6,"featured_media":0,"parent":0,"menu_order":0,"comment_status":"closed","ping_status":"closed","template":"","meta":{"_acf_changed":false,"_themeisle_gutenberg_block_has_review":false,"footnotes":""},"class_list":["post-14","page","type-page","status-publish","hentry"],"acf":[],"_links":{"self":[{"href":"https:\/\/pos.uel.br\/edufisicabasica\/wp-json\/wp\/v2\/pages\/14","targetHints":{"allow":["GET"]}}],"collection":[{"href":"https:\/\/pos.uel.br\/edufisicabasica\/wp-json\/wp\/v2\/pages"}],"about":[{"href":"https:\/\/pos.uel.br\/edufisicabasica\/wp-json\/wp\/v2\/types\/page"}],"author":[{"embeddable":true,"href":"https:\/\/pos.uel.br\/edufisicabasica\/wp-json\/wp\/v2\/users\/6"}],"replies":[{"embeddable":true,"href":"https:\/\/pos.uel.br\/edufisicabasica\/wp-json\/wp\/v2\/comments?post=14"}],"version-history":[{"count":16,"href":"https:\/\/pos.uel.br\/edufisicabasica\/wp-json\/wp\/v2\/pages\/14\/revisions"}],"predecessor-version":[{"id":111,"href":"https:\/\/pos.uel.br\/edufisicabasica\/wp-json\/wp\/v2\/pages\/14\/revisions\/111"}],"wp:attachment":[{"href":"https:\/\/pos.uel.br\/edufisicabasica\/wp-json\/wp\/v2\/media?parent=14"}],"curies":[{"name":"wp","href":"https:\/\/api.w.org\/{rel}","templated":true}]}}