{"id":636,"date":"2025-07-07T09:34:34","date_gmt":"2025-07-07T12:34:34","guid":{"rendered":"https:\/\/pos.uel.br\/direitoprevidenciario\/?page_id=636"},"modified":"2025-10-06T10:36:58","modified_gmt":"2025-10-06T13:36:58","slug":"sobre-o-curso","status":"publish","type":"page","link":"https:\/\/pos.uel.br\/direitoprevidenciario\/sobre-o-curso\/","title":{"rendered":"Sobre o curso"},"content":{"rendered":"\n<p><\/p>\n\n\n\n<p class=\"has-primary-accent-color has-text-color has-link-color wp-elements-af84d4d43b2572d127b4e79417a40381\"><strong>OBJETIVOS<\/strong><\/p>\n\n\n\n<p>Formar especialistas habilitados a atuar na \u00e1rea de Previd\u00eancia Social nas suas mais variadas vertentes.<\/p>\n\n\n\n<p>Passar todo o embasamento do direito previdenci\u00e1rio e atualizar o profissional nessa \u00e1rea nos seus mais variados campos, entre eles o custeio, previd\u00eancia p\u00fablica e privada e ainda os crimes previdenci\u00e1rios, assim como os novos rumos tend\u00eancias e solu\u00e7\u00e3o no campo da previd\u00eancia social.<\/p>\n\n\n\n<hr class=\"wp-block-separator has-alpha-channel-opacity is-style-wide\" \/>\n\n\n\n<p class=\"has-primary-accent-color has-text-color has-link-color wp-elements-f659a05abe45c6874286a1b5100f7698\"><strong>P\u00daBLICO ALVO<\/strong><\/p>\n\n\n\n<p>Poder\u00e3o candidatar-se ao Curso graduados ou graduandos em Direito, Ci\u00eancia Cont\u00e1beis, Administra\u00e7\u00e3o, Economia, Servi\u00e7o Social e \u00e1reas afins, desde que comprovem a conclus\u00e3o da gradua\u00e7\u00e3o na data da matr\u00edcula.&nbsp;&nbsp;<\/p>\n\n\n\n<hr class=\"wp-block-separator has-alpha-channel-opacity is-style-wide\" \/>\n\n\n\n<p class=\"has-primary-accent-color has-text-color has-link-color wp-elements-8a5d50c40a3f9ef95e96ecd795253bd0\"><strong>N\u00daMERO DE VAGAS<\/strong><\/p>\n\n\n\n<p>M\u00ednimo:&nbsp;35 (trinta e cinco)<br>M\u00e1ximo: 50 (cinquenta)<\/p>\n\n\n\n<hr class=\"wp-block-separator has-alpha-channel-opacity is-style-wide\" \/>\n\n\n\n<p class=\"has-primary-accent-color has-text-color has-link-color wp-elements-6848bac0283c7d3a57065ed731b47198\"><strong>INVESTIMENTO<\/strong><\/p>\n\n\n\n<p>18 parcelas de R$ 390,00 (a primeira parcela, no ato da matr\u00edcula)&nbsp;<\/p>\n\n\n\n<hr class=\"wp-block-separator has-alpha-channel-opacity is-style-wide\" \/>\n\n\n\n<p class=\"has-primary-accent-color has-text-color has-link-color wp-elements-286bb88d9cb9de9a94be3bd86454892b\"><strong>IN\u00cdCIO E T\u00c9RMINO DAS AULAS | CURSO<\/strong><\/p>\n\n\n\n<p>In\u00edcio das aulas:\u00a0 20\/03\/2026<\/p>\n\n\n\n<p>T\u00e9rmino: julho de 2027<br>As aulas s\u00e3o ministradas \u00e0s sextas-feiras \u00e0 noite e aos s\u00e1bados de manh\u00e3, eventualmente poder\u00e3o ser realizadas atividades aos s\u00e1bados \u00e0 tarde.\u00a0Totalizando 24 (vinte e quatro) finais de\u00a0 semana com aula.<\/p>\n\n\n\n<p><strong>\u200bAten\u00e7\u00e3o:<\/strong>&nbsp;O curso ofertado \u00e9 na modalidade \u201c<em>Remoto S\u00edncrono<\/em>\u201c, autorizado pela Resolu\u00e7\u00e3o CEPE 13\/2021 da UEL. As aulas \u201c<em>online&nbsp;<\/em>ao vivo\u201d acontecer\u00e3o at\u00e9 o final do curso,&nbsp;de acordo com normativas da Universidade.&nbsp;<\/p>\n\n\n\n<hr class=\"wp-block-separator has-alpha-channel-opacity is-style-wide\" \/>\n\n\n\n<h5 class=\"wp-block-heading has-primary-accent-color has-text-color has-link-color wp-elements-cec12c0234445921f0ee3442a045a44d\">Turma com in\u00edcio em 2026<\/h5>\n\n\n\n<p>Remoto S\u00edncrono.<\/p>\n\n\n\n<hr class=\"wp-block-separator has-alpha-channel-opacity is-style-wide\" \/>\n\n\n\n<h5 class=\"wp-block-heading has-primary-accent-color has-text-color has-link-color wp-elements-26153a125e06ad00c06ba48520887ce6\">Inscri\u00e7\u00f5es online<\/h5>\n\n\n\n<p>Realize o upload da documenta\u00e7\u00e3o somente via sistema de Inscri\u00e7\u00e3o online \u2013 Acesse o Edital de Oferta no menu INSCRI\u00c7\u00d5ES.<\/p>\n\n\n\n<hr class=\"wp-block-separator has-alpha-channel-opacity is-style-wide\" \/>\n\n\n\n<div class=\"wp-block-columns is-layout-flex wp-container-core-columns-is-layout-9d6595d7 wp-block-columns-is-layout-flex\">\n<div class=\"wp-block-column is-layout-flow wp-block-column-is-layout-flow\"><\/div>\n<\/div>\n\n\n\n<p><\/p>\n","protected":false},"excerpt":{"rendered":"<p>OBJETIVOS Formar especialistas habilitados a atuar na \u00e1rea de Previd\u00eancia Social nas suas mais variadas vertentes. Passar todo o embasamento do direito previdenci\u00e1rio e atualizar o profissional nessa \u00e1rea nos seus mais variados campos, entre eles o custeio, previd\u00eancia p\u00fablica e privada e ainda os crimes previdenci\u00e1rios, assim como os novos rumos tend\u00eancias e solu\u00e7\u00e3o [&hellip;]<\/p>\n","protected":false},"author":8,"featured_media":0,"parent":0,"menu_order":0,"comment_status":"closed","ping_status":"closed","template":"","meta":{"_acf_changed":false,"_themeisle_gutenberg_block_has_review":false,"footnotes":""},"class_list":["post-636","page","type-page","status-publish","hentry"],"acf":[],"_links":{"self":[{"href":"https:\/\/pos.uel.br\/direitoprevidenciario\/wp-json\/wp\/v2\/pages\/636","targetHints":{"allow":["GET"]}}],"collection":[{"href":"https:\/\/pos.uel.br\/direitoprevidenciario\/wp-json\/wp\/v2\/pages"}],"about":[{"href":"https:\/\/pos.uel.br\/direitoprevidenciario\/wp-json\/wp\/v2\/types\/page"}],"author":[{"embeddable":true,"href":"https:\/\/pos.uel.br\/direitoprevidenciario\/wp-json\/wp\/v2\/users\/8"}],"replies":[{"embeddable":true,"href":"https:\/\/pos.uel.br\/direitoprevidenciario\/wp-json\/wp\/v2\/comments?post=636"}],"version-history":[{"count":7,"href":"https:\/\/pos.uel.br\/direitoprevidenciario\/wp-json\/wp\/v2\/pages\/636\/revisions"}],"predecessor-version":[{"id":697,"href":"https:\/\/pos.uel.br\/direitoprevidenciario\/wp-json\/wp\/v2\/pages\/636\/revisions\/697"}],"wp:attachment":[{"href":"https:\/\/pos.uel.br\/direitoprevidenciario\/wp-json\/wp\/v2\/media?parent=636"}],"curies":[{"name":"wp","href":"https:\/\/api.w.org\/{rel}","templated":true}]}}