{"id":827,"date":"2025-07-03T14:47:57","date_gmt":"2025-07-03T17:47:57","guid":{"rendered":"https:\/\/pos.uel.br\/direitofamilia\/?page_id=827"},"modified":"2025-10-09T08:32:48","modified_gmt":"2025-10-09T11:32:48","slug":"estrutura-curricular","status":"publish","type":"page","link":"https:\/\/pos.uel.br\/direitofamilia\/estrutura-curricular\/","title":{"rendered":"Estrutura Curricular"},"content":{"rendered":"\n<p>O Curso ter\u00e1 a dura\u00e7\u00e3o de 360 (trezentas e sessenta) horas, correspondentes a 24 (vinte e quatro) cr\u00e9ditos a serem desenvolvidos em 3 (tr\u00eas) per\u00edodos letivos, obedecendo \u00e0 seguinte organiza\u00e7\u00e3o curricular.&nbsp;<\/p>\n\n\n\n<figure class=\"wp-block-table is-style-stripes has-small-font-size\"><table class=\"has-fixed-layout\"><tbody><tr><td><strong>C\u00f3digo<\/strong><\/td><td><strong>Disciplina<\/strong><\/td><td><strong>Cr\u00e9ditos<\/strong><\/td><td><strong>C.H.<\/strong><\/td><\/tr><tr><td>2PRI496<\/td><td>Inicia\u00e7\u00e3o \u00e0 Pesquisa Jur\u00eddico-Cient\u00edfica Aplicada ao Direito de Fam\u00edlia e Sucess\u00f5es<\/td><td>02<\/td><td>30<\/td><\/tr><tr><td>2PUB457<\/td><td>Direito Civil Constitucional das Rela\u00e7\u00f5es Familiares<\/td><td>01<\/td><td>15<\/td><\/tr><tr><td>2PRI526<\/td><td>Formas de Constitui\u00e7\u00e3o e Dissolu\u00e7\u00e3o do Casamento e das Entidades Familiares<\/td><td>02<\/td><td>30<\/td><\/tr><tr><td>2PRI527<\/td><td>Das Rela\u00e7\u00f5es de Parentesco<\/td><td>02<\/td><td>30<\/td><\/tr><tr><td>2PRI528<\/td><td>Ado\u00e7\u00e3o Nacional e Internacional: Alimentos e seus efeitos<\/td><td>02<\/td><td>30<\/td><\/tr><tr><td>2PRI529<\/td><td>Direito Sucess\u00f3rio em Geral: Ordem de Voca\u00e7\u00e3o Heredit\u00e1ria Leg\u00edtima e Testament\u00e1ria<\/td><td>02<\/td><td>30<\/td><\/tr><tr><td>2PRI530<\/td><td>Invent\u00e1rio, Arrolamento e Partilha Judicial e Extrajudicial<\/td><td>02<\/td><td>30<\/td><\/tr><tr><td>2PUB458<\/td><td>Tutelas Jurisdicionais<\/td><td>02<\/td><td>30<\/td><\/tr><tr><td>2PRI531<\/td><td>Da Media\u00e7\u00e3o nos Conflitos de Direito de Fam\u00edlia<\/td><td>02<\/td><td>30<\/td><\/tr><tr><td>2PRI532<\/td><td>Div\u00f3rcio e Viol\u00eancia Dom\u00e9stica<\/td><td>01<\/td><td>15<\/td><\/tr><tr><td>2PRI533<\/td><td>Tutelas de Urg\u00eancia na Lide de Fam\u00edlia<\/td><td>02<\/td><td>30<\/td><\/tr><tr><td>2PRI534<\/td><td>Os Aspectos Possess\u00f3rios no Direito das Sucess\u00f5es<\/td><td>02<\/td><td>30<\/td><\/tr><tr><td>2PRI535<\/td><td>Sucess\u00e3o Internacional<\/td><td>02<\/td><td>30<\/td><\/tr><tr><td>2PRI292<\/td><td>Monografia<\/td><td>\u2013<\/td><td>\u2013<\/td><\/tr><\/tbody><\/table><\/figure>\n\n\n\n<figure class=\"wp-block-table has-small-font-size\"><table class=\"has-fixed-layout\"><tbody><tr><td><strong>C\u00f3digo<\/strong><\/td><td><strong>Disciplina<\/strong><\/td><td><strong>Cr\u00e9ditos<\/strong><\/td><td><strong>C.H.<\/strong><\/td><\/tr><tr><td>2PRI293a2PRI330<\/td><td>Semin\u00e1rios Tem\u00e1ticos Especiais<\/td><td>Vari\u00e1veis<\/td><td>\u2013<\/td><\/tr><\/tbody><\/table><\/figure>\n\n\n\n<p><\/p>\n","protected":false},"excerpt":{"rendered":"<p>O Curso ter\u00e1 a dura\u00e7\u00e3o de 360 (trezentas e sessenta) horas, correspondentes a 24 (vinte e quatro) cr\u00e9ditos a serem desenvolvidos em 3 (tr\u00eas) per\u00edodos letivos, obedecendo \u00e0 seguinte organiza\u00e7\u00e3o curricular.&nbsp; C\u00f3digo Disciplina Cr\u00e9ditos C.H. 2PRI496 Inicia\u00e7\u00e3o \u00e0 Pesquisa Jur\u00eddico-Cient\u00edfica Aplicada ao Direito de Fam\u00edlia e Sucess\u00f5es 02 30 2PUB457 Direito Civil Constitucional das Rela\u00e7\u00f5es [&hellip;]<\/p>\n","protected":false},"author":8,"featured_media":0,"parent":0,"menu_order":0,"comment_status":"closed","ping_status":"closed","template":"","meta":{"_acf_changed":false,"_themeisle_gutenberg_block_has_review":false,"footnotes":""},"class_list":["post-827","page","type-page","status-publish","hentry"],"acf":[],"_links":{"self":[{"href":"https:\/\/pos.uel.br\/direitofamilia\/wp-json\/wp\/v2\/pages\/827","targetHints":{"allow":["GET"]}}],"collection":[{"href":"https:\/\/pos.uel.br\/direitofamilia\/wp-json\/wp\/v2\/pages"}],"about":[{"href":"https:\/\/pos.uel.br\/direitofamilia\/wp-json\/wp\/v2\/types\/page"}],"author":[{"embeddable":true,"href":"https:\/\/pos.uel.br\/direitofamilia\/wp-json\/wp\/v2\/users\/8"}],"replies":[{"embeddable":true,"href":"https:\/\/pos.uel.br\/direitofamilia\/wp-json\/wp\/v2\/comments?post=827"}],"version-history":[{"count":5,"href":"https:\/\/pos.uel.br\/direitofamilia\/wp-json\/wp\/v2\/pages\/827\/revisions"}],"predecessor-version":[{"id":916,"href":"https:\/\/pos.uel.br\/direitofamilia\/wp-json\/wp\/v2\/pages\/827\/revisions\/916"}],"wp:attachment":[{"href":"https:\/\/pos.uel.br\/direitofamilia\/wp-json\/wp\/v2\/media?parent=827"}],"curies":[{"name":"wp","href":"https:\/\/api.w.org\/{rel}","templated":true}]}}