{"id":824,"date":"2025-07-03T14:46:54","date_gmt":"2025-07-03T17:46:54","guid":{"rendered":"https:\/\/pos.uel.br\/direitofamilia\/?page_id=824"},"modified":"2025-10-03T14:34:22","modified_gmt":"2025-10-03T17:34:22","slug":"sobre-o-curso","status":"publish","type":"page","link":"https:\/\/pos.uel.br\/direitofamilia\/sobre-o-curso\/","title":{"rendered":"Sobre o curso"},"content":{"rendered":"\n<p class=\"has-primary-accent-color has-text-color has-link-color wp-elements-af84d4d43b2572d127b4e79417a40381\"><strong>OBJETIVOS<\/strong><\/p>\n\n\n\n<p>Formar especialistas aptos a operar na \u00e1rea do Direito de Fam\u00edlia e Sucess\u00f5es no aspecto Civil e Processual.<\/p>\n\n\n\n<p>Apresentar o Direito de Fam\u00edlia e Sucess\u00f5es como mecanismo de entendimento te\u00f3rico e pr\u00e1tico aos profissionais que atuam nessa \u00e1rea, principalmente no que diz respeito ao que se pode realizar no sentido de melhorar os resultados da sua atividade.<\/p>\n\n\n\n<p>Atualizar os profissionais do Direito, apresentando-lhes as solu\u00e7\u00f5es elaboradas pela doutrina da p\u00f3s-modernidade e pela recente jurisprud\u00eancia dos tribunais acerca das quest\u00f5es civis\/processuais atuais aplicado ao Direito de Fam\u00edlia e Sucess\u00f5es.<\/p>\n\n\n\n<p>Estimular a compreens\u00e3o do Direito segundo a \u00f3tica da multidisciplinaridade, calcada no di\u00e1logo dos princ\u00edpios constitucionais com as normas de direito material e processual civil.<\/p>\n\n\n\n<p>Incutir no especialista o esp\u00edrito cr\u00edtico do Direito, partindo dos valores da repersonaliza\u00e7\u00e3o e da despatrimonializa\u00e7\u00e3o das rela\u00e7\u00f5es jur\u00eddicas.<\/p>\n\n\n\n<p>Atualizar o advogado, pondo-o em dia com as novas solu\u00e7\u00f5es elaboradas pela doutrina especializada, com as grandes quest\u00f5es pol\u00eamicas e com as mais recentes jurisprud\u00eancias dos tribunais acerca das quest\u00f5es de fam\u00edlia e sucess\u00f5es.<\/p>\n\n\n\n<p>Demonstrar aplicabilidade do Direito de Fam\u00edlia e Sucess\u00f5es em casos concretos.<\/p>\n\n\n\n<p>Aperfei\u00e7oar o entendimento do Direito de Fam\u00edlia e Sucess\u00f5es no \u00e2mbito constitucional civil, aplicando os princ\u00edpios e valores constitucionais.<\/p>\n\n\n\n<p>Transmitir os conhecimentos jur\u00eddicos de que o profissional do Direito necessita para seu adequado desempenho profissional especialmente na \u00e1rea de Fam\u00edlia e Sucess\u00f5es.<\/p>\n\n\n\n<hr class=\"wp-block-separator has-alpha-channel-opacity is-style-wide\" \/>\n\n\n\n<p class=\"has-primary-accent-color has-text-color has-link-color wp-elements-f659a05abe45c6874286a1b5100f7698\"><strong>P\u00daBLICO ALVO<\/strong><\/p>\n\n\n\n<p>Poder\u00e3o candidatar-se ao Curso graduados ou graduandos em Direito, Servi\u00e7o Social, Psicologia, Sociologia e \u00e1reas afins, desde que comprovem a conclus\u00e3o da gradua\u00e7\u00e3o na data da matr\u00edcula.<\/p>\n\n\n\n<hr class=\"wp-block-separator has-alpha-channel-opacity is-style-wide\" \/>\n\n\n\n<p class=\"has-primary-accent-color has-text-color has-link-color wp-elements-8a5d50c40a3f9ef95e96ecd795253bd0\"><strong>N\u00daMERO DE VAGAS<\/strong><\/p>\n\n\n\n<p>M\u00ednimo: 30 (trinta)<br>M\u00e1ximo: 100 (cem)<\/p>\n\n\n\n<hr class=\"wp-block-separator has-alpha-channel-opacity is-style-wide\" \/>\n\n\n\n<p class=\"has-primary-accent-color has-text-color has-link-color wp-elements-6848bac0283c7d3a57065ed731b47198\"><strong>INVESTIMENTO<\/strong><\/p>\n\n\n\n<p>18 parcelas de R$ 420,00 (a primeira parcela, no ato da matr\u00edcula)<\/p>\n\n\n\n<hr class=\"wp-block-separator has-alpha-channel-opacity is-style-wide\" \/>\n\n\n\n<p class=\"has-primary-accent-color has-text-color has-link-color wp-elements-286bb88d9cb9de9a94be3bd86454892b\"><strong>IN\u00cdCIO E T\u00c9RMINO DAS AULAS | CURSO<\/strong><\/p>\n\n\n\n<p>In\u00edcio das aulas: 20\/03\/2026<br>T\u00e9rmino:\u00a0 julho de 2027<\/p>\n\n\n\n<p><br>As aulas s\u00e3o ministradas \u00e0s sextas-feiras per\u00edodo noturno e aos s\u00e1bados per\u00edodo matutino. Atividades poder\u00e3o ser realizadas aos s\u00e1bados per\u00edodo vespertino.<\/p>\n\n\n\n<p>Totalizando 24 (vinte e quatro) finais de\u00a0\u00a0semana com aula.<\/p>\n\n\n\n<p>Aten\u00e7\u00e3o:&nbsp;O curso ofertado \u00e9 na modalidade \u201c<em>Remoto S\u00edncrono<\/em>\u201c, autorizado pela Resolu\u00e7\u00e3o CEPE 13\/2021 da UEL. As aulas \u201c<em>online&nbsp;<\/em>ao vivo\u201d acontecer\u00e3o at\u00e9 o final do curso,&nbsp;de acordo com normativas da Universidade.&nbsp;<\/p>\n\n\n\n<hr class=\"wp-block-separator has-alpha-channel-opacity is-style-wide\" \/>\n\n\n\n<h5 class=\"wp-block-heading has-primary-accent-color has-text-color has-link-color wp-elements-cec12c0234445921f0ee3442a045a44d\">Turma com in\u00edcio em 2026<\/h5>\n\n\n\n<p>Remoto S\u00edncrono.<\/p>\n\n\n\n<hr class=\"wp-block-separator has-alpha-channel-opacity is-style-wide\" \/>\n\n\n\n<h5 class=\"wp-block-heading has-primary-accent-color has-text-color has-link-color wp-elements-26153a125e06ad00c06ba48520887ce6\">Inscri\u00e7\u00f5es online<\/h5>\n\n\n\n<p>Realize o upload da documenta\u00e7\u00e3o somente via sistema de Inscri\u00e7\u00e3o online \u2013 Acesse o Edital de Oferta no menu INSCRI\u00c7\u00d5ES.<\/p>\n\n\n\n<hr class=\"wp-block-separator has-alpha-channel-opacity is-style-wide\" \/>\n\n\n\n<div class=\"wp-block-columns is-layout-flex wp-container-core-columns-is-layout-9d6595d7 wp-block-columns-is-layout-flex\">\n<div class=\"wp-block-column is-layout-flow wp-block-column-is-layout-flow\"><\/div>\n<\/div>\n\n\n\n<p><\/p>\n","protected":false},"excerpt":{"rendered":"<p>OBJETIVOS Formar especialistas aptos a operar na \u00e1rea do Direito de Fam\u00edlia e Sucess\u00f5es no aspecto Civil e Processual. Apresentar o Direito de Fam\u00edlia e Sucess\u00f5es como mecanismo de entendimento te\u00f3rico e pr\u00e1tico aos profissionais que atuam nessa \u00e1rea, principalmente no que diz respeito ao que se pode realizar no sentido de melhorar os resultados [&hellip;]<\/p>\n","protected":false},"author":8,"featured_media":0,"parent":0,"menu_order":0,"comment_status":"closed","ping_status":"closed","template":"","meta":{"_acf_changed":false,"_themeisle_gutenberg_block_has_review":false,"footnotes":""},"class_list":["post-824","page","type-page","status-publish","hentry"],"acf":[],"_links":{"self":[{"href":"https:\/\/pos.uel.br\/direitofamilia\/wp-json\/wp\/v2\/pages\/824","targetHints":{"allow":["GET"]}}],"collection":[{"href":"https:\/\/pos.uel.br\/direitofamilia\/wp-json\/wp\/v2\/pages"}],"about":[{"href":"https:\/\/pos.uel.br\/direitofamilia\/wp-json\/wp\/v2\/types\/page"}],"author":[{"embeddable":true,"href":"https:\/\/pos.uel.br\/direitofamilia\/wp-json\/wp\/v2\/users\/8"}],"replies":[{"embeddable":true,"href":"https:\/\/pos.uel.br\/direitofamilia\/wp-json\/wp\/v2\/comments?post=824"}],"version-history":[{"count":9,"href":"https:\/\/pos.uel.br\/direitofamilia\/wp-json\/wp\/v2\/pages\/824\/revisions"}],"predecessor-version":[{"id":913,"href":"https:\/\/pos.uel.br\/direitofamilia\/wp-json\/wp\/v2\/pages\/824\/revisions\/913"}],"wp:attachment":[{"href":"https:\/\/pos.uel.br\/direitofamilia\/wp-json\/wp\/v2\/media?parent=824"}],"curies":[{"name":"wp","href":"https:\/\/api.w.org\/{rel}","templated":true}]}}