{"id":419,"date":"2022-09-13T14:34:53","date_gmt":"2022-09-13T17:34:53","guid":{"rendered":"https:\/\/pos.uel.br\/direitofamilia\/?page_id=419"},"modified":"2025-12-15T10:51:37","modified_gmt":"2025-12-15T13:51:37","slug":"monografia","status":"publish","type":"page","link":"https:\/\/pos.uel.br\/direitofamilia\/monografia\/","title":{"rendered":"Monografia"},"content":{"rendered":"\n<div class=\"wp-block-columns is-layout-flex wp-container-core-columns-is-layout-9d6595d7 wp-block-columns-is-layout-flex\">\n<div class=\"wp-block-column is-layout-flow wp-block-column-is-layout-flow\">\n<p><strong>Monografia &#8211; turma 2024-1<\/strong><\/p>\n\n\n\n<hr class=\"wp-block-separator has-alpha-channel-opacity is-style-wide\" \/>\n\n\n\n<p class=\"has-small-font-size\">1 -Informa\u00e7\u00f5es gerais Monografia &#8211; Direito de Fam\u00edlia Turma 2024-1_atualizado <a href=\"https:\/\/pos.uel.br\/direitofamilia\/wp-content\/uploads\/2025\/02\/01-Informacoes-gerais-Monografia-Direito-de-Familia-Turma-2024-1_atualizacao_prazos.pdf\" target=\"_blank\" rel=\"noreferrer noopener\"><img loading=\"lazy\" decoding=\"async\" width=\"225\" height=\"225\" class=\"wp-image-797\" style=\"width: 25px\" src=\"https:\/\/pos.uel.br\/direitofamilia\/wp-content\/uploads\/2025\/02\/icone_download.png\" alt=\"\" srcset=\"https:\/\/pos.uel.br\/direitofamilia\/wp-content\/uploads\/2025\/02\/icone_download.png 225w, https:\/\/pos.uel.br\/direitofamilia\/wp-content\/uploads\/2025\/02\/icone_download-150x150.png 150w\" sizes=\"auto, (max-width: 225px) 100vw, 225px\" \/><\/a><\/p>\n\n\n\n<p class=\"has-small-font-size\">2-Direito de Fam\u00edlia &#8211; Declara\u00e7\u00e3o de Orienta\u00e7\u00e3o <a href=\"https:\/\/pos.uel.br\/direitofamilia\/wp-content\/uploads\/2025\/02\/02-Direito-de-Familia-Declaracao-de-Orientacao.docx\" target=\"_blank\" rel=\"noreferrer noopener\"><img loading=\"lazy\" decoding=\"async\" width=\"225\" height=\"225\" class=\"wp-image-797\" style=\"width: 25px\" src=\"https:\/\/pos.uel.br\/direitofamilia\/wp-content\/uploads\/2025\/02\/icone_download.png\" alt=\"\" srcset=\"https:\/\/pos.uel.br\/direitofamilia\/wp-content\/uploads\/2025\/02\/icone_download.png 225w, https:\/\/pos.uel.br\/direitofamilia\/wp-content\/uploads\/2025\/02\/icone_download-150x150.png 150w\" sizes=\"auto, (max-width: 225px) 100vw, 225px\" \/><\/a><\/p>\n\n\n\n<p class=\"has-small-font-size\">3-Docentes do curso &#8211; Direito de Fam\u00edlia Turma 2024-1 &#8211; indica\u00e7\u00e3o da Coordena\u00e7\u00e3o <a href=\"https:\/\/pos.uel.br\/direitofamilia\/wp-content\/uploads\/2025\/06\/03-Docentes-do-curso-Direito-de-Familia-Turma-2024-1-indicacao-da-Coordenacao_atualizada_junho2025.pdf\" target=\"_blank\" rel=\"noreferrer noopener\"><img loading=\"lazy\" decoding=\"async\" width=\"225\" height=\"225\" class=\"wp-image-797\" style=\"width: 25px\" src=\"https:\/\/pos.uel.br\/direitofamilia\/wp-content\/uploads\/2025\/02\/icone_download.png\" alt=\"\" srcset=\"https:\/\/pos.uel.br\/direitofamilia\/wp-content\/uploads\/2025\/02\/icone_download.png 225w, https:\/\/pos.uel.br\/direitofamilia\/wp-content\/uploads\/2025\/02\/icone_download-150x150.png 150w\" sizes=\"auto, (max-width: 225px) 100vw, 225px\" \/><\/a><\/p>\n\n\n\n<p class=\"has-small-font-size\">4-Modelo de Artigo do curso de Direito de Fam\u00edlia<a href=\"https:\/\/pos.uel.br\/direitofamilia\/wp-content\/uploads\/2025\/02\/01-Informacoes-gerais-Monografia-Direito-de-Familia-Turma-2024-1_atualizacao_prazos.pdf\" target=\"_blank\" rel=\"noreferrer noopener\"> <\/a><a href=\"https:\/\/pos.uel.br\/direitofamilia\/wp-content\/uploads\/2025\/05\/04-Modelo-de-Artigo-do-curso-de-Direito-de-Familia.docx\" target=\"_blank\" rel=\"noreferrer noopener\"><img loading=\"lazy\" decoding=\"async\" width=\"225\" height=\"225\" class=\"wp-image-797\" style=\"width: 25px\" src=\"https:\/\/pos.uel.br\/direitofamilia\/wp-content\/uploads\/2025\/02\/icone_download.png\" alt=\"\" srcset=\"https:\/\/pos.uel.br\/direitofamilia\/wp-content\/uploads\/2025\/02\/icone_download.png 225w, https:\/\/pos.uel.br\/direitofamilia\/wp-content\/uploads\/2025\/02\/icone_download-150x150.png 150w\" sizes=\"auto, (max-width: 225px) 100vw, 225px\" \/><\/a><\/p>\n\n\n\n<p class=\"has-small-font-size\">5-Direito de Fam\u00edlia &#8211; p\u00e1ginas prefaciais 2024 &#8211; do site da Biblioteca Central <a href=\"https:\/\/pos.uel.br\/direitofamilia\/wp-content\/uploads\/2025\/02\/05-Template-UEL-do-site-Bibliotecas-UEL.docx\" target=\"_blank\" rel=\"noreferrer noopener\"><img loading=\"lazy\" decoding=\"async\" width=\"225\" height=\"225\" class=\"wp-image-797\" style=\"width: 25px\" src=\"https:\/\/pos.uel.br\/direitofamilia\/wp-content\/uploads\/2025\/02\/icone_download.png\" alt=\"\" srcset=\"https:\/\/pos.uel.br\/direitofamilia\/wp-content\/uploads\/2025\/02\/icone_download.png 225w, https:\/\/pos.uel.br\/direitofamilia\/wp-content\/uploads\/2025\/02\/icone_download-150x150.png 150w\" sizes=\"auto, (max-width: 225px) 100vw, 225px\" \/><\/a><\/p>\n\n\n\n<p class=\"has-small-font-size\">6-Manual Prorroga\u00e7\u00e3o de Prazo <a href=\"https:\/\/pos.uel.br\/direitofamilia\/wp-content\/uploads\/2025\/02\/Manual-Prorrogacao-de-Prazo.pdf\" target=\"_blank\" rel=\"noreferrer noopener\"><img loading=\"lazy\" decoding=\"async\" width=\"225\" height=\"225\" class=\"wp-image-797\" style=\"width: 25px\" src=\"https:\/\/pos.uel.br\/direitofamilia\/wp-content\/uploads\/2025\/02\/icone_download.png\" alt=\"\" srcset=\"https:\/\/pos.uel.br\/direitofamilia\/wp-content\/uploads\/2025\/02\/icone_download.png 225w, https:\/\/pos.uel.br\/direitofamilia\/wp-content\/uploads\/2025\/02\/icone_download-150x150.png 150w\" sizes=\"auto, (max-width: 225px) 100vw, 225px\" \/><\/a><\/p>\n\n\n\n<p><\/p>\n\n\n\n<p><\/p>\n\n\n\n<p class=\"has-small-font-size\"><\/p>\n\n\n\n<p><\/p>\n\n\n\n<p><\/p>\n\n\n\n<p><\/p>\n\n\n\n<p><\/p>\n<\/div>\n\n\n\n<div class=\"wp-block-column is-layout-flow wp-block-column-is-layout-flow\">\n<p><strong>Monografia &#8211; turma 2025-1<\/strong><\/p>\n\n\n\n<hr class=\"wp-block-separator has-alpha-channel-opacity is-style-wide\" \/>\n\n\n\n<p class=\"has-small-font-size\">1 -Informa\u00e7\u00f5es gerais Monografia &#8211; Direito de Fam\u00edlia Turma 2025-1_atualizado <a href=\"https:\/\/pos.uel.br\/direitofamilia\/wp-content\/uploads\/2025\/12\/01-Informacoes-gerais-Monografia-Direito-de-Familia-Turma-2025.pdf\" target=\"_blank\" rel=\"noreferrer noopener\"><img loading=\"lazy\" decoding=\"async\" width=\"225\" height=\"225\" class=\"wp-image-797\" style=\"width: 25px\" src=\"https:\/\/pos.uel.br\/direitofamilia\/wp-content\/uploads\/2025\/02\/icone_download.png\" alt=\"\" srcset=\"https:\/\/pos.uel.br\/direitofamilia\/wp-content\/uploads\/2025\/02\/icone_download.png 225w, https:\/\/pos.uel.br\/direitofamilia\/wp-content\/uploads\/2025\/02\/icone_download-150x150.png 150w\" sizes=\"auto, (max-width: 225px) 100vw, 225px\" \/><\/a><\/p>\n\n\n\n<p class=\"has-small-font-size\">2-Direito de Fam\u00edlia &#8211; Declara\u00e7\u00e3o de Orienta\u00e7\u00e3o <a href=\"https:\/\/pos.uel.br\/direitofamilia\/wp-content\/uploads\/2025\/12\/02-Direito-de-Familia-Declaracao-de-Orientacao_2025.docx\" data-type=\"attachment\" data-id=\"933\" target=\"_blank\" rel=\"noreferrer noopener\"><img loading=\"lazy\" decoding=\"async\" width=\"225\" height=\"225\" class=\"wp-image-797\" style=\"width: 25px\" src=\"https:\/\/pos.uel.br\/direitofamilia\/wp-content\/uploads\/2025\/02\/icone_download.png\" alt=\"\" srcset=\"https:\/\/pos.uel.br\/direitofamilia\/wp-content\/uploads\/2025\/02\/icone_download.png 225w, https:\/\/pos.uel.br\/direitofamilia\/wp-content\/uploads\/2025\/02\/icone_download-150x150.png 150w\" sizes=\"auto, (max-width: 225px) 100vw, 225px\" \/><\/a><\/p>\n\n\n\n<p class=\"has-small-font-size\">3-Docentes do curso &#8211; Direito de Fam\u00edlia Turma 2025-1 &#8211; indica\u00e7\u00e3o da Coordena\u00e7\u00e3o <a href=\"https:\/\/pos.uel.br\/direitofamilia\/wp-content\/uploads\/2025\/12\/03-Docentes-do-curso-Direito-de-Familia-Turma-2025-indicacao-da-Coordenacao-1.pdf\" data-type=\"link\" data-id=\"https:\/\/pos.uel.br\/direitofamilia\/wp-content\/uploads\/2025\/12\/03-Docentes-do-curso-Direito-de-Familia-Turma-2025-indicacao-da-Coordenacao-1.pdf\"><img loading=\"lazy\" decoding=\"async\" width=\"225\" height=\"225\" class=\"wp-image-797\" style=\"width: 25px\" src=\"https:\/\/pos.uel.br\/direitofamilia\/wp-content\/uploads\/2025\/02\/icone_download.png\" alt=\"\" srcset=\"https:\/\/pos.uel.br\/direitofamilia\/wp-content\/uploads\/2025\/02\/icone_download.png 225w, https:\/\/pos.uel.br\/direitofamilia\/wp-content\/uploads\/2025\/02\/icone_download-150x150.png 150w\" sizes=\"auto, (max-width: 225px) 100vw, 225px\" \/><\/a><\/p>\n\n\n\n<p class=\"has-small-font-size\">4-Modelo de Artigo do curso de Direito de Fam\u00edlia<a href=\"https:\/\/pos.uel.br\/direitofamilia\/wp-content\/uploads\/2025\/02\/01-Informacoes-gerais-Monografia-Direito-de-Familia-Turma-2024-1_atualizacao_prazos.pdf\" target=\"_blank\" rel=\"noreferrer noopener\"><\/a><a href=\"https:\/\/pos.uel.br\/direitofamilia\/wp-content\/uploads\/2025\/12\/04-Modelo-de-Artigo-do-curso-de-Direito-de-Familia_2025.docx\" target=\"_blank\" rel=\"noreferrer noopener\"><img loading=\"lazy\" decoding=\"async\" width=\"225\" height=\"225\" class=\"wp-image-797\" style=\"width: 25px\" src=\"https:\/\/pos.uel.br\/direitofamilia\/wp-content\/uploads\/2025\/02\/icone_download.png\" alt=\"\" srcset=\"https:\/\/pos.uel.br\/direitofamilia\/wp-content\/uploads\/2025\/02\/icone_download.png 225w, https:\/\/pos.uel.br\/direitofamilia\/wp-content\/uploads\/2025\/02\/icone_download-150x150.png 150w\" sizes=\"auto, (max-width: 225px) 100vw, 225px\" \/><\/a><\/p>\n\n\n\n<p class=\"has-small-font-size\">5-Direito de Fam\u00edlia &#8211; p\u00e1ginas prefaciais 2025 &#8211; do site da Biblioteca Central <a href=\"https:\/\/pos.uel.br\/direitofamilia\/wp-content\/uploads\/2025\/12\/05-Template-UEL-do-site-Bibliotecas-UEL_2025.docx\" target=\"_blank\" rel=\"noreferrer noopener\"><img loading=\"lazy\" decoding=\"async\" width=\"225\" height=\"225\" class=\"wp-image-797\" style=\"width: 25px\" src=\"https:\/\/pos.uel.br\/direitofamilia\/wp-content\/uploads\/2025\/02\/icone_download.png\" alt=\"\" srcset=\"https:\/\/pos.uel.br\/direitofamilia\/wp-content\/uploads\/2025\/02\/icone_download.png 225w, https:\/\/pos.uel.br\/direitofamilia\/wp-content\/uploads\/2025\/02\/icone_download-150x150.png 150w\" sizes=\"auto, (max-width: 225px) 100vw, 225px\" \/><\/a><\/p>\n\n\n\n<p class=\"has-small-font-size\">6-Manual Prorroga\u00e7\u00e3o de Prazo <a href=\"https:\/\/pos.uel.br\/direitofamilia\/wp-content\/uploads\/2025\/12\/06-Manual-Prorrogacao-de-Prazo_2025.pdf\" data-type=\"attachment\" data-id=\"937\" target=\"_blank\" rel=\"noreferrer noopener\"><img loading=\"lazy\" decoding=\"async\" width=\"225\" height=\"225\" class=\"wp-image-797\" style=\"width: 25px\" src=\"https:\/\/pos.uel.br\/direitofamilia\/wp-content\/uploads\/2025\/02\/icone_download.png\" alt=\"\" srcset=\"https:\/\/pos.uel.br\/direitofamilia\/wp-content\/uploads\/2025\/02\/icone_download.png 225w, https:\/\/pos.uel.br\/direitofamilia\/wp-content\/uploads\/2025\/02\/icone_download-150x150.png 150w\" sizes=\"auto, (max-width: 225px) 100vw, 225px\" \/><\/a><\/p>\n\n\n\n<p><\/p>\n\n\n\n<p><\/p>\n\n\n\n<p class=\"has-small-font-size\"><\/p>\n\n\n\n<p><\/p>\n\n\n\n<p><\/p>\n\n\n\n<p><\/p>\n\n\n\n<p><\/p>\n<\/div>\n<\/div>\n\n\n\n<p><\/p>\n","protected":false},"excerpt":{"rendered":"<p>Monografia &#8211; turma 2024-1 1 -Informa\u00e7\u00f5es gerais Monografia &#8211; Direito de Fam\u00edlia Turma 2024-1_atualizado 2-Direito de Fam\u00edlia &#8211; Declara\u00e7\u00e3o de Orienta\u00e7\u00e3o 3-Docentes do curso &#8211; Direito de Fam\u00edlia Turma 2024-1 &#8211; indica\u00e7\u00e3o da Coordena\u00e7\u00e3o 4-Modelo de Artigo do curso de Direito de Fam\u00edlia 5-Direito de Fam\u00edlia &#8211; p\u00e1ginas prefaciais 2024 &#8211; do site da Biblioteca [&hellip;]<\/p>\n","protected":false},"author":7,"featured_media":0,"parent":0,"menu_order":0,"comment_status":"closed","ping_status":"closed","template":"","meta":{"_acf_changed":false,"_themeisle_gutenberg_block_has_review":false,"footnotes":""},"class_list":["post-419","page","type-page","status-publish","hentry"],"acf":[],"_links":{"self":[{"href":"https:\/\/pos.uel.br\/direitofamilia\/wp-json\/wp\/v2\/pages\/419","targetHints":{"allow":["GET"]}}],"collection":[{"href":"https:\/\/pos.uel.br\/direitofamilia\/wp-json\/wp\/v2\/pages"}],"about":[{"href":"https:\/\/pos.uel.br\/direitofamilia\/wp-json\/wp\/v2\/types\/page"}],"author":[{"embeddable":true,"href":"https:\/\/pos.uel.br\/direitofamilia\/wp-json\/wp\/v2\/users\/7"}],"replies":[{"embeddable":true,"href":"https:\/\/pos.uel.br\/direitofamilia\/wp-json\/wp\/v2\/comments?post=419"}],"version-history":[{"count":50,"href":"https:\/\/pos.uel.br\/direitofamilia\/wp-json\/wp\/v2\/pages\/419\/revisions"}],"predecessor-version":[{"id":970,"href":"https:\/\/pos.uel.br\/direitofamilia\/wp-json\/wp\/v2\/pages\/419\/revisions\/970"}],"wp:attachment":[{"href":"https:\/\/pos.uel.br\/direitofamilia\/wp-json\/wp\/v2\/media?parent=419"}],"curies":[{"name":"wp","href":"https:\/\/api.w.org\/{rel}","templated":true}]}}