{"id":499,"date":"2022-10-11T15:52:53","date_gmt":"2022-10-11T18:52:53","guid":{"rendered":"https:\/\/pos.uel.br\/direitoempresarial\/?page_id=499"},"modified":"2025-04-11T09:31:00","modified_gmt":"2025-04-11T12:31:00","slug":"monografia-2","status":"publish","type":"page","link":"https:\/\/pos.uel.br\/direitoempresarial\/monografia-2\/","title":{"rendered":"Monografia"},"content":{"rendered":"\n<p><\/p>\n\n\n\n<div class=\"wp-block-columns is-layout-flex wp-container-core-columns-is-layout-9d6595d7 wp-block-columns-is-layout-flex\">\n<div class=\"wp-block-column is-layout-flow wp-block-column-is-layout-flow\">\n<p><strong><strong>Turma 2023\/1<\/strong><\/strong><\/p>\n\n\n\n<hr class=\"wp-block-separator has-alpha-channel-opacity is-style-wide\"\/>\n\n\n\n<p class=\"has-small-font-size\"><a href=\"https:\/\/pos.uel.br\/direitoempresarial\/wp-content\/uploads\/2024\/01\/01-Informacoes-gerais-Monografia-Turma-2023.pdf\">01-Informa\u00e7\u00f5es gerais Monografia &#8211; Turma 2023<\/a><\/p>\n\n\n\n<p class=\"has-small-font-size\"><a href=\"https:\/\/pos.uel.br\/direitoempresarial\/wp-content\/uploads\/2024\/01\/02-Direito-Empresarial-Declaracao-de-Orientacao.doc\">02-Direito Empresarial &#8211; Declara\u00e7\u00e3o de Orienta\u00e7\u00e3o<\/a><\/p>\n\n\n\n<p class=\"has-small-font-size\"><a href=\"https:\/\/pos.uel.br\/direitoempresarial\/wp-content\/uploads\/2024\/01\/03-Docentes-do-Curso-2023.pdf\">03-Docentes do Curso 2023<\/a><\/p>\n\n\n\n<p class=\"has-small-font-size\"><a href=\"https:\/\/pos.uel.br\/direitoempresarial\/wp-content\/uploads\/2024\/01\/04-Docentes-dos-Departamentos-de-Direito-UEL.pdf\">04-Docentes dos Departamentos de Direito UEL_links<\/a><\/p>\n\n\n\n<p class=\"has-small-font-size\"><a href=\"https:\/\/pos.uel.br\/direitoempresarial\/wp-content\/uploads\/2024\/01\/05-Ficha-de-Atualizacao-de-Cadastro-E-Social-Direito-Empresarial.docx\">05-Ficha de Atualiza\u00e7\u00e3o de Cadastro E-Social &#8211; Direito Empresarial<\/a><\/p>\n\n\n\n<p class=\"has-small-font-size\"><a href=\"https:\/\/pos.uel.br\/direitoempresarial\/wp-content\/uploads\/2024\/01\/06-Ficha-de-Titulacao-e-Vinculo.docx\">06-Ficha de Titula\u00e7\u00e3o e V\u00ednculo_2023<\/a><\/p>\n\n\n\n<p class=\"has-small-font-size\"><a href=\"https:\/\/pos.uel.br\/direitoempresarial\/wp-content\/uploads\/2024\/01\/07-DirEmpresarial_Modelo-folhas-pre-textuais.docx\">07-DirEmpresarial_Modelo folhas pr\u00e9-textuais &#8211; turma 2023<\/a><\/p>\n\n\n\n<p class=\"has-small-font-size\"><a href=\"https:\/\/pos.uel.br\/direitoempresarial\/wp-content\/uploads\/2024\/01\/08-Manual-Prorrogacao-de-Prazo.pdf\">08-Manual Prorroga\u00e7\u00e3o de Prazo<\/a><\/p>\n\n\n\n<hr class=\"wp-block-separator has-alpha-channel-opacity is-style-wide\"\/>\n<\/div>\n\n\n\n<div class=\"wp-block-column is-layout-flow wp-block-column-is-layout-flow\">\n<p><strong>Turma 2024<\/strong><\/p>\n\n\n\n<hr class=\"wp-block-separator has-alpha-channel-opacity is-style-wide\"\/>\n\n\n\n<p class=\"has-small-font-size\"><a href=\"https:\/\/pos.uel.br\/direitoempresarial\/wp-content\/uploads\/2025\/04\/01-Informacoes-gerais-Monografia-Direito-Empresarial-Turma-2024.pdf\" target=\"_blank\" rel=\"noreferrer noopener nofollow\">01-Informa\u00e7\u00f5es gerais Monografia &#8211; Direito Empresarial &#8211; Turma 2024<\/a><\/p>\n\n\n\n<p class=\"has-small-font-size\"><a href=\"https:\/\/pos.uel.br\/direitoempresarial\/wp-content\/uploads\/2025\/04\/02-Direito-Empresarial-Declaracao-de-Orientacao.doc\" target=\"_blank\" rel=\"noreferrer noopener nofollow\">02-Direito Empresarial &#8211; Declara\u00e7\u00e3o de Orienta\u00e7\u00e3o<\/a><\/p>\n\n\n\n<p class=\"has-small-font-size\"><a href=\"https:\/\/pos.uel.br\/direitoempresarial\/wp-content\/uploads\/2025\/04\/03-Docentes-do-Curso-2024.pdf\" target=\"_blank\" rel=\"noreferrer noopener nofollow\">03-Docentes do Curso 2024<\/a><\/p>\n\n\n\n<p class=\"has-small-font-size\"><a href=\"https:\/\/pos.uel.br\/direitoempresarial\/wp-content\/uploads\/2025\/04\/04-Template-UEL-do-site-Bibliotecas-UEL.docx\" target=\"_blank\" rel=\"noreferrer noopener nofollow\">04-Template-UEL &#8211; do site Bibliotecas UEL<\/a><\/p>\n\n\n\n<p class=\"has-small-font-size\"><a href=\"https:\/\/pos.uel.br\/direitoempresarial\/wp-content\/uploads\/2025\/04\/Manual-Prorrogacao-de-Prazo.pdf\" target=\"_blank\" rel=\"noreferrer noopener nofollow\">05-Manual Prorroga\u00e7\u00e3o de Prazo<\/a><\/p>\n\n\n\n<hr class=\"wp-block-separator has-alpha-channel-opacity is-style-wide\"\/>\n<\/div>\n<\/div>\n\n\n\n<p><\/p>\n\n\n\n<p><\/p>\n","protected":false},"excerpt":{"rendered":"<p>Turma 2023\/1 01-Informa\u00e7\u00f5es gerais Monografia &#8211; Turma 2023 02-Direito Empresarial &#8211; Declara\u00e7\u00e3o de Orienta\u00e7\u00e3o 03-Docentes do Curso 2023 04-Docentes dos Departamentos de Direito UEL_links 05-Ficha de Atualiza\u00e7\u00e3o de Cadastro E-Social &#8211; Direito Empresarial 06-Ficha de Titula\u00e7\u00e3o e V\u00ednculo_2023 07-DirEmpresarial_Modelo folhas pr\u00e9-textuais &#8211; turma 2023 08-Manual Prorroga\u00e7\u00e3o de Prazo Turma 2024 01-Informa\u00e7\u00f5es gerais Monografia &#8211; Direito [&hellip;]<\/p>\n","protected":false},"author":8,"featured_media":0,"parent":0,"menu_order":0,"comment_status":"closed","ping_status":"closed","template":"","meta":{"_acf_changed":false,"_themeisle_gutenberg_block_has_review":false,"footnotes":""},"class_list":["post-499","page","type-page","status-publish","hentry"],"acf":[],"_links":{"self":[{"href":"https:\/\/pos.uel.br\/direitoempresarial\/wp-json\/wp\/v2\/pages\/499","targetHints":{"allow":["GET"]}}],"collection":[{"href":"https:\/\/pos.uel.br\/direitoempresarial\/wp-json\/wp\/v2\/pages"}],"about":[{"href":"https:\/\/pos.uel.br\/direitoempresarial\/wp-json\/wp\/v2\/types\/page"}],"author":[{"embeddable":true,"href":"https:\/\/pos.uel.br\/direitoempresarial\/wp-json\/wp\/v2\/users\/8"}],"replies":[{"embeddable":true,"href":"https:\/\/pos.uel.br\/direitoempresarial\/wp-json\/wp\/v2\/comments?post=499"}],"version-history":[{"count":17,"href":"https:\/\/pos.uel.br\/direitoempresarial\/wp-json\/wp\/v2\/pages\/499\/revisions"}],"predecessor-version":[{"id":705,"href":"https:\/\/pos.uel.br\/direitoempresarial\/wp-json\/wp\/v2\/pages\/499\/revisions\/705"}],"wp:attachment":[{"href":"https:\/\/pos.uel.br\/direitoempresarial\/wp-json\/wp\/v2\/media?parent=499"}],"curies":[{"name":"wp","href":"https:\/\/api.w.org\/{rel}","templated":true}]}}