{"id":31,"date":"2022-08-30T17:01:41","date_gmt":"2022-08-30T20:01:41","guid":{"rendered":"https:\/\/pos.uel.br\/direitocivil\/?page_id=31"},"modified":"2025-10-09T08:41:20","modified_gmt":"2025-10-09T11:41:20","slug":"regulamento","status":"publish","type":"page","link":"https:\/\/pos.uel.br\/direitoempresarial\/regulamento\/","title":{"rendered":"Resolu\u00e7\u00f5es | Delibera\u00e7\u00f5es\u00a0"},"content":{"rendered":"\n<hr class=\"wp-block-separator has-text-color has-secondary-accent-color has-alpha-channel-opacity has-secondary-accent-background-color has-background is-style-wide\" \/>\n\n\n\n<div class=\"wp-block-columns has-primary-text-color has-text-color is-layout-flex wp-container-core-columns-is-layout-9d6595d7 wp-block-columns-is-layout-flex\">\n<div class=\"wp-block-column is-layout-flow wp-block-column-is-layout-flow\">\n<p><strong><u>2020<\/u><\/strong>&nbsp;<\/p>\n\n\n\n<ul id=\"block-3693a57c-8cc6-4e1d-bb29-6e8ad66a77d1\" class=\"wp-block-list has-small-font-size\">\n<li><a href=\"https:\/\/pos.uel.br\/direitoempresarial\/wp-content\/uploads\/2022\/10\/Delib-38-2019-Reest-Esp-Direito-Empresarial.pdf\" target=\"_blank\" rel=\"noreferrer noopener\">Delibera\u00e7\u00e3o_038_2019-EMP-Reestrutura\u00e7\u00e3o<\/a>&nbsp;<\/li>\n\n\n\n<li><a href=\"https:\/\/pos.uel.br\/direitoempresarial\/wp-content\/uploads\/2022\/10\/Resolucao-113-2017-Dir-Empr-Mensalidade.pdf\" target=\"_blank\" rel=\"noreferrer noopener\">Resolu\u00e7\u00e3o 113_2017-EMP-Mensalidade<\/a><\/li>\n\n\n\n<li><a href=\"https:\/\/pos.uel.br\/direitoempresarial\/wp-content\/uploads\/2022\/10\/Resolucao_110_2012_Empr_Vagas.pdf\" target=\"_blank\" rel=\"noreferrer noopener\">Resolu\u00e7\u00e3o_110_2012-EMP-Vagas<\/a><\/li>\n<\/ul>\n\n\n\n<p><strong><u>2018 e 2019<\/u><\/strong><\/p>\n\n\n\n<ul class=\"wp-block-list has-small-font-size\">\n<li><a href=\"https:\/\/pos.uel.br\/direitoempresarial\/wp-content\/uploads\/2022\/10\/Deliberacao_022_201_Empr_Reestruturacao.pdf\" data-type=\"URL\" data-id=\"https:\/\/pos.uel.br\/direitoempresarial\/wp-content\/uploads\/2022\/10\/Deliberacao_022_201_Empr_Reestruturacao.pdf\" target=\"_blank\" rel=\"noreferrer noopener\">Delibera\u00e7\u00e3o_022_2017-EMP-Reestrutura\u00e7\u00e3o&nbsp;<\/a><\/li>\n\n\n\n<li><a href=\"https:\/\/pos.uel.br\/direitoempresarial\/wp-content\/uploads\/2022\/10\/Resolucao-113-2017-Dir-Empr-Mensalidade.pdf\" data-type=\"URL\" data-id=\"https:\/\/pos.uel.br\/direitoempresarial\/wp-content\/uploads\/2022\/10\/Resolucao-113-2017-Dir-Empr-Mensalidade.pdf\" target=\"_blank\" rel=\"noreferrer noopener\">Resolu\u00e7\u00e3o 113_2017-EMP-Mensalidade<\/a><\/li>\n\n\n\n<li><a href=\"https:\/\/pos.uel.br\/direitoempresarial\/wp-content\/uploads\/2022\/10\/Resolucao_110_2012_Empr_Vagas.pdf\" data-type=\"URL\" data-id=\"https:\/\/pos.uel.br\/direitoempresarial\/wp-content\/uploads\/2022\/10\/Resolucao_110_2012_Empr_Vagas.pdf\" target=\"_blank\" rel=\"noreferrer noopener\">Resolu\u00e7\u00e3o_110_2012-EMP-Vagas<\/a><\/li>\n<\/ul>\n\n\n\n<p><strong><u>2017<\/u><\/strong><\/p>\n\n\n\n<ul class=\"wp-block-list has-small-font-size\">\n<li><a href=\"https:\/\/pos.uel.br\/direitoempresarial\/wp-content\/uploads\/2022\/10\/Deliberacao_037-2009_Empr_Reestruturacao.pdf\" data-type=\"URL\" data-id=\"https:\/\/pos.uel.br\/direitoempresarial\/wp-content\/uploads\/2022\/10\/Deliberacao_037-2009_Empr_Reestruturacao.pdf\" target=\"_blank\" rel=\"noreferrer noopener\">Delibera\u00e7\u00e3o_037\/2009-EMP-Reestrutura\u00e7\u00e3o<\/a>&nbsp;<\/li>\n\n\n\n<li><a href=\"https:\/\/pos.uel.br\/direitoempresarial\/wp-content\/uploads\/2022\/10\/Resolucao_085_2016_Empr_Mensalidade.pdf\" data-type=\"URL\" data-id=\"https:\/\/pos.uel.br\/direitoempresarial\/wp-content\/uploads\/2022\/10\/Resolucao_085_2016_Empr_Mensalidade.pdf\" target=\"_blank\" rel=\"noreferrer noopener\">Resolu\u00e7\u00e3o_85\/2016-EMP-Mensalidade<\/a><\/li>\n\n\n\n<li><a href=\"https:\/\/pos.uel.br\/direitoempresarial\/wp-content\/uploads\/2022\/10\/Resolucao_110_2012_Empr_Vagas.pdf\" data-type=\"URL\" data-id=\"https:\/\/pos.uel.br\/direitoempresarial\/wp-content\/uploads\/2022\/10\/Resolucao_110_2012_Empr_Vagas.pdf\" target=\"_blank\" rel=\"noreferrer noopener\">Resolu\u00e7\u00e3o_110\/2012-EMP-Vagas<\/a><\/li>\n<\/ul>\n\n\n\n<p><strong><u>2016<\/u><\/strong><\/p>\n\n\n\n<ul class=\"wp-block-list has-small-font-size\">\n<li><a href=\"https:\/\/pos.uel.br\/direitoempresarial\/wp-content\/uploads\/2022\/10\/Deliberacao_037-2009_Empr_Reestruturacao.pdf\" data-type=\"URL\" data-id=\"https:\/\/pos.uel.br\/direitoempresarial\/wp-content\/uploads\/2022\/10\/Deliberacao_037-2009_Empr_Reestruturacao.pdf\" target=\"_blank\" rel=\"noreferrer noopener\">Delibera\u00e7\u00e3o_037_2009-EMP-Reestrutura\u00e7\u00e3o<\/a><\/li>\n\n\n\n<li><a href=\"https:\/\/pos.uel.br\/direitoempresarial\/wp-content\/uploads\/2022\/10\/Resolucao_089_2012_Empr_Mensalidade.pdf\" data-type=\"URL\" data-id=\"https:\/\/pos.uel.br\/direitoempresarial\/wp-content\/uploads\/2022\/10\/Resolucao_089_2012_Empr_Mensalidade.pdf\" target=\"_blank\" rel=\"noreferrer noopener\">Resolu\u00e7\u00e3o_089\/2012-EMP-Mensalidade<\/a><\/li>\n\n\n\n<li><a href=\"https:\/\/pos.uel.br\/direitoempresarial\/wp-content\/uploads\/2022\/10\/Resolucao_CEPE_233_2009_Empr_Vagas.pdf\" data-type=\"URL\" data-id=\"https:\/\/pos.uel.br\/direitoempresarial\/wp-content\/uploads\/2022\/10\/Resolucao_CEPE_233_2009_Empr_Vagas.pdf\" target=\"_blank\" rel=\"noreferrer noopener\">Resolu\u00e7\u00e3o_233\/2009-EMP-Vagas<\/a><\/li>\n<\/ul>\n<\/div>\n\n\n\n<div class=\"wp-block-column is-vertically-aligned-center is-layout-flow wp-block-column-is-layout-flow\">\n<p class=\"has-text-align-center\">\u00a0<\/p>\n\n\n<div class=\"wp-block-image is-resized is-style-default\">\n<figure class=\"aligncenter\"><img loading=\"lazy\" decoding=\"async\" width=\"795\" height=\"467\" src=\"https:\/\/pos.uel.br\/direitocivil\/wp-content\/uploads\/2022\/09\/ementas.png\" alt=\"\" class=\"wp-image-174\" style=\"width:366px;height:auto\" srcset=\"https:\/\/pos.uel.br\/direitoempresarial\/wp-content\/uploads\/2022\/09\/ementas.png 795w, https:\/\/pos.uel.br\/direitoempresarial\/wp-content\/uploads\/2022\/09\/ementas-300x176.png 300w, https:\/\/pos.uel.br\/direitoempresarial\/wp-content\/uploads\/2022\/09\/ementas-768x451.png 768w\" sizes=\"auto, (max-width: 795px) 100vw, 795px\" \/><figcaption class=\"wp-element-caption\"><strong>EMENTAS<\/strong><\/figcaption><\/figure>\n<\/div>\n\n\n<p class=\"has-text-align-center\"><\/p>\n<\/div>\n<\/div>\n\n\n\n<hr class=\"wp-block-separator has-text-color has-secondary-accent-color has-alpha-channel-opacity has-secondary-accent-background-color has-background is-style-wide\" \/>\n","protected":false},"excerpt":{"rendered":"<p>2020&nbsp; 2018 e 2019 2017 2016 \u00a0<\/p>\n","protected":false},"author":8,"featured_media":0,"parent":0,"menu_order":0,"comment_status":"closed","ping_status":"closed","template":"","meta":{"_acf_changed":false,"_themeisle_gutenberg_block_has_review":false,"footnotes":""},"class_list":["post-31","page","type-page","status-publish","hentry"],"acf":[],"_links":{"self":[{"href":"https:\/\/pos.uel.br\/direitoempresarial\/wp-json\/wp\/v2\/pages\/31","targetHints":{"allow":["GET"]}}],"collection":[{"href":"https:\/\/pos.uel.br\/direitoempresarial\/wp-json\/wp\/v2\/pages"}],"about":[{"href":"https:\/\/pos.uel.br\/direitoempresarial\/wp-json\/wp\/v2\/types\/page"}],"author":[{"embeddable":true,"href":"https:\/\/pos.uel.br\/direitoempresarial\/wp-json\/wp\/v2\/users\/8"}],"replies":[{"embeddable":true,"href":"https:\/\/pos.uel.br\/direitoempresarial\/wp-json\/wp\/v2\/comments?post=31"}],"version-history":[{"count":10,"href":"https:\/\/pos.uel.br\/direitoempresarial\/wp-json\/wp\/v2\/pages\/31\/revisions"}],"predecessor-version":[{"id":790,"href":"https:\/\/pos.uel.br\/direitoempresarial\/wp-json\/wp\/v2\/pages\/31\/revisions\/790"}],"wp:attachment":[{"href":"https:\/\/pos.uel.br\/direitoempresarial\/wp-json\/wp\/v2\/media?parent=31"}],"curies":[{"name":"wp","href":"https:\/\/api.w.org\/{rel}","templated":true}]}}