{"id":115,"date":"2022-09-02T15:16:07","date_gmt":"2022-09-02T18:16:07","guid":{"rendered":"https:\/\/pos.uel.br\/direitocivil\/?page_id=115"},"modified":"2025-09-03T10:24:50","modified_gmt":"2025-09-03T13:24:50","slug":"monografia","status":"publish","type":"page","link":"https:\/\/pos.uel.br\/direitocivil\/monografia\/","title":{"rendered":"Monografia"},"content":{"rendered":"\n<p><\/p>\n\n\n\n<div class=\"wp-block-columns is-layout-flex wp-container-core-columns-is-layout-9d6595d7 wp-block-columns-is-layout-flex\">\n<div class=\"wp-block-column is-layout-flow wp-block-column-is-layout-flow\" style=\"flex-basis:100%\">\n<div class=\"wp-block-columns is-layout-flex wp-container-core-columns-is-layout-9d6595d7 wp-block-columns-is-layout-flex\">\n<div class=\"wp-block-column is-layout-flow wp-block-column-is-layout-flow\">\n<div class=\"wp-block-columns is-layout-flex wp-container-core-columns-is-layout-9d6595d7 wp-block-columns-is-layout-flex\">\n<div class=\"wp-block-column is-layout-flow wp-block-column-is-layout-flow\">\n<p><strong>Monografia &#8211; turma 2025<\/strong><\/p>\n\n\n\n<hr class=\"wp-block-separator has-alpha-channel-opacity is-style-wide\" \/>\n\n\n\n<p class=\"has-small-font-size\">1- Informes <a href=\"https:\/\/pos.uel.br\/direitocivil\/wp-content\/uploads\/2025\/09\/01_Dir-Civil_Informacoes-Mono_Turma-2025.pdf\" target=\"_blank\" rel=\"noreferrer noopener\"><img loading=\"lazy\" decoding=\"async\" width=\"225\" height=\"225\" class=\"wp-image-708\" style=\"width: 25px\" src=\"https:\/\/pos.uel.br\/direitocivil\/wp-content\/uploads\/2025\/02\/icone_download.png\" alt=\"\" srcset=\"https:\/\/pos.uel.br\/direitocivil\/wp-content\/uploads\/2025\/02\/icone_download.png 225w, https:\/\/pos.uel.br\/direitocivil\/wp-content\/uploads\/2025\/02\/icone_download-150x150.png 150w\" sizes=\"auto, (max-width: 225px) 100vw, 225px\" \/><\/a><\/p>\n\n\n\n<p class=\"has-small-font-size\">2- Linhas de Pesquisa <a href=\"https:\/\/pos.uel.br\/direitocivil\/wp-content\/uploads\/2025\/09\/02_Dir-Civil_linhas-de-pesquisa_2025.pdf\" target=\"_blank\" rel=\"noreferrer noopener\"><img loading=\"lazy\" decoding=\"async\" width=\"225\" height=\"225\" class=\"wp-image-708\" style=\"width: 25px\" src=\"https:\/\/pos.uel.br\/direitocivil\/wp-content\/uploads\/2025\/02\/icone_download.png\" alt=\"\" srcset=\"https:\/\/pos.uel.br\/direitocivil\/wp-content\/uploads\/2025\/02\/icone_download.png 225w, https:\/\/pos.uel.br\/direitocivil\/wp-content\/uploads\/2025\/02\/icone_download-150x150.png 150w\" sizes=\"auto, (max-width: 225px) 100vw, 225px\" \/><\/a><\/p>\n\n\n\n<p class=\"has-small-font-size\">3- Docentes Orientadores &#8211; Professores dos Departamentos de Direito UEL <a href=\"https:\/\/pos.uel.br\/direitocivil\/wp-content\/uploads\/2025\/09\/03_Dir-Civil_Docentes-Dep-PRI-e-PUB_Turma-2025.pdf\" target=\"_blank\" rel=\"noreferrer noopener\"><img loading=\"lazy\" decoding=\"async\" width=\"225\" height=\"225\" class=\"wp-image-708\" style=\"width: 25px\" src=\"https:\/\/pos.uel.br\/direitocivil\/wp-content\/uploads\/2025\/02\/icone_download.png\" alt=\"\" srcset=\"https:\/\/pos.uel.br\/direitocivil\/wp-content\/uploads\/2025\/02\/icone_download.png 225w, https:\/\/pos.uel.br\/direitocivil\/wp-content\/uploads\/2025\/02\/icone_download-150x150.png 150w\" sizes=\"auto, (max-width: 225px) 100vw, 225px\" \/><\/a><\/p>\n\n\n\n<p class=\"has-small-font-size\">4- Docentes Orientadores &#8211; Professores do Curso <a href=\"https:\/\/pos.uel.br\/direitocivil\/wp-content\/uploads\/2025\/09\/04_Dir-Civil_Docentes-do-Curso_2025.pdf\" target=\"_blank\" rel=\"noreferrer noopener\"><img loading=\"lazy\" decoding=\"async\" width=\"225\" height=\"225\" class=\"wp-image-708\" style=\"width: 25px\" src=\"https:\/\/pos.uel.br\/direitocivil\/wp-content\/uploads\/2025\/02\/icone_download.png\" alt=\"\" srcset=\"https:\/\/pos.uel.br\/direitocivil\/wp-content\/uploads\/2025\/02\/icone_download.png 225w, https:\/\/pos.uel.br\/direitocivil\/wp-content\/uploads\/2025\/02\/icone_download-150x150.png 150w\" sizes=\"auto, (max-width: 225px) 100vw, 225px\" \/><\/a><\/p>\n\n\n\n<p class=\"has-small-font-size\">5- Formul\u00e1rio Declara\u00e7\u00e3o de Orienta\u00e7\u00e3o&nbsp;<a href=\"https:\/\/pos.uel.br\/direitocivil\/wp-content\/uploads\/2025\/09\/05_Declaracao-de-Orientacao_Papel-A4-2025.doc\" target=\"_blank\" rel=\"noreferrer noopener\"><img loading=\"lazy\" decoding=\"async\" width=\"225\" height=\"225\" class=\"wp-image-708\" style=\"width: 25px\" src=\"https:\/\/pos.uel.br\/direitocivil\/wp-content\/uploads\/2025\/02\/icone_download.png\" alt=\"\" srcset=\"https:\/\/pos.uel.br\/direitocivil\/wp-content\/uploads\/2025\/02\/icone_download.png 225w, https:\/\/pos.uel.br\/direitocivil\/wp-content\/uploads\/2025\/02\/icone_download-150x150.png 150w\" sizes=\"auto, (max-width: 225px) 100vw, 225px\" \/><\/a><\/p>\n\n\n\n<p class=\"has-small-font-size\">6- Ficha Titula\u00e7\u00e3o | V\u00ednculo <a href=\"https:\/\/pos.uel.br\/direitocivil\/wp-content\/uploads\/2025\/09\/06_Ficha-de-Titulacao-e-Vinculo_2025.doc\" target=\"_blank\" rel=\"noreferrer noopener\"><img loading=\"lazy\" decoding=\"async\" width=\"225\" height=\"225\" class=\"wp-image-708\" style=\"width: 25px\" src=\"https:\/\/pos.uel.br\/direitocivil\/wp-content\/uploads\/2025\/02\/icone_download.png\" alt=\"\" srcset=\"https:\/\/pos.uel.br\/direitocivil\/wp-content\/uploads\/2025\/02\/icone_download.png 225w, https:\/\/pos.uel.br\/direitocivil\/wp-content\/uploads\/2025\/02\/icone_download-150x150.png 150w\" sizes=\"auto, (max-width: 225px) 100vw, 225px\" \/><\/a><\/p>\n\n\n\n<p class=\"has-small-font-size\">7- Ficha Atualiza\u00e7\u00e3o Cadastro&nbsp;E-Social <a href=\"https:\/\/pos.uel.br\/direitocivil\/wp-content\/uploads\/2025\/09\/07_Ficha-FAUEL-E-social_2025.doc\" target=\"_blank\" rel=\"noreferrer noopener\"><img loading=\"lazy\" decoding=\"async\" width=\"225\" height=\"225\" class=\"wp-image-708\" style=\"width: 25px\" src=\"https:\/\/pos.uel.br\/direitocivil\/wp-content\/uploads\/2025\/02\/icone_download.png\" alt=\"\" srcset=\"https:\/\/pos.uel.br\/direitocivil\/wp-content\/uploads\/2025\/02\/icone_download.png 225w, https:\/\/pos.uel.br\/direitocivil\/wp-content\/uploads\/2025\/02\/icone_download-150x150.png 150w\" sizes=\"auto, (max-width: 225px) 100vw, 225px\" \/><\/a><\/p>\n\n\n\n<p class=\"has-small-font-size\">8- Modelo folhas pr\u00e9-textuais &#8211; turma 2025 <a href=\"https:\/\/pos.uel.br\/direitocivil\/wp-content\/uploads\/2025\/09\/08_Dir-Civil_Capas-prefaciais_2025a.docx\" target=\"_blank\" rel=\"noreferrer noopener\"><img loading=\"lazy\" decoding=\"async\" width=\"225\" height=\"225\" class=\"wp-image-708\" style=\"width: 25px\" src=\"https:\/\/pos.uel.br\/direitocivil\/wp-content\/uploads\/2025\/02\/icone_download.png\" alt=\"\" srcset=\"https:\/\/pos.uel.br\/direitocivil\/wp-content\/uploads\/2025\/02\/icone_download.png 225w, https:\/\/pos.uel.br\/direitocivil\/wp-content\/uploads\/2025\/02\/icone_download-150x150.png 150w\" sizes=\"auto, (max-width: 225px) 100vw, 225px\" \/><\/a><\/p>\n\n\n\n<p class=\"has-small-font-size\">9- Modelo de Artigo <strong>&nbsp;<\/strong><a href=\"https:\/\/pos.uel.br\/direitocivil\/wp-content\/uploads\/2025\/09\/09_Dir-Civil_Modelo_Artigo_2025.docx\" target=\"_blank\" rel=\"noreferrer noopener\"><img loading=\"lazy\" decoding=\"async\" width=\"225\" height=\"225\" class=\"wp-image-708\" style=\"width: 25px\" src=\"https:\/\/pos.uel.br\/direitocivil\/wp-content\/uploads\/2025\/02\/icone_download.png\" alt=\"\" srcset=\"https:\/\/pos.uel.br\/direitocivil\/wp-content\/uploads\/2025\/02\/icone_download.png 225w, https:\/\/pos.uel.br\/direitocivil\/wp-content\/uploads\/2025\/02\/icone_download-150x150.png 150w\" sizes=\"auto, (max-width: 225px) 100vw, 225px\" \/><\/a><\/p>\n\n\n\n<p class=\"has-small-font-size\">10- Manual &#8211; Prorroga\u00e7\u00e3o de Prazo (via Web) para entrega do TCC\/Monografia\/Artigo<strong>\u00a0<\/strong><a href=\"https:\/\/pos.uel.br\/direitocivil\/wp-content\/uploads\/2025\/02\/09_Manual-Prorrogacao-de-Prazo-2017.pdf\" target=\"_blank\" rel=\"noreferrer noopener\"><img loading=\"lazy\" decoding=\"async\" width=\"225\" height=\"225\" class=\"wp-image-708\" style=\"width: 25px\" src=\"https:\/\/pos.uel.br\/direitocivil\/wp-content\/uploads\/2025\/02\/icone_download.png\" alt=\"\" srcset=\"https:\/\/pos.uel.br\/direitocivil\/wp-content\/uploads\/2025\/02\/icone_download.png 225w, https:\/\/pos.uel.br\/direitocivil\/wp-content\/uploads\/2025\/02\/icone_download-150x150.png 150w\" sizes=\"auto, (max-width: 225px) 100vw, 225px\" \/><\/a><\/p>\n\n\n\n<hr class=\"wp-block-separator has-alpha-channel-opacity is-style-wide\" \/>\n<\/div>\n\n\n\n<div class=\"wp-block-column is-layout-flow wp-block-column-is-layout-flow\">\n<p><strong>Monografia &#8211; turma 2024<\/strong><\/p>\n\n\n\n<hr class=\"wp-block-separator has-alpha-channel-opacity is-style-wide\" \/>\n\n\n\n<p class=\"has-small-font-size\">1- Informes <a href=\"https:\/\/pos.uel.br\/direitocivil\/wp-content\/uploads\/2025\/02\/01_Dir-Civil_Informacoes-Mono_Turma-2024.pdf\" target=\"_blank\" rel=\"noreferrer noopener\"><img loading=\"lazy\" decoding=\"async\" width=\"225\" height=\"225\" class=\"wp-image-708\" style=\"width: 25px\" src=\"https:\/\/pos.uel.br\/direitocivil\/wp-content\/uploads\/2025\/02\/icone_download.png\" alt=\"\" srcset=\"https:\/\/pos.uel.br\/direitocivil\/wp-content\/uploads\/2025\/02\/icone_download.png 225w, https:\/\/pos.uel.br\/direitocivil\/wp-content\/uploads\/2025\/02\/icone_download-150x150.png 150w\" sizes=\"auto, (max-width: 225px) 100vw, 225px\" \/><\/a><\/p>\n\n\n\n<p class=\"has-small-font-size\">2- Linhas de Pesquisa <a href=\"https:\/\/pos.uel.br\/direitocivil\/wp-content\/uploads\/2025\/02\/02_Dir-Civil_linhas-de-pesquisa_2024.pdf\" target=\"_blank\" rel=\"noreferrer noopener\"><img loading=\"lazy\" decoding=\"async\" width=\"225\" height=\"225\" class=\"wp-image-708\" style=\"width: 25px\" src=\"https:\/\/pos.uel.br\/direitocivil\/wp-content\/uploads\/2025\/02\/icone_download.png\" alt=\"\" srcset=\"https:\/\/pos.uel.br\/direitocivil\/wp-content\/uploads\/2025\/02\/icone_download.png 225w, https:\/\/pos.uel.br\/direitocivil\/wp-content\/uploads\/2025\/02\/icone_download-150x150.png 150w\" sizes=\"auto, (max-width: 225px) 100vw, 225px\" \/><\/a><\/p>\n\n\n\n<p class=\"has-small-font-size\">3- Docentes Orientadores &#8211; Professores do Curso <a href=\"https:\/\/pos.uel.br\/direitocivil\/wp-content\/uploads\/2025\/02\/03_Dir-Civil_Docentes-Dep-PRI-e-PUB_Turma-2024.pdf\" target=\"_blank\" rel=\"noreferrer noopener\"><img loading=\"lazy\" decoding=\"async\" width=\"225\" height=\"225\" class=\"wp-image-708\" style=\"width: 25px\" src=\"https:\/\/pos.uel.br\/direitocivil\/wp-content\/uploads\/2025\/02\/icone_download.png\" alt=\"\" srcset=\"https:\/\/pos.uel.br\/direitocivil\/wp-content\/uploads\/2025\/02\/icone_download.png 225w, https:\/\/pos.uel.br\/direitocivil\/wp-content\/uploads\/2025\/02\/icone_download-150x150.png 150w\" sizes=\"auto, (max-width: 225px) 100vw, 225px\" \/><\/a><\/p>\n\n\n\n<p class=\"has-small-font-size\">4- Docentes Orientadores &#8211; Professores dos Departamentos de Direito UEL <a href=\"https:\/\/pos.uel.br\/direitocivil\/wp-content\/uploads\/2025\/02\/04_Dir-Civil_Docentes-do-curso_2024.pdf\" target=\"_blank\" rel=\"noreferrer noopener\"><img loading=\"lazy\" decoding=\"async\" width=\"225\" height=\"225\" class=\"wp-image-708\" style=\"width: 25px\" src=\"https:\/\/pos.uel.br\/direitocivil\/wp-content\/uploads\/2025\/02\/icone_download.png\" alt=\"\" srcset=\"https:\/\/pos.uel.br\/direitocivil\/wp-content\/uploads\/2025\/02\/icone_download.png 225w, https:\/\/pos.uel.br\/direitocivil\/wp-content\/uploads\/2025\/02\/icone_download-150x150.png 150w\" sizes=\"auto, (max-width: 225px) 100vw, 225px\" \/><\/a><\/p>\n\n\n\n<p class=\"has-small-font-size\">5- Formul\u00e1rio Declara\u00e7\u00e3o de Orienta\u00e7\u00e3o&nbsp;<a href=\"https:\/\/pos.uel.br\/direitocivil\/wp-content\/uploads\/2025\/02\/05_Declaracao-de-Orientacao_Papel-A4-2024.doc\" target=\"_blank\" rel=\"noreferrer noopener\"><img loading=\"lazy\" decoding=\"async\" width=\"225\" height=\"225\" class=\"wp-image-708\" style=\"width: 25px\" src=\"https:\/\/pos.uel.br\/direitocivil\/wp-content\/uploads\/2025\/02\/icone_download.png\" alt=\"\" srcset=\"https:\/\/pos.uel.br\/direitocivil\/wp-content\/uploads\/2025\/02\/icone_download.png 225w, https:\/\/pos.uel.br\/direitocivil\/wp-content\/uploads\/2025\/02\/icone_download-150x150.png 150w\" sizes=\"auto, (max-width: 225px) 100vw, 225px\" \/><\/a><\/p>\n\n\n\n<p class=\"has-small-font-size\">6- Ficha Titula\u00e7\u00e3o | V\u00ednculo <a href=\"https:\/\/pos.uel.br\/direitocivil\/wp-content\/uploads\/2025\/02\/06_Ficha-de-Titulacao-e-Vinculo_2024.doc\" target=\"_blank\" rel=\"noreferrer noopener\"><img loading=\"lazy\" decoding=\"async\" width=\"225\" height=\"225\" class=\"wp-image-708\" style=\"width: 25px\" src=\"https:\/\/pos.uel.br\/direitocivil\/wp-content\/uploads\/2025\/02\/icone_download.png\" alt=\"\" srcset=\"https:\/\/pos.uel.br\/direitocivil\/wp-content\/uploads\/2025\/02\/icone_download.png 225w, https:\/\/pos.uel.br\/direitocivil\/wp-content\/uploads\/2025\/02\/icone_download-150x150.png 150w\" sizes=\"auto, (max-width: 225px) 100vw, 225px\" \/><\/a><\/p>\n\n\n\n<p class=\"has-small-font-size\">7- Ficha Atualiza\u00e7\u00e3o Cadastro&nbsp;E-Social <a href=\"https:\/\/pos.uel.br\/direitocivil\/wp-content\/uploads\/2025\/02\/07_Ficha-FAUEL-E-social_2024.doc\" target=\"_blank\" rel=\"noreferrer noopener\"><img loading=\"lazy\" decoding=\"async\" width=\"225\" height=\"225\" class=\"wp-image-708\" style=\"width: 25px\" src=\"https:\/\/pos.uel.br\/direitocivil\/wp-content\/uploads\/2025\/02\/icone_download.png\" alt=\"\" srcset=\"https:\/\/pos.uel.br\/direitocivil\/wp-content\/uploads\/2025\/02\/icone_download.png 225w, https:\/\/pos.uel.br\/direitocivil\/wp-content\/uploads\/2025\/02\/icone_download-150x150.png 150w\" sizes=\"auto, (max-width: 225px) 100vw, 225px\" \/><\/a><\/p>\n\n\n\n<p class=\"has-small-font-size\">8- Modelo folhas pr\u00e9-textuais &#8211; turma 2024 <a href=\"https:\/\/pos.uel.br\/direitocivil\/wp-content\/uploads\/2025\/02\/08_Dir-Civil_Capas-prefaciais_2024.doc\" target=\"_blank\" rel=\"noreferrer noopener\"><img loading=\"lazy\" decoding=\"async\" width=\"225\" height=\"225\" class=\"wp-image-708\" style=\"width: 25px\" src=\"https:\/\/pos.uel.br\/direitocivil\/wp-content\/uploads\/2025\/02\/icone_download.png\" alt=\"\" srcset=\"https:\/\/pos.uel.br\/direitocivil\/wp-content\/uploads\/2025\/02\/icone_download.png 225w, https:\/\/pos.uel.br\/direitocivil\/wp-content\/uploads\/2025\/02\/icone_download-150x150.png 150w\" sizes=\"auto, (max-width: 225px) 100vw, 225px\" \/><\/a><\/p>\n\n\n\n<p class=\"has-small-font-size\">9- Manual &#8211; Prorroga\u00e7\u00e3o de Prazo (via Web) para entrega do TCC\/Monografia\/Artigo<strong>&nbsp;<\/strong><a href=\"https:\/\/pos.uel.br\/direitocivil\/wp-content\/uploads\/2025\/02\/09_Manual-Prorrogacao-de-Prazo-2017.pdf\" target=\"_blank\" rel=\"noreferrer noopener\"><img loading=\"lazy\" decoding=\"async\" width=\"225\" height=\"225\" class=\"wp-image-708\" style=\"width: 25px\" src=\"https:\/\/pos.uel.br\/direitocivil\/wp-content\/uploads\/2025\/02\/icone_download.png\" alt=\"\" srcset=\"https:\/\/pos.uel.br\/direitocivil\/wp-content\/uploads\/2025\/02\/icone_download.png 225w, https:\/\/pos.uel.br\/direitocivil\/wp-content\/uploads\/2025\/02\/icone_download-150x150.png 150w\" sizes=\"auto, (max-width: 225px) 100vw, 225px\" \/><\/a><\/p>\n\n\n\n<hr class=\"wp-block-separator has-alpha-channel-opacity is-style-wide\" \/>\n<\/div>\n<\/div>\n<\/div>\n<\/div>\n<\/div>\n<\/div>\n\n\n\n<p><\/p>\n","protected":false},"excerpt":{"rendered":"<p>Monografia &#8211; turma 2025 1- Informes 2- Linhas de Pesquisa 3- Docentes Orientadores &#8211; Professores dos Departamentos de Direito UEL 4- Docentes Orientadores &#8211; Professores do Curso 5- Formul\u00e1rio Declara\u00e7\u00e3o de Orienta\u00e7\u00e3o&nbsp; 6- Ficha Titula\u00e7\u00e3o | V\u00ednculo 7- Ficha Atualiza\u00e7\u00e3o Cadastro&nbsp;E-Social 8- Modelo folhas pr\u00e9-textuais &#8211; turma 2025 9- Modelo de Artigo &nbsp; 10- Manual [&hellip;]<\/p>\n","protected":false},"author":8,"featured_media":0,"parent":0,"menu_order":0,"comment_status":"closed","ping_status":"closed","template":"","meta":{"_acf_changed":false,"_themeisle_gutenberg_block_has_review":false,"footnotes":""},"class_list":["post-115","page","type-page","status-publish","hentry"],"acf":[],"_links":{"self":[{"href":"https:\/\/pos.uel.br\/direitocivil\/wp-json\/wp\/v2\/pages\/115","targetHints":{"allow":["GET"]}}],"collection":[{"href":"https:\/\/pos.uel.br\/direitocivil\/wp-json\/wp\/v2\/pages"}],"about":[{"href":"https:\/\/pos.uel.br\/direitocivil\/wp-json\/wp\/v2\/types\/page"}],"author":[{"embeddable":true,"href":"https:\/\/pos.uel.br\/direitocivil\/wp-json\/wp\/v2\/users\/8"}],"replies":[{"embeddable":true,"href":"https:\/\/pos.uel.br\/direitocivil\/wp-json\/wp\/v2\/comments?post=115"}],"version-history":[{"count":39,"href":"https:\/\/pos.uel.br\/direitocivil\/wp-json\/wp\/v2\/pages\/115\/revisions"}],"predecessor-version":[{"id":824,"href":"https:\/\/pos.uel.br\/direitocivil\/wp-json\/wp\/v2\/pages\/115\/revisions\/824"}],"wp:attachment":[{"href":"https:\/\/pos.uel.br\/direitocivil\/wp-json\/wp\/v2\/media?parent=115"}],"curies":[{"name":"wp","href":"https:\/\/api.w.org\/{rel}","templated":true}]}}