{"id":99,"date":"2024-10-07T10:42:39","date_gmt":"2024-10-07T13:42:39","guid":{"rendered":"https:\/\/pos.uel.br\/direito-negocial\/?page_id=99"},"modified":"2025-07-09T22:10:16","modified_gmt":"2025-07-10T01:10:16","slug":"alunos-matriculados-3","status":"publish","type":"page","link":"https:\/\/pos.uel.br\/direito-negocial\/alunos-matriculados-3\/","title":{"rendered":"Alunos Matriculados"},"content":{"rendered":"\n<h2 class=\"wp-block-heading has-text-align-center\">TURMA 2025<\/h2>\n\n\n\n<p>Aline Mara Lustoza Fedato <a href=\"http:\/\/lattes.cnpq.br\/7907419840090745\" data-type=\"link\" data-id=\"http:\/\/lattes.cnpq.br\/6061865980432417\">[curr\u00edculo lattes]<\/a><\/p>\n\n\n\n<p>Bianca da Rosa Bittencourt <a href=\"http:\/\/lattes.cnpq.br\/4781537751069674\" data-type=\"link\" data-id=\"http:\/\/lattes.cnpq.br\/6061865980432417\">[curr\u00edculo lattes]<\/a><\/p>\n\n\n\n<p>Cassia Aparecida Pimenta Meneguce <a href=\"http:\/\/lattes.cnpq.br\/2080694498981349\" data-type=\"link\" data-id=\"http:\/\/lattes.cnpq.br\/6061865980432417\">[curr\u00edculo lattes]<\/a><\/p>\n\n\n\n<p>Fabio Eduardo Biazon Abrantes <a href=\"http:\/\/lattes.cnpq.br\/9786736975021745\" data-type=\"link\" data-id=\"http:\/\/lattes.cnpq.br\/6061865980432417\">[curr\u00edculo lattes]<\/a><\/p>\n\n\n\n<p>Guilherme Henrique Giacomino Ferreira <a href=\"http:\/\/lattes.cnpq.br\/4950572936502049\" data-type=\"link\" data-id=\"http:\/\/lattes.cnpq.br\/6061865980432417\">[curr\u00edculo lattes]<\/a><\/p>\n\n\n\n<p>Marcia Cristina Mileski Martins <a href=\"http:\/\/lattes.cnpq.br\/5269077166371769\" data-type=\"link\" data-id=\"http:\/\/lattes.cnpq.br\/6061865980432417\">[curr\u00edculo lattes]<\/a><\/p>\n\n\n\n<p>Marcia Hiromi Cavalcanti <a href=\"http:\/\/lattes.cnpq.br\/7962359454467625\" data-type=\"link\" data-id=\"http:\/\/lattes.cnpq.br\/6061865980432417\">[curr\u00edculo lattes]<\/a><\/p>\n\n\n\n<p>Thiago Ridolfi Ferreira <a href=\"http:\/\/lattes.cnpq.br\/8164711011489939\" data-type=\"link\" data-id=\"http:\/\/lattes.cnpq.br\/6061865980432417\">[curr\u00edculo lattes]<\/a><\/p>\n\n\n\n<hr class=\"wp-block-separator has-alpha-channel-opacity\" \/>\n\n\n\n<h2 class=\"wp-block-heading has-text-align-center\">TURMA 2024<\/h2>\n\n\n\n<p>Bruna Faria <a href=\"http:\/\/lattes.cnpq.br\/6061865980432417\" data-type=\"link\" data-id=\"http:\/\/lattes.cnpq.br\/6061865980432417\">[curr\u00edculo lattes]<\/a><\/p>\n\n\n\n<p>Eduardo Bueno Rodrigues <a href=\"http:\/\/lattes.cnpq.br\/6654243308517888\" data-type=\"link\" data-id=\"http:\/\/lattes.cnpq.br\/6654243308517888\">[curr\u00edculo lattes]<\/a><\/p>\n\n\n\n<p>Isabela Nabas Schiavon <a href=\"http:\/\/lattes.cnpq.br\/0354512315123360\" data-type=\"link\" data-id=\"http:\/\/lattes.cnpq.br\/0354512315123360\">[curr\u00edculo lattes]<\/a><\/p>\n\n\n\n<p>Izabella Affonso Costa <a href=\"http:\/\/lattes.cnpq.br\/8568430908041327\" data-type=\"link\" data-id=\"http:\/\/lattes.cnpq.br\/8568430908041327\">[curr\u00edculo lattes]<\/a><\/p>\n\n\n\n<p>Jussara Romero Sanches <a href=\"http:\/\/lattes.cnpq.br\/7689379063827719\" data-type=\"link\" data-id=\"http:\/\/lattes.cnpq.br\/7689379063827719\">[curr\u00edculo lattes]<\/a><\/p>\n\n\n\n<p>Marcos Daniel Veltrini Ticianelli <a href=\"http:\/\/lattes.cnpq.br\/0967472771780904\" data-type=\"link\" data-id=\"http:\/\/lattes.cnpq.br\/0967472771780904\">[curr\u00edculo lattes]<\/a><\/p>\n\n\n\n<hr class=\"wp-block-separator has-alpha-channel-opacity\" \/>\n\n\n\n<h2 class=\"wp-block-heading has-text-align-center\">TURMA 2023<\/h2>\n\n\n\n<p>Andr\u00e9 Pedroso Kasemirski <a href=\"http:\/\/lattes.cnpq.br\/1638273579842607\" data-type=\"link\" data-id=\"http:\/\/lattes.cnpq.br\/1638273579842607\">[curr\u00edculo lattes]<\/a><\/p>\n\n\n\n<p>Arthur Lustosa Strozzi <a href=\"http:\/\/lattes.cnpq.br\/4526539045157031\" data-type=\"link\" data-id=\"http:\/\/lattes.cnpq.br\/4526539045157031\">[curr\u00edculo lattes]<\/a><\/p>\n\n\n\n<p>Daniel Marinho Corr\u00eaa <a href=\"http:\/\/lattes.cnpq.br\/7430234179468606\" data-type=\"link\" data-id=\"http:\/\/lattes.cnpq.br\/7430234179468606\">[curr\u00edculo lattes]<\/a><\/p>\n\n\n\n<p>Ivan Martins Trist\u00e3o <a href=\"http:\/\/lattes.cnpq.br\/8514058076701844\" data-type=\"link\" data-id=\"http:\/\/lattes.cnpq.br\/8514058076701844\">[curr\u00edculo lattes]<\/a><\/p>\n\n\n\n<p>Philippe Ant\u00f4nio Azedo Monteiro <a href=\"http:\/\/lattes.cnpq.br\/0764321365135116\" data-type=\"link\" data-id=\"http:\/\/lattes.cnpq.br\/0764321365135116\">[curr\u00edculo lattes]<\/a><\/p>\n\n\n\n<p>Temis Chenso da Silva Rabelo Pedroso <a href=\"http:\/\/lattes.cnpq.br\/8127225772114805\" data-type=\"link\" data-id=\"http:\/\/lattes.cnpq.br\/8127225772114805\">[curr\u00edculo lattes]<\/a><\/p>\n\n\n\n<hr class=\"wp-block-separator has-alpha-channel-opacity\" \/>\n\n\n\n<h2 class=\"wp-block-heading has-text-align-center\">TURMA 2022<\/h2>\n\n\n\n<p>Ariella Kely Besing Motter <a href=\"http:\/\/lattes.cnpq.br\/7191555428113738\" data-type=\"link\" data-id=\"http:\/\/lattes.cnpq.br\/7191555428113738\">[curr\u00edculo lattes]<\/a><\/p>\n\n\n\n<p>Fl\u00e1vio Henrique Caetano de Paula Maimone <a href=\"http:\/\/lattes.cnpq.br\/5380323602774420\" data-type=\"link\" data-id=\"http:\/\/lattes.cnpq.br\/5380323602774420\">[curr\u00edculo lattes]<\/a><\/p>\n\n\n\n<p>Jose Ricardo Suter <a href=\"http:\/\/lattes.cnpq.br\/5617209291306863\" data-type=\"link\" data-id=\"http:\/\/lattes.cnpq.br\/5617209291306863\">[curr\u00edculo lattes]<\/a><\/p>\n\n\n\n<p>Patricia Gasparro Sevilha Greco <a href=\"http:\/\/lattes.cnpq.br\/6245626420021642\" data-type=\"link\" data-id=\"http:\/\/lattes.cnpq.br\/6245626420021642\">[curr\u00edculo lattes]<\/a><\/p>\n\n\n\n<p>Suzane de Fran\u00e7a Ribeiro <a href=\"http:\/\/lattes.cnpq.br\/3017781741407792\" data-type=\"link\" data-id=\"http:\/\/lattes.cnpq.br\/3017781741407792\">[curr\u00edculo lattes]<\/a><\/p>\n\n\n\n<p>Wesley Tomaszewski <a href=\"http:\/\/lattes.cnpq.br\/2742062062989023\" data-type=\"link\" data-id=\"http:\/\/lattes.cnpq.br\/2742062062989023\">[curr\u00edculo lattes]<\/a><\/p>\n\n\n\n<hr class=\"wp-block-separator has-alpha-channel-opacity\" \/>\n\n\n\n<h2 class=\"wp-block-heading has-text-align-center\">TURMA 2021<\/h2>\n\n\n\n<p>Adiloar Franco Zemuner <a href=\"http:\/\/lattes.cnpq.br\/6487799657900128\" data-type=\"link\" data-id=\"http:\/\/lattes.cnpq.br\/6487799657900128\">[curr\u00edculo lattes]<\/a><\/p>\n\n\n\n<p>Adyr Garcia Ferreira Netto <a href=\"http:\/\/lattes.cnpq.br\/6446988374333644\" data-type=\"link\" data-id=\"http:\/\/lattes.cnpq.br\/6446988374333644\">[curr\u00edculo lattes]<\/a><\/p>\n\n\n\n<p>Aracelli Mesquita Bandolin Bermejo <a href=\"http:\/\/lattes.cnpq.br\/0353772807800051\" data-type=\"link\" data-id=\"http:\/\/lattes.cnpq.br\/0353772807800051\">[curr\u00edculo lattes]<\/a><\/p>\n\n\n\n<p>Fellipe Cianca Fortes <a href=\"http:\/\/lattes.cnpq.br\/6165985741862354\" data-type=\"link\" data-id=\"http:\/\/lattes.cnpq.br\/6165985741862354\">[curr\u00edculo lattes]<\/a><\/p>\n\n\n\n<p>Joice Duarte Gon\u00e7alves Bergamaschi <a href=\"http:\/\/lattes.cnpq.br\/7558439735579054\" data-type=\"link\" data-id=\"http:\/\/lattes.cnpq.br\/7558439735579054\">[curr\u00edculo lattes]<\/a><\/p>\n\n\n\n<p>Wilian Zendrini Buzingnani <a href=\"http:\/\/lattes.cnpq.br\/5433105721881903\" data-type=\"link\" data-id=\"http:\/\/lattes.cnpq.br\/5433105721881903\">[curr\u00edculo lattes]<\/a><\/p>\n","protected":false},"excerpt":{"rendered":"<p>TURMA 2025 Aline Mara Lustoza Fedato [curr\u00edculo lattes] Bianca da Rosa Bittencourt [curr\u00edculo lattes] Cassia Aparecida Pimenta Meneguce [curr\u00edculo lattes] Fabio Eduardo Biazon Abrantes [curr\u00edculo lattes] Guilherme Henrique Giacomino Ferreira [curr\u00edculo lattes] Marcia Cristina Mileski Martins [curr\u00edculo lattes] Marcia Hiromi Cavalcanti [curr\u00edculo lattes] Thiago Ridolfi Ferreira [curr\u00edculo lattes] TURMA 2024 Bruna Faria [curr\u00edculo lattes] Eduardo [&hellip;]<\/p>\n","protected":false},"author":11,"featured_media":0,"parent":0,"menu_order":0,"comment_status":"closed","ping_status":"closed","template":"","meta":{"_acf_changed":false,"footnotes":""},"class_list":["post-99","page","type-page","status-publish","hentry"],"acf":[],"_links":{"self":[{"href":"https:\/\/pos.uel.br\/direito-negocial\/wp-json\/wp\/v2\/pages\/99","targetHints":{"allow":["GET"]}}],"collection":[{"href":"https:\/\/pos.uel.br\/direito-negocial\/wp-json\/wp\/v2\/pages"}],"about":[{"href":"https:\/\/pos.uel.br\/direito-negocial\/wp-json\/wp\/v2\/types\/page"}],"author":[{"embeddable":true,"href":"https:\/\/pos.uel.br\/direito-negocial\/wp-json\/wp\/v2\/users\/11"}],"replies":[{"embeddable":true,"href":"https:\/\/pos.uel.br\/direito-negocial\/wp-json\/wp\/v2\/comments?post=99"}],"version-history":[{"count":8,"href":"https:\/\/pos.uel.br\/direito-negocial\/wp-json\/wp\/v2\/pages\/99\/revisions"}],"predecessor-version":[{"id":2224,"href":"https:\/\/pos.uel.br\/direito-negocial\/wp-json\/wp\/v2\/pages\/99\/revisions\/2224"}],"wp:attachment":[{"href":"https:\/\/pos.uel.br\/direito-negocial\/wp-json\/wp\/v2\/media?parent=99"}],"curies":[{"name":"wp","href":"https:\/\/api.w.org\/{rel}","templated":true}]}}