{"id":98,"date":"2024-10-07T10:42:39","date_gmt":"2024-10-07T13:42:39","guid":{"rendered":"https:\/\/pos.uel.br\/direito-negocial\/?page_id=98"},"modified":"2025-10-09T11:46:21","modified_gmt":"2025-10-09T14:46:21","slug":"alunos-titulados-egressos-3","status":"publish","type":"page","link":"https:\/\/pos.uel.br\/direito-negocial\/alunos-titulados-egressos-3\/","title":{"rendered":"Alunos Titulados\/Egressos"},"content":{"rendered":"\n<h3 class=\"wp-block-heading\">TURMA 2021 \/2024<\/h3>\n\n\n\n<p>Adiloar Franco Zemuner <a href=\"http:\/\/lattes.cnpq.br\/6487799657900128\" data-type=\"link\" data-id=\"http:\/\/lattes.cnpq.br\/6487799657900128\">[curr\u00edculo lattes]<\/a><\/p>\n\n\n\n<p>Adyr Garcia Ferreira Netto <a href=\"http:\/\/lattes.cnpq.br\/6446988374333644\" data-type=\"link\" data-id=\"http:\/\/lattes.cnpq.br\/6446988374333644\">[curr\u00edculo lattes]<\/a><\/p>\n\n\n\n<p>Aracelli Mesquita Bandolin Bermejo <a href=\"http:\/\/lattes.cnpq.br\/0353772807800051\" data-type=\"link\" data-id=\"http:\/\/lattes.cnpq.br\/0353772807800051\">[curr\u00edculo lattes]<\/a><\/p>\n\n\n\n<p>Fellipe Cianca Fortes <a href=\"http:\/\/lattes.cnpq.br\/6165985741862354\" data-type=\"link\" data-id=\"http:\/\/lattes.cnpq.br\/6165985741862354\">[curr\u00edculo lattes]<\/a><\/p>\n\n\n\n<p>Joice Duarte Gon\u00e7alves Bergamaschi <a href=\"http:\/\/lattes.cnpq.br\/7558439735579054\" data-type=\"link\" data-id=\"http:\/\/lattes.cnpq.br\/7558439735579054\">[curr\u00edculo lattes]<\/a><\/p>\n\n\n\n<p>Wilian Zendrini Buzingnani <a href=\"http:\/\/lattes.cnpq.br\/5433105721881903\" data-type=\"link\" data-id=\"http:\/\/lattes.cnpq.br\/5433105721881903\">[curr\u00edculo lattes]<\/a><\/p>\n\n\n\n<p><\/p>\n","protected":false},"excerpt":{"rendered":"<p>TURMA 2021 \/2024 Adiloar Franco Zemuner [curr\u00edculo lattes] Adyr Garcia Ferreira Netto [curr\u00edculo lattes] Aracelli Mesquita Bandolin Bermejo [curr\u00edculo lattes] Fellipe Cianca Fortes [curr\u00edculo lattes] Joice Duarte Gon\u00e7alves Bergamaschi [curr\u00edculo lattes] Wilian Zendrini Buzingnani [curr\u00edculo lattes]<\/p>\n","protected":false},"author":11,"featured_media":0,"parent":0,"menu_order":0,"comment_status":"closed","ping_status":"closed","template":"","meta":{"_acf_changed":false,"footnotes":""},"class_list":["post-98","page","type-page","status-publish","hentry"],"acf":[],"_links":{"self":[{"href":"https:\/\/pos.uel.br\/direito-negocial\/wp-json\/wp\/v2\/pages\/98","targetHints":{"allow":["GET"]}}],"collection":[{"href":"https:\/\/pos.uel.br\/direito-negocial\/wp-json\/wp\/v2\/pages"}],"about":[{"href":"https:\/\/pos.uel.br\/direito-negocial\/wp-json\/wp\/v2\/types\/page"}],"author":[{"embeddable":true,"href":"https:\/\/pos.uel.br\/direito-negocial\/wp-json\/wp\/v2\/users\/11"}],"replies":[{"embeddable":true,"href":"https:\/\/pos.uel.br\/direito-negocial\/wp-json\/wp\/v2\/comments?post=98"}],"version-history":[{"count":6,"href":"https:\/\/pos.uel.br\/direito-negocial\/wp-json\/wp\/v2\/pages\/98\/revisions"}],"predecessor-version":[{"id":3517,"href":"https:\/\/pos.uel.br\/direito-negocial\/wp-json\/wp\/v2\/pages\/98\/revisions\/3517"}],"wp:attachment":[{"href":"https:\/\/pos.uel.br\/direito-negocial\/wp-json\/wp\/v2\/media?parent=98"}],"curies":[{"name":"wp","href":"https:\/\/api.w.org\/{rel}","templated":true}]}}