{"id":94,"date":"2024-10-07T10:42:39","date_gmt":"2024-10-07T13:42:39","guid":{"rendered":"https:\/\/pos.uel.br\/direito-negocial\/?page_id=94"},"modified":"2024-10-31T17:10:45","modified_gmt":"2024-10-31T20:10:45","slug":"doutorado","status":"publish","type":"page","link":"https:\/\/pos.uel.br\/direito-negocial\/doutorado\/","title":{"rendered":"Doutorado"},"content":{"rendered":"\n<p>O doutorado \u00e9 o mais alto grau acad\u00eamico que uma pessoa pode alcan\u00e7ar em uma determinada \u00e1rea de estudo. \u00c9 um programa de p\u00f3s-gradua\u00e7\u00e3o voltado para a pesquisa avan\u00e7ada e a produ\u00e7\u00e3o de conhecimento original. Geralmente, \u00e9 destinado a indiv\u00edduos que j\u00e1 possuem um mestrado ou, em alguns casos, um diploma de gradua\u00e7\u00e3o.<\/p>\n\n\n\n<p>O processo de obten\u00e7\u00e3o do doutorado envolve v\u00e1rias etapas, que incluem:<\/p>\n\n\n\n<ol class=\"wp-block-list\">\n<li><strong>Escolha de uma Linha de Pesquisa<\/strong>: O doutorando deve selecionar um tema de pesquisa relevante e original, que contribua para o conhecimento em sua \u00e1rea. Essa escolha \u00e9 geralmente feita em colabora\u00e7\u00e3o com um orientador, que \u00e9 um professor ou pesquisador experiente.<\/li>\n\n\n\n<li><strong>Desenvolvimento de um Projeto de Pesquisa<\/strong>: O aluno deve elaborar um projeto detalhado que descreva os objetivos, m\u00e9todos e cronograma de sua pesquisa. Esse projeto \u00e9 submetido a uma banca avaliadora, que pode aprov\u00e1-lo, solicitar ajustes ou rejeit\u00e1-lo.<\/li>\n\n\n\n<li><strong>Realiza\u00e7\u00e3o da Pesquisa<\/strong>: Uma vez aprovado o projeto, o doutorando inicia a fase de pesquisa, que pode envolver a coleta de dados, experimentos, an\u00e1lises e revis\u00f5es de literatura. Esse per\u00edodo pode durar de tr\u00eas a cinco anos ou mais, dependendo da complexidade do projeto.<\/li>\n\n\n\n<li><strong>Elabora\u00e7\u00e3o da Tese<\/strong>: Ap\u00f3s concluir a pesquisa, o doutorando deve escrever uma tese, que \u00e9 um documento extenso que apresenta os resultados e as contribui\u00e7\u00f5es da pesquisa. A tese deve ser rigorosamente estruturada e fundamentada em evid\u00eancias.<\/li>\n\n\n\n<li><strong>Defesa da Tese<\/strong>: O \u00faltimo passo \u00e9 a defesa da tese diante de uma banca examinadora composta por especialistas na \u00e1rea. Durante a defesa, o doutorando apresenta sua pesquisa e responde a perguntas e cr\u00edticas da banca.<\/li>\n<\/ol>\n\n\n\n<p>Ao finalizar o doutorado, o aluno recebe o t\u00edtulo de &#8220;Doutor&#8221; (ou &#8220;Doutora&#8221;), que \u00e9 um reconhecimento formal de sua capacidade de realizar pesquisa independente e de contribuir de forma significativa para o conhecimento cient\u00edfico. O doutorado n\u00e3o apenas abre portas para carreiras acad\u00eamicas, como tamb\u00e9m \u00e9 altamente valorizado em setores da ind\u00fastria, pesquisa e consultoria, sendo considerado um diferencial competitivo no mercado de trabalho.<\/p>\n","protected":false},"excerpt":{"rendered":"<p>O doutorado \u00e9 o mais alto grau acad\u00eamico que uma pessoa pode alcan\u00e7ar em uma determinada \u00e1rea de estudo. \u00c9 um programa de p\u00f3s-gradua\u00e7\u00e3o voltado para a pesquisa avan\u00e7ada e a produ\u00e7\u00e3o de conhecimento original. Geralmente, \u00e9 destinado a indiv\u00edduos que j\u00e1 possuem um mestrado ou, em alguns casos, um diploma de gradua\u00e7\u00e3o. O processo [&hellip;]<\/p>\n","protected":false},"author":11,"featured_media":0,"parent":0,"menu_order":0,"comment_status":"closed","ping_status":"closed","template":"","meta":{"_acf_changed":false,"footnotes":""},"class_list":["post-94","page","type-page","status-publish","hentry"],"acf":[],"_links":{"self":[{"href":"https:\/\/pos.uel.br\/direito-negocial\/wp-json\/wp\/v2\/pages\/94","targetHints":{"allow":["GET"]}}],"collection":[{"href":"https:\/\/pos.uel.br\/direito-negocial\/wp-json\/wp\/v2\/pages"}],"about":[{"href":"https:\/\/pos.uel.br\/direito-negocial\/wp-json\/wp\/v2\/types\/page"}],"author":[{"embeddable":true,"href":"https:\/\/pos.uel.br\/direito-negocial\/wp-json\/wp\/v2\/users\/11"}],"replies":[{"embeddable":true,"href":"https:\/\/pos.uel.br\/direito-negocial\/wp-json\/wp\/v2\/comments?post=94"}],"version-history":[{"count":2,"href":"https:\/\/pos.uel.br\/direito-negocial\/wp-json\/wp\/v2\/pages\/94\/revisions"}],"predecessor-version":[{"id":645,"href":"https:\/\/pos.uel.br\/direito-negocial\/wp-json\/wp\/v2\/pages\/94\/revisions\/645"}],"wp:attachment":[{"href":"https:\/\/pos.uel.br\/direito-negocial\/wp-json\/wp\/v2\/media?parent=94"}],"curies":[{"name":"wp","href":"https:\/\/api.w.org\/{rel}","templated":true}]}}