{"id":93,"date":"2024-10-07T10:42:39","date_gmt":"2024-10-07T13:42:39","guid":{"rendered":"https:\/\/pos.uel.br\/direito-negocial\/?page_id=93"},"modified":"2025-10-09T11:07:39","modified_gmt":"2025-10-09T14:07:39","slug":"alunos-matriculados-2","status":"publish","type":"page","link":"https:\/\/pos.uel.br\/direito-negocial\/alunos-matriculados-2\/","title":{"rendered":"Alunos Matriculados"},"content":{"rendered":"\n<p><\/p>\n\n\n\n<h2 class=\"wp-block-heading has-text-align-center\">TURMA 2025<\/h2>\n\n\n\n<p>Abner Batista David <a href=\"http:\/\/lattes.cnpq.br\/9744706357125556\" data-type=\"link\" data-id=\"http:\/\/lattes.cnpq.br\/6343681978562239\">[curr\u00edculo lattes]<\/a><\/p>\n\n\n\n<p>Andr\u00e9ia Herculano do Prado Da Silva <a href=\"http:\/\/lattes.cnpq.br\/3448451150000483\" data-type=\"link\" data-id=\"http:\/\/lattes.cnpq.br\/6343681978562239\">[curr\u00edculo lattes]<\/a><\/p>\n\n\n\n<p>Arthur Ricardo Silva Travaglia <a href=\"http:\/\/lattes.cnpq.br\/5930009156606163\" data-type=\"link\" data-id=\"http:\/\/lattes.cnpq.br\/6343681978562239\">[curr\u00edculo lattes]<\/a><\/p>\n\n\n\n<p>Bianca Schunemann Cavalcante <a href=\"http:\/\/lattes.cnpq.br\/0771268331030955\" data-type=\"link\" data-id=\"http:\/\/lattes.cnpq.br\/6343681978562239\">[curr\u00edculo lattes]<\/a><\/p>\n\n\n\n<p>Bruna Mariely Camargo <a href=\"http:\/\/lattes.cnpq.br\/5132996349936915\" data-type=\"link\" data-id=\"http:\/\/lattes.cnpq.br\/6343681978562239\">[curr\u00edculo lattes]<\/a><\/p>\n\n\n\n<p>Bruno Romero <a href=\"http:\/\/lattes.cnpq.br\/8303596321857039\" data-type=\"link\" data-id=\"http:\/\/lattes.cnpq.br\/6343681978562239\">[curr\u00edculo lattes]<\/a><\/p>\n\n\n\n<p>Carlos Roberto Trist\u00e3o <a href=\"http:\/\/lattes.cnpq.br\/7723757547948663\" data-type=\"link\" data-id=\"http:\/\/lattes.cnpq.br\/6343681978562239\">[curr\u00edculo lattes]<\/a><\/p>\n\n\n\n<p>David Shigueo Zandonade <a href=\"http:\/\/lattes.cnpq.br\/9587723030201441\" data-type=\"link\" data-id=\"http:\/\/lattes.cnpq.br\/6343681978562239\">[curr\u00edculo lattes]<\/a><\/p>\n\n\n\n<p>Eder Ponce Pereira <a href=\"http:\/\/lattes.cnpq.br\/8027853140023353\" data-type=\"link\" data-id=\"http:\/\/lattes.cnpq.br\/6343681978562239\">[curr\u00edculo lattes]<\/a><\/p>\n\n\n\n<p>Fernanda Gon\u00e7alves Kossatz Fagundes <a href=\"http:\/\/lattes.cnpq.br\/7438690915542757\" data-type=\"link\" data-id=\"http:\/\/lattes.cnpq.br\/6343681978562239\">[curr\u00edculo lattes]<\/a><\/p>\n\n\n\n<p>Fernanda Rodrigues Endrissi <a href=\"http:\/\/lattes.cnpq.br\/\" data-type=\"link\" data-id=\"http:\/\/lattes.cnpq.br\/6343681978562239\">[curr\u00edculo lattes]<\/a><\/p>\n\n\n\n<p>Fernanda Sabiao Espinhara <a href=\"http:\/\/lattes.cnpq.br\/6986719926970849\" data-type=\"link\" data-id=\"http:\/\/lattes.cnpq.br\/6343681978562239\">[curr\u00edculo lattes]<\/a><\/p>\n\n\n\n<p>Fernando Murilo Louren\u00e7o Roque <a href=\"http:\/\/lattes.cnpq.br\/3854955225547912\" data-type=\"link\" data-id=\"http:\/\/lattes.cnpq.br\/6343681978562239\">[curr\u00edculo lattes]<\/a><\/p>\n\n\n\n<p>Gabriella De Ornelas Augusto <a href=\"http:\/\/lattes.cnpq.br\/4905882152661469\" data-type=\"link\" data-id=\"http:\/\/lattes.cnpq.br\/6343681978562239\">[curr\u00edculo lattes]<\/a><\/p>\n\n\n\n<p>Giovanna Freitas De Lima <a href=\"http:\/\/lattes.cnpq.br\/4575951453835596\" data-type=\"link\" data-id=\"http:\/\/lattes.cnpq.br\/6343681978562239\">[curr\u00edculo lattes]<\/a><\/p>\n\n\n\n<p>Henrique Adriano Pazzotti <a href=\"http:\/\/lattes.cnpq.br\/8455552869508767\" data-type=\"link\" data-id=\"http:\/\/lattes.cnpq.br\/6343681978562239\">[curr\u00edculo lattes]<\/a><\/p>\n\n\n\n<p>Isabela Franciane Bassani Mangolin <a href=\"http:\/\/lattes.cnpq.br\/6111066060821785\" data-type=\"link\" data-id=\"http:\/\/lattes.cnpq.br\/6343681978562239\">[curr\u00edculo lattes]<\/a><\/p>\n\n\n\n<p>Josiane Aparecida Caxa <a href=\"http:\/\/lattes.cnpq.br\/5534465063802522\" data-type=\"link\" data-id=\"http:\/\/lattes.cnpq.br\/6343681978562239\">[curr\u00edculo lattes]<\/a><\/p>\n\n\n\n<p>Keiti Michele Caperuci Da Silva <a href=\"http:\/\/lattes.cnpq.br\/1301480265934457\" data-type=\"link\" data-id=\"http:\/\/lattes.cnpq.br\/6343681978562239\">[curr\u00edculo lattes]<\/a><\/p>\n\n\n\n<p>Lucas Midoes Ferreira <a href=\"http:\/\/lattes.cnpq.br\/2884030450813736\" data-type=\"link\" data-id=\"http:\/\/lattes.cnpq.br\/6343681978562239\">[curr\u00edculo lattes]<\/a><\/p>\n\n\n\n<p>Luiz Eduardo Fadoni Sahyun Abdalla <a href=\"http:\/\/lattes.cnpq.br\/2621718500595407\" data-type=\"link\" data-id=\"http:\/\/lattes.cnpq.br\/6343681978562239\">[curr\u00edculo lattes]<\/a><\/p>\n\n\n\n<p>Lu\u00edsa Vieira Ribeiro <a href=\"http:\/\/lattes.cnpq.br\/8726423880626752\" data-type=\"link\" data-id=\"http:\/\/lattes.cnpq.br\/6343681978562239\">[curr\u00edculo lattes]<\/a><\/p>\n\n\n\n<p>Marcio Barboza Da Silva <a href=\"http:\/\/lattes.cnpq.br\/2636433255863510\" data-type=\"link\" data-id=\"http:\/\/lattes.cnpq.br\/6343681978562239\">[curr\u00edculo lattes]<\/a><\/p>\n\n\n\n<p>Maria Paula Roveri Rampelotti <a href=\"http:\/\/lattes.cnpq.br\/1752657914208058\" data-type=\"link\" data-id=\"http:\/\/lattes.cnpq.br\/6343681978562239\">[curr\u00edculo lattes]<\/a><\/p>\n\n\n\n<p>Mariana Ald\u00e1 Ferreira Fuga <a href=\"http:\/\/lattes.cnpq.br\/7171237182363968\" data-type=\"link\" data-id=\"http:\/\/lattes.cnpq.br\/6343681978562239\">[curr\u00edculo lattes]<\/a><\/p>\n\n\n\n<p>Nat\u00e1lia Colombari Gomes <a href=\"http:\/\/lattes.cnpq.br\/4943195774031696\" data-type=\"link\" data-id=\"http:\/\/lattes.cnpq.br\/6343681978562239\">[curr\u00edculo lattes]<\/a><\/p>\n\n\n\n<p>Pedro Angelo Gomes <a href=\"http:\/\/lattes.cnpq.br\/9057872777712551\" data-type=\"link\" data-id=\"http:\/\/lattes.cnpq.br\/6343681978562239\">[curr\u00edculo lattes]<\/a><\/p>\n\n\n\n<p>Renato Dos Santos Sant&#8217;Anna <a href=\"http:\/\/lattes.cnpq.br\/5869804522020405\" data-type=\"link\" data-id=\"http:\/\/lattes.cnpq.br\/6343681978562239\">[curr\u00edculo lattes]<\/a><\/p>\n\n\n\n<p>Sabrina Matias Uliana <a href=\"http:\/\/lattes.cnpq.br\/9431245596701149\" data-type=\"link\" data-id=\"http:\/\/lattes.cnpq.br\/6343681978562239\">[curr\u00edculo lattes]<\/a><\/p>\n\n\n\n<p>Thamires Gusmao Da Costa <a href=\"http:\/\/lattes.cnpq.br\/4327638989044580\" data-type=\"link\" data-id=\"http:\/\/lattes.cnpq.br\/6343681978562239\">[curr\u00edculo lattes]<\/a><\/p>\n\n\n\n<p>Vandro Corda\u00e7o Tiski <a href=\"http:\/\/lattes.cnpq.br\/3875914084176568\" data-type=\"link\" data-id=\"http:\/\/lattes.cnpq.br\/6343681978562239\">[curr\u00edculo lattes]<\/a><\/p>\n\n\n\n<p>Vinicius De Melo Silva <a href=\"http:\/\/lattes.cnpq.br\/1170309910880890\" data-type=\"link\" data-id=\"http:\/\/lattes.cnpq.br\/6343681978562239\">[curr\u00edculo lattes]<\/a><\/p>\n\n\n\n<p><\/p>\n\n\n\n<h2 class=\"wp-block-heading has-text-align-center\">TURMA 2024<\/h2>\n\n\n\n<p>Ana Beatriz de Souza Slobodticov <a href=\"http:\/\/lattes.cnpq.br\/6343681978562239\" data-type=\"link\" data-id=\"http:\/\/lattes.cnpq.br\/6343681978562239\">[curr\u00edculo lattes]<\/a><\/p>\n\n\n\n<p>Andre Leonardo Santos Manchur <a href=\"http:\/\/lattes.cnpq.br\/2230665787489498\" data-type=\"link\" data-id=\"http:\/\/lattes.cnpq.br\/2230665787489498\">[curr\u00edculo lattes]<\/a><\/p>\n\n\n\n<p>Augusto de Lima Camargo <a href=\"http:\/\/lattes.cnpq.br\/9454452372827288\" data-type=\"link\" data-id=\"http:\/\/lattes.cnpq.br\/9454452372827288\">[curr\u00edculo lattes]<\/a><\/p>\n\n\n\n<p>Biancha Chabne Conti <a href=\"http:\/\/lattes.cnpq.br\/8856862120508999\" data-type=\"link\" data-id=\"http:\/\/lattes.cnpq.br\/8856862120508999\">[curr\u00edculo lattes]<\/a><\/p>\n\n\n\n<p>Bruna Gabriela Favero <a href=\"http:\/\/lattes.cnpq.br\/8581069281573913\" data-type=\"link\" data-id=\"http:\/\/lattes.cnpq.br\/8581069281573913\">[curr\u00edculo lattes]<\/a><\/p>\n\n\n\n<p>Bruno Luiz Sapia Maximo <a href=\"http:\/\/lattes.cnpq.br\/5325061063027824\" data-type=\"link\" data-id=\"http:\/\/lattes.cnpq.br\/5325061063027824\">[curr\u00edculo lattes]<\/a><\/p>\n\n\n\n<p>Caio Roque das Merces Jardini Luiz <a href=\"http:\/\/lattes.cnpq.br\/0111828574490011\" data-type=\"link\" data-id=\"http:\/\/lattes.cnpq.br\/0111828574490011\">[curr\u00edculo lattes]<\/a><\/p>\n\n\n\n<p>Camila Vieira Castro <a href=\"http:\/\/lattes.cnpq.br\/5188331103989308\" data-type=\"link\" data-id=\"http:\/\/lattes.cnpq.br\/5188331103989308\">[curr\u00edculo lattes]<\/a><\/p>\n\n\n\n<p>Daniel Zonzini Lattanzio <a href=\"http:\/\/lattes.cnpq.br\/2158557230695853\" data-type=\"link\" data-id=\"http:\/\/lattes.cnpq.br\/2158557230695853\">[curr\u00edculo lattes]<\/a><\/p>\n\n\n\n<p>Felipe Mota Barreto Martins <a href=\"http:\/\/lattes.cnpq.br\/1599895448772321\" data-type=\"link\" data-id=\"http:\/\/lattes.cnpq.br\/1599895448772321\">[curr\u00edculo lattes]<\/a><\/p>\n\n\n\n<p>Gustavo Roberto Dias Tonia <a href=\"http:\/\/lattes.cnpq.br\/0799861063214295\" data-type=\"link\" data-id=\"http:\/\/lattes.cnpq.br\/0799861063214295\">[curr\u00edculo lattes]<\/a><\/p>\n\n\n\n<p>Isabele Papafanurakis Ferreira Noronha <a href=\"http:\/\/lattes.cnpq.br\/5586111756606757\" data-type=\"link\" data-id=\"http:\/\/lattes.cnpq.br\/5586111756606757\">[curr\u00edculo lattes] <\/a><\/p>\n\n\n\n<p>Jo\u00e3o Gabriel Guimar\u00e3es de Almeida <a href=\"http:\/\/lattes.cnpq.br\/1363167560248143\" data-type=\"link\" data-id=\"http:\/\/lattes.cnpq.br\/1363167560248143\">[curr\u00edculo lattes] <\/a><\/p>\n\n\n\n<p>Karina Constanzi Fernandes <a href=\"http:\/\/lattes.cnpq.br\/2940359312177898\" data-type=\"link\" data-id=\"http:\/\/lattes.cnpq.br\/2940359312177898\">[curr\u00edculo lattes]<\/a><\/p>\n\n\n\n<p>Laura Ferreira Meletti <a href=\"http:\/\/lattes.cnpq.br\/4956417413468569\" data-type=\"link\" data-id=\"http:\/\/lattes.cnpq.br\/4956417413468569\">[curr\u00edculo lattes]<\/a><\/p>\n\n\n\n<p>Liury Pereira Nascimento Silva <a href=\"http:\/\/lattes.cnpq.br\/2551711494763939\" data-type=\"link\" data-id=\"http:\/\/lattes.cnpq.br\/2551711494763939\">[curr\u00edculo lattes]<\/a><\/p>\n\n\n\n<p>Lucas Matheus Alves <a href=\"http:\/\/lattes.cnpq.br\/8014839348602480\" data-type=\"link\" data-id=\"http:\/\/lattes.cnpq.br\/8014839348602480\">[curr\u00edculo lattes]<\/a><\/p>\n\n\n\n<p>Luciano Aparecido Alves <a href=\"http:\/\/lattes.cnpq.br\/4191757738747279\" data-type=\"link\" data-id=\"http:\/\/lattes.cnpq.br\/4191757738747279\">[curr\u00edculo lattes]<\/a><\/p>\n\n\n\n<p>Luciano Carvalho Mucio <a href=\"http:\/\/lattes.cnpq.br\/5857038106773226\" data-type=\"link\" data-id=\"http:\/\/lattes.cnpq.br\/5857038106773226\">[curr\u00edculo lattes]<\/a><\/p>\n\n\n\n<p>Marcelle Chicarelli da Costa <a href=\"http:\/\/lattes.cnpq.br\/0634973408596233\" data-type=\"link\" data-id=\"http:\/\/lattes.cnpq.br\/0634973408596233\">[curr\u00edculo lattes]<\/a><\/p>\n\n\n\n<p>Marilia Candido Pegorin Orlando <a href=\"http:\/\/lattes.cnpq.br\/0053496240785685\" data-type=\"link\" data-id=\"http:\/\/lattes.cnpq.br\/0053496240785685\">[curr\u00edculo lattes]<\/a><\/p>\n\n\n\n<p>Marina Millena Gasparoto Pascualini <a href=\"http:\/\/lattes.cnpq.br\/6161376494388590\" data-type=\"link\" data-id=\"http:\/\/lattes.cnpq.br\/6161376494388590\">[curr\u00edculo lattes]<\/a><\/p>\n\n\n\n<p>Matheus Gonzales Sato <a href=\"http:\/\/lattes.cnpq.br\/8962484390719631\" data-type=\"link\" data-id=\"http:\/\/lattes.cnpq.br\/8962484390719631\">[curr\u00edculo lattes]<\/a><\/p>\n\n\n\n<p>Nat\u00e1via Boigues Corbalan Tebar <a href=\"http:\/\/lattes.cnpq.br\/8406077707058838\" data-type=\"link\" data-id=\"http:\/\/lattes.cnpq.br\/8406077707058838\">[curr\u00edculo lattes]<\/a><\/p>\n\n\n\n<p>Nathalia Godoy Rodrigues <a href=\"http:\/\/lattes.cnpq.br\/2040497216613698\" data-type=\"link\" data-id=\"http:\/\/lattes.cnpq.br\/2040497216613698\">[curr\u00edculo lattes]<\/a><\/p>\n\n\n\n<p>Pedro Henrique Basso Menani <a href=\"http:\/\/lattes.cnpq.br\/2129851188877001\" data-type=\"link\" data-id=\"http:\/\/lattes.cnpq.br\/2129851188877001\">[curr\u00edculo lattes]<\/a><\/p>\n\n\n\n<p>Pedro Maur\u00edcio Sim\u00f5es Pavoni <a href=\"http:\/\/lattes.cnpq.br\/0999376441455569\" data-type=\"link\" data-id=\"http:\/\/lattes.cnpq.br\/0999376441455569\">[curr\u00edculo lattes]<\/a><\/p>\n\n\n\n<p>Priscila Aparecida da Silva <a href=\"http:\/\/lattes.cnpq.br\/1220855579351676\" data-type=\"link\" data-id=\"http:\/\/lattes.cnpq.br\/1220855579351676\">[curr\u00edculo lattes]<\/a><\/p>\n\n\n\n<p>Rafael Alves dos Santos <a href=\"http:\/\/lattes.cnpq.br\/0438824659851269\" data-type=\"link\" data-id=\"http:\/\/lattes.cnpq.br\/0438824659851269\">[curr\u00edculo lattes]<\/a><\/p>\n\n\n\n<p>Renan de Quintal <a href=\"http:\/\/lattes.cnpq.br\/1529204776809127\" data-type=\"link\" data-id=\"http:\/\/lattes.cnpq.br\/1529204776809127\">[curr\u00edculo lattes]<\/a><\/p>\n\n\n\n<p>Thaise Rocha Ferreira <a href=\"http:\/\/lattes.cnpq.br\/3341952135073259\" data-type=\"link\" data-id=\"http:\/\/lattes.cnpq.br\/3341952135073259\">[curr\u00edculo lattes]<\/a><\/p>\n\n\n\n<div style=\"height:51px\" aria-hidden=\"true\" class=\"wp-block-spacer\"><\/div>\n\n\n\n<h2 class=\"wp-block-heading has-text-align-center\"><\/h2>\n\n\n\n<p><\/p>\n","protected":false},"excerpt":{"rendered":"<p>TURMA 2025 Abner Batista David [curr\u00edculo lattes] Andr\u00e9ia Herculano do Prado Da Silva [curr\u00edculo lattes] Arthur Ricardo Silva Travaglia [curr\u00edculo lattes] Bianca Schunemann Cavalcante [curr\u00edculo lattes] Bruna Mariely Camargo [curr\u00edculo lattes] Bruno Romero [curr\u00edculo lattes] Carlos Roberto Trist\u00e3o [curr\u00edculo lattes] David Shigueo Zandonade [curr\u00edculo lattes] Eder Ponce Pereira [curr\u00edculo lattes] Fernanda Gon\u00e7alves Kossatz Fagundes [curr\u00edculo [&hellip;]<\/p>\n","protected":false},"author":11,"featured_media":0,"parent":0,"menu_order":0,"comment_status":"closed","ping_status":"closed","template":"","meta":{"_acf_changed":false,"footnotes":""},"class_list":["post-93","page","type-page","status-publish","hentry"],"acf":[],"_links":{"self":[{"href":"https:\/\/pos.uel.br\/direito-negocial\/wp-json\/wp\/v2\/pages\/93","targetHints":{"allow":["GET"]}}],"collection":[{"href":"https:\/\/pos.uel.br\/direito-negocial\/wp-json\/wp\/v2\/pages"}],"about":[{"href":"https:\/\/pos.uel.br\/direito-negocial\/wp-json\/wp\/v2\/types\/page"}],"author":[{"embeddable":true,"href":"https:\/\/pos.uel.br\/direito-negocial\/wp-json\/wp\/v2\/users\/11"}],"replies":[{"embeddable":true,"href":"https:\/\/pos.uel.br\/direito-negocial\/wp-json\/wp\/v2\/comments?post=93"}],"version-history":[{"count":15,"href":"https:\/\/pos.uel.br\/direito-negocial\/wp-json\/wp\/v2\/pages\/93\/revisions"}],"predecessor-version":[{"id":3500,"href":"https:\/\/pos.uel.br\/direito-negocial\/wp-json\/wp\/v2\/pages\/93\/revisions\/3500"}],"wp:attachment":[{"href":"https:\/\/pos.uel.br\/direito-negocial\/wp-json\/wp\/v2\/media?parent=93"}],"curies":[{"name":"wp","href":"https:\/\/api.w.org\/{rel}","templated":true}]}}