{"id":713,"date":"2024-11-05T11:14:25","date_gmt":"2024-11-05T14:14:25","guid":{"rendered":"https:\/\/pos.uel.br\/direito-negocial\/?page_id=713"},"modified":"2026-03-09T09:21:51","modified_gmt":"2026-03-09T12:21:51","slug":"alunos-especiais","status":"publish","type":"page","link":"https:\/\/pos.uel.br\/direito-negocial\/processoseletivo\/alunos-especiais\/","title":{"rendered":"Alunos Especiais"},"content":{"rendered":"\n<p><\/p>\n\n\n\n<p>Um aluno especial no mestrado ou doutorado em Direito Negocial da Universidade Estadual de Londrina (UEL) \u00e9 aquele que, sem v\u00ednculo regular com o programa de p\u00f3s-gradua\u00e7\u00e3o, tem permiss\u00e3o para matricular-se em disciplinas espec\u00edficas oferecidas no curso, com o objetivo de aprimorar seus conhecimentos ou obter cr\u00e9ditos. O regime de aluno especial \u00e9 voltado, geralmente, para profissionais com forma\u00e7\u00e3o superior e interesse em se aprofundar em \u00e1reas espec\u00edficas do direito, mas sem a necessidade de ingressar no programa de p\u00f3s-gradua\u00e7\u00e3o como um aluno regular.<\/p>\n\n\n\n<p>No contexto do mestrado ou doutorado em Direito Negocial da UEL, o aluno especial pode participar de disciplinas que tratam de t\u00f3picos pertinentes ao campo do direito negocial. A vantagem desse regime \u00e9 que ele permite ao aluno acesso ao conte\u00fado de alta qualifica\u00e7\u00e3o oferecido pelo programa, sem a exig\u00eancia de um compromisso formal de elabora\u00e7\u00e3o de uma disserta\u00e7\u00e3o ou tese, como ocorre com os alunos regulares. O estudante especial poder\u00e1 cursar como Estudante Especial at\u00e9, no m\u00e1ximo, 50% das disciplinas do Mestrado.<\/p>\n\n\n\n<p>Al\u00e9m disso, o aluno especial pode se beneficiar da intera\u00e7\u00e3o com professores e colegas de curso, ampliando sua rede de contatos profissionais e acad\u00eamicos. Importante destacar que a participa\u00e7\u00e3o do aluno especial \u00e9 restrita ao n\u00famero de vagas dispon\u00edveis nas disciplinas e que ele n\u00e3o ter\u00e1 direito a orienta\u00e7\u00e3o para desenvolvimento de projetos de pesquisa, o que \u00e9 uma prerrogativa exclusiva dos alunos matriculados no mestrado ou doutorado regular.<\/p>\n\n\n\n<p>O estudante matriculado como &#8220;estudante especial&#8221; e que deseja se tornar um estudante regular precisar\u00e1 passar pelo processo seletivo para ingresso no programa regular e cumprir todas as exig\u00eancias aplic\u00e1veis aos alunos regulares. O tempo em que o estudante esteve matriculado como especial n\u00e3o ser\u00e1 contado para o c\u00e1lculo do prazo m\u00ednimo e m\u00e1ximo para a obten\u00e7\u00e3o do t\u00edtulo de mestre. Caso seja aprovado como estudante regular, ele dever\u00e1 solicitar \u00e0 PROPPG (Pr\u00f3-Reitoria de Pesquisa e P\u00f3s-Gradua\u00e7\u00e3o) o reconhecimento das disciplinas que cursou como estudante especial. <\/p>\n\n\n\n<p>A aprova\u00e7\u00e3o do aluno como especial no mestrado ou doutorado em Direito Negocial da UEL depende da an\u00e1lise pr\u00e9via do programa de p\u00f3s-gradua\u00e7\u00e3o, que avalia crit\u00e9rios como o curr\u00edculo do candidato e a forma\u00e7\u00e3o acad\u00eamica do candidato. Dessa forma, o aluno especial no programa tem a oportunidade de ampliar seus conhecimentos na \u00e1rea do direito negocial, com a flexibilidade de um regime mais direcionado e menos formal, mas sem a obrigatoriedade de seguir os requisitos do curso completo.<\/p>\n\n\n\n<hr class=\"wp-block-separator has-alpha-channel-opacity\" \/>\n\n\n<div id=\"page\" class=\"site\">\n<div class=\"container\">\n<div class=\"main-sheet\"><header class=\"page-header\">\n<div class=\"page-title\">\n<h1 class=\"page-title__text\">Inscri\u00e7\u00f5es<\/h1>\n<\/div>\n<\/header>\n<h2 class=\"wp-block-heading has-text-align-center has-secondary-accent-color has-text-color has-medium-font-size\">Processo Seletivo para Estudantes Especiais no PPGDN-UEL 01.2026<\/h2>\n<p><!-- \/wp:post-content --> <!-- wp:table {\"hasFixedLayout\":false,\"align\":\"full\",\"fontSize\":\"small\"} --><\/p>\n<figure class=\"wp-block-table alignfull has-small-font-size\">\n<table style=\"width: 100%;min-width: 600px;border-collapse: collapse;border: 1px solid #ccc\">\n<thead>\n<tr>\n<td class=\"has-text-align-center\" style=\"text-align: center;background-color: #f0f0f0;border: 1px solid #ccc\" data-align=\"center\"><strong> DOC<\/strong><\/td>\n<td style=\"background-color: #f0f0f0;border: 1px solid #ccc\"><strong>ATIVIDADES<\/strong><\/td>\n<td class=\"has-text-align-center\" style=\"background-color: #f0f0f0;border: 1px solid #ccc\" data-align=\"center\"><strong>DATA<\/strong> | <strong>PER\u00cdODO DE PUBLICA\u00c7\u00c3O<\/strong><\/td>\n<td class=\"has-text-align-center\" style=\"background-color: #f0f0f0;border: 1px solid #ccc\" data-align=\"center\"><strong>SITUA\u00c7\u00c3O ATUAL<\/strong><\/td>\n<\/tr>\n<\/thead>\n<tbody>\n<tr>\n<td class=\"has-text-align-center\" style=\"border: 1px solid #ccc\" data-align=\"center\"><a href=\"https:\/\/pos.uel.br\/direito-negocial\/editais\/alunos-especiais-02-2026\/\" target=\"_blank\" rel=\"noreferrer noopener\"><img loading=\"lazy\" decoding=\"async\" class=\"alignnone wp-image-412\" src=\"https:\/\/pos.uel.br\/direitocivil\/wp-content\/uploads\/2022\/09\/paste_red1-e1663003698481.jpg\" alt=\"\" width=\"40\" height=\"35\" \/><\/a><\/td>\n<td style=\"border: 1px solid #ccc\">Publica\u00e7\u00e3o do Edital<\/td>\n<td class=\"has-text-align-center\" style=\"border: 1px solid #ccc\" data-align=\"center\"><strong>10\/02\/2026<\/strong><\/td>\n<td class=\"has-text-align-center\" style=\"border: 1px solid #ccc\" data-align=\"center\"><strong>Imprescind\u00edvel Leitura!<\/strong><\/td>\n<\/tr>\n<tr>\n<td class=\"has-text-align-center\" style=\"border: 1px solid #ccc\" data-align=\"center\"><a href=\"https:\/\/pos.uel.br\/direito-negocial\/wp-content\/uploads\/2026\/03\/ANEXO-I-VAGAS-ALUNO-ESPECIAL-MESTRADO-E-DOUTORADO-1.pdf\" target=\"_blank\" rel=\"noreferrer noopener\"><img loading=\"lazy\" decoding=\"async\" class=\"alignnone wp-image-412\" src=\"https:\/\/pos.uel.br\/direitocivil\/wp-content\/uploads\/2022\/09\/paste_red1-e1663003698481.jpg\" alt=\"\" width=\"40\" height=\"35\" \/><\/a><\/td>\n<td style=\"border: 1px solid #ccc\">Anexo I &#8211; Disciplinas ofertadas e n\u00famero de vagas dispon\u00edveis<\/td>\n<td class=\"has-text-align-center\" style=\"border: 1px solid #ccc\" data-align=\"center\"><strong>10\/02\/2026<\/strong><\/td>\n<td class=\"has-text-align-center\" style=\"border: 1px solid #ccc\" data-align=\"center\"><strong>Imprescind\u00edvel Leitura!<\/strong><\/td>\n<\/tr>\n<tr>\n<td class=\"has-text-align-center\" style=\"border: 1px solid #ccc\" data-align=\"center\"><a href=\"https:\/\/pos.uel.br\/direito-negocial\/wp-content\/uploads\/2026\/02\/RETIFICADO-ANEXO-II-MODELO-CURRICULO-A.E.-2026.docx\" target=\"_blank\" rel=\"noreferrer noopener\" data-wp-editing=\"1\"><img loading=\"lazy\" decoding=\"async\" class=\"alignnone wp-image-412\" src=\"https:\/\/pos.uel.br\/direitocivil\/wp-content\/uploads\/2022\/09\/paste_red1-e1663003698481.jpg\" alt=\"\" width=\"40\" height=\"35\" \/><\/a><\/td>\n<td style=\"border: 1px solid #ccc\">ANEXO II &#8211; Modelo de Curr\u00edculo (A ser preenchido pelo(a) candidato(a), encaminhado em formato \u00daNICO, em PDF)<\/td>\n<td class=\"has-text-align-center\" style=\"border: 1px solid #ccc\" data-align=\"center\"><strong>10\/02\/2026<\/strong><\/td>\n<td class=\"has-text-align-center\" style=\"border: 1px solid #ccc\" data-align=\"center\">\n<p>Preencha a pontua\u00e7\u00e3o com aten\u00e7\u00e3o, enumerando todos os documentos comprobat\u00f3rios.<\/p>\n<\/td>\n<\/tr>\n<tr>\n<td class=\"has-text-align-center\" style=\"border: 1px solid #ccc\" data-align=\"center\"><a href=\"https:\/\/pos.uel.br\/direito-negocial\/wp-content\/uploads\/2026\/02\/ANEXO-III-ORIENTAC%CC%A7O%CC%83ES-PARA-PREENCHIMENTO-DO-CURRI%CC%81CULO-1.pdf\" target=\"_blank\" rel=\"noreferrer noopener\"><img loading=\"lazy\" decoding=\"async\" class=\"alignnone wp-image-412\" src=\"https:\/\/pos.uel.br\/direitocivil\/wp-content\/uploads\/2022\/09\/paste_red1-e1663003698481.jpg\" alt=\"\" width=\"40\" height=\"35\" \/><\/a><\/td>\n<td style=\"border: 1px solid #ccc\">ANEXO III &#8211; Orienta\u00e7\u00f5es para preenchimento do curr\u00edculo<\/td>\n<td class=\"has-text-align-center\" style=\"border: 1px solid #ccc\" data-align=\"center\"><strong>10\/02\/2026<\/strong><\/td>\n<td class=\"has-text-align-center\" style=\"border: 1px solid #ccc\" data-align=\"center\"><strong>Leia com aten\u00e7\u00e3o o Anexo III, no qual constam as informa\u00e7\u00f5es para preenchimento do curr\u00edculo.<\/strong><\/td>\n<\/tr>\n<tr>\n<td class=\"has-text-align-center\" style=\"border: 1px solid #ccc\" data-align=\"center\">\u00a0<\/td>\n<td style=\"border: 1px solid #ccc\">Pedido de Isen\u00e7\u00e3o: Todas as Modalidades<\/td>\n<td class=\"has-text-align-center\" style=\"border: 1px solid #ccc\" data-align=\"center\"><strong>12\/02\/2026 &#8211; 13\/02\/2026<\/strong><\/td>\n<td class=\"has-text-align-center\" style=\"border: 1px solid #ccc\" data-align=\"center\"><strong>Leia com aten\u00e7\u00e3o se voc\u00ea se encaixa nas modalidades de isen\u00e7\u00e3o!<\/strong><\/td>\n<\/tr>\n<tr>\n<td class=\"has-text-align-center\" style=\"border: 1px solid #ccc\" data-align=\"center\"><a href=\"https:\/\/pos.uel.br\/direito-negocial\/wp-content\/uploads\/2026\/02\/EDITAL-RESULTADO-ISENC%CC%A7A%CC%83O-ALUNO-ESPECIAL.pdf\" target=\"_blank\" rel=\"noreferrer noopener\"><img loading=\"lazy\" decoding=\"async\" class=\"alignnone wp-image-412\" src=\"https:\/\/pos.uel.br\/direitocivil\/wp-content\/uploads\/2022\/09\/paste_red1-e1663003698481.jpg\" alt=\"\" width=\"40\" height=\"35\" \/><\/a><\/td>\n<td style=\"border: 1px solid #ccc\">Publica\u00e7\u00e3o do Edital do Resultado dos pedidos de Isen\u00e7\u00e3o<\/td>\n<td class=\"has-text-align-center\" style=\"border: 1px solid #ccc\" data-align=\"center\"><strong>20\/02\/2026<\/strong><\/td>\n<td class=\"has-text-align-center\" style=\"border: 1px solid #ccc\" data-align=\"center\">\u00a0<\/td>\n<\/tr>\n<tr>\n<td class=\"has-text-align-center\" style=\"border: 1px solid #ccc\" data-align=\"center\">\u00a0<\/td>\n<td style=\"border: 1px solid #ccc\">Pedido de Recurso ao Resultado de Isen\u00e7\u00f5es<\/td>\n<td class=\"has-text-align-center\" style=\"border: 1px solid #ccc\" data-align=\"center\"><strong>23\/02\/2026<\/strong><\/td>\n<td class=\"has-text-align-center\" style=\"border: 1px solid #ccc\" data-align=\"center\">\u00a0<\/td>\n<\/tr>\n<tr>\n<td class=\"has-text-align-center\" style=\"border: 1px solid #ccc\" data-align=\"center\"><a href=\"https:\/\/pos.uel.br\/direito-negocial\/editais\/alunos-especiais-02-2026\/\" target=\"_blank\" rel=\"noreferrer noopener\"><img loading=\"lazy\" decoding=\"async\" class=\"alignnone wp-image-412\" src=\"https:\/\/pos.uel.br\/direitocivil\/wp-content\/uploads\/2022\/09\/paste_red1-e1663003698481.jpg\" alt=\"\" width=\"40\" height=\"35\" \/><\/a><\/td>\n<td style=\"border: 1px solid #ccc\">Publica\u00e7\u00e3o do Edital Final com o Resultado dos Recursos referente aos pedidos de Isen\u00e7\u00f5es<\/td>\n<td class=\"has-text-align-center\" style=\"border: 1px solid #ccc\" data-align=\"center\"><strong>25\/02\/2026<\/strong><\/td>\n<td class=\"has-text-align-center\" style=\"border: 1px solid #ccc\" data-align=\"center\"><strong>Edital Final &#8211; Resultado dos Pedidos de Isen\u00e7\u00e3o<\/strong><\/td>\n<\/tr>\n<tr>\n<td class=\"has-text-align-center\" style=\"border: 1px solid #ccc\" data-align=\"center\">\u00a0<\/td>\n<td style=\"border: 1px solid #ccc\">Inscri\u00e7\u00e3o online e Upload de Documentos <strong>via sistema de inscri\u00e7\u00e3o online <\/strong>(<a href=\"https:\/\/sites.uel.br\/proppg\/inscricoes\/\">https:\/\/sites.uel.br\/proppg\/inscricoes\/<\/a>)<\/td>\n<td class=\"has-text-align-center\" style=\"border: 1px solid #ccc\" data-align=\"center\"><strong>27\/02\/2026 &#8211; 02\/03\/2026 <\/strong><\/td>\n<td class=\"has-text-align-center\" style=\"border: 1px solid #ccc\" data-align=\"center\">\u00a0<\/td>\n<\/tr>\n<tr>\n<td class=\"has-text-align-center\" style=\"border: 1px solid #ccc\" data-align=\"center\">\u00a0<\/td>\n<td style=\"border: 1px solid #ccc\">\u00a0<\/td>\n<td class=\"has-text-align-center\" style=\"border: 1px solid #ccc\" data-align=\"center\">\u00a0<\/td>\n<td class=\"has-text-align-center\" style=\"border: 1px solid #ccc\" data-align=\"center\">\u00a0<\/td>\n<\/tr>\n<tr>\n<td class=\"has-text-align-center\" style=\"border: 1px solid #ccc\" data-align=\"center\">\u00a0<\/td>\n<td style=\"border: 1px solid #ccc\">An\u00e1lise da documenta\u00e7\u00e3o encaminhada \u2013 per\u00edodo exclusivo para comiss\u00e3o do curso<\/td>\n<td class=\"has-text-align-center\" style=\"border: 1px solid #ccc\" data-align=\"center\"><strong>03\/03\/2026 &#8211; 05\/03\/2026 <\/strong><\/td>\n<td class=\"has-text-align-center\" style=\"border: 1px solid #ccc\" data-align=\"center\">\u00a0<\/td>\n<\/tr>\n<tr>\n<td class=\"has-text-align-center\" style=\"border: 1px solid #ccc\" data-align=\"center\">\u00a0<\/td>\n<td style=\"border: 1px solid #ccc\">\u00a0<\/td>\n<td class=\"has-text-align-center\" style=\"border: 1px solid #ccc\" data-align=\"center\">\u00a0<\/td>\n<td class=\"has-text-align-center\" style=\"border: 1px solid #ccc\" data-align=\"center\">\u00a0<\/td>\n<\/tr>\n<tr>\n<td class=\"has-text-align-center\" style=\"border: 1px solid #ccc\" data-align=\"center\"><a href=\"https:\/\/pos.uel.br\/direito-negocial\/wp-content\/uploads\/2026\/03\/REVISADO-EDITAL-RESULTADO-ALUNOS-ESPECIAIS-2026.1-RESULTADO-FINAL-2.pdf\" target=\"_blank\" rel=\"noreferrer noopener\"><img loading=\"lazy\" decoding=\"async\" class=\"alignnone wp-image-412\" src=\"https:\/\/pos.uel.br\/direitocivil\/wp-content\/uploads\/2022\/09\/paste_red1-e1663003698481.jpg\" alt=\"\" width=\"40\" height=\"35\" \/><\/a><\/td>\n<td style=\"border: 1px solid #ccc\"><strong>Publica\u00e7\u00e3o do Edital com o resultado da sele\u00e7\u00e3o para ingresso<\/strong><br \/><strong>como Estudante Especial<\/strong><\/td>\n<td class=\"has-text-align-center\" style=\"border: 1px solid #ccc\" data-align=\"center\"><strong>06\/03\/2026<\/strong><\/td>\n<td class=\"has-text-align-center\" style=\"border: 1px solid #ccc\" data-align=\"center\">\u00a0<\/td>\n<\/tr>\n<tr>\n<td style=\"border: 1px solid #ccc\"><a href=\"https:\/\/pos.uel.br\/direito-negocial\/wp-content\/uploads\/2026\/03\/ilovepdf_merged.pdf\" target=\"_blank\" rel=\"noreferrer noopener\"><img loading=\"lazy\" decoding=\"async\" class=\"alignnone wp-image-412\" src=\"https:\/\/pos.uel.br\/direitocivil\/wp-content\/uploads\/2022\/09\/paste_red1-e1663003698481.jpg\" alt=\"\" width=\"40\" height=\"35\" \/><\/a><\/td>\n<td class=\"has-text-align-center\" style=\"border: 1px solid #cccccc;text-align: left\" data-align=\"center\">Classifica\u00e7\u00e3o de Estudante Especial no Sistema WEB<\/td>\n<td class=\"has-text-align-center\" style=\"border: 1px solid #cccccc;text-align: center\" data-align=\"center\"><strong>09\/03\/2026<\/strong><\/td>\n<td style=\"border: 1px solid #ccc\">\u00a0<\/td>\n<\/tr>\n<tr>\n<td class=\"has-text-align-center\" style=\"border: 1px solid #ccc\" data-align=\"center\">\u00a0<\/td>\n<td style=\"border: 1px solid #ccc\">Per\u00edodo de matr\u00edcula de Estudante Especial\u00a0<\/td>\n<td class=\"has-text-align-center\" style=\"border: 1px solid #ccc\" data-align=\"center\"><strong>11\/03\/2026 &#8211; 12\/03\/2026<\/strong><\/td>\n<td class=\"has-text-align-center\" style=\"border: 1px solid #ccc\" data-align=\"center\">\u00a0<\/td>\n<\/tr>\n<tr>\n<td class=\"has-text-align-center\" style=\"border: 1px solid #ccc\" data-align=\"center\">\u00a0<\/td>\n<td style=\"border: 1px solid #ccc\"><strong>In\u00edcio do 1\u00ba per\u00edodo letivo de 2026<\/strong><\/td>\n<td class=\"has-text-align-center\" style=\"border: 1px solid #ccc\" data-align=\"center\"><strong>16\/03\/2026<\/strong><\/td>\n<td class=\"has-text-align-center\" style=\"border: 1px solid #ccc\" data-align=\"center\"><strong>Consulte o quadro de hor\u00e1rios de acordo com o n\u00edvel desejado (mestrado ou doutorado)!!<\/strong><\/td>\n<\/tr>\n<tr>\n<td class=\"has-text-align-center\" style=\"border: 1px solid #ccc\" data-align=\"center\">\u00a0<\/td>\n<td style=\"border: 1px solid #ccc\">\u00a0<\/td>\n<td class=\"has-text-align-center\" style=\"border: 1px solid #ccc\" data-align=\"center\">\u00a0<\/td>\n<td class=\"has-text-align-center\" style=\"border: 1px solid #ccc\" data-align=\"center\">\u00a0<\/td>\n<\/tr>\n<\/tbody>\n<\/table>\n<\/figure>\n<\/div>\n<\/div>\n<\/div>\n<p><!-- \/wp:table --><\/p>\n<p><!-- \/wp:buttons --><\/p>\n<p><!-- wp:paragraph --><\/p>\n<p><!-- \/wp:paragraph --><\/p>\n<p><!-- wp:paragraph --><\/p>\n<p><!-- \/wp:paragraph --><\/p>\n<p><!-- wp:paragraph --><\/p>\n<p><!-- \/wp:paragraph --><\/p>\n<p><!-- wp:buttons {\"layout\":{\"type\":\"flex\",\"justifyContent\":\"center\"}} --><\/p>\n<div class=\"wp-block-buttons\"><!-- wp:button {\"backgroundColor\":\"primary-accent\",\"textColor\":\"site-background\",\"className\":\"is-style-fill\",\"style\":{\"elements\":{\"link\":{\"color\":{\"text\":\"var:preset|color|site-background\"}}}}} -->\n<div class=\"wp-block-button is-style-fill\"><a class=\"wp-block-button__link has-site-background-color has-primary-accent-background-color has-text-color has-background has-link-color wp-element-button\">CLIQUE PARA INICIAR O PROCESSO DE INSCRI\u00c7\u00c3O<\/a><\/div>\n<p><!-- \/wp:button --><\/p>\n<\/div>\n<p><!-- \/wp:buttons --><\/p>\n<p><!-- wp:paragraph --><\/p>\n<p><!-- \/wp:paragraph --><\/p>","protected":false},"excerpt":{"rendered":"<p>Um aluno especial no mestrado ou doutorado em Direito Negocial da Universidade Estadual de Londrina (UEL) \u00e9 aquele que, sem v\u00ednculo regular com o programa de p\u00f3s-gradua\u00e7\u00e3o, tem permiss\u00e3o para matricular-se em disciplinas espec\u00edficas oferecidas no curso, com o objetivo de aprimorar seus conhecimentos ou obter cr\u00e9ditos. O regime de aluno especial \u00e9 voltado, geralmente, [&hellip;]<\/p>\n","protected":false},"author":12,"featured_media":0,"parent":104,"menu_order":0,"comment_status":"closed","ping_status":"closed","template":"","meta":{"_acf_changed":false,"footnotes":""},"class_list":["post-713","page","type-page","status-publish","hentry"],"acf":[],"_links":{"self":[{"href":"https:\/\/pos.uel.br\/direito-negocial\/wp-json\/wp\/v2\/pages\/713","targetHints":{"allow":["GET"]}}],"collection":[{"href":"https:\/\/pos.uel.br\/direito-negocial\/wp-json\/wp\/v2\/pages"}],"about":[{"href":"https:\/\/pos.uel.br\/direito-negocial\/wp-json\/wp\/v2\/types\/page"}],"author":[{"embeddable":true,"href":"https:\/\/pos.uel.br\/direito-negocial\/wp-json\/wp\/v2\/users\/12"}],"replies":[{"embeddable":true,"href":"https:\/\/pos.uel.br\/direito-negocial\/wp-json\/wp\/v2\/comments?post=713"}],"version-history":[{"count":114,"href":"https:\/\/pos.uel.br\/direito-negocial\/wp-json\/wp\/v2\/pages\/713\/revisions"}],"predecessor-version":[{"id":4193,"href":"https:\/\/pos.uel.br\/direito-negocial\/wp-json\/wp\/v2\/pages\/713\/revisions\/4193"}],"up":[{"embeddable":true,"href":"https:\/\/pos.uel.br\/direito-negocial\/wp-json\/wp\/v2\/pages\/104"}],"wp:attachment":[{"href":"https:\/\/pos.uel.br\/direito-negocial\/wp-json\/wp\/v2\/media?parent=713"}],"curies":[{"name":"wp","href":"https:\/\/api.w.org\/{rel}","templated":true}]}}