{"id":457,"date":"2024-10-28T11:51:17","date_gmt":"2024-10-28T14:51:17","guid":{"rendered":"https:\/\/pos.uel.br\/direito-negocial\/?page_id=457"},"modified":"2025-07-31T11:47:56","modified_gmt":"2025-07-31T14:47:56","slug":"cnpq-2","status":"publish","type":"page","link":"https:\/\/pos.uel.br\/direito-negocial\/cnpq-2\/","title":{"rendered":"BOLSAS CNPq"},"content":{"rendered":"<div class=\"wp-block-image\">\n<figure class=\"aligncenter size-full\"><a href=\"https:\/\/www.gov.br\/cnpq\/pt-br\"><img loading=\"lazy\" decoding=\"async\" width=\"341\" height=\"147\" src=\"https:\/\/pos.uel.br\/direito-negocial\/wp-content\/uploads\/2024\/10\/image-5.png\" alt=\"\" class=\"wp-image-510\" srcset=\"https:\/\/pos.uel.br\/direito-negocial\/wp-content\/uploads\/2024\/10\/image-5.png 341w, https:\/\/pos.uel.br\/direito-negocial\/wp-content\/uploads\/2024\/10\/image-5-300x129.png 300w\" sizes=\"auto, (max-width: 341px) 100vw, 341px\" \/><\/a><\/figure>\n<\/div>\n\n\n<p>O sistema de bolsas do CNPq (Conselho Nacional de Desenvolvimento Cient\u00edfico e Tecnol\u00f3gico) \u00e9 uma pol\u00edtica de incentivo e fomento \u00e0 pesquisa cient\u00edfica e tecnol\u00f3gica no Brasil. O CNPq, uma ag\u00eancia p\u00fablica vinculada ao Minist\u00e9rio da Ci\u00eancia, Tecnologia e Inova\u00e7\u00e3o (MCTI), oferece bolsas para diversas modalidades, que abrangem diferentes n\u00edveis de forma\u00e7\u00e3o, desde a inicia\u00e7\u00e3o cient\u00edfica at\u00e9 o p\u00f3s-doutorado. Essas bolsas s\u00e3o destinadas a estudantes e pesquisadores brasileiros e estrangeiros que desenvolvem pesquisas no Brasil, com o objetivo de promover a produ\u00e7\u00e3o de conhecimento, inova\u00e7\u00e3o e desenvolvimento tecnol\u00f3gico.<\/p>\n\n\n\n<h3 class=\"wp-block-heading\">Modalidades de Bolsas do CNPq<\/h3>\n\n\n\n<ol class=\"wp-block-list\">\n<li><strong>Inicia\u00e7\u00e3o Cient\u00edfica (IC)<\/strong>: Voltada para estudantes de gradua\u00e7\u00e3o, a bolsa de IC permite que alunos participem de projetos de pesquisa desde cedo, incentivando o desenvolvimento de habilidades cient\u00edficas e o interesse pela carreira acad\u00eamica. O programa de Inicia\u00e7\u00e3o Cient\u00edfica mais conhecido \u00e9 o PIBIC (Programa Institucional de Bolsas de Inicia\u00e7\u00e3o Cient\u00edfica).<\/li>\n\n\n\n<li><strong>Mestrado e Doutorado<\/strong>: As bolsas para p\u00f3s-gradua\u00e7\u00e3o s\u00e3o oferecidas para estudantes de mestrado e doutorado, permitindo-lhes dedica\u00e7\u00e3o integral \u00e0 pesquisa. A bolsa cobre custos b\u00e1sicos para sustentar o aluno durante seus estudos, de modo que ele possa focar no desenvolvimento de sua tese ou disserta\u00e7\u00e3o.<\/li>\n\n\n\n<li><strong>P\u00f3s-Doutorado<\/strong>: Destinadas a doutores que queiram continuar com pesquisas avan\u00e7adas, as bolsas de p\u00f3s-doutorado ajudam a consolidar e expandir o conhecimento produzido no doutorado, incentivando a inova\u00e7\u00e3o e novas descobertas.<\/li>\n\n\n\n<li><strong>Produtividade em Pesquisa (PQ)<\/strong>: Voltada para pesquisadores j\u00e1 consolidados, a bolsa PQ \u00e9 oferecida como um reconhecimento pela produ\u00e7\u00e3o cient\u00edfica e pelo impacto da pesquisa desenvolvida. \u00c9 uma bolsa competitiva, com diferentes categorias (PQ-1 e PQ-2), e destinada a pesquisadores de todas as \u00e1reas.<\/li>\n\n\n\n<li><strong>Bolsas no Exterior e Atra\u00e7\u00e3o de Jovens Talentos<\/strong>: Al\u00e9m das bolsas nacionais, o CNPq oferece programas para pesquisadores brasileiros realizarem parte de suas pesquisas no exterior, ou para atrair jovens talentos de outros pa\u00edses para atuarem no Brasil.<\/li>\n<\/ol>\n\n\n\n<h3 class=\"wp-block-heading\">Como Funciona o Sistema de Bolsas<\/h3>\n\n\n\n<ol class=\"wp-block-list\">\n<li><strong>Sele\u00e7\u00e3o e Candidatura<\/strong>: As bolsas s\u00e3o concedidas por meio de editais espec\u00edficos, publicados periodicamente no site do CNPq. Cada edital estabelece requisitos e crit\u00e9rios de sele\u00e7\u00e3o, prazos, documentos necess\u00e1rios e \u00e1reas priorit\u00e1rias. O candidato, orientado por um pesquisador respons\u00e1vel (em caso de bolsas de IC e p\u00f3s-gradua\u00e7\u00e3o), submete sua proposta de pesquisa, que \u00e9 avaliada em termos de m\u00e9rito cient\u00edfico e relev\u00e2ncia.<\/li>\n\n\n\n<li><strong>Avalia\u00e7\u00e3o<\/strong>: A an\u00e1lise dos pedidos \u00e9 realizada por comit\u00eas de consultores do CNPq, compostos por especialistas de diversas \u00e1reas do conhecimento. Eles avaliam o curr\u00edculo do candidato, a qualidade do projeto de pesquisa e a relev\u00e2ncia da proposta para o desenvolvimento cient\u00edfico e tecnol\u00f3gico do pa\u00eds.<\/li>\n\n\n\n<li><strong>Concess\u00e3o e Dura\u00e7\u00e3o<\/strong>: A dura\u00e7\u00e3o e o valor das bolsas variam conforme a modalidade. Bolsas de IC, por exemplo, t\u00eam geralmente dura\u00e7\u00e3o de 12 meses, enquanto as de mestrado e doutorado podem durar at\u00e9 24 e 48 meses, respectivamente. O pagamento das bolsas \u00e9 feito mensalmente, e o bolsista precisa cumprir certas obriga\u00e7\u00f5es, como prestar contas e enviar relat\u00f3rios de progresso.<\/li>\n\n\n\n<li><strong>Renova\u00e7\u00e3o e Suspens\u00e3o<\/strong>: Em algumas modalidades, \u00e9 poss\u00edvel solicitar a renova\u00e7\u00e3o da bolsa, desde que o bolsista apresente progresso satisfat\u00f3rio. Em casos de descumprimento dos compromissos ou de avalia\u00e7\u00e3o negativa, a bolsa pode ser suspensa ou cancelada.<\/li>\n<\/ol>\n\n\n\n<h3 class=\"wp-block-heading\">Import\u00e2ncia das Bolsas do CNPq<\/h3>\n\n\n\n<p>Essas bolsas t\u00eam um papel fundamental na forma\u00e7\u00e3o de novos pesquisadores e no fortalecimento das universidades e centros de pesquisa. Elas permitem que estudantes e cientistas se dediquem integralmente \u00e0 pesquisa, estimulam a inova\u00e7\u00e3o e contribuem para o avan\u00e7o cient\u00edfico e tecnol\u00f3gico do Brasil. Al\u00e9m disso, auxiliam na inclus\u00e3o de novos talentos no ambiente acad\u00eamico e contribuem para a integra\u00e7\u00e3o do pa\u00eds com redes internacionais de pesquisa.<\/p>\n\n\n\n<hr class=\"wp-block-separator has-alpha-channel-opacity\" \/>\n\n\n\n<h2 class=\"wp-block-heading has-text-align-center\">BOLSISTAS EM VIG\u00caNCIA<\/h2>\n\n\n\n<p class=\"has-text-align-center\"><strong><strong>DOUTORANDO<\/strong><\/strong><\/p>\n\n\n\n<p><strong>IVAN MARTINS TRIST\u00c3O<\/strong>&nbsp;\u2013 Data de In\u00edcio: 07\/2025 \/ Data de T\u00e9rmino: 02\/2027<\/p>\n\n\n\n<p><\/p>\n","protected":false},"excerpt":{"rendered":"<p>O sistema de bolsas do CNPq (Conselho Nacional de Desenvolvimento Cient\u00edfico e Tecnol\u00f3gico) \u00e9 uma pol\u00edtica de incentivo e fomento \u00e0 pesquisa cient\u00edfica e tecnol\u00f3gica no Brasil. O CNPq, uma ag\u00eancia p\u00fablica vinculada ao Minist\u00e9rio da Ci\u00eancia, Tecnologia e Inova\u00e7\u00e3o (MCTI), oferece bolsas para diversas modalidades, que abrangem diferentes n\u00edveis de forma\u00e7\u00e3o, desde a inicia\u00e7\u00e3o [&hellip;]<\/p>\n","protected":false},"author":12,"featured_media":0,"parent":0,"menu_order":0,"comment_status":"closed","ping_status":"closed","template":"","meta":{"_acf_changed":false,"footnotes":""},"class_list":["post-457","page","type-page","status-publish","hentry"],"acf":[],"_links":{"self":[{"href":"https:\/\/pos.uel.br\/direito-negocial\/wp-json\/wp\/v2\/pages\/457","targetHints":{"allow":["GET"]}}],"collection":[{"href":"https:\/\/pos.uel.br\/direito-negocial\/wp-json\/wp\/v2\/pages"}],"about":[{"href":"https:\/\/pos.uel.br\/direito-negocial\/wp-json\/wp\/v2\/types\/page"}],"author":[{"embeddable":true,"href":"https:\/\/pos.uel.br\/direito-negocial\/wp-json\/wp\/v2\/users\/12"}],"replies":[{"embeddable":true,"href":"https:\/\/pos.uel.br\/direito-negocial\/wp-json\/wp\/v2\/comments?post=457"}],"version-history":[{"count":6,"href":"https:\/\/pos.uel.br\/direito-negocial\/wp-json\/wp\/v2\/pages\/457\/revisions"}],"predecessor-version":[{"id":2361,"href":"https:\/\/pos.uel.br\/direito-negocial\/wp-json\/wp\/v2\/pages\/457\/revisions\/2361"}],"wp:attachment":[{"href":"https:\/\/pos.uel.br\/direito-negocial\/wp-json\/wp\/v2\/media?parent=457"}],"curies":[{"name":"wp","href":"https:\/\/api.w.org\/{rel}","templated":true}]}}