{"id":4279,"date":"2026-03-27T11:30:26","date_gmt":"2026-03-27T14:30:26","guid":{"rendered":"https:\/\/pos.uel.br\/direito-negocial\/?page_id=4279"},"modified":"2026-03-27T11:30:26","modified_gmt":"2026-03-27T14:30:26","slug":"2026-protag-2","status":"publish","type":"page","link":"https:\/\/pos.uel.br\/direito-negocial\/2026-protag-2\/","title":{"rendered":"2026 &#8211; PROTAG"},"content":{"rendered":"\n<p><strong>AS INSCRI\u00c7\u00d5ES DO PROCESSO SELETIVO AO EDITAL DO PROTAG SER\u00c3O PRORROGADAS.<\/strong> <strong>A PUBLICA\u00c7\u00c3O DO NOVO EDITAL OCORRER\u00c1 EM 27 DE MAR\u00c7O DE 2026<\/strong><\/p>\n\n\n\n<p>Inscri\u00e7\u00f5es<\/p>\n\n\n\n<h2 class=\"wp-block-heading has-text-align-center has-secondary-accent-color has-text-color has-medium-font-size\">Processo Seletivo Programa de Forma\u00e7\u00e3o para a Gest\u00e3o P\u00fablica do Estado do Paran\u00e1 \u2013 PROTAG<\/h2>\n\n\n\n<figure class=\"wp-block-table alignfull has-small-font-size\"><table><thead><tr><td class=\"has-text-align-center\" data-align=\"center\"><strong>&nbsp;DOC<\/strong><\/td><td><strong>ATIVIDADES<\/strong><\/td><td class=\"has-text-align-center\" data-align=\"center\"><strong>DATA<\/strong> | <strong>PER\u00cdODO DE PUBLICA\u00c7\u00c3O<\/strong><\/td><td class=\"has-text-align-center\" data-align=\"center\"><strong>SITUA\u00c7\u00c3O ATUAL<\/strong><\/td><\/tr><\/thead><tbody><tr><td class=\"has-text-align-center\" data-align=\"center\"><a href=\"https:\/\/pos.uel.br\/direito-negocial\/editais\/processo-seletivo-protag-2026\/\" target=\"_blank\" rel=\"noreferrer noopener\"><img decoding=\"async\" class=\"wp-image-412\" style=\"width: 25px\" src=\"https:\/\/pos.uel.br\/direitocivil\/wp-content\/uploads\/2022\/09\/paste_red1-e1663003698481.jpg\" alt=\"\"><\/a><\/td><td>Publica\u00e7\u00e3o do Edital<\/td><td class=\"has-text-align-center\" data-align=\"center\"><strong>05\/02\/2026<\/strong><\/td><td class=\"has-text-align-center\" data-align=\"center\">&nbsp;<strong>Imprescind\u00edvel Leitura!<\/strong><\/td><\/tr><tr><td class=\"has-text-align-center\" data-align=\"center\"><a href=\"https:\/\/pos.uel.br\/direito-negocial\/wp-content\/uploads\/2026\/02\/Edital-PROTAG-PPGDN-01_2026-A.pdf\"><img decoding=\"async\" class=\"wp-image-412\" style=\"width: 25px\" src=\"https:\/\/pos.uel.br\/direitocivil\/wp-content\/uploads\/2022\/09\/paste_red1-e1663003698481.jpg\" alt=\"\"><\/a><\/td><td>Publica\u00e7\u00e3o do Edital RETIFICADO<\/td><td class=\"has-text-align-center\" data-align=\"center\"><strong>25\/02\/2026<\/strong><\/td><td class=\"has-text-align-center\" data-align=\"center\">&nbsp;<strong>Imprescind\u00edvel Leitura!<\/strong><\/td><\/tr><tr><td class=\"has-text-align-center\" data-align=\"center\">&nbsp;<a href=\"https:\/\/pos.uel.br\/direito-negocial\/wp-content\/uploads\/2025\/11\/Edital-2025-PROTAG-SETI-SEAP-GOVERNO-DO-PARANA\u0301-MESTRADO.pdf\" target=\"_blank\" rel=\"noreferrer noopener\"><img decoding=\"async\" class=\"wp-image-412\" style=\"width: 25px\" src=\"https:\/\/pos.uel.br\/direitocivil\/wp-content\/uploads\/2022\/09\/paste_red1-e1663003698481.jpg\" alt=\"\"><\/a><\/td><td>Edital conjunto n\u00ba 18\/2025 &#8211; SEAP\/SETI<\/td><td class=\"has-text-align-center\" data-align=\"center\"><strong>05\/02\/2026<\/strong><\/td><td class=\"has-text-align-center\" data-align=\"center\">&nbsp;<\/td><\/tr><tr><td class=\"has-text-align-center\" data-align=\"center\">&nbsp;<a href=\"https:\/\/pos.uel.br\/direito-negocial\/wp-content\/uploads\/2026\/02\/ANEXO-I-Requerimento_Inscricao-PROTAG-2.docx\" data-type=\"link\" data-id=\"https:\/\/pos.uel.br\/direito-negocial\/editais\/resultadoisencaomestrado2025\/\" target=\"_blank\" rel=\"noreferrer noopener\"><img decoding=\"async\" class=\"wp-image-412\" style=\"width: 25px\" src=\"https:\/\/pos.uel.br\/direitocivil\/wp-content\/uploads\/2022\/09\/paste_red1-e1663003698481.jpg\" alt=\"\"><\/a><\/td><td>ANEXO I &#8211; Requerimento de inscri\u00e7\u00e3o<\/td><td class=\"has-text-align-center\" data-align=\"center\"><strong>05\/02\/2026<\/strong><\/td><td class=\"has-text-align-center\" data-align=\"center\">&nbsp;<\/td><\/tr><tr><td class=\"has-text-align-center\" data-align=\"center\">&nbsp;<a href=\"https:\/\/pos.uel.br\/direito-negocial\/wp-content\/uploads\/2026\/02\/ANEXO-II-PRE-PROJETO-MESTRADO-PROTAG-1.doc\" data-type=\"link\" data-id=\"https:\/\/pos.uel.br\/direito-negocial\/editais\/resultadoisencaomestrado2025\/\" target=\"_blank\" rel=\"noreferrer noopener\"><img decoding=\"async\" class=\"wp-image-412\" style=\"width: 25px\" src=\"https:\/\/pos.uel.br\/direitocivil\/wp-content\/uploads\/2022\/09\/paste_red1-e1663003698481.jpg\" alt=\"\"><\/a><\/td><td>ANEXO II &#8211; Modelo de pr\u00e9-projeto<\/td><td class=\"has-text-align-center\" data-align=\"center\"><strong><strong>05\/02\/2026<\/strong><\/strong><\/td><td class=\"has-text-align-center\" data-align=\"center\">&nbsp;<\/td><\/tr><tr><td class=\"has-text-align-center\" data-align=\"center\">&nbsp;<a href=\"https:\/\/pos.uel.br\/direito-negocial\/wp-content\/uploads\/2026\/02\/ANEXO-III-ORIENTAC\u0327O\u0303ES-PARA-PREENCHIMENTO-DO-PRE\u0301-PROJETO-MESTRADO-PROTAG-2.pdf\" target=\"_blank\" rel=\"noreferrer noopener\"><img decoding=\"async\" class=\"wp-image-412\" style=\"width: 25px\" src=\"https:\/\/pos.uel.br\/direitocivil\/wp-content\/uploads\/2022\/09\/paste_red1-e1663003698481.jpg\" alt=\"\"><\/a><\/td><td>ANEXO III &#8211; Orienta\u00e7\u00f5es para preenchimento do pr\u00e9-projeto<\/td><td class=\"has-text-align-center\" data-align=\"center\"><strong><strong>05\/02\/2026<\/strong><\/strong><\/td><td class=\"has-text-align-center\" data-align=\"center\">&nbsp;<\/td><\/tr><tr><td class=\"has-text-align-center\" data-align=\"center\">&nbsp;<a href=\"https:\/\/pos.uel.br\/direito-negocial\/wp-content\/uploads\/2026\/02\/ANEXO-IV-MODELO-CURRICULO-MESTRADO-PROTAG.docx\" data-type=\"link\" data-id=\"https:\/\/pos.uel.br\/direito-negocial\/editais\/resultadoisencaomestrado2025\/\" target=\"_blank\" rel=\"noreferrer noopener\"><img decoding=\"async\" class=\"wp-image-412\" style=\"width: 25px\" src=\"https:\/\/pos.uel.br\/direitocivil\/wp-content\/uploads\/2022\/09\/paste_red1-e1663003698481.jpg\" alt=\"\"><\/a><\/td><td>ANEXO IV &#8211; Modelo de curr\u00edculo<\/td><td class=\"has-text-align-center\" data-align=\"center\"><strong><strong>05\/02\/2026<\/strong><\/strong><\/td><td class=\"has-text-align-center\" data-align=\"center\"><\/td><\/tr><tr><td class=\"has-text-align-center\" data-align=\"center\">&nbsp;<a href=\"https:\/\/pos.uel.br\/direito-negocial\/wp-content\/uploads\/2026\/02\/ANEXO-V-ORIENTAC\u0327O\u0303ES-PARA-PREENCHIMENTO-DO-CURRI\u0301CULO-MESTRADO-PROTAG.pdf\" data-type=\"link\" data-id=\"https:\/\/pos.uel.br\/direito-negocial\/editais\/resultadoisencaomestrado2025\/\" target=\"_blank\" rel=\"noreferrer noopener\"><img decoding=\"async\" class=\"wp-image-412\" style=\"width: 25px\" src=\"https:\/\/pos.uel.br\/direitocivil\/wp-content\/uploads\/2022\/09\/paste_red1-e1663003698481.jpg\" alt=\"\"><\/a><\/td><td>ANEXO V &#8211; Orienta\u00e7\u00f5es para preenchimento do curr\u00edculo<\/td><td class=\"has-text-align-center\" data-align=\"center\"><strong><strong>05\/02\/2026<\/strong><\/strong><\/td><td class=\"has-text-align-center\" data-align=\"center\">&nbsp;<\/td><\/tr><tr><td class=\"has-text-align-center\" data-align=\"center\"><a href=\"https:\/\/pos.uel.br\/direito-negocial\/wp-content\/uploads\/2026\/02\/ANEXO-VI-CRITE\u0301RIOS-PONTUAC\u0327A\u0303O-PROVA-ORAL-MESTRADO-PROTAG.pdf\" data-type=\"link\" data-id=\"https:\/\/pos.uel.br\/direito-negocial\/editais\/resultadoisencaomestrado2025\/\" target=\"_blank\" rel=\"noreferrer noopener\"><img decoding=\"async\" class=\"wp-image-412\" style=\"width: 25px\" src=\"https:\/\/pos.uel.br\/direitocivil\/wp-content\/uploads\/2022\/09\/paste_red1-e1663003698481.jpg\" alt=\"\"><\/a><\/td><td>ANEXO VI &#8211; Crit\u00e9rios de pontua\u00e7\u00e3o da prova oral<\/td><td class=\"has-text-align-center\" data-align=\"center\"><strong><strong>05\/02\/2026<\/strong><\/strong><\/td><td class=\"has-text-align-center\" data-align=\"center\">&nbsp;<\/td><\/tr><tr><td class=\"has-text-align-center\" data-align=\"center\">&nbsp;<a href=\"https:\/\/pos.uel.br\/direito-negocial\/wp-content\/uploads\/2026\/02\/ANEXO-VII-CRITE\u0301RIOS-PONTUAC\u0327A\u0303O-PRE\u0301-PROJETO-MESTRADO-PROTAG.pdf\" data-type=\"link\" data-id=\"https:\/\/pos.uel.br\/direito-negocial\/editais\/resultadoisencaomestrado2025\/\" target=\"_blank\" rel=\"noreferrer noopener\"><img decoding=\"async\" class=\"wp-image-412\" style=\"width: 25px\" src=\"https:\/\/pos.uel.br\/direitocivil\/wp-content\/uploads\/2022\/09\/paste_red1-e1663003698481.jpg\" alt=\"\"><\/a><\/td><td>ANEXO VII &#8211; Crit\u00e9rios de pontua\u00e7\u00e3o de pr\u00e9-projeto<\/td><td class=\"has-text-align-center\" data-align=\"center\"><strong><strong>05\/02\/2026<\/strong><\/strong><\/td><td class=\"has-text-align-center\" data-align=\"center\">&nbsp;<\/td><\/tr><tr><td class=\"has-text-align-center\" data-align=\"center\">&nbsp;<a href=\"https:\/\/pos.uel.br\/direito-negocial\/wp-content\/uploads\/2026\/02\/ANEXO-VIII-QUADRO-DE-VAGAS-PROTAG-MEST_DOUT.pdf\"><img decoding=\"async\" class=\"wp-image-412\" style=\"width: 25px\" src=\"https:\/\/pos.uel.br\/direitocivil\/wp-content\/uploads\/2022\/09\/paste_red1-e1663003698481.jpg\" alt=\"\"><\/a><\/td><td>ANEXO VIII &#8211; Quadro de vagas<\/td><td class=\"has-text-align-center\" data-align=\"center\"><strong><strong>25\/02\/2026<\/strong><\/strong><\/td><td class=\"has-text-align-center\" data-align=\"center\">&nbsp;<\/td><\/tr><tr><td class=\"has-text-align-center\" data-align=\"center\"><\/td><td>Per\u00edodo de <strong>Inscri\u00e7\u00e3o para a etapa de sele\u00e7\u00e3o na UEL<\/strong> \u2013 para os candidatos <br>pr\u00e9-selecionados pela Escola de Gest\u00e3o do Paran\u00e1<\/td><td class=\"has-text-align-center\" data-align=\"center\"><strong><strong>&#8211;&nbsp;<\/strong>&nbsp;<\/strong><\/td><td class=\"has-text-align-center\" data-align=\"center\">&nbsp;<\/td><\/tr><tr><td class=\"has-text-align-center\" data-align=\"center\">&nbsp;<\/td><td>Per\u00edodo de an\u00e1lise de documentos<\/td><td class=\"has-text-align-center\" data-align=\"center\">&#8211;<\/td><td class=\"has-text-align-center\" data-align=\"center\">&nbsp;<\/td><\/tr><tr><td class=\"has-text-align-center\" data-align=\"center\"> <a href=\"http:\/\/EM BREVE\"><img decoding=\"async\" class=\"wp-image-412\" style=\"width: 25px\" src=\"https:\/\/pos.uel.br\/direitocivil\/wp-content\/uploads\/2022\/09\/paste_red1-e1663003698481.jpg\" alt=\"\"><\/a>&nbsp;<\/td><td>Homologa\u00e7\u00e3o das inscri\u00e7\u00f5es<\/td><td class=\"has-text-align-center\" data-align=\"center\">&#8211;<\/td><td class=\"has-text-align-center\" data-align=\"center\">&nbsp;<\/td><\/tr><tr><td class=\"has-text-align-center\" data-align=\"center\"><\/td><td>Per\u00edodo para Recursos<\/td><td class=\"has-text-align-center\" data-align=\"center\">&#8211;<\/td><td class=\"has-text-align-center\" data-align=\"center\">&nbsp;<\/td><\/tr><tr><td class=\"has-text-align-center\" data-align=\"center\">&nbsp;<\/td><td>An\u00e1lise dos pr\u00e9-projetos e curr\u00edculos<\/td><td class=\"has-text-align-center\" data-align=\"center\">&#8211;<\/td><td class=\"has-text-align-center\" data-align=\"center\"><\/td><\/tr><tr><td class=\"has-text-align-center\" data-align=\"center\"> <a href=\"http:\/\/EM BREVE\" data-type=\"link\" data-id=\"https:\/\/pos.uel.br\/direito-negocial\/wp-content\/uploads\/2025\/06\/edital-resultado-preliminar-mestrado-2025.pdf\"><\/a><a href=\"https:\/\/pos.uel.br\/direito-negocial\/wp-content\/uploads\/2025\/06\/edital-resultado-preliminar-mestrado-2025.pdf\" data-type=\"link\" data-id=\"https:\/\/pos.uel.br\/direito-negocial\/wp-content\/uploads\/2025\/06\/edital-resultado-preliminar-mestrado-2025.pdf\">&nbsp;<\/a><\/td><td>Realiza\u00e7\u00e3o das entrevistas<\/td><td class=\"has-text-align-center\" data-align=\"center\">&#8211;<\/td><td class=\"has-text-align-center\" data-align=\"center\">&nbsp;<\/td><\/tr><tr><td class=\"has-text-align-center\" data-align=\"center\"> <a href=\"http:\/\/EM BREVE\" data-type=\"attachment\" data-id=\"1984\"><img decoding=\"async\" class=\"wp-image-412\" style=\"width: 25px\" src=\"https:\/\/pos.uel.br\/direitocivil\/wp-content\/uploads\/2022\/09\/paste_red1-e1663003698481.jpg\" alt=\"\"><\/a>&nbsp;<\/td><td><strong>Divulga\u00e7\u00e3o do Edital de Resultado Final<\/strong><\/td><td class=\"has-text-align-center\" data-align=\"center\">&#8211;<\/td><td class=\"has-text-align-center\" data-align=\"center\"><\/td><\/tr><tr><td class=\"has-text-align-center\" data-align=\"center\">&nbsp;<\/td><td>Per\u00edodo para recursos<\/td><td class=\"has-text-align-center\" data-align=\"center\"><strong>&#8211;<\/strong><\/td><td class=\"has-text-align-center\" data-align=\"center\">&nbsp;<\/td><\/tr><tr><td class=\"has-text-align-center\" data-align=\"center\">&nbsp;<a href=\"http:\/\/EM BREVE\" data-type=\"attachment\" data-id=\"1984\"><img decoding=\"async\" class=\"wp-image-412\" style=\"width: 25px\" src=\"https:\/\/pos.uel.br\/direitocivil\/wp-content\/uploads\/2022\/09\/paste_red1-e1663003698481.jpg\" alt=\"\"><\/a><\/td><td><strong>Convoca\u00e7\u00e3o para CADASTRO NO PORTAL DO ESTUDANTE &#8211; Matr\u00edcula<\/strong><\/td><td class=\"has-text-align-center\" data-align=\"center\"><strong><strong><strong><strong>&#8211;<\/strong><\/strong><\/strong><\/strong><\/td><td class=\"has-text-align-center\" data-align=\"center\">&nbsp;<\/td><\/tr><tr><td class=\"has-text-align-center\" data-align=\"center\">&nbsp;<\/td><td>In\u00edcio do per\u00edodo letivo<\/td><td class=\"has-text-align-center\" data-align=\"center\"><strong><strong>&#8211;<\/strong><\/strong><\/td><td class=\"has-text-align-center\" data-align=\"center\">&nbsp;<\/td><\/tr><\/tbody><\/table><\/figure>\n","protected":false},"excerpt":{"rendered":"<p>AS INSCRI\u00c7\u00d5ES DO PROCESSO SELETIVO AO EDITAL DO PROTAG SER\u00c3O PRORROGADAS. A PUBLICA\u00c7\u00c3O DO NOVO EDITAL OCORRER\u00c1 EM 27 DE MAR\u00c7O DE 2026 Inscri\u00e7\u00f5es Processo Seletivo Programa de Forma\u00e7\u00e3o para a Gest\u00e3o P\u00fablica do Estado do Paran\u00e1 \u2013 PROTAG &nbsp;DOC ATIVIDADES DATA | PER\u00cdODO DE PUBLICA\u00c7\u00c3O SITUA\u00c7\u00c3O ATUAL Publica\u00e7\u00e3o do Edital 05\/02\/2026 &nbsp;Imprescind\u00edvel Leitura! Publica\u00e7\u00e3o [&hellip;]<\/p>\n","protected":false},"author":9,"featured_media":0,"parent":0,"menu_order":0,"comment_status":"closed","ping_status":"closed","template":"","meta":{"_acf_changed":false,"footnotes":""},"class_list":["post-4279","page","type-page","status-publish","hentry"],"acf":[],"_links":{"self":[{"href":"https:\/\/pos.uel.br\/direito-negocial\/wp-json\/wp\/v2\/pages\/4279","targetHints":{"allow":["GET"]}}],"collection":[{"href":"https:\/\/pos.uel.br\/direito-negocial\/wp-json\/wp\/v2\/pages"}],"about":[{"href":"https:\/\/pos.uel.br\/direito-negocial\/wp-json\/wp\/v2\/types\/page"}],"author":[{"embeddable":true,"href":"https:\/\/pos.uel.br\/direito-negocial\/wp-json\/wp\/v2\/users\/9"}],"replies":[{"embeddable":true,"href":"https:\/\/pos.uel.br\/direito-negocial\/wp-json\/wp\/v2\/comments?post=4279"}],"version-history":[{"count":1,"href":"https:\/\/pos.uel.br\/direito-negocial\/wp-json\/wp\/v2\/pages\/4279\/revisions"}],"predecessor-version":[{"id":4281,"href":"https:\/\/pos.uel.br\/direito-negocial\/wp-json\/wp\/v2\/pages\/4279\/revisions\/4281"}],"wp:attachment":[{"href":"https:\/\/pos.uel.br\/direito-negocial\/wp-json\/wp\/v2\/media?parent=4279"}],"curies":[{"name":"wp","href":"https:\/\/api.w.org\/{rel}","templated":true}]}}