{"id":4227,"date":"2026-03-27T09:40:49","date_gmt":"2026-03-27T12:40:49","guid":{"rendered":"https:\/\/pos.uel.br\/direito-negocial\/?page_id=4227"},"modified":"2026-03-27T10:26:26","modified_gmt":"2026-03-27T13:26:26","slug":"2025-mestrado","status":"publish","type":"page","link":"https:\/\/pos.uel.br\/direito-negocial\/arquivo-processo-seletivo-estudante-especial-2025-2\/2025-mestrado\/","title":{"rendered":"2025 &#8211; Mestrado"},"content":{"rendered":"\n<p>O processo seletivo para o mestrado em Direito Negocial da Universidade Estadual de Londrina (UEL) tem tr\u00eas fases principais:<\/p>\n\n\n\n<p><strong>1. An\u00e1lise do Pr\u00e9 Projeto de Disserta\u00e7\u00e3o (Primeira Fase)<\/strong><\/p>\n\n\n\n<ul class=\"wp-block-list\">\n<li><strong>O que \u00e9?<\/strong> \u00c9 quando os professores v\u00e3o avaliar a ideia de pesquisa que voc\u00ea prop\u00f4s. Isso \u00e9 um documento onde voc\u00ea explica o que quer estudar no mestrado, como vai fazer essa pesquisa e por que o tema \u00e9 importante.<\/li>\n\n\n\n<li><strong>Objetivo:<\/strong> Ver se a sua ideia est\u00e1 de acordo com o que o programa de mestrado estuda (as linhas de pesquisa) e se ela faz sentido no campo do Direito Negocial.<\/li>\n\n\n\n<li><strong>Pontua\u00e7\u00e3o:<\/strong> Os professores d\u00e3o uma nota de 0 a 100, e voc\u00ea precisa de pelo menos 70 pontos para passar. Se n\u00e3o atingir essa nota, voc\u00ea n\u00e3o continua no processo.<\/li>\n\n\n\n<li><strong>Importante:<\/strong> O resultado dessa fase \u00e9 divulgado online, e quem for aprovado passa para a pr\u00f3xima etapa. O pr\u00e9 projeto deve seguir o modelo indicado.<\/li>\n<\/ul>\n\n\n\n<p><strong>2. An\u00e1lise do Curr\u00edculo (Segunda Fase)<\/strong><\/p>\n\n\n\n<ul class=\"wp-block-list\">\n<li><strong>O que \u00e9?<\/strong> Aqui, os professores v\u00e3o olhar seu <strong>Curriculum Vitae<\/strong> (CV), que \u00e9 um documento mostrando sua trajet\u00f3ria profissional e acad\u00eamica (cursos, experi\u00eancias, publica\u00e7\u00f5es, etc.).<\/li>\n\n\n\n<li><strong>Pontua\u00e7\u00e3o:<\/strong> Essa fase tamb\u00e9m tem uma pontua\u00e7\u00e3o, mas \u00e9 apenas classificat\u00f3ria. Isso significa que sua nota aqui n\u00e3o elimina voc\u00ea, mas ajuda a melhorar sua posi\u00e7\u00e3o no processo seletivo.<\/li>\n\n\n\n<li><strong>Importante:<\/strong> O curr\u00edculo precisa ser entregue no prazo, com todas as comprova\u00e7\u00f5es das atividades conforme o anexo do edital de sele\u00e7\u00e3o.<\/li>\n<\/ul>\n\n\n\n<p><strong>3. Prova Oral (Terceira Fase)<\/strong><\/p>\n\n\n\n<ul class=\"wp-block-list\">\n<li><strong>O que \u00e9?<\/strong> Nesta fase, voc\u00ea participa de uma entrevista com os professores. Eles v\u00e3o te fazer perguntas sobre o seu pr\u00e9-projeto de disserta\u00e7\u00e3o, sobre as ideias que voc\u00ea tem para o mestrado e sobre o seu curr\u00edculo.<\/li>\n\n\n\n<li><strong>Objetivo:<\/strong> Eles querem ver como voc\u00ea defende sua pesquisa e se voc\u00ea tem um bom entendimento sobre o que vai estudar.<\/li>\n\n\n\n<li><strong>Pontua\u00e7\u00e3o:<\/strong> A prova oral vale at\u00e9 100 pontos, e para ser aprovado voc\u00ea precisa tirar pelo menos 70 pontos.<\/li>\n\n\n\n<li><strong>Importante:<\/strong> Essa \u00e9 uma etapa presencial, e n\u00e3o h\u00e1 segunda chance se voc\u00ea faltar no dia. A prova oral segue os par\u00e2metros conforme o anexo do edital de sele\u00e7\u00e3o.<\/li>\n<\/ul>\n\n\n\n<p><strong>Processo Seletivo Mestrado &#8211; 2025<\/strong><\/p>\n\n\n\n<figure class=\"wp-block-table has-small-font-size\"><table><thead><tr><td class=\"has-text-align-center\" data-align=\"center\"><strong>&nbsp;DOC<\/strong><\/td><td><strong>ATIVIDADES<\/strong><\/td><td class=\"has-text-align-center\" data-align=\"center\"><strong>DATA<\/strong> |<strong> PER\u00cdODO DE PUBLICA\u00c7\u00c3O<\/strong><\/td><td class=\"has-text-align-center\" data-align=\"center\"><strong>SITUA\u00c7\u00c3O ATUAL<\/strong><\/td><\/tr><\/thead><tbody><tr><td class=\"has-text-align-center\" data-align=\"center\"><a href=\"https:\/\/pos.uel.br\/direito-negocial\/editais\/edital-selecao-alunos-regulares-mestrado-2025\/\" target=\"_blank\" rel=\"noreferrer noopener\"><img decoding=\"async\" class=\"wp-image-412\" style=\"width: 25px\" src=\"https:\/\/pos.uel.br\/direitocivil\/wp-content\/uploads\/2022\/09\/paste_red1-e1663003698481.jpg\" alt=\"\"><\/a><\/td><td>Publica\u00e7\u00e3o do Edital<\/td><td class=\"has-text-align-center\" data-align=\"center\"><strong>24\/03\/2025<\/strong><\/td><td class=\"has-text-align-center\" data-align=\"center\">&nbsp;<strong>Imprescind\u00edvel Leitura!<\/strong><\/td><\/tr><tr><td class=\"has-text-align-center\" data-align=\"center\">&nbsp;<\/td><td>Per\u00edodo para Requerimento de <strong>Isen\u00e7\u00e3o <\/strong>da Taxa de Inscri\u00e7\u00e3o (todas as modalidades)<\/td><td class=\"has-text-align-center\" data-align=\"center\"><strong>27\/03 a 31\/03\/2025<\/strong><\/td><td class=\"has-text-align-center\" data-align=\"center\">&nbsp;<\/td><\/tr><tr><td class=\"has-text-align-center\" data-align=\"center\">&nbsp;<a href=\"https:\/\/pos.uel.br\/direito-negocial\/editais\/resultadoisencaomestrado2025\/\" data-type=\"link\" data-id=\"https:\/\/pos.uel.br\/direito-negocial\/editais\/resultadoisencaomestrado2025\/\" target=\"_blank\" rel=\"noreferrer noopener\"><img decoding=\"async\" class=\"wp-image-412\" style=\"width: 25px\" src=\"https:\/\/pos.uel.br\/direitocivil\/wp-content\/uploads\/2022\/09\/paste_red1-e1663003698481.jpg\" alt=\"\"><\/a><\/td><td>Edital com Resultado dos Requerimentos de Isen\u00e7\u00e3o da Taxa de Inscri\u00e7\u00e3o<\/td><td class=\"has-text-align-center\" data-align=\"center\"><strong>03\/04\/2025<\/strong><\/td><td class=\"has-text-align-center\" data-align=\"center\">&nbsp;<\/td><\/tr><tr><td class=\"has-text-align-center\" data-align=\"center\">&nbsp;<\/td><td>Interposi\u00e7\u00e3o de Recurso ao Resultado dos Requerimentos de Isen\u00e7\u00e3o da Taxa de Inscri\u00e7\u00e3o<\/td><td class=\"has-text-align-center\" data-align=\"center\"><strong>04\/04\/2025<\/strong><\/td><td class=\"has-text-align-center\" data-align=\"center\">&nbsp;<\/td><\/tr><tr><td class=\"has-text-align-center\" data-align=\"center\">&nbsp;<a href=\"https:\/\/drive.google.com\/file\/d\/1axAC3pKRAVtZF2sJHrNb78JWl5SB2_3a\/view?usp=sharing\" target=\"_blank\" rel=\"noreferrer noopener\"><img decoding=\"async\" class=\"wp-image-412\" style=\"width: 25px\" src=\"https:\/\/pos.uel.br\/direitocivil\/wp-content\/uploads\/2022\/09\/paste_red1-e1663003698481.jpg\" alt=\"\"><\/a><\/td><td>Edital com Resposta aos Recursos Interpostos ao Resultado dos Requerimentos de Isen\u00e7\u00e3o da Taxa de Inscri\u00e7\u00e3o<\/td><td class=\"has-text-align-center\" data-align=\"center\"><strong>08\/04\/2025<\/strong><\/td><td class=\"has-text-align-center\" data-align=\"center\">&nbsp;<\/td><\/tr><tr><td class=\"has-text-align-center\" data-align=\"center\">&nbsp;<\/td><td><strong>Per\u00edodo de Inscri\u00e7\u00e3o e envio dos Documentos <\/strong><br>Exclusivamente em <em><u>https:\/\/sites.uel.br\/proppg\/inscricoes\/<\/u><\/em><\/td><td class=\"has-text-align-center\" data-align=\"center\"><strong>11\/04 a 16\/05\/2025<\/strong><\/td><td class=\"has-text-align-center\" data-align=\"center\"><strong>INSCRI\u00c7\u00d5ES PRORROGADAS <br>AT\u00c9 12H DO DIA 19\/05\/2025&nbsp;<\/strong><\/td><\/tr><tr><td class=\"has-text-align-center\" data-align=\"center\">&nbsp;<\/td><td>Entrevista &#8211; A\u00e7\u00f5es Afirmativas &#8211; Comiss\u00e3o de Heteroidentifica\u00e7\u00e3o<\/td><td class=\"has-text-align-center\" data-align=\"center\"><strong>19 a 23\/05\/2025<\/strong><\/td><td class=\"has-text-align-center\" data-align=\"center\">&nbsp;<\/td><\/tr><tr><td class=\"has-text-align-center\" data-align=\"center\"><a href=\"https:\/\/pos.uel.br\/direito-negocial\/editais\/resultado-da-analise-das-comissoes-de-acoes-afirmativas-cotas-negros-indigenas-e-deficientes\/\" data-type=\"link\" data-id=\"https:\/\/pos.uel.br\/direito-negocial\/editais\/resultado-da-analise-das-comissoes-de-acoes-afirmativas-cotas-negros-indigenas-e-deficientes\/\"><img decoding=\"async\" class=\"wp-image-412\" style=\"width: 25px\" src=\"https:\/\/pos.uel.br\/direitocivil\/wp-content\/uploads\/2022\/09\/paste_red1-e1663003698481.jpg\" alt=\"\">&nbsp;<\/a><\/td><td>Resultado da An\u00e1lise das Comiss\u00f5es de A\u00e7\u00f5es Afirmativas (cotas negros, ind\u00edgenas e deficientes)<\/td><td class=\"has-text-align-center\" data-align=\"center\"><strong>27\/05\/2025<\/strong><\/td><td class=\"has-text-align-center\" data-align=\"center\">&nbsp;<\/td><\/tr><tr><td class=\"has-text-align-center\" data-align=\"center\">&nbsp;<\/td><td>Interposi\u00e7\u00e3o de Recursos ao Resultado da An\u00e1lise das Comiss\u00f5es das A\u00e7\u00f5es Afirmativas<\/td><td class=\"has-text-align-center\" data-align=\"center\"><strong>28\/05\/2025<\/strong><\/td><td class=\"has-text-align-center\" data-align=\"center\">&nbsp;<\/td><\/tr><tr><td class=\"has-text-align-center\" data-align=\"center\">&nbsp;<a href=\"https:\/\/pos.uel.br\/direito-negocial\/wp-content\/uploads\/2025\/05\/Edital-2025-Aluno-Regular-Resultado-Candidatos-Cotistas-MESTRADO.docx-4.pdf\" data-type=\"link\" data-id=\"https:\/\/pos.uel.br\/direito-negocial\/wp-content\/uploads\/2025\/05\/Edital-2025-Aluno-Regular-Resultado-Candidatos-Cotistas-MESTRADO.docx-3.pdf\"><img decoding=\"async\" class=\"wp-image-412\" style=\"width: 25px\" src=\"https:\/\/pos.uel.br\/direitocivil\/wp-content\/uploads\/2022\/09\/paste_red1-e1663003698481.jpg\" alt=\"\"><\/a><\/td><td>Devolutiva da An\u00e1lise dos Recursos Interpostos ao Resultado das Comiss\u00f5es das A\u00e7\u00f5es Afirmativas<\/td><td class=\"has-text-align-center\" data-align=\"center\"><strong>30\/05\/2025<\/strong><\/td><td class=\"has-text-align-center\" data-align=\"center\">&nbsp;<\/td><\/tr><tr><td class=\"has-text-align-center\" data-align=\"center\">&nbsp;<\/td><td><strong>Per\u00edodo de Sele\u00e7\u00e3o para o Mestrado<\/strong><\/td><td class=\"has-text-align-center\" data-align=\"center\">&nbsp;<\/td><td class=\"has-text-align-center\" data-align=\"center\">&nbsp;<\/td><\/tr><tr><td class=\"has-text-align-center\" data-align=\"center\">&nbsp;<\/td><td><strong>Confer\u00eancia dos Documentos pessoais e Avalia\u00e7\u00e3o do Pr\u00e9-projeto de Disserta\u00e7\u00e3o <\/strong><br>(eliminat\u00f3ria e classificat\u00f3ria)<\/td><td class=\"has-text-align-center\" data-align=\"center\"><strong>19\/05 a 23\/05\/2025<\/strong><\/td><td class=\"has-text-align-center\" data-align=\"center\">&nbsp;<\/td><\/tr><tr><td class=\"has-text-align-center\" data-align=\"center\"><a href=\"https:\/\/pos.uel.br\/direito-negocial\/wp-content\/uploads\/2025\/05\/Publicar-EDITAL-PRE-PROJETOS-APROVADOS-MESTRADO.docx.pdf\"><img decoding=\"async\" class=\"wp-image-412\" style=\"width: 25px\" src=\"https:\/\/pos.uel.br\/direitocivil\/wp-content\/uploads\/2022\/09\/paste_red1-e1663003698481.jpg\" alt=\"\"><\/a>&nbsp;<\/td><td>Divulga\u00e7\u00e3o do Resultado da Fase I (Projetos Aprovados)<\/td><td class=\"has-text-align-center\" data-align=\"center\"><strong>26\/05\/2025<\/strong><\/td><td class=\"has-text-align-center\" data-align=\"center\">&nbsp;<\/td><\/tr><tr><td class=\"has-text-align-center\" data-align=\"center\"><a href=\"https:\/\/pos.uel.br\/direito-negocial\/wp-content\/uploads\/2025\/05\/EDITAL-CONVOCACAO-PROVA-ORAL-MESTRADO.pdf\" data-type=\"link\" data-id=\"https:\/\/pos.uel.br\/direito-negocial\/wp-content\/uploads\/2025\/05\/EDITAL-CONVOCACAO-PROVA-ORAL-MESTRADO.pdf\"><img decoding=\"async\" class=\"wp-image-412\" style=\"width: 25px\" src=\"https:\/\/pos.uel.br\/direitocivil\/wp-content\/uploads\/2022\/09\/paste_red1-e1663003698481.jpg\" alt=\"\"><\/a><a href=\"https:\/\/pos.uel.br\/direito-negocial\/editais\/edital-convocacao-prova-oral-mestrado-2025\/\" data-type=\"link\" data-id=\"https:\/\/pos.uel.br\/direito-negocial\/editais\/edital-convocacao-prova-oral-mestrado-2025\/\">&nbsp;<\/a><\/td><td><strong>Edital de convoca\u00e7\u00e3o para a prova oral<\/strong><\/td><td class=\"has-text-align-center\" data-align=\"center\"><strong>29\/05\/2025<\/strong><\/td><td class=\"has-text-align-center\" data-align=\"center\">&nbsp;<\/td><\/tr><tr><td class=\"has-text-align-center\" data-align=\"center\">&nbsp;<\/td><td><strong>Prova Oral (per\u00edodo das entrevistas)<\/strong><br>(eliminat\u00f3ria e classificat\u00f3ria)<\/td><td class=\"has-text-align-center\" data-align=\"center\"><strong>02\/06\/2025 a 06\/06\/2025<\/strong><\/td><td class=\"has-text-align-center\" data-align=\"center\"><strong>Chegue 15 minutos antes!&nbsp;<\/strong>&nbsp;<\/td><\/tr><tr><td class=\"has-text-align-center\" data-align=\"center\"><a href=\"https:\/\/pos.uel.br\/direito-negocial\/wp-content\/uploads\/2025\/06\/edital-resultado-preliminar-mestrado-2025.pdf\" data-type=\"link\" data-id=\"https:\/\/pos.uel.br\/direito-negocial\/wp-content\/uploads\/2025\/06\/edital-resultado-preliminar-mestrado-2025.pdf\"><img decoding=\"async\" class=\"wp-image-412\" style=\"width: 25px\" src=\"https:\/\/pos.uel.br\/direitocivil\/wp-content\/uploads\/2022\/09\/paste_red1-e1663003698481.jpg\" alt=\"\">&nbsp;<\/a><\/td><td><strong>Divulga\u00e7\u00e3o do resultado preliminar<\/strong><\/td><td class=\"has-text-align-center\" data-align=\"center\"><strong>09\/06\/2025<\/strong><\/td><td class=\"has-text-align-center\" data-align=\"center\">&nbsp;<\/td><\/tr><tr><td class=\"has-text-align-center\" data-align=\"center\"><a href=\"https:\/\/pos.uel.br\/direito-negocial\/wp-content\/uploads\/2025\/06\/vagas-remanescentes-mestrado-20252.pdf\" data-type=\"attachment\" data-id=\"1984\"><img decoding=\"async\" class=\"wp-image-412\" style=\"width: 25px\" src=\"https:\/\/pos.uel.br\/direitocivil\/wp-content\/uploads\/2022\/09\/paste_red1-e1663003698481.jpg\" alt=\"\"><\/a><\/td><td><strong>Edital de convoca\u00e7\u00e3o para as vagas remanescentes (Suplentes)<\/strong><\/td><td class=\"has-text-align-center\" data-align=\"center\"><strong>09\/06\/2025<\/strong><\/td><td class=\"has-text-align-center\" data-align=\"center\">&nbsp;<\/td><\/tr><tr><td class=\"has-text-align-center\" data-align=\"center\">&nbsp;<\/td><td>Entrega do novo projeto para as vagas remanescentes (via e-mail)<\/td><td class=\"has-text-align-center\" data-align=\"center\"><strong>10\/06\/2025 a 11\/06\/2025<\/strong><\/td><td class=\"has-text-align-center\" data-align=\"center\">&nbsp;<\/td><\/tr><tr><td class=\"has-text-align-center\" data-align=\"center\"><a href=\"https:\/\/pos.uel.br\/direito-negocial\/wp-content\/uploads\/2025\/06\/EDITAL-PRE-PROJETOS-APROVADOS-MESTRADO-VAGAS-REMANESCENTES.pdf\" data-type=\"link\" data-id=\"https:\/\/pos.uel.br\/direito-negocial\/wp-content\/uploads\/2025\/06\/EDITAL-PRE-PROJETOS-APROVADOS-MESTRADO-VAGAS-REMANESCENTES.pdf\"><img decoding=\"async\" class=\"wp-image-412\" style=\"width: 25px\" src=\"https:\/\/pos.uel.br\/direitocivil\/wp-content\/uploads\/2022\/09\/paste_red1-e1663003698481.jpg\" alt=\"\">&nbsp;<\/a><\/td><td>Publica\u00e7\u00e3o do resultado das notas dos projetos para as vagas remanescentes e convoca\u00e7\u00e3o para a prova oral<\/td><td class=\"has-text-align-center\" data-align=\"center\"><strong>12\/06\/2025<\/strong><\/td><td class=\"has-text-align-center\" data-align=\"center\"><\/td><\/tr><tr><td class=\"has-text-align-center\" data-align=\"center\">&nbsp;<\/td><td>Prova Oral candidatos suplentes<\/td><td class=\"has-text-align-center\" data-align=\"center\"><strong>13\/06\/2025<\/strong><\/td><td class=\"has-text-align-center\" data-align=\"center\"><strong>SALA 404 &#8211; 14H!!!<\/strong>&nbsp;<\/td><\/tr><tr><td class=\"has-text-align-center\" data-align=\"center\">&nbsp;<a href=\"https:\/\/pos.uel.br\/direito-negocial\/wp-content\/uploads\/2025\/06\/edital-resultado-final-mestrado-2025-1.pdf\" data-type=\"link\" data-id=\"https:\/\/pos.uel.br\/direito-negocial\/wp-content\/uploads\/2025\/06\/EDITAL-PRE-PROJETOS-APROVADOS-MESTRADO-VAGAS-REMANESCENTES.pdf\"><img decoding=\"async\" class=\"wp-image-412\" style=\"width: 25px\" src=\"https:\/\/pos.uel.br\/direitocivil\/wp-content\/uploads\/2022\/09\/paste_red1-e1663003698481.jpg\" alt=\"\"><\/a><\/td><td>Divulga\u00e7\u00e3o do Edital de <strong>Resultado Final<\/strong> e Convoca\u00e7\u00e3o para Matr\u00edcula<\/td><td class=\"has-text-align-center\" data-align=\"center\"><strong>18\/06\/2025<\/strong><\/td><td class=\"has-text-align-center\" data-align=\"center\">&nbsp;<\/td><\/tr><tr><td class=\"has-text-align-center\" data-align=\"center\">&nbsp;<\/td><td><strong>Per\u00edodo de Matr\u00edcula<\/strong><\/td><td class=\"has-text-align-center\" data-align=\"center\"><strong>24\/06 a 27\/06\/2025<\/strong><\/td><td class=\"has-text-align-center\" data-align=\"center\">&nbsp;<\/td><\/tr><tr><td class=\"has-text-align-center\" data-align=\"center\">&nbsp;<\/td><td><strong>In\u00edcio do Semestre Letivo<\/strong><\/td><td class=\"has-text-align-center\" data-align=\"center\"><strong>18\/08\/2025<\/strong><\/td><td class=\"has-text-align-center\" data-align=\"center\">&nbsp;<\/td><\/tr><\/tbody><\/table><\/figure>\n\n\n\n<p><\/p>\n\n\n\n<p class=\"has-text-align-center\"><a href=\"https:\/\/pos.uel.br\/direito-negocial\/editais\/edital-selecao-alunos-regulares-mestrado-2025\/\" target=\"_blank\" rel=\"noreferrer noopener\"><strong>EDITAL DE OFERTA<\/strong> | Inscri\u00e7\u00e3o e Sele\u00e7\u00e3o<\/a><\/p>\n\n\n\n<p class=\"has-text-align-center\"><a href=\"https:\/\/pos.uel.br\/direito-negocial\/editais\/anexo-i-quadro-de-vagas-mestrado-2025\/\" target=\"_blank\" rel=\"noreferrer noopener\"><strong>ANEXO I<\/strong> &#8211; Quadro de Vagas &#8211; Mestrado<\/a><\/p>\n\n\n\n<p class=\"has-text-align-center\"><a href=\"https:\/\/pos.uel.br\/direito-negocial\/wp-content\/uploads\/2025\/03\/ANEXO-II-PRE-PROJETO-MESTRADO-1.doc\" target=\"_blank\" rel=\"noreferrer noopener\"><strong>ANEXO II<\/strong> &#8211; Pr\u00e9-Projeto de Disserta\u00e7\u00e3o<\/a><\/p>\n\n\n\n<p class=\"has-text-align-center\"><a href=\"https:\/\/pos.uel.br\/direito-negocial\/editais\/anexo-iii-orientacoes-para-preenchimento-do-pre-projeto-de-dissertacao\/\" target=\"_blank\" rel=\"noreferrer noopener\"><strong>ANEXO III<\/strong> &#8211; Orienta\u00e7\u00f5es para o Preenchimento do Pr\u00e9-Projeto de Disserta\u00e7\u00e3o<\/a><\/p>\n\n\n\n<p class=\"has-text-align-center\"><a href=\"https:\/\/pos.uel.br\/direito-negocial\/wp-content\/uploads\/2025\/03\/ANEXO-IV-MODELO-CURRICULO-MESTRADO.docx\" target=\"_blank\" rel=\"noreferrer noopener\"><strong>ANEXO IV<\/strong> &#8211; Modelo de Curr\u00edculo<\/a><\/p>\n\n\n\n<p class=\"has-text-align-center\"><a href=\"https:\/\/pos.uel.br\/direito-negocial\/editais\/anexo-v-orientacoes-para-preenchimento-do-curriculo-mestrado\/\" target=\"_blank\" rel=\"noreferrer noopener\"><strong>ANEXO V<\/strong> &#8211;&nbsp; Orienta\u00e7\u00f5es para o preenchimento do Curr\u00edculo<\/a><\/p>\n\n\n\n<p class=\"has-text-align-center\"><a href=\"https:\/\/pos.uel.br\/direito-negocial\/wp-content\/uploads\/2025\/03\/ANEXO-VI-CRITERIOS-PONTUACAO-PROVA-ORAL-MESTRADO.pdf\" target=\"_blank\" rel=\"noreferrer noopener\"><strong>ANEXO VI<\/strong> &#8211; Crit\u00e9rios de pontua\u00e7\u00e3o para a Prova Oral<\/a><\/p>\n\n\n\n<p class=\"has-text-align-center\"><a href=\"https:\/\/pos.uel.br\/direito-negocial\/editais\/anexo-vii-criterios-pontuacao-pre-projeto-mestrado-2025\/\" target=\"_blank\" rel=\"noreferrer noopener\"><strong>ANEXO VII<\/strong> &#8211; Crit\u00e9rios de pontua\u00e7\u00e3o do Pr\u00e9-Projeto de Disserta\u00e7\u00e3o<\/a><\/p>\n\n\n\n<p class=\"has-text-align-center\"><a href=\"https:\/\/pos.uel.br\/direito-negocial\/wp-content\/uploads\/2025\/05\/Publicar-EDITAL-PRE-PROJETOS-APROVADOS-MESTRADO.docx.pdf\"><strong>RESULTADO<\/strong> &#8211; PR\u00c9-PROJETOS APROVADOS&nbsp;<\/a><\/p>\n\n\n\n<p class=\"has-text-align-center\"><a href=\"https:\/\/pos.uel.br\/direito-negocial\/wp-content\/uploads\/2025\/05\/Edital-2025-Aluno-Regular-Resultado-Candidatos-Cotistas-MESTRADO.docx-1-1.pdf\">RESULTADO &#8211; <strong>BANCA HETEROIDENTIFICA\u00c7\u00c3O<\/strong> &#8211; ALUNOS COTISTAS<\/a><\/p>\n\n\n\n<p class=\"has-text-align-center\"><a href=\"https:\/\/pos.uel.br\/direito-negocial\/wp-content\/uploads\/2025\/05\/EDITAL-CONVOCACAO-PROVA-ORAL-MESTRADO.pdf\">EDITAL &#8211; <strong>CONVOCA\u00c7\u00c3O PARA PROVA ORAL<\/strong><\/a><\/p>\n\n\n\n<p class=\"has-text-align-center\"><a href=\"https:\/\/pos.uel.br\/direito-negocial\/wp-content\/uploads\/2025\/05\/Edital-2025-Aluno-Regular-Resultado-Candidatos-Cotistas-MESTRADO.docx-4.pdf\">RESULTADO &#8211; <strong>BANCA HETEROIDENTIFICA\u00c7\u00c3O RETIFICADO<\/strong>&nbsp;&#8211; ALUNOS COTISTAS<\/a><\/p>\n\n\n\n<p class=\"has-text-align-center\"><a href=\"https:\/\/pos.uel.br\/direito-negocial\/wp-content\/uploads\/2025\/06\/edital-resultado-preliminar-mestrado-2025.pdf\">EDITAL &#8211; <strong>RESULTADO PRELIMINAR<\/strong><\/a><\/p>\n\n\n\n<p class=\"has-text-align-center\"><a href=\"https:\/\/pos.uel.br\/direito-negocial\/editais\/edital-de-vagas-remanescentes-mestrado-2025\/\">EDITAL &#8211; <strong>VAGAS REMANESCENTES<\/strong><\/a><\/p>\n\n\n\n<p class=\"has-text-align-center\">EDITAL &#8211; <a href=\"https:\/\/pos.uel.br\/direito-negocial\/wp-content\/uploads\/2025\/06\/EDITAL-PRE-PROJETOS-APROVADOS-MESTRADO-VAGAS-REMANESCENTES.pdf\"><strong>RESULTADO<\/strong> PR\u00c9-PROJETOS SELECIONADOS &#8211; VAGAS REMANESCENTES<\/a><\/p>\n\n\n\n<p class=\"has-text-align-center\"><strong><a href=\"https:\/\/pos.uel.br\/direito-negocial\/wp-content\/uploads\/2025\/06\/edital-resultado-vagas-remanescentes-MESTRADO.docx.pdf\">RESULTADO &#8211; VAGAS REMANESCENTES<\/a><\/strong><\/p>\n\n\n\n<p class=\"has-text-align-center\"><strong><a href=\"https:\/\/pos.uel.br\/direito-negocial\/wp-content\/uploads\/2025\/06\/edital-resultado-final-mestrado-2025-1.pdf\">RESULTADO FINAL<\/a><\/strong><\/p>\n\n\n\n<p><\/p>\n","protected":false},"excerpt":{"rendered":"<p>O processo seletivo para o mestrado em Direito Negocial da Universidade Estadual de Londrina (UEL) tem tr\u00eas fases principais: 1. An\u00e1lise do Pr\u00e9 Projeto de Disserta\u00e7\u00e3o (Primeira Fase) 2. An\u00e1lise do Curr\u00edculo (Segunda Fase) 3. Prova Oral (Terceira Fase) Processo Seletivo Mestrado &#8211; 2025 &nbsp;DOC ATIVIDADES DATA | PER\u00cdODO DE PUBLICA\u00c7\u00c3O SITUA\u00c7\u00c3O ATUAL Publica\u00e7\u00e3o do [&hellip;]<\/p>\n","protected":false},"author":9,"featured_media":0,"parent":4003,"menu_order":0,"comment_status":"closed","ping_status":"closed","template":"","meta":{"_acf_changed":false,"footnotes":""},"class_list":["post-4227","page","type-page","status-publish","hentry"],"acf":[],"_links":{"self":[{"href":"https:\/\/pos.uel.br\/direito-negocial\/wp-json\/wp\/v2\/pages\/4227","targetHints":{"allow":["GET"]}}],"collection":[{"href":"https:\/\/pos.uel.br\/direito-negocial\/wp-json\/wp\/v2\/pages"}],"about":[{"href":"https:\/\/pos.uel.br\/direito-negocial\/wp-json\/wp\/v2\/types\/page"}],"author":[{"embeddable":true,"href":"https:\/\/pos.uel.br\/direito-negocial\/wp-json\/wp\/v2\/users\/9"}],"replies":[{"embeddable":true,"href":"https:\/\/pos.uel.br\/direito-negocial\/wp-json\/wp\/v2\/comments?post=4227"}],"version-history":[{"count":1,"href":"https:\/\/pos.uel.br\/direito-negocial\/wp-json\/wp\/v2\/pages\/4227\/revisions"}],"predecessor-version":[{"id":4230,"href":"https:\/\/pos.uel.br\/direito-negocial\/wp-json\/wp\/v2\/pages\/4227\/revisions\/4230"}],"up":[{"embeddable":true,"href":"https:\/\/pos.uel.br\/direito-negocial\/wp-json\/wp\/v2\/pages\/4003"}],"wp:attachment":[{"href":"https:\/\/pos.uel.br\/direito-negocial\/wp-json\/wp\/v2\/media?parent=4227"}],"curies":[{"name":"wp","href":"https:\/\/api.w.org\/{rel}","templated":true}]}}