{"id":3509,"date":"2025-10-09T11:32:38","date_gmt":"2025-10-09T14:32:38","guid":{"rendered":"https:\/\/pos.uel.br\/direito-negocial\/?page_id=3509"},"modified":"2025-10-09T11:35:01","modified_gmt":"2025-10-09T14:35:01","slug":"convenios-de-cooperacao-academica","status":"publish","type":"page","link":"https:\/\/pos.uel.br\/direito-negocial\/convenios-de-cooperacao-academica\/","title":{"rendered":"Conv\u00eanios de Coopera\u00e7\u00e3o Acad\u00eamica"},"content":{"rendered":"\n<p><\/p>\n\n\n\n<h2 class=\"wp-block-heading has-text-align-center\">UNIVERSIDADES PARCEIRAS<\/h2>\n\n\n\n<p><\/p>\n\n\n\n<h4 class=\"wp-block-heading\"><a href=\"https:\/\/unican.edu.py\/v1\/\" data-type=\"link\" data-id=\"https:\/\/unican.edu.py\/v1\/\">UNIVERSIDAD NACIONAL DE CANINDEY\u00da<\/a> &#8211; PARAGUAI<\/h4>\n\n\n\n<p><\/p>\n\n\n\n<h4 class=\"wp-block-heading\"><a href=\"https:\/\/www.unincor.br\/universidad-catolica-de-santa-maria-peru\" data-type=\"link\" data-id=\"https:\/\/www.unincor.br\/universidad-catolica-de-santa-maria-peru\">UNIVERSIDADE CAT\u00d3LICA DE SANTA MARIA<\/a> &#8211; PERU<\/h4>\n\n\n\n<p><\/p>\n\n\n\n<h4 class=\"wp-block-heading\"><a href=\"https:\/\/www.uvigo.gal\/\" data-type=\"link\" data-id=\"https:\/\/www.uvigo.gal\/\">UNIVERSIDADE DE VIGO<\/a> &#8211; ESPANHA<\/h4>\n\n\n\n<p><\/p>\n\n\n\n<hr class=\"wp-block-separator has-alpha-channel-opacity\" \/>\n\n\n\n<div class=\"wp-block-buttons alignwide is-layout-flex wp-block-buttons-is-layout-flex\">\n<div class=\"wp-block-button\"><a class=\"wp-block-button__link has-text-align-center wp-element-button\" href=\"https:\/\/sites.uel.br\/ari\/\">PARA SABER MAIS SOBRE OS ACORDOS VIGENTES E POSSIBILIDADES DE INTERC\u00c2MBIO, CLIQUE AQUI!<\/a><\/div>\n<\/div>\n\n\n\n<p><\/p>\n","protected":false},"excerpt":{"rendered":"<p>UNIVERSIDADES PARCEIRAS UNIVERSIDAD NACIONAL DE CANINDEY\u00da &#8211; PARAGUAI UNIVERSIDADE CAT\u00d3LICA DE SANTA MARIA &#8211; PERU UNIVERSIDADE DE VIGO &#8211; ESPANHA<\/p>\n","protected":false},"author":34,"featured_media":0,"parent":0,"menu_order":0,"comment_status":"closed","ping_status":"closed","template":"","meta":{"_acf_changed":false,"footnotes":""},"class_list":["post-3509","page","type-page","status-publish","hentry"],"acf":[],"_links":{"self":[{"href":"https:\/\/pos.uel.br\/direito-negocial\/wp-json\/wp\/v2\/pages\/3509","targetHints":{"allow":["GET"]}}],"collection":[{"href":"https:\/\/pos.uel.br\/direito-negocial\/wp-json\/wp\/v2\/pages"}],"about":[{"href":"https:\/\/pos.uel.br\/direito-negocial\/wp-json\/wp\/v2\/types\/page"}],"author":[{"embeddable":true,"href":"https:\/\/pos.uel.br\/direito-negocial\/wp-json\/wp\/v2\/users\/34"}],"replies":[{"embeddable":true,"href":"https:\/\/pos.uel.br\/direito-negocial\/wp-json\/wp\/v2\/comments?post=3509"}],"version-history":[{"count":2,"href":"https:\/\/pos.uel.br\/direito-negocial\/wp-json\/wp\/v2\/pages\/3509\/revisions"}],"predecessor-version":[{"id":3515,"href":"https:\/\/pos.uel.br\/direito-negocial\/wp-json\/wp\/v2\/pages\/3509\/revisions\/3515"}],"wp:attachment":[{"href":"https:\/\/pos.uel.br\/direito-negocial\/wp-json\/wp\/v2\/media?parent=3509"}],"curies":[{"name":"wp","href":"https:\/\/api.w.org\/{rel}","templated":true}]}}