{"id":24,"date":"2024-10-07T10:26:50","date_gmt":"2024-10-07T13:26:50","guid":{"rendered":"https:\/\/pos.uel.br\/direito-negocial\/?page_id=24"},"modified":"2025-04-27T22:06:14","modified_gmt":"2025-04-28T01:06:14","slug":"secretaria","status":"publish","type":"page","link":"https:\/\/pos.uel.br\/direito-negocial\/secretaria\/","title":{"rendered":"Secretaria"},"content":{"rendered":"\n<p>A secretaria do Programa de P\u00f3s-Gradua\u00e7\u00e3o em Direito Negocial da Universidade Estadual de Londrina (UEL) exerce um papel fundamental no funcionamento administrativo e acad\u00eamico do curso, sendo um ponto de apoio essencial para professores, alunos e o colegiado. Atuando como a espinha dorsal das atividades di\u00e1rias do programa, a secretaria \u00e9 respons\u00e1vel por uma ampla gama de tarefas que garantem o bom andamento das rotinas acad\u00eamicas e burocr\u00e1ticas.<\/p>\n\n\n\n<p>Entre suas principais fun\u00e7\u00f5es, destaca-se a gest\u00e3o de processos administrativos relacionados \u00e0 matr\u00edcula, controle acad\u00eamico, emiss\u00e3o de documentos, como hist\u00f3ricos escolares e declara\u00e7\u00f5es, al\u00e9m da organiza\u00e7\u00e3o das defesas de disserta\u00e7\u00f5es. A secretaria tamb\u00e9m cuida do processo de inscri\u00e7\u00e3o e acompanhamento de candidatos no processo seletivo, prestando suporte tanto aos mestrandos e doutorandos quanto aos professores em todas as etapas, desde a submiss\u00e3o de documentos at\u00e9 a divulga\u00e7\u00e3o dos resultados.<\/p>\n\n\n\n<p>Al\u00e9m disso, a secretaria do Programa de Direito Negocial \u00e9 o elo de comunica\u00e7\u00e3o entre os alunos e o colegiado, auxiliando na interlocu\u00e7\u00e3o em assuntos como tr\u00e2mites acad\u00eamicos, prazos e regulamentos do curso. Ela atua de forma integrada com a coordena\u00e7\u00e3o do programa, garantindo que as demandas dos alunos sejam atendidas com efici\u00eancia e que as normativas acad\u00eamicas sejam cumpridas.<\/p>\n\n\n\n<p>Outro aspecto importante \u00e9 a manuten\u00e7\u00e3o e atualiza\u00e7\u00e3o dos sistemas de registro acad\u00eamico, que incluem o controle de frequ\u00eancia, notas e andamento dos cr\u00e9ditos. A secretaria tamb\u00e9m tem um papel essencial na log\u00edstica dos processos de qualifica\u00e7\u00e3o e defesa de disserta\u00e7\u00f5es, organizando agendas e garantindo o cumprimento dos requisitos formais para a realiza\u00e7\u00e3o dessas atividades. Al\u00e9m disso, ela est\u00e1 envolvida na organiza\u00e7\u00e3o de eventos acad\u00eamicos e administrativos, assegurando que todas as atividades programadas ocorram dentro dos padr\u00f5es exigidos pela universidade.<\/p>\n\n\n\n<p>De forma geral, a secretaria do Programa de P\u00f3s-Gradua\u00e7\u00e3o em Direito Negocial da UEL n\u00e3o apenas administra quest\u00f5es operacionais do dia a dia, mas tamb\u00e9m contribui para o clima acad\u00eamico, oferecendo um suporte acess\u00edvel e eficiente que facilita o progresso dos alunos e a organiza\u00e7\u00e3o de todas as atividades pertinentes ao curso. Com uma atua\u00e7\u00e3o \u00e1gil e comprometida, a secretaria refor\u00e7a a excel\u00eancia do programa e promove um ambiente favor\u00e1vel ao desenvolvimento acad\u00eamico e profissional dos discentes e docentes.<\/p>\n\n\n\n<p><strong>Secret\u00e1rio<\/strong>: Francisco Carlos Navarro<\/p>\n\n\n\n<p><strong>Hor\u00e1rio de Funcionamento<\/strong>: <\/p>\n\n\n\n<p><strong>Manh\u00e3<\/strong>: 08h00-12h00<\/p>\n\n\n\n<p><strong>Noturno<\/strong>: 19h00 -23h00min<\/p>\n\n\n\n<p><strong>Contato:<\/strong> (43) 3371-4120 e (43) 3371-4693<\/p>\n\n\n\n<p><strong>E-mail<\/strong>: mestrados@uel.br ou ppgdireitouel@uel.br<\/p>\n\n\n\n<p><strong>Endere\u00e7o:<\/strong> Universidade Estadual de Londrina &#8211; Campus Universit\u00e1rio &#8211; Rodovia Celso Garcia Cid, PR-445, Km 380 &#8211; Campus Universit\u00e1rio, Londrina &#8211; PR, 86057-970 &#8211; CESA (Centro de Estudos Sociais Aplicados &#8211; sala 401)<\/p>\n","protected":false},"excerpt":{"rendered":"<p>A secretaria do Programa de P\u00f3s-Gradua\u00e7\u00e3o em Direito Negocial da Universidade Estadual de Londrina (UEL) exerce um papel fundamental no funcionamento administrativo e acad\u00eamico do curso, sendo um ponto de apoio essencial para professores, alunos e o colegiado. Atuando como a espinha dorsal das atividades di\u00e1rias do programa, a secretaria \u00e9 respons\u00e1vel por uma ampla [&hellip;]<\/p>\n","protected":false},"author":11,"featured_media":0,"parent":0,"menu_order":0,"comment_status":"closed","ping_status":"closed","template":"","meta":{"_acf_changed":false,"footnotes":""},"class_list":["post-24","page","type-page","status-publish","hentry"],"acf":[],"_links":{"self":[{"href":"https:\/\/pos.uel.br\/direito-negocial\/wp-json\/wp\/v2\/pages\/24","targetHints":{"allow":["GET"]}}],"collection":[{"href":"https:\/\/pos.uel.br\/direito-negocial\/wp-json\/wp\/v2\/pages"}],"about":[{"href":"https:\/\/pos.uel.br\/direito-negocial\/wp-json\/wp\/v2\/types\/page"}],"author":[{"embeddable":true,"href":"https:\/\/pos.uel.br\/direito-negocial\/wp-json\/wp\/v2\/users\/11"}],"replies":[{"embeddable":true,"href":"https:\/\/pos.uel.br\/direito-negocial\/wp-json\/wp\/v2\/comments?post=24"}],"version-history":[{"count":7,"href":"https:\/\/pos.uel.br\/direito-negocial\/wp-json\/wp\/v2\/pages\/24\/revisions"}],"predecessor-version":[{"id":1733,"href":"https:\/\/pos.uel.br\/direito-negocial\/wp-json\/wp\/v2\/pages\/24\/revisions\/1733"}],"wp:attachment":[{"href":"https:\/\/pos.uel.br\/direito-negocial\/wp-json\/wp\/v2\/media?parent=24"}],"curies":[{"name":"wp","href":"https:\/\/api.w.org\/{rel}","templated":true}]}}