{"id":215,"date":"2024-10-07T10:54:18","date_gmt":"2024-10-07T13:54:18","guid":{"rendered":"https:\/\/pos.uel.br\/direito-negocial\/?page_id=215"},"modified":"2024-11-03T13:22:36","modified_gmt":"2024-11-03T16:22:36","slug":"scientia-iuris-b1","status":"publish","type":"page","link":"https:\/\/pos.uel.br\/direito-negocial\/scientia-iuris-b1\/","title":{"rendered":"Scientia Iuris (A4)"},"content":{"rendered":"\n<p>A revista <strong>Scientia Iuris<\/strong> (eISSN 2178-8189) \u00e9 peri\u00f3dico cient\u00edfico de publica\u00e7\u00e3o quadrimestral, vinculada ao Programa de P\u00f3s-Gradua\u00e7\u00e3o\u00a0<em>stricto sensu<\/em>\u00a0de Doutorado e Mestrado em Direito Negocial da Universidade Estadual de Londrina, e tem por objetivo publicar artigos e resenhas originais, de autores de institui\u00e7\u00f5es nacionais ou estrangeiras de ensino ou pesquisa, na \u00e1rea de concentra\u00e7\u00e3o &#8220;Direito Negocial&#8221;.<\/p>\n\n\n\n<p><\/p>\n\n\n\n<div data-wp-interactive=\"core\/file\" class=\"wp-block-file\"><object data-wp-bind--hidden=\"!state.hasPdfPreview\" hidden class=\"wp-block-file__embed\" data=\"https:\/\/pos.uel.br\/direito-negocial\/wp-content\/uploads\/2024\/11\/Regimento-Revista-Scientia-Iuris-PPG-Direito-Neg.-Delib-07-2024-1.pdf\" type=\"application\/pdf\" style=\"width:100%;height:600px\" aria-label=\"Incorporado de Regimento - Revista Scientia Iuris-PPG Direito Neg. - Delib 07 2024 (1).\"><\/object><a id=\"wp-block-file--media-ce9c6a79-d502-4fee-9df8-04e8802922ca\" href=\"https:\/\/pos.uel.br\/direito-negocial\/wp-content\/uploads\/2024\/11\/Regimento-Revista-Scientia-Iuris-PPG-Direito-Neg.-Delib-07-2024-1.pdf\">Regimento &#8211; Revista Scientia Iuris-PPG Direito Neg. &#8211; Delib 07 2024 (1)<\/a><a href=\"https:\/\/pos.uel.br\/direito-negocial\/wp-content\/uploads\/2024\/11\/Regimento-Revista-Scientia-Iuris-PPG-Direito-Neg.-Delib-07-2024-1.pdf\" class=\"wp-block-file__button wp-element-button\" download aria-describedby=\"wp-block-file--media-ce9c6a79-d502-4fee-9df8-04e8802922ca\">Baixar<\/a><\/div>\n\n\n\n<p><\/p>\n\n\n<div class=\"wp-block-image\">\n<figure class=\"aligncenter size-large is-resized\"><a href=\"https:\/\/ojs.uel.br\/revistas\/uel\/index.php\/iuris\/\"><img loading=\"lazy\" decoding=\"async\" width=\"725\" height=\"1024\" src=\"https:\/\/pos.uel.br\/direito-negocial\/wp-content\/uploads\/2024\/11\/cover_issue_1965_pt_BR-1-725x1024.jpg\" alt=\"\" class=\"wp-image-680\" style=\"width:229px;height:auto\" srcset=\"https:\/\/pos.uel.br\/direito-negocial\/wp-content\/uploads\/2024\/11\/cover_issue_1965_pt_BR-1-725x1024.jpg 725w, https:\/\/pos.uel.br\/direito-negocial\/wp-content\/uploads\/2024\/11\/cover_issue_1965_pt_BR-1-212x300.jpg 212w, https:\/\/pos.uel.br\/direito-negocial\/wp-content\/uploads\/2024\/11\/cover_issue_1965_pt_BR-1-768x1085.jpg 768w, https:\/\/pos.uel.br\/direito-negocial\/wp-content\/uploads\/2024\/11\/cover_issue_1965_pt_BR-1-1087x1536.jpg 1087w, https:\/\/pos.uel.br\/direito-negocial\/wp-content\/uploads\/2024\/11\/cover_issue_1965_pt_BR-1-1449x2048.jpg 1449w, https:\/\/pos.uel.br\/direito-negocial\/wp-content\/uploads\/2024\/11\/cover_issue_1965_pt_BR-1-scaled.jpg 1811w\" sizes=\"auto, (max-width: 725px) 100vw, 725px\" \/><\/a><\/figure>\n<\/div>\n\n\n<p><\/p>\n\n\n\n<div class=\"wp-block-buttons is-content-justification-center is-layout-flex wp-container-core-buttons-is-layout-16018d1d wp-block-buttons-is-layout-flex\">\n<div class=\"wp-block-button\"><a class=\"wp-block-button__link has-text-align-center wp-element-button\" href=\"https:\/\/ojs.uel.br\/revistas\/uel\/index.php\/iuris\/about\/submissions\">CLIQUE AQUI PARA OBTER INFORMA\u00c7\u00d5ES SOBRE SUBMISS\u00d5ES DA REVISTA SCIENTIA IURIS<\/a><\/div>\n<\/div>\n","protected":false},"excerpt":{"rendered":"<p>A revista Scientia Iuris (eISSN 2178-8189) \u00e9 peri\u00f3dico cient\u00edfico de publica\u00e7\u00e3o quadrimestral, vinculada ao Programa de P\u00f3s-Gradua\u00e7\u00e3o\u00a0stricto sensu\u00a0de Doutorado e Mestrado em Direito Negocial da Universidade Estadual de Londrina, e tem por objetivo publicar artigos e resenhas originais, de autores de institui\u00e7\u00f5es nacionais ou estrangeiras de ensino ou pesquisa, na \u00e1rea de concentra\u00e7\u00e3o &#8220;Direito Negocial&#8221;.<\/p>\n","protected":false},"author":11,"featured_media":0,"parent":0,"menu_order":0,"comment_status":"closed","ping_status":"closed","template":"","meta":{"_acf_changed":false,"footnotes":""},"class_list":["post-215","page","type-page","status-publish","hentry"],"acf":[],"_links":{"self":[{"href":"https:\/\/pos.uel.br\/direito-negocial\/wp-json\/wp\/v2\/pages\/215","targetHints":{"allow":["GET"]}}],"collection":[{"href":"https:\/\/pos.uel.br\/direito-negocial\/wp-json\/wp\/v2\/pages"}],"about":[{"href":"https:\/\/pos.uel.br\/direito-negocial\/wp-json\/wp\/v2\/types\/page"}],"author":[{"embeddable":true,"href":"https:\/\/pos.uel.br\/direito-negocial\/wp-json\/wp\/v2\/users\/11"}],"replies":[{"embeddable":true,"href":"https:\/\/pos.uel.br\/direito-negocial\/wp-json\/wp\/v2\/comments?post=215"}],"version-history":[{"count":4,"href":"https:\/\/pos.uel.br\/direito-negocial\/wp-json\/wp\/v2\/pages\/215\/revisions"}],"predecessor-version":[{"id":681,"href":"https:\/\/pos.uel.br\/direito-negocial\/wp-json\/wp\/v2\/pages\/215\/revisions\/681"}],"wp:attachment":[{"href":"https:\/\/pos.uel.br\/direito-negocial\/wp-json\/wp\/v2\/media?parent=215"}],"curies":[{"name":"wp","href":"https:\/\/api.w.org\/{rel}","templated":true}]}}