{"id":21,"date":"2024-10-07T10:26:50","date_gmt":"2024-10-07T13:26:50","guid":{"rendered":"https:\/\/pos.uel.br\/direito-negocial\/?page_id=21"},"modified":"2025-10-09T11:17:29","modified_gmt":"2025-10-09T14:17:29","slug":"objetivos","status":"publish","type":"page","link":"https:\/\/pos.uel.br\/direito-negocial\/objetivos\/","title":{"rendered":"Miss\u00e3o"},"content":{"rendered":"\n<p>O PPGDN\/UELtem por miss\u00e3o promover e desenvolver a pesquisa e a produ\u00e7\u00e3o de conhecimento te\u00f3rico-pr\u00e1tico no campo do Direito Negocial, de excel\u00eancia e de elevada cientificidade jur\u00eddica, frente aos desafios do ambiente Universidade-Sociedade em que se insere, levando em conta o incremento permanente dos \u00edndices de visibilidade, de coopera\u00e7\u00e3o e interc\u00e2mbio interinstitucionais, de internacionaliza\u00e7\u00e3o e de impacto social sob diferentes modalidades. Destarte, a partir de uma abordagem cr\u00edtico-hermen\u00eautica e interventiva das pr\u00e1ticas de ensino e de pesquisa, pautadas pelo di\u00e1logo interdisciplinar, pelo rigor metodol\u00f3gico e epistemol\u00f3gico-jur\u00eddico, pela \u00e9tica e pela integridade investigativa, o PPGDN\/UEL busca oferecer uma forma\u00e7\u00e3o qualificada de profissionais, professores e pesquisadores,\u00a0 tanto para o exerc\u00edcio da doc\u00eancia e da pesquisa de n\u00edvel superior, em institui\u00e7\u00f5es p\u00fablicas e privadas, quanto o exerc\u00edcio de atividades profissionais relacionadas \u00e0 consultoria e ao contencioso administrativo e judicial, em \u00f3rg\u00e3os da administra\u00e7\u00e3o p\u00fablica, entidades empresariais, organiza\u00e7\u00f5es n\u00e3o-governamentais e movimentos sociais da sociedade civil, de modo a proporcionar mudan\u00e7as inovadoras e significativas nos neg\u00f3cios jur\u00eddicos pelo fomento de novos modelos, tecnologias e pr\u00e1ticas institucionais, atendendo as expectativas emancipat\u00f3rias que sustentam a constru\u00e7\u00e3o de uma sociedade pluralista e democr\u00e1tica &#8211;\u00a0 solidariedade, liberdade, dignidade humana e direitos fundamentais, justi\u00e7a social e responsabilidade socioambiental &#8211; segundo referentes \u00e9tico-pol\u00edticos abalizados no Estado Democr\u00e1tico de Direito.<\/p>\n\n\n\n<p><\/p>\n\n\n\n<h2 class=\"wp-block-heading\">Vis\u00e3o<\/h2>\n\n\n\n<p>O PPGDN\/UEL, alinhado estrategicamente com a Miss\u00e3o da Universidade Estadual de Londrina destacada em seu Plano de Desenvolvimento Institucional para o per\u00edodo de 2016-2021, tem como prop\u00f3sito se tornar refer\u00eancia e ser reconhecido nacional e internacionalmente como um centro de excel\u00eancia de pesquisa e produ\u00e7\u00e3o de conhecimento cient\u00edfico-jur\u00eddico em Direito Negocial, de modo a oferecer e aprimorar a forma\u00e7\u00e3o qualificada de compet\u00eancias relacionadas \u00e0s pr\u00e1ticas de pesquisa e de doc\u00eancia, bem como proporcionar a forma\u00e7\u00e3o continuada de seus egressos, destacando-se por avan\u00e7adas tecnologias e metodologias inovadoras, orientadas pela abordagem cr\u00edtico-hermen\u00eautica e interdisciplinar de seus estudos.<\/p>\n\n\n\n<h2 class=\"wp-block-heading\">Valores<\/h2>\n\n\n\n<p>Em virtude de sua miss\u00e3o e de sua vis\u00e3o institucional, das quais derivam seus objetivos estruturantes, as atividades-fim do <strong>PPGDN\/UEL \u2013 Mestrado e Doutorado<\/strong>, ou seja, as a\u00e7\u00f5es coordenadas de planejamento e gest\u00e3o, das pr\u00e1ticas de ensino e demais media\u00e7\u00f5es curriculares, das pr\u00e1ticas de pesquisa e de produ\u00e7\u00e3o cient\u00edfico-jur\u00eddica e da orienta\u00e7\u00e3o de disserta\u00e7\u00f5es e teses, dentre outras, s\u00e3o perpassadas e guiadas pelos seguintes valores e a estes vinculadas: <strong>Compromisso com a \u00e9tica na pesquisa<\/strong>; <strong>Compromisso com os princ\u00edpios basilares do Estado Democr\u00e1tico de Direito<\/strong>; <strong>Compromisso com os fundamentos emancipat\u00f3rios da P\u00f3s-Gradua\u00e7\u00e3o<\/strong>; <strong>Compromisso com a responsabilidade social e com a sustentabilidade ambiental<\/strong>; <strong>Compromisso com a credibilidade e tradi\u00e7\u00e3o do PPGDN\/UEL<\/strong>; <strong>Compromisso com a inser\u00e7\u00e3o social qualificada do PPGDN\/UEL<\/strong>; <strong>Compromisso com a inova\u00e7\u00e3o e criatividade<\/strong>; <strong>Compromisso com efetiva contribui\u00e7\u00e3o gerada pelo Programa<\/strong>; <strong><strong>Compromisso com a visibilidade institucional<\/strong><\/strong>; <strong>Compromisso com a internacionaliza\u00e7\u00e3o<\/strong>; <strong>Compromisso com a solidariedade e coopera\u00e7\u00e3o interinstitucional<\/strong>; <strong>Compromisso com a integra\u00e7\u00e3o e interc\u00e2mbio com outros Programas de P\u00f3s-Gradua\u00e7\u00e3o <em>Stricto Sensu<\/em>, no \u00e2mbito nacional e internacional<\/strong>; <strong>Compromisso com a qualidade e excel\u00eancia do ensino-aprendizagem, da pesquisa e da produ\u00e7\u00e3o de conhecimento cient\u00edfico-jur\u00eddico<\/strong>; <strong>Compromisso com a organicidade do PPGDN\/UEL<\/strong>; <strong>Compromisso com a integra\u00e7\u00e3o entre Ensino, Pesquisa e Extens\u00e3o<\/strong>; <strong>Compromisso com a transpar\u00eancia e publicidade nas pr\u00e1ticas de gest\u00e3o<\/strong>; <strong>Compromisso com a gest\u00e3o democr\u00e1tica<\/strong>; <strong>Compromisso com o alinhamento do Planejamento Estrat\u00e9gico do PPGDN\/UEL com o Plano de Desenvolvimento Institucional da Universidade (PDI\/UEL) e com os marcos regulat\u00f3rios definidos pelo Sistema Nacional de P\u00f3s-gradua\u00e7\u00e3o (SNPG)<\/strong>.<\/p>\n\n\n\n<h2 class=\"wp-block-heading\">Objetivos<\/h2>\n\n\n\n<p>Os cursos de Mestrado e Doutorado oferecidos pelo Programa de P\u00f3s-Gradua\u00e7\u00e3o em Direito Negocial da Universidade Estadual de Londrina (UEL) t\u00eam como prop\u00f3sito central promover uma abordagem cient\u00edfica rigorosa, cr\u00edtica e aprofundada do Direito, com foco no Direito Negocial, dividindo-se em duas \u00e1reas de concentra\u00e7\u00e3o espec\u00edficas: rela\u00e7\u00f5es negociais no direito privado e o Estado contempor\u00e2neo. O programa busca, primordialmente, alcan\u00e7ar dois grandes objetivos:<\/p>\n\n\n\n<p>a) Preparar profissionais altamente qualificados para o exerc\u00edcio do magist\u00e9rio superior na \u00e1rea jur\u00eddica, capacitando-os n\u00e3o apenas para transmitir conhecimentos, mas tamb\u00e9m para formar novos juristas com uma vis\u00e3o cr\u00edtica e atualizada das diversas esferas do Direito.<\/p>\n\n\n\n<p>b) Qualificar docentes e pesquisadores para o desenvolvimento de atividades de pesquisa no campo da ci\u00eancia jur\u00eddica, incentivando a produ\u00e7\u00e3o acad\u00eamica inovadora e contribuindo para o progresso do conhecimento jur\u00eddico, tanto no \u00e2mbito te\u00f3rico quanto pr\u00e1tico.<\/p>\n\n\n\n<p>Por meio desses objetivos, o programa se prop\u00f5e a formar l\u00edderes acad\u00eamicos e profissionais que atuar\u00e3o na vanguarda das discuss\u00f5es jur\u00eddicas, influenciando o pensamento jur\u00eddico nacional e internacional.<\/p>\n","protected":false},"excerpt":{"rendered":"<p>O PPGDN\/UELtem por miss\u00e3o promover e desenvolver a pesquisa e a produ\u00e7\u00e3o de conhecimento te\u00f3rico-pr\u00e1tico no campo do Direito Negocial, de excel\u00eancia e de elevada cientificidade jur\u00eddica, frente aos desafios do ambiente Universidade-Sociedade em que se insere, levando em conta o incremento permanente dos \u00edndices de visibilidade, de coopera\u00e7\u00e3o e interc\u00e2mbio interinstitucionais, de internacionaliza\u00e7\u00e3o e [&hellip;]<\/p>\n","protected":false},"author":11,"featured_media":0,"parent":0,"menu_order":0,"comment_status":"closed","ping_status":"closed","template":"","meta":{"_acf_changed":false,"footnotes":""},"class_list":["post-21","page","type-page","status-publish","hentry"],"acf":[],"_links":{"self":[{"href":"https:\/\/pos.uel.br\/direito-negocial\/wp-json\/wp\/v2\/pages\/21","targetHints":{"allow":["GET"]}}],"collection":[{"href":"https:\/\/pos.uel.br\/direito-negocial\/wp-json\/wp\/v2\/pages"}],"about":[{"href":"https:\/\/pos.uel.br\/direito-negocial\/wp-json\/wp\/v2\/types\/page"}],"author":[{"embeddable":true,"href":"https:\/\/pos.uel.br\/direito-negocial\/wp-json\/wp\/v2\/users\/11"}],"replies":[{"embeddable":true,"href":"https:\/\/pos.uel.br\/direito-negocial\/wp-json\/wp\/v2\/comments?post=21"}],"version-history":[{"count":3,"href":"https:\/\/pos.uel.br\/direito-negocial\/wp-json\/wp\/v2\/pages\/21\/revisions"}],"predecessor-version":[{"id":3502,"href":"https:\/\/pos.uel.br\/direito-negocial\/wp-json\/wp\/v2\/pages\/21\/revisions\/3502"}],"wp:attachment":[{"href":"https:\/\/pos.uel.br\/direito-negocial\/wp-json\/wp\/v2\/media?parent=21"}],"curies":[{"name":"wp","href":"https:\/\/api.w.org\/{rel}","templated":true}]}}