{"id":176,"date":"2024-10-07T10:49:30","date_gmt":"2024-10-07T13:49:30","guid":{"rendered":"https:\/\/pos.uel.br\/direito-negocial\/?page_id=176"},"modified":"2024-11-04T09:26:20","modified_gmt":"2024-11-04T12:26:20","slug":"bolsas","status":"publish","type":"page","link":"https:\/\/pos.uel.br\/direito-negocial\/bolsas\/","title":{"rendered":"Bolsas"},"content":{"rendered":"\n<p>As bolsas de demanda social no Programa de P\u00f3s-Gradua\u00e7\u00e3o em Direito Negocial da Universidade Estadual de Londrina (UEL) representam uma importante iniciativa de inclus\u00e3o e fomento ao desenvolvimento acad\u00eamico e profissional de estudantes com potencial, mas que enfrentam dificuldades financeiras. Essas bolsas visam democratizar o acesso ao ensino superior e promover a forma\u00e7\u00e3o de profissionais capacitados para atuar no campo do Direito, especialmente nas \u00e1reas que impactam diretamente a sociedade.<\/p>\n\n\n\n<p>O programa de p\u00f3s-gradua\u00e7\u00e3o em Direito Negocial da UEL \u00e9 reconhecido por sua abordagem cr\u00edtica e pr\u00e1tica, oferecendo uma forma\u00e7\u00e3o s\u00f3lida em temas relevantes como contratos, responsabilidade civil, propriedade intelectual e media\u00e7\u00e3o de conflitos. As bolsas de demanda social s\u00e3o direcionadas a candidatos que comprovem necessidade econ\u00f4mica, garantindo que talentos diversos possam ingressar e se desenvolver neste ambiente acad\u00eamico.<\/p>\n\n\n\n<p>Al\u00e9m de proporcionar suporte financeiro, as bolsas fomentam a diversidade no corpo discente, enriquecendo as discuss\u00f5es e experi\u00eancias dentro das salas de aula. A troca de ideias entre alunos de diferentes origens sociais e culturais contribui para a forma\u00e7\u00e3o de profissionais mais conscientes e preparados para lidar com as complexidades do mundo jur\u00eddico.<\/p>\n\n\n\n<p>A UEL, ao implementar essas bolsas, reafirma seu compromisso com a responsabilidade social e a forma\u00e7\u00e3o de cidad\u00e3os cr\u00edticos e engajados. Essa a\u00e7\u00e3o n\u00e3o apenas beneficia os estudantes diretamente contemplados, mas tamb\u00e9m fortalece o pr\u00f3prio programa, ao criar um espa\u00e7o de aprendizado mais inclusivo e plural. Assim, as bolsas de demanda social se consolidam como uma ferramenta essencial para a promo\u00e7\u00e3o da justi\u00e7a social e do desenvolvimento profissional no \u00e2mbito do Direito Negocial.<\/p>\n","protected":false},"excerpt":{"rendered":"<p>As bolsas de demanda social no Programa de P\u00f3s-Gradua\u00e7\u00e3o em Direito Negocial da Universidade Estadual de Londrina (UEL) representam uma importante iniciativa de inclus\u00e3o e fomento ao desenvolvimento acad\u00eamico e profissional de estudantes com potencial, mas que enfrentam dificuldades financeiras. Essas bolsas visam democratizar o acesso ao ensino superior e promover a forma\u00e7\u00e3o de profissionais [&hellip;]<\/p>\n","protected":false},"author":11,"featured_media":0,"parent":0,"menu_order":0,"comment_status":"closed","ping_status":"closed","template":"","meta":{"_acf_changed":false,"footnotes":""},"class_list":["post-176","page","type-page","status-publish","hentry"],"acf":[],"_links":{"self":[{"href":"https:\/\/pos.uel.br\/direito-negocial\/wp-json\/wp\/v2\/pages\/176","targetHints":{"allow":["GET"]}}],"collection":[{"href":"https:\/\/pos.uel.br\/direito-negocial\/wp-json\/wp\/v2\/pages"}],"about":[{"href":"https:\/\/pos.uel.br\/direito-negocial\/wp-json\/wp\/v2\/types\/page"}],"author":[{"embeddable":true,"href":"https:\/\/pos.uel.br\/direito-negocial\/wp-json\/wp\/v2\/users\/11"}],"replies":[{"embeddable":true,"href":"https:\/\/pos.uel.br\/direito-negocial\/wp-json\/wp\/v2\/comments?post=176"}],"version-history":[{"count":2,"href":"https:\/\/pos.uel.br\/direito-negocial\/wp-json\/wp\/v2\/pages\/176\/revisions"}],"predecessor-version":[{"id":699,"href":"https:\/\/pos.uel.br\/direito-negocial\/wp-json\/wp\/v2\/pages\/176\/revisions\/699"}],"wp:attachment":[{"href":"https:\/\/pos.uel.br\/direito-negocial\/wp-json\/wp\/v2\/media?parent=176"}],"curies":[{"name":"wp","href":"https:\/\/api.w.org\/{rel}","templated":true}]}}