{"id":1351,"date":"2025-02-13T20:16:55","date_gmt":"2025-02-13T23:16:55","guid":{"rendered":"https:\/\/pos.uel.br\/direito-negocial\/?page_id=1351"},"modified":"2025-08-12T10:31:58","modified_gmt":"2025-08-12T13:31:58","slug":"doutorado-3","status":"publish","type":"page","link":"https:\/\/pos.uel.br\/direito-negocial\/doutorado-3\/","title":{"rendered":"Doutorado"},"content":{"rendered":"\n<h3 class=\"wp-block-heading\">Bancas de defesa &#8211; 2025<\/h3>\n\n\n\n<details class=\"wp-block-details is-layout-flow wp-block-details-is-layout-flow\"><summary>TOMADA DE DECIS\u00c3O EM CUIDADOS DE SA\u00daDE: COMUNICA\u00c7\u00c3O, INFORMA\u00c7\u00c3O E VALIDADE JUR\u00cdDICA<\/summary>\n<p><strong>Aracelli Mesquita Bandolin Bermejo<\/strong><\/p>\n\n\n\n<p>Data da Defesa: 30\/04\/2025 &#8211; Universidade Estadual de Londrina.<\/p>\n\n\n\n<p>Banca Examinadora: Rita de C\u00e1ssia Resquetti Tarifa Espolador (Orientador); Juliana Carvalho Pav\u00e3o (Membro Externo); Igor de Lucena Mascarenhas (Membro Externo); Marcos Liboni (Membro Externo); Daniela Paiano.<\/p>\n<\/details>\n\n\n\n<details class=\"wp-block-details is-layout-flow wp-block-details-is-layout-flow\"><summary>DOS CONTRATOS AGR\u00c1RIOS E AS FIGURAS PARCELARES DA BOA-F\u00c9 OBJETIVA: A APLICABILIDADE DO DUTY TO MITIGATE TO LOSS<\/summary>\n<p><strong>Adiloar Franco Zemuner<\/strong><\/p>\n\n\n\n<p>Data da Defesa: 04\/07\/2025 &#8211; Universidade Estadual de Londrina.<\/p>\n\n\n\n<p>Banca Examinadora: Daniela Braga Paiano (Orientador); Alessandra Cristina Furlan (Membro Externo); Sandra Regina Carvalho (Membro Externo); Rita de Cassia Resquetti Tarifa Espolador; Alessandro Marinelli de Oliveira; .<\/p>\n<\/details>\n\n\n\n<details class=\"wp-block-details is-layout-flow wp-block-details-is-layout-flow\"><summary>A QUEST\u00c3O AGR\u00cdCOLA, O DISCURSO DE CONSENSO E A PERSPECTIVA DE DESENVOLVIMENTO NA ORGANIZA\u00c7\u00c3O MUNDIAL DO COM\u00c9RCIO<\/summary>\n<p><strong>Joice Duarte Gon\u00e7alves Bergamaschi<\/strong><\/p>\n\n\n\n<p>Data da Defesa: 16\/05\/2025 &#8211; Universidade Estadual de Londrina.<\/p>\n\n\n\n<p>Banca Examinadora: Elve Miguel Cenci (Orientador); Wagner Luiz Menezes Lino (Membro Externo); Maria de Fatima Ribeiro (Membro Externo); Patricia Ayub da Costa; Rud\u00e1 Ryuiti Furukita Baptista.<\/p>\n<\/details>\n\n\n\n<details class=\"wp-block-details is-layout-flow wp-block-details-is-layout-flow\"><summary>POSITIVISMO ENTRE KANT E KELSEN: PARADIGMAS FILOS\u00d3FICO, EPISTEMOL\u00d3GICO E LINGU\u00cdSTICO DO DIREITO POSITIVO E A FUN\u00c7\u00c3O CRIADORA DE DIREITOS NA NORMA NEGOCIAL<\/summary>\n<p><strong>Adyr Garcia Ferreira Netto<\/strong><\/p>\n\n\n\n<p>Data da Defesa: 10\/03\/2025 &#8211; Universidade de Vigo &#8211; Campus Ourense &#8211; Espanha. <\/p>\n\n\n\n<p>Banca Examinadora: Clodomiro Jos\u00e9 Bannwart Junior (Orientador); Elve Miguel Cenci; Gilvan Luiz Hansen (Membro Externo); \u00c1nton Lois Fernandez Alvarez (Membro Externo); Guillermo Su\u00e1rez Bl\u00e1zquez (Membro externo UVIGO).<\/p>\n<\/details>\n\n\n\n<details class=\"wp-block-details is-layout-flow wp-block-details-is-layout-flow\"><summary>CONTRIBUI\u00c7\u00c3O AMBIENTAL DE INTERVEN\u00c7\u00c3O SOBRE O DOM\u00cdNIO ECON\u00d4MICO<\/summary>\n<p><strong>Fellipe Cianca Fortes<\/strong><\/p>\n\n\n\n<p>Data da defesa: 11.04.2025<\/p>\n\n\n\n<p>Banca examinadora: Dra. Marlene Kempfer (orientadora); Dr. Carlos Renato Cunha; Dra. Maria de F\u00e1tima Ribeiro; Dr. Neil Hern\u00e1n Tejada Pacheco; Dr. Wagner Balera<\/p>\n<\/details>\n\n\n\n<details class=\"wp-block-details is-layout-flow wp-block-details-is-layout-flow\"><summary>A FORMA\u00c7\u00c3O DA RATIO DECIDENDI DOS PRECEDENTES E A ATIVIDADE TRANSINDIVIDUAL NO SISTEMA RECURSAL BRASILEIRO: A CONVERG\u00caNCIA ENTRE ARGUMENTA\u00c7\u00c3O JUR\u00cdDICA, FILOSOFIA DA LINGUAGEM, PROCEDIMENTALISMO, SUBSTANCIALISMO E HERMEN\u00caUTICA NA CONSTRU\u00c7\u00c3O DAS DECIS\u00d5ES JUDICIAIS COM EFIC\u00c1CIA TRANSINDIVIDUAL<\/summary>\n<p><strong>Willian Zendrini Buzingnani<\/strong><\/p>\n\n\n\n<p>Data da defesa: 09.07.2025 \u00e0s 17h00min<\/p>\n\n\n\n<p>Banca examinadora: Dr. Luiz Fernando Bellinetti (orientador); Dr. Elve Miguel Cenci; Dra. Patr\u00edcia Ayub da Costa; Dr. Clayton de Albuquerque Maranh\u00e3o; Dr. Jos\u00e9 Miguel Garcia Medina. <\/p>\n<\/details>\n\n\n\n<p><\/p>\n","protected":false},"excerpt":{"rendered":"<p>Bancas de defesa &#8211; 2025<\/p>\n","protected":false},"author":12,"featured_media":0,"parent":0,"menu_order":0,"comment_status":"closed","ping_status":"closed","template":"","meta":{"_acf_changed":false,"footnotes":""},"class_list":["post-1351","page","type-page","status-publish","hentry"],"acf":[],"_links":{"self":[{"href":"https:\/\/pos.uel.br\/direito-negocial\/wp-json\/wp\/v2\/pages\/1351","targetHints":{"allow":["GET"]}}],"collection":[{"href":"https:\/\/pos.uel.br\/direito-negocial\/wp-json\/wp\/v2\/pages"}],"about":[{"href":"https:\/\/pos.uel.br\/direito-negocial\/wp-json\/wp\/v2\/types\/page"}],"author":[{"embeddable":true,"href":"https:\/\/pos.uel.br\/direito-negocial\/wp-json\/wp\/v2\/users\/12"}],"replies":[{"embeddable":true,"href":"https:\/\/pos.uel.br\/direito-negocial\/wp-json\/wp\/v2\/comments?post=1351"}],"version-history":[{"count":15,"href":"https:\/\/pos.uel.br\/direito-negocial\/wp-json\/wp\/v2\/pages\/1351\/revisions"}],"predecessor-version":[{"id":2467,"href":"https:\/\/pos.uel.br\/direito-negocial\/wp-json\/wp\/v2\/pages\/1351\/revisions\/2467"}],"wp:attachment":[{"href":"https:\/\/pos.uel.br\/direito-negocial\/wp-json\/wp\/v2\/media?parent=1351"}],"curies":[{"name":"wp","href":"https:\/\/api.w.org\/{rel}","templated":true}]}}