{"id":1223,"date":"2025-01-30T08:50:45","date_gmt":"2025-01-30T11:50:45","guid":{"rendered":"https:\/\/pos.uel.br\/direito-negocial\/?page_id=1223"},"modified":"2025-01-30T08:56:09","modified_gmt":"2025-01-30T11:56:09","slug":"diarias","status":"publish","type":"page","link":"https:\/\/pos.uel.br\/direito-negocial\/diarias\/","title":{"rendered":"Di\u00e1rias"},"content":{"rendered":"\n<p>Na oportunidade de concess\u00e3o de benef\u00edcios para a realiza\u00e7\u00e3o de viagens representando o Programa de P\u00f3s-Gradua\u00e7\u00e3o em Direito Negocial da UEL, a Universidade Estadual de Londrina, ap\u00f3s o requerimento formal e aprova\u00e7\u00e3o, pode liberar um valor espec\u00edfico de di\u00e1rias a serem custeados pela universidade. O valor das di\u00e1rias concedidas \u00e9 de acordo com o destino do Requerente, seguindo a tabela abaixo: <\/p>\n\n\n<div class=\"wp-block-image\">\n<figure class=\"aligncenter size-large is-resized\"><img loading=\"lazy\" decoding=\"async\" width=\"561\" height=\"1024\" src=\"https:\/\/pos.uel.br\/direito-negocial\/wp-content\/uploads\/2025\/01\/WhatsApp-Image-2025-01-29-at-21.46.10-561x1024.jpeg\" alt=\"\" class=\"wp-image-1230\" style=\"width:297px;height:auto\" srcset=\"https:\/\/pos.uel.br\/direito-negocial\/wp-content\/uploads\/2025\/01\/WhatsApp-Image-2025-01-29-at-21.46.10-561x1024.jpeg 561w, https:\/\/pos.uel.br\/direito-negocial\/wp-content\/uploads\/2025\/01\/WhatsApp-Image-2025-01-29-at-21.46.10-164x300.jpeg 164w, https:\/\/pos.uel.br\/direito-negocial\/wp-content\/uploads\/2025\/01\/WhatsApp-Image-2025-01-29-at-21.46.10.jpeg 701w\" sizes=\"auto, (max-width: 561px) 100vw, 561px\" \/><\/figure>\n<\/div>\n\n\n<p>Os formul\u00e1rios e os custos podem ser visualizados diretamente na p\u00e1gina da PROAF &#8211; Pr\u00f3-Reitoria de Administra\u00e7\u00e3o e Finan\u00e7as por meio do site: <a href=\"https:\/\/sites.uel.br\/proaf\/formularios-para-download\/\">https:\/\/sites.uel.br\/proaf\/formularios-para-download\/<\/a><\/p>\n\n\n\n<hr class=\"wp-block-separator has-alpha-channel-opacity\" \/>\n","protected":false},"excerpt":{"rendered":"<p>Na oportunidade de concess\u00e3o de benef\u00edcios para a realiza\u00e7\u00e3o de viagens representando o Programa de P\u00f3s-Gradua\u00e7\u00e3o em Direito Negocial da UEL, a Universidade Estadual de Londrina, ap\u00f3s o requerimento formal e aprova\u00e7\u00e3o, pode liberar um valor espec\u00edfico de di\u00e1rias a serem custeados pela universidade. O valor das di\u00e1rias concedidas \u00e9 de acordo com o destino [&hellip;]<\/p>\n","protected":false},"author":12,"featured_media":0,"parent":0,"menu_order":0,"comment_status":"closed","ping_status":"closed","template":"","meta":{"_acf_changed":false,"footnotes":""},"class_list":["post-1223","page","type-page","status-publish","hentry"],"acf":[],"_links":{"self":[{"href":"https:\/\/pos.uel.br\/direito-negocial\/wp-json\/wp\/v2\/pages\/1223","targetHints":{"allow":["GET"]}}],"collection":[{"href":"https:\/\/pos.uel.br\/direito-negocial\/wp-json\/wp\/v2\/pages"}],"about":[{"href":"https:\/\/pos.uel.br\/direito-negocial\/wp-json\/wp\/v2\/types\/page"}],"author":[{"embeddable":true,"href":"https:\/\/pos.uel.br\/direito-negocial\/wp-json\/wp\/v2\/users\/12"}],"replies":[{"embeddable":true,"href":"https:\/\/pos.uel.br\/direito-negocial\/wp-json\/wp\/v2\/comments?post=1223"}],"version-history":[{"count":3,"href":"https:\/\/pos.uel.br\/direito-negocial\/wp-json\/wp\/v2\/pages\/1223\/revisions"}],"predecessor-version":[{"id":1231,"href":"https:\/\/pos.uel.br\/direito-negocial\/wp-json\/wp\/v2\/pages\/1223\/revisions\/1231"}],"wp:attachment":[{"href":"https:\/\/pos.uel.br\/direito-negocial\/wp-json\/wp\/v2\/media?parent=1223"}],"curies":[{"name":"wp","href":"https:\/\/api.w.org\/{rel}","templated":true}]}}