{"id":24,"date":"2025-08-05T16:36:02","date_gmt":"2025-08-05T19:36:02","guid":{"rendered":"https:\/\/pos.uel.br\/direcao-de-arte\/?page_id=24"},"modified":"2026-03-17T19:03:54","modified_gmt":"2026-03-17T22:03:54","slug":"links-uteis","status":"publish","type":"page","link":"https:\/\/pos.uel.br\/direcao-de-arte\/links-uteis\/","title":{"rendered":"Links \u00dateis"},"content":{"rendered":"\n<div class=\"wp-block-columns alignwide is-layout-flex wp-container-core-columns-is-layout-9d6595d7 wp-block-columns-is-layout-flex\">\n<div class=\"wp-block-column is-layout-flow wp-block-column-is-layout-flow\" style=\"flex-basis:13.7%\"><div class=\"wp-block-image\">\n<figure class=\"aligncenter size-large is-resized\"><a href=\"https:\/\/www.youtube.com\/@posdesignuel\"><img loading=\"lazy\" decoding=\"async\" width=\"1024\" height=\"1024\" src=\"https:\/\/pos.uel.br\/direcao-de-arte\/wp-content\/uploads\/2026\/03\/You-tube-1024x1024.jpg\" alt=\"\" class=\"wp-image-370\" style=\"width:122px;height:auto\" srcset=\"https:\/\/pos.uel.br\/direcao-de-arte\/wp-content\/uploads\/2026\/03\/You-tube-1024x1024.jpg 1024w, https:\/\/pos.uel.br\/direcao-de-arte\/wp-content\/uploads\/2026\/03\/You-tube-300x300.jpg 300w, https:\/\/pos.uel.br\/direcao-de-arte\/wp-content\/uploads\/2026\/03\/You-tube-150x150.jpg 150w, https:\/\/pos.uel.br\/direcao-de-arte\/wp-content\/uploads\/2026\/03\/You-tube-768x768.jpg 768w, https:\/\/pos.uel.br\/direcao-de-arte\/wp-content\/uploads\/2026\/03\/You-tube-1536x1536.jpg 1536w, https:\/\/pos.uel.br\/direcao-de-arte\/wp-content\/uploads\/2026\/03\/You-tube.jpg 1920w\" sizes=\"auto, (max-width: 1024px) 100vw, 1024px\" \/><\/a><\/figure>\n<\/div><\/div>\n\n\n\n<div class=\"wp-block-column is-vertically-aligned-bottom is-layout-flow wp-block-column-is-layout-flow\" style=\"flex-basis:66.66%\">\n<p style=\"font-size:16px\"><strong><a href=\"https:\/\/www.youtube.com\/@posdesignuel\">P\u00f3s Design UEL<\/a><\/strong><br><a href=\"https:\/\/www.youtube.com\/@posdesignuel\">@posdesignuel<\/a><br>Esse \u00e9 um canal da P\u00f3s Design UEL, criado para difundir o conhecimento na \u00e1rea de Design, trazendo v\u00e1rios convidados renomados<br>Acesse agora1! <a href=\"https:\/\/www.youtube.com\/@posdesignuel\">https:\/\/www.youtube.com\/@posdesignuel<\/a><\/p>\n<\/div>\n<\/div>\n\n\n\n<div class=\"wp-block-columns alignwide is-layout-flex wp-container-core-columns-is-layout-9d6595d7 wp-block-columns-is-layout-flex\">\n<div class=\"wp-block-column is-layout-flow wp-block-column-is-layout-flow\" style=\"flex-basis:13.7%\"><div class=\"wp-block-image\">\n<figure class=\"aligncenter size-large is-resized\"><a href=\"https:\/\/www.instagram.com\/designuel\/\u200b\"><img loading=\"lazy\" decoding=\"async\" width=\"1024\" height=\"1024\" src=\"https:\/\/pos.uel.br\/direcao-de-arte\/wp-content\/uploads\/2026\/03\/instagram-1-1024x1024.png\" alt=\"\" class=\"wp-image-373\" style=\"width:94px;height:auto\" srcset=\"https:\/\/pos.uel.br\/direcao-de-arte\/wp-content\/uploads\/2026\/03\/instagram-1-1024x1024.png 1024w, https:\/\/pos.uel.br\/direcao-de-arte\/wp-content\/uploads\/2026\/03\/instagram-1-300x300.png 300w, https:\/\/pos.uel.br\/direcao-de-arte\/wp-content\/uploads\/2026\/03\/instagram-1-150x150.png 150w, https:\/\/pos.uel.br\/direcao-de-arte\/wp-content\/uploads\/2026\/03\/instagram-1-768x768.png 768w, https:\/\/pos.uel.br\/direcao-de-arte\/wp-content\/uploads\/2026\/03\/instagram-1-1536x1536.png 1536w, https:\/\/pos.uel.br\/direcao-de-arte\/wp-content\/uploads\/2026\/03\/instagram-1-2048x2048.png 2048w\" sizes=\"auto, (max-width: 1024px) 100vw, 1024px\" \/><\/a><\/figure>\n<\/div><\/div>\n\n\n\n<div class=\"wp-block-column is-vertically-aligned-bottom is-layout-flow wp-block-column-is-layout-flow\" style=\"flex-basis:66.66%\">\n<p style=\"font-size:16px\"><strong><a href=\"https:\/\/www.instagram.com\/designuel\/\u200b\">Instagram<\/a><\/strong><br><a href=\"https:\/\/www.instagram.com\/designuel\/\u200b\">@designuel<\/a><br>Departamento de Design da UEL<br><a href=\"https:\/\/www.instagram.com\/designuel\/\u200b\">https:\/\/www.instagram.com\/designuel\/\u200b<\/a><\/p>\n<\/div>\n<\/div>\n\n\n\n<div style=\"height:68px\" aria-hidden=\"true\" class=\"wp-block-spacer\"><\/div>\n\n\n\n<ul class=\"wp-block-list\">\n<li><a href=\"https:\/\/sistemas.uel.br\/portaldepos\/index\">Portal do Estudante de P\u00f3s-Gradua\u00e7\u00e3o<\/a><\/li>\n\n\n\n<li><a href=\"https:\/\/sites.uel.br\/ati\/criaremail-alunos\/\">Cria\u00e7\u00e3o de e-mail para estudantes de P\u00f3s-Gradua\u00e7\u00e3o<\/a><\/li>\n\n\n\n<li><a href=\"https:\/\/sites.uel.br\/bibliotecas\/\">Bibliotecas UEL<\/a><\/li>\n\n\n\n<li><a href=\"https:\/\/sites.uel.br\/bibliotecas\/apostilas-para-normalizacao\/\">Normaliza\u00e7\u00e3o de Publica\u00e7\u00f5es<\/a><\/li>\n\n\n\n<li><a href=\"https:\/\/sites.uel.br\/ati\/microsoft-365-para-educacao\/\">Pacote Office 365 sem custo para estudantes<\/a><\/li>\n\n\n\n<li><a href=\"https:\/\/sites.uel.br\/proppg\/estagio-2\/\">Est\u00e1gio de P\u00f3s-Gradua\u00e7\u00e3o<\/a><\/li>\n\n\n\n<li><a href=\"https:\/\/sites.uel.br\/proppg\/\">PROPPG \u2013 Pr\u00f3-Reitoria de Pesquisa e P\u00f3s-Gradua\u00e7\u00e3o<\/a><\/li>\n<\/ul>\n\n\n\n<p><\/p>\n","protected":false},"excerpt":{"rendered":"<p>P\u00f3s Design UEL@posdesignuelEsse \u00e9 um canal da P\u00f3s Design UEL, criado para difundir o conhecimento na \u00e1rea de Design, trazendo v\u00e1rios convidados renomadosAcesse agora1! https:\/\/www.youtube.com\/@posdesignuel Instagram@designuelDepartamento de Design da UELhttps:\/\/www.instagram.com\/designuel\/\u200b<\/p>\n","protected":false},"author":6,"featured_media":0,"parent":0,"menu_order":0,"comment_status":"closed","ping_status":"closed","template":"","meta":{"_acf_changed":false,"_themeisle_gutenberg_block_has_review":false,"footnotes":""},"class_list":["post-24","page","type-page","status-publish","hentry"],"acf":[],"_links":{"self":[{"href":"https:\/\/pos.uel.br\/direcao-de-arte\/wp-json\/wp\/v2\/pages\/24","targetHints":{"allow":["GET"]}}],"collection":[{"href":"https:\/\/pos.uel.br\/direcao-de-arte\/wp-json\/wp\/v2\/pages"}],"about":[{"href":"https:\/\/pos.uel.br\/direcao-de-arte\/wp-json\/wp\/v2\/types\/page"}],"author":[{"embeddable":true,"href":"https:\/\/pos.uel.br\/direcao-de-arte\/wp-json\/wp\/v2\/users\/6"}],"replies":[{"embeddable":true,"href":"https:\/\/pos.uel.br\/direcao-de-arte\/wp-json\/wp\/v2\/comments?post=24"}],"version-history":[{"count":7,"href":"https:\/\/pos.uel.br\/direcao-de-arte\/wp-json\/wp\/v2\/pages\/24\/revisions"}],"predecessor-version":[{"id":374,"href":"https:\/\/pos.uel.br\/direcao-de-arte\/wp-json\/wp\/v2\/pages\/24\/revisions\/374"}],"wp:attachment":[{"href":"https:\/\/pos.uel.br\/direcao-de-arte\/wp-json\/wp\/v2\/media?parent=24"}],"curies":[{"name":"wp","href":"https:\/\/api.w.org\/{rel}","templated":true}]}}