{"id":20,"date":"2025-08-05T16:35:20","date_gmt":"2025-08-05T19:35:20","guid":{"rendered":"https:\/\/pos.uel.br\/direcao-de-arte\/?page_id=20"},"modified":"2025-08-06T14:04:53","modified_gmt":"2025-08-06T17:04:53","slug":"corpo-docente","status":"publish","type":"page","link":"https:\/\/pos.uel.br\/direcao-de-arte\/corpo-docente\/","title":{"rendered":"Corpo Docente"},"content":{"rendered":"\n<figure class=\"wp-block-table is-style-stripes has-small-font-size\"><table class=\"has-fixed-layout\"><thead><tr><th><strong>Docentes<\/strong><\/th><th><strong>Disciplinas<\/strong><\/th><\/tr><\/thead><tbody><tr><td>Dr. Marco Ant\u00f4nio Vieira<\/td><td>Design, arte e comunica\u00e7\u00e3o: hist\u00f3ria e contemporaneidade<\/td><\/tr><tr><td>Me. Murilo Crivellari Camargo<\/td><td>Design thinking para grupos criativos<\/td><\/tr><tr><td>Dr. Ant\u00f4nio Barizon Filho<\/td><td>Branding<\/td><\/tr><tr><td>Esp. Gislayne Muraro<\/td><td>Planejamento de comunica\u00e7\u00e3o<\/td><\/tr><tr><td>Esp. \u00c9rico Bel\u00e9m<\/td><td>Dire\u00e7\u00e3o de arte para campanhas publicit\u00e1rias promocionais<\/td><\/tr><tr><td>Ana Vict\u00f3ria Guarinello S. Gomes<\/td><td>Reda\u00e7\u00e3o publicit\u00e1ria<\/td><\/tr><tr><td>Esp. Jos\u00e9 Oshiro<\/td><td>Dire\u00e7\u00e3o de arte e fotografia<\/td><\/tr><tr><td>Dr. Rafael Castro Andrade<\/td><td>Dire\u00e7\u00e3o de arte e projetos editoriais<\/td><\/tr><tr><td>Dr. Jo\u00e3o Arlindo dos Santos Neto<\/td><td>Pesquisa em dire\u00e7\u00e3o de arte<\/td><\/tr><tr><td>Dr. Rog\u00e9rio Zanetti Gomes<\/td><td>Imagem e constru\u00e7\u00e3o de sentido<\/td><\/tr><tr><td>Me. Rafael Blass<\/td><td>Dire\u00e7\u00e3o de arte audiovisual<\/td><\/tr><tr><td>Dr. Rog\u00e9rio Zanetti Gomes<\/td><td>Semin\u00e1rios em design<\/td><\/tr><\/tbody><\/table><\/figure>\n\n\n\n<div class=\"wp-block-columns is-layout-flex wp-container-core-columns-is-layout-9d6595d7 wp-block-columns-is-layout-flex\">\n<div class=\"wp-block-column is-layout-flow wp-block-column-is-layout-flow\"><\/div>\n<\/div>\n","protected":false},"excerpt":{"rendered":"<p>Docentes Disciplinas Dr. Marco Ant\u00f4nio Vieira Design, arte e comunica\u00e7\u00e3o: hist\u00f3ria e contemporaneidade Me. Murilo Crivellari Camargo Design thinking para grupos criativos Dr. Ant\u00f4nio Barizon Filho Branding Esp. Gislayne Muraro Planejamento de comunica\u00e7\u00e3o Esp. \u00c9rico Bel\u00e9m Dire\u00e7\u00e3o de arte para campanhas publicit\u00e1rias promocionais Ana Vict\u00f3ria Guarinello S. Gomes Reda\u00e7\u00e3o publicit\u00e1ria Esp. Jos\u00e9 Oshiro Dire\u00e7\u00e3o de [&hellip;]<\/p>\n","protected":false},"author":6,"featured_media":0,"parent":0,"menu_order":0,"comment_status":"closed","ping_status":"closed","template":"","meta":{"_acf_changed":false,"_themeisle_gutenberg_block_has_review":false,"footnotes":""},"class_list":["post-20","page","type-page","status-publish","hentry"],"acf":[],"_links":{"self":[{"href":"https:\/\/pos.uel.br\/direcao-de-arte\/wp-json\/wp\/v2\/pages\/20","targetHints":{"allow":["GET"]}}],"collection":[{"href":"https:\/\/pos.uel.br\/direcao-de-arte\/wp-json\/wp\/v2\/pages"}],"about":[{"href":"https:\/\/pos.uel.br\/direcao-de-arte\/wp-json\/wp\/v2\/types\/page"}],"author":[{"embeddable":true,"href":"https:\/\/pos.uel.br\/direcao-de-arte\/wp-json\/wp\/v2\/users\/6"}],"replies":[{"embeddable":true,"href":"https:\/\/pos.uel.br\/direcao-de-arte\/wp-json\/wp\/v2\/comments?post=20"}],"version-history":[{"count":2,"href":"https:\/\/pos.uel.br\/direcao-de-arte\/wp-json\/wp\/v2\/pages\/20\/revisions"}],"predecessor-version":[{"id":70,"href":"https:\/\/pos.uel.br\/direcao-de-arte\/wp-json\/wp\/v2\/pages\/20\/revisions\/70"}],"wp:attachment":[{"href":"https:\/\/pos.uel.br\/direcao-de-arte\/wp-json\/wp\/v2\/media?parent=20"}],"curies":[{"name":"wp","href":"https:\/\/api.w.org\/{rel}","templated":true}]}}