{"id":186,"date":"2025-10-16T11:22:20","date_gmt":"2025-10-16T14:22:20","guid":{"rendered":"https:\/\/pos.uel.br\/direcao-de-arte\/?page_id=186"},"modified":"2025-10-17T12:28:06","modified_gmt":"2025-10-17T15:28:06","slug":"emissao-de-certificado-2","status":"publish","type":"page","link":"https:\/\/pos.uel.br\/direcao-de-arte\/emissao-de-certificado-2\/","title":{"rendered":"Emiss\u00e3o de Certificado"},"content":{"rendered":"\n<p><\/p>\n\n\n\n<ul class=\"wp-block-list\">\n<li><a><a>Ap\u00f3s o recebimento da Ata de Avalia\u00e7\u00e3o Final ou Defesa na PROPPG \u2013 Divis\u00e3o de Registro Acad\u00eamico, o estudante ser\u00e1 cadastrado como CONCLU\u00cdDO no Sistema Acad\u00eamico de P\u00f3s-Gradua\u00e7\u00e3o e ser\u00e3o realizados os procedimentos para emiss\u00e3o dos documentos de conclus\u00e3o de curso, sem a necessidade de que o estudante requeir<\/a><\/a><\/li>\n\n\n\n<li><a>Neste per\u00edodo em que o estudante foi cadastrado como CONCLU\u00cdDO no Sistema Acad\u00eamico de P\u00f3s-Gradua\u00e7\u00e3o, ele poder\u00e1 retirar via Portal do Estudante um Atestado de Conclus\u00e3o de Curso, para utilizar temporariamente at\u00e9 que seja expedido o documento oficial (aproximadamente 30 dias para expedi\u00e7\u00e3o).<\/a><\/li>\n\n\n\n<li><a>Ap\u00f3s o registro do documento oficial de conclus\u00e3o de curso, n\u00e3o ser\u00e1 mais poss\u00edvel \u00e0 emiss\u00e3o do atestado, sendo que o estudante dever\u00e1 retirar no balc\u00e3o de atendimento da PROPPG o documento oficial (CERTIFICADO).<\/a><\/li>\n<\/ul>\n\n\n\n<figure class=\"wp-block-table\"><table class=\"has-fixed-layout\"><tbody><tr><td><a><strong>A PROPPG \u2013 Pr\u00f3-Reitoria de Pesquisa e P\u00f3s-Gradua\u00e7\u00e3o da UEL tem atendimento \u00e0 comunidade nos seguintes hor\u00e1rios: das 08h00 \u00e0s 11h30, das 14h00 \u00e0s 17h30, de segunda a sexta-feira.<\/strong><\/a><\/td><\/tr><\/tbody><\/table><\/figure>\n\n\n\n<p><\/p>\n","protected":false},"excerpt":{"rendered":"<p>A PROPPG \u2013 Pr\u00f3-Reitoria de Pesquisa e P\u00f3s-Gradua\u00e7\u00e3o da UEL tem atendimento \u00e0 comunidade nos seguintes hor\u00e1rios: das 08h00 \u00e0s 11h30, das 14h00 \u00e0s 17h30, de segunda a sexta-feira.<\/p>\n","protected":false},"author":8,"featured_media":0,"parent":0,"menu_order":0,"comment_status":"closed","ping_status":"closed","template":"","meta":{"_acf_changed":false,"_themeisle_gutenberg_block_has_review":false,"footnotes":""},"class_list":["post-186","page","type-page","status-publish","hentry"],"acf":[],"_links":{"self":[{"href":"https:\/\/pos.uel.br\/direcao-de-arte\/wp-json\/wp\/v2\/pages\/186","targetHints":{"allow":["GET"]}}],"collection":[{"href":"https:\/\/pos.uel.br\/direcao-de-arte\/wp-json\/wp\/v2\/pages"}],"about":[{"href":"https:\/\/pos.uel.br\/direcao-de-arte\/wp-json\/wp\/v2\/types\/page"}],"author":[{"embeddable":true,"href":"https:\/\/pos.uel.br\/direcao-de-arte\/wp-json\/wp\/v2\/users\/8"}],"replies":[{"embeddable":true,"href":"https:\/\/pos.uel.br\/direcao-de-arte\/wp-json\/wp\/v2\/comments?post=186"}],"version-history":[{"count":3,"href":"https:\/\/pos.uel.br\/direcao-de-arte\/wp-json\/wp\/v2\/pages\/186\/revisions"}],"predecessor-version":[{"id":318,"href":"https:\/\/pos.uel.br\/direcao-de-arte\/wp-json\/wp\/v2\/pages\/186\/revisions\/318"}],"wp:attachment":[{"href":"https:\/\/pos.uel.br\/direcao-de-arte\/wp-json\/wp\/v2\/media?parent=186"}],"curies":[{"name":"wp","href":"https:\/\/api.w.org\/{rel}","templated":true}]}}