{"id":182,"date":"2025-10-16T11:22:20","date_gmt":"2025-10-16T14:22:20","guid":{"rendered":"https:\/\/pos.uel.br\/direcao-de-arte\/?page_id=182"},"modified":"2025-10-20T09:07:12","modified_gmt":"2025-10-20T12:07:12","slug":"isencao-2","status":"publish","type":"page","link":"https:\/\/pos.uel.br\/direcao-de-arte\/isencao-2\/","title":{"rendered":"Isen\u00e7\u00e3o"},"content":{"rendered":"\n<div style=\"height:20px\" aria-hidden=\"true\" class=\"wp-block-spacer\"><\/div>\n\n\n\n<div id=\"wp-block-themeisle-blocks-accordion-f2ea9ebb\" class=\"wp-block-themeisle-blocks-accordion exclusive\">\n<details class=\"wp-block-themeisle-blocks-accordion-item\"><summary class=\"wp-block-themeisle-blocks-accordion-item__title\"><div><strong>Isen\u00e7\u00e3o &#8211; Li 19.196 &#8211; 26 de outubro 2017 (Justi\u00e7a Eleitoral do Paran\u00e1 &#8211; eleitores convocados e nomeados pela Justi\u00e7a Eleitoral do Paran\u00e1 que prestarem servi\u00e7os no per\u00edodo eleitoral)<\/strong><\/div><\/summary><div class=\"wp-block-themeisle-blocks-accordion-item__content\">\n<p>a) Haver\u00e1 isen\u00e7\u00e3o do valor total do pre\u00e7o p\u00fablico de inscri\u00e7\u00e3o para eleitores convocados e nomeados pela Justi\u00e7a Eleitoral do Paran\u00e1 que prestaram servi\u00e7os no per\u00edodo eleitoral visando \u00e0 prepara\u00e7\u00e3o, execu\u00e7\u00e3o e apura\u00e7\u00e3o de elei\u00e7\u00f5es oficiais, plebiscitos ou referendos em dois eventos eleitorais consecutivos ou n\u00e3o, v\u00e1lido por um per\u00edodo de 2 (dois) anos, conforme Lei 19196- 26 de outubro 2017;&nbsp;<\/p>\n\n\n\n<p>b) O requerente dever\u00e1 preencher, <strong>digitalmente <\/strong>ou em letra leg\u00edvel, o Requerimento de Isen\u00e7\u00e3o dispon\u00edvel em <a href=\"https:\/\/sites.uel.br\/proppg\/formularios-da-pos-graduacao\/\"><strong>https:\/\/sites.uel.br\/proppg\/formularios-da-pos-graduacao\/<\/strong><\/a> (Requerimento de Isen\u00e7\u00e3o), informando o nome do Curso que pretende se inscrever, juntamente com a c\u00f3pia da comprova\u00e7\u00e3o do servi\u00e7o prestado, expedido pela Justi\u00e7a Eleitoral, encaminhar no per\u00edodo de no per\u00edodo de 20 a 22 de outubro de 2025 para o e-mail <strong>spg.latosensu@uel.br<\/strong>, digitalizados em <strong>ARQUIVO \u00daNICO, no formato PDF<\/strong> com o assunto \u201cIsen\u00e7\u00e3o \u2013 nome do\/a requerente &#8211; Especializa\u00e7\u00e3o em Dire\u00e7\u00e3o de Arte: Design e Comunica\u00e7\u00e3o &#8211; nome do Curso. (Exemplo: Isen\u00e7\u00e3o \u2013 nome do\/a requerente &#8211; Especializa\u00e7\u00e3o em Dire\u00e7\u00e3o de Arte: Design e Comunica\u00e7\u00e3o);<\/p>\n\n\n\n<p>c) O\/a requerente com pedido de isen\u00e7\u00e3o deferido ou indeferido ser\u00e1 comunicado via e-mail at\u00e9 dia <strong>24 de outubro 2025<\/strong>;<\/p>\n\n\n\n<p>d) O\/a requerente cujo pedido de isen\u00e7\u00e3o do recolhimento do valor do pre\u00e7o p\u00fablico de inscri\u00e7\u00e3o tenha sido indeferido, poder\u00e1 apresentar recurso contra o indeferimento das <strong>8h \u00e0s 23h59min do dia 29 de outubro 2025<\/strong>, enviando e-mail para <strong>rogerioghomes@uel.br<\/strong>. O requerimento dever\u00e1 apresentar justificativa circunstanciada para fundamentar a interposi\u00e7\u00e3o do recurso e informar o item, al\u00ednea e\/ou inciso do Edital em que se baseia a interposi\u00e7\u00e3o.<\/p>\n\n\n\n<p>c) O resultado da an\u00e1lise de eventuais recursos apresentados ser\u00e1 divulgado via e-mail a partir das <strong>17h do dia 31 de outubro 2025.<\/strong><\/p>\n\n\n\n<p>d) O\/a requerente cujo pedido de isen\u00e7\u00e3o do recolhimento do pre\u00e7o p\u00fablico de inscri\u00e7\u00e3o for <strong>deferido <\/strong>dever\u00e1 se inscrever no endere\u00e7o eletr\u00f4nico <strong><a href=\"https:\/\/sites.uel.br\/proppg\/inscricoes\/\">https:\/\/sites.uel.br\/proppg\/inscricoes\/<\/a><\/strong>, no per\u00edodo de <strong>05 de novembro a 23 de fevereiro de 2026<\/strong>, preencher as informa\u00e7\u00f5es solicitadas no momento da inscri\u00e7\u00e3o e<br>fazer upload dos documentos, digitalizados (escaneado) em pdf, exigidos. <strong>N\u00e3o ser\u00e1 aceito upload de fotografias de documentos. Todos os documentos dever\u00e3o ser escaneados em pdf<\/strong>;<\/p>\n\n\n\n<p>e) O\/a requerente cujo pedido de isen\u00e7\u00e3o do recolhimento do pre\u00e7o p\u00fablico de inscri\u00e7\u00e3o for <strong>indeferido <\/strong>dever\u00e1, para efetivar sua inscri\u00e7\u00e3o na Sele\u00e7\u00e3o P\u00fablica, acessar o endere\u00e7o eletr\u00f4nico <strong><a href=\"https:\/\/sites.uel.br\/proppg\/inscricoes\/\">https:\/\/sites.uel.br\/proppg\/inscricoes\/<\/a><\/strong>, no per\u00edodo de <strong>05 de novembro a 23 de fevereiro de 2026<\/strong>, preencher as informa\u00e7\u00f5es solicitadas no momento da inscri\u00e7\u00e3o, fazer upload dos documentos digitalizados (escaneado) em pdf, exigidos, imprimir o boleto banc\u00e1rio e recolher do valor do pre\u00e7o p\u00fablico de inscri\u00e7\u00e3o, conforme instru\u00e7\u00e3o no boleto, e hor\u00e1rio compat\u00edvel com as Intui\u00e7\u00f5es Financeiras. A Universidade e a Coordena\u00e7\u00e3o do Curso n\u00e3o se responsabilizam por recolhimento efetuado em banco diferente do indicado no boleto. <strong>N\u00e3o ser\u00e1 aceito upload de fotografias de documentos. Todos os documentos dever\u00e3o ser escaneados em pdf.<\/strong><\/p>\n\n\n\n<p><strong>IMPORTANTE <\/strong>: <br><br>N\u00e3o esquecer de informar no requerimento o nome do Curso (<em>Especializa\u00e7\u00e3o Dire\u00e7\u00e3o de Arte: Design e Comunica\u00e7\u00e3o<\/em>); <br>N\u00e3o esquecer de informar no assunto do e-mail: \u201c<em>Isen\u00e7\u00e3o \u2013 nome do\/a requerente &#8211; Especializa\u00e7\u00e3o em Dire\u00e7\u00e3o de Arte: Design e Comunica\u00e7\u00e3o<\/em>\u201d;<br>N\u00e3o ser\u00e3o analisados pedidos de isen\u00e7\u00e3o com informa\u00e7\u00e3o incompleta, ileg\u00edvel ou fora do prazo estabelecido neste Edital.This is a placeholder tab content. It is important to have the necessary information in the block, but at this stage, it is just a placeholder to help you visualise how the content is displayed. Feel free to edit this with your actual content.<\/p>\n<\/div><\/details>\n\n\n\n<details class=\"wp-block-themeisle-blocks-accordion-item\"><summary class=\"wp-block-themeisle-blocks-accordion-item__title\"><div><strong>Isen\u00e7\u00e3o &#8211; Lei 19.293 \u2013 13 de dezembro de 2017 (Doador de sangue a \u00f3rg\u00e3o oficial de sa\u00fade ou \u00e0 entidade credenciada pela Uni\u00e3o, Estado ou Munic\u00edpio)<\/strong><\/div><\/summary><div class=\"wp-block-themeisle-blocks-accordion-item__content\">\n<p>a) Haver\u00e1 isen\u00e7\u00e3o do valor total da taxa de inscri\u00e7\u00e3o para doadores de sangue realizado em \u00f3rg\u00e3o oficial ou \u00e0 entidade credenciada pela Uni\u00e3o, pelo Estado ou pelo Munic\u00edpio, conforme Lei 19.293 &#8211; 13 de dezembro de 2017.<\/p>\n\n\n\n<p>b) O\/a requerente dever\u00e1 preencher, <strong>digitalmente<\/strong>, o Requerimento de Isen\u00e7\u00e3o dispon\u00edvel em <strong><a href=\"https:\/\/sites.uel.br\/proppg\/formularios-da-pos-graduacao\/\">https:\/\/sites.uel.br\/proppg\/formularios-da-pos-graduacao\/<\/a><\/strong> (Requerimento Isen\u00e7\u00e3o), informando o nome do Curso que pretende se inscrever, encaminhar juntamente com documento comprovando que realizou <strong>duas doa\u00e7\u00f5es dentro do per\u00edodo de doze meses anterior \u00e0 data de publica\u00e7\u00e3o desde edital,<\/strong> emitida por \u00f3rg\u00e3o oficial ou entidade credenciada pela Uni\u00e3o, pelo Estado ou pelo Munic\u00edpio, no per\u00edodo de <strong>20 a 22 de outubro de 2025<\/strong> para o e-mail <strong>spg.latosensu@uel.br<\/strong>, digitalizados em <strong>ARQUIVO \u00daNICO, no formato PDF<\/strong> com o assunto \u201c<em>Isen\u00e7\u00e3o \u2013 nome do\/a requerente &#8211; Especializa\u00e7\u00e3o em Dire\u00e7\u00e3o de Arte: Design e Comunica\u00e7\u00e3o &#8211; nome do Curso.<\/em> (Exemplo: <em>Isen\u00e7\u00e3o \u2013 nome do\/a requerente &#8211; Especializa\u00e7\u00e3o em Dire\u00e7\u00e3o de Arte: Design e Comunica\u00e7\u00e3o<\/em>)<\/p>\n\n\n\n<p>c) O\/a requerente com pedido de isen\u00e7\u00e3o deferido ou indeferido ser\u00e1 comunicado\/a via e-mail at\u00e9 dia 24 de outubro de 2025.<\/p>\n\n\n\n<p>d) O\/A requerente cujo pedido de isen\u00e7\u00e3o do recolhimento do valor do pre\u00e7o p\u00fablico de inscri\u00e7\u00e3o tenha sido <strong>indeferido<\/strong>, poder\u00e1 apresentar recurso contra o indeferimento das <strong>8h \u00e0s 23h59min do dia 29 de outubro de 2025<\/strong>, enviando e-mail para rogerioghomes@uel.br. O requerimento dever\u00e1 apresentar justificativa circunstanciada para fundamentar a interposi\u00e7\u00e3o do recurso e informar o item, al\u00ednea e\/ou inciso do Edital em que se baseia a interposi\u00e7\u00e3o<\/p>\n\n\n\n<p>e) O resultado da an\u00e1lise de eventuais recursos ser\u00e1 apresentado no endere\u00e7o (<a href=\"https:\/\/sites.uel.br\/ceca\/lato-sensu\/)\"><strong>https:\/\/sites.uel.br\/ceca\/lato-sensu\/<\/strong><\/a>) a partir das <strong>17h do dia 31 de outubro de 2025<\/strong>;<\/p>\n\n\n\n<p>f) O\/a requerente cujo pedido de isen\u00e7\u00e3o do recolhimento do pre\u00e7o p\u00fablico de inscri\u00e7\u00e3o for deferido dever\u00e1 se inscrever no endere\u00e7o eletr\u00f4nico <strong><a href=\"https:\/\/sites.uel.br\/proppg\/inscricoes\/\">https:\/\/sites.uel.br\/proppg\/inscricoes\/<\/a><\/strong>, no per\u00edodo de <strong>05 de outubro a 23 de fevereiro de 2026<\/strong>, preencher as informa\u00e7\u00f5es solicitadas no momento da inscri\u00e7\u00e3o e fazer upload dos documentos, digitalizados (escaneado) em pdf, exigidos.<strong> N\u00e3o ser\u00e1 aceito upload de fotografias de documentos. Todos os documentos dever\u00e3o ser escaneados em pdf.<\/strong><\/p>\n\n\n\n<p>g) O\/a requerente cujo pedido de isen\u00e7\u00e3o do recolhimento do pre\u00e7o p\u00fablico de inscri\u00e7\u00e3o for <strong>indeferido <\/strong>dever\u00e1, para efetivar sua inscri\u00e7\u00e3o na Sele\u00e7\u00e3o P\u00fablica, acessar o endere\u00e7o eletr\u00f4nico <strong><a href=\"https:\/\/sites.uel.br\/proppg\/inscricoes\/\">https:\/\/sites.uel.br\/proppg\/inscricoes\/<\/a><\/strong>, no per\u00edodo de <strong>05 de outubro a 23 de fevereiro de 2026<\/strong>, preencher as informa\u00e7\u00f5es solicitadas no momento da inscri\u00e7\u00e3o, fazer upload dos documentos digitalizados (escaneado) em pdf, exigidos, imprimir o boleto banc\u00e1rio e recolher do valor do pre\u00e7o p\u00fablico de inscri\u00e7\u00e3o, conforme instru\u00e7\u00e3o no boleto, e hor\u00e1rio compat\u00edvel com as Intui\u00e7\u00f5es Financeiras. A Universidade e a Coordena\u00e7\u00e3o do Curso n\u00e3o se responsabilizam por recolhimento efetuado em banco diferente do indicado no boleto. <strong>N\u00e3o ser\u00e1 aceito upload de fotografias de documentos. Todos os documentos dever\u00e3o ser escaneados em pdf.<\/strong><\/p>\n\n\n\n<p class=\"has-text-align-left\"><strong>IMPORTANTE<\/strong>:<\/p>\n\n\n\n<p>N\u00e3o esquecer de informar no requerimento o nome do Curso (<em>Especializa\u00e7\u00e3o Dire\u00e7\u00e3o de Arte: Design e Comunica\u00e7\u00e3o<\/em>) para o qual est\u00e1 requerendo a isen\u00e7\u00e3o.<br>N\u00e3o esquecer de informar no assunto do e-mail: <em>\u201cIsen\u00e7\u00e3o \u2013 nome do requerente &#8211; Especializa\u00e7\u00e3o em Dire\u00e7\u00e3o de Arte: design e comunica\u00e7\u00e3o\u201d<\/em>;<br>N\u00e3o ser\u00e3o analisados pedidos de isen\u00e7\u00e3o com informa\u00e7\u00e3o incompleta, ileg\u00edvel ou fora do prazo estabelecido neste Edital.This is a placeholder tab content. It is important to have the necessary information in the block, but at this stage, it is just a placeholder to help you visualise how the content is displayed. Feel free to edit this with your actual content.<\/p>\n<\/div><\/details>\n<\/div>\n\n\n\n<p><strong><a href=\"https:\/\/sites.uel.br\/proppg\/formularios-da-pos-graduacao\/\">Clique aqui para solicitar sua isen\u00e7\u00e3o<\/a><\/strong><\/p>\n\n\n\n<p><\/p>\n","protected":false},"excerpt":{"rendered":"<p>Clique aqui para solicitar sua isen\u00e7\u00e3o<\/p>\n","protected":false},"author":8,"featured_media":0,"parent":0,"menu_order":0,"comment_status":"closed","ping_status":"closed","template":"","meta":{"_acf_changed":false,"_themeisle_gutenberg_block_has_review":false,"footnotes":""},"class_list":["post-182","page","type-page","status-publish","hentry"],"acf":[],"_links":{"self":[{"href":"https:\/\/pos.uel.br\/direcao-de-arte\/wp-json\/wp\/v2\/pages\/182","targetHints":{"allow":["GET"]}}],"collection":[{"href":"https:\/\/pos.uel.br\/direcao-de-arte\/wp-json\/wp\/v2\/pages"}],"about":[{"href":"https:\/\/pos.uel.br\/direcao-de-arte\/wp-json\/wp\/v2\/types\/page"}],"author":[{"embeddable":true,"href":"https:\/\/pos.uel.br\/direcao-de-arte\/wp-json\/wp\/v2\/users\/8"}],"replies":[{"embeddable":true,"href":"https:\/\/pos.uel.br\/direcao-de-arte\/wp-json\/wp\/v2\/comments?post=182"}],"version-history":[{"count":18,"href":"https:\/\/pos.uel.br\/direcao-de-arte\/wp-json\/wp\/v2\/pages\/182\/revisions"}],"predecessor-version":[{"id":324,"href":"https:\/\/pos.uel.br\/direcao-de-arte\/wp-json\/wp\/v2\/pages\/182\/revisions\/324"}],"wp:attachment":[{"href":"https:\/\/pos.uel.br\/direcao-de-arte\/wp-json\/wp\/v2\/media?parent=182"}],"curies":[{"name":"wp","href":"https:\/\/api.w.org\/{rel}","templated":true}]}}