{"id":178,"date":"2025-10-16T11:22:20","date_gmt":"2025-10-16T14:22:20","guid":{"rendered":"https:\/\/pos.uel.br\/direcao-de-arte\/?page_id=178"},"modified":"2025-10-16T11:34:28","modified_gmt":"2025-10-16T14:34:28","slug":"cronograma","status":"publish","type":"page","link":"https:\/\/pos.uel.br\/direcao-de-arte\/cronograma\/","title":{"rendered":"Cronograma"},"content":{"rendered":"\n<figure class=\"wp-block-table is-style-stripes\"><table class=\"has-text-color has-link-color\" style=\"color:#3e3a38\"><thead><tr><th>PROCEDIMENTOS<\/th><th><strong>DATAS<\/strong><\/th><\/tr><\/thead><tbody><tr><td>Requerimento de Isen\u00e7\u00e3o do pre\u00e7o p\u00fablico de inscri\u00e7\u00e3o: Justi\u00e7a Eleitoral e Doa\u00e7\u00e3o de Sangue \u2013 via e-mail<\/td><td>20 a 22 de outubro de 2025<\/td><\/tr><tr><td>Resultado aos pedidos de Isen\u00e7\u00e3o: Justi\u00e7a Eleitoral e Doa\u00e7\u00e3o de Sangue<\/td><td>24 de outubro de 2025<\/td><\/tr><tr><td>Interposi\u00e7\u00e3o de Recurso ao Resultado da Isen\u00e7\u00e3o: Justi\u00e7a Eleitoral e Doa\u00e7\u00e3o de Sangue<\/td><td>29 de outubro de 2025<\/td><\/tr><tr><td>Resultado da interposi\u00e7\u00e3o Recurso: Isen\u00e7\u00e3o &#8211; Justi\u00e7a Eleitoral e Doa\u00e7\u00e3o de Sangue<\/td><td>31 de outubro de 2025<\/td><\/tr><tr><td>Per\u00edodo de Inscri\u00e7\u00e3o <strong>(<a href=\"https:\/\/www.sistemasweb.uel.br\/index.php?contents=system\/inscpos\/index.php&amp;pagina=view\/ListarDadosCurso.php&amp;cd_curso=440&amp;nr_resolucao=23\/2022\">via web<\/a>)<\/strong> e <em>upload <\/em>dos documentos<\/td><td>05 de novembro de 2025 a 23 de fevereiro de 2026<\/td><\/tr><tr><td>Per\u00edodo de sele\u00e7\u00e3o<\/td><td>24 de fevereiro de 2026<\/td><\/tr><tr><td>Divulga\u00e7\u00e3o do Edital de Resultado e<br>Convoca\u00e7\u00e3o para Matr\u00edcula<\/td><td>02 de mar\u00e7o de 2026<br><a href=\"https:\/\/pos.uel.br\/direcao-de-arte\/\">https:\/\/pos.uel.br\/direcao-de-arte\/<\/a><\/td><\/tr><tr><td>Per\u00edodo de Matr\u00edcula e upload de documentos pendentes<\/td><td>03 a 05 de mar\u00e7o de 2026<\/td><\/tr><\/tbody><\/table><\/figure>\n","protected":false},"excerpt":{"rendered":"<p>PROCEDIMENTOS DATAS Requerimento de Isen\u00e7\u00e3o do pre\u00e7o p\u00fablico de inscri\u00e7\u00e3o: Justi\u00e7a Eleitoral e Doa\u00e7\u00e3o de Sangue \u2013 via e-mail 20 a 22 de outubro de 2025 Resultado aos pedidos de Isen\u00e7\u00e3o: Justi\u00e7a Eleitoral e Doa\u00e7\u00e3o de Sangue 24 de outubro de 2025 Interposi\u00e7\u00e3o de Recurso ao Resultado da Isen\u00e7\u00e3o: Justi\u00e7a Eleitoral e Doa\u00e7\u00e3o de Sangue [&hellip;]<\/p>\n","protected":false},"author":8,"featured_media":0,"parent":0,"menu_order":0,"comment_status":"closed","ping_status":"closed","template":"","meta":{"_acf_changed":false,"_themeisle_gutenberg_block_has_review":false,"footnotes":""},"class_list":["post-178","page","type-page","status-publish","hentry"],"acf":[],"_links":{"self":[{"href":"https:\/\/pos.uel.br\/direcao-de-arte\/wp-json\/wp\/v2\/pages\/178","targetHints":{"allow":["GET"]}}],"collection":[{"href":"https:\/\/pos.uel.br\/direcao-de-arte\/wp-json\/wp\/v2\/pages"}],"about":[{"href":"https:\/\/pos.uel.br\/direcao-de-arte\/wp-json\/wp\/v2\/types\/page"}],"author":[{"embeddable":true,"href":"https:\/\/pos.uel.br\/direcao-de-arte\/wp-json\/wp\/v2\/users\/8"}],"replies":[{"embeddable":true,"href":"https:\/\/pos.uel.br\/direcao-de-arte\/wp-json\/wp\/v2\/comments?post=178"}],"version-history":[{"count":2,"href":"https:\/\/pos.uel.br\/direcao-de-arte\/wp-json\/wp\/v2\/pages\/178\/revisions"}],"predecessor-version":[{"id":207,"href":"https:\/\/pos.uel.br\/direcao-de-arte\/wp-json\/wp\/v2\/pages\/178\/revisions\/207"}],"wp:attachment":[{"href":"https:\/\/pos.uel.br\/direcao-de-arte\/wp-json\/wp\/v2\/media?parent=178"}],"curies":[{"name":"wp","href":"https:\/\/api.w.org\/{rel}","templated":true}]}}