{"id":64,"date":"2025-10-02T14:32:42","date_gmt":"2025-10-02T17:32:42","guid":{"rendered":"https:\/\/pos.uel.br\/deel\/?page_id=64"},"modified":"2025-10-06T14:06:09","modified_gmt":"2025-10-06T17:06:09","slug":"corpo-docente","status":"publish","type":"page","link":"https:\/\/pos.uel.br\/deel\/corpo-docente\/","title":{"rendered":"Orientadores"},"content":{"rendered":"\n<div id=\"wp-block-themeisle-blocks-accordion-b8670fb0\" class=\"wp-block-themeisle-blocks-accordion exclusive\">\n<details class=\"wp-block-themeisle-blocks-accordion-item\"><summary class=\"wp-block-themeisle-blocks-accordion-item__title\"><div><strong>Modelagem, Simula\u00e7\u00e3o e Implementa\u00e7\u00e3o de Sistemas (MSI)<\/strong><\/div><\/summary><div class=\"wp-block-themeisle-blocks-accordion-item__content\">\n<p>1. <strong>CRISTIANO MARCOS AGULHARI<\/strong> (Eng. El\u00e9trica, UTFPR) <a href=\"https:\/\/buscatextual.cnpq.br\/buscatextual\/visualizacv.do?metodo=apresentar&amp;id=K4233299H5\">CV lattes<\/a> | <strong>e-mail: agulhari@utfpr.edu.br<\/strong><br>Processamento de sinais, wavelets, compress\u00e3o de dados, compress\u00e3o de sinais biom\u00e9dicos, sistemas de controle, controle robusto, controle de sistemas LTV, desigualdades matriciais lineares (LMIs).<\/p>\n\n\n\n<p>2. <strong>FRANCISCO GRANZIERA JUNIOR<\/strong> (Eng. El\u00e9trica, UEL) <a href=\"https:\/\/buscatextual.cnpq.br\/buscatextual\/visualizacv.do?metodo=apresentar&amp;id=K4777349T3\">CV lattes<\/a> | <strong>e-mail: granziera@uel.br<\/strong><br>Instrumenta\u00e7\u00e3o para sondagem de foguetes e sat\u00e9lites; determina\u00e7\u00e3o de atitude; algoritmos de otimiza\u00e7\u00e3o mono e multiobjetivo; calibra\u00e7\u00e3o e fus\u00e3o de dados de sensores.<\/p>\n\n\n\n<p>3. <strong>JOSE ALEXANDRE DE FRAN\u00c7A <\/strong>(Eng. El\u00e9trica, UEL) <a href=\"https:\/\/buscatextual.cnpq.br\/buscatextual\/visualizacv.do?metodo=apresentar&amp;id=K4796672T1\">CV lattes<\/a> | <strong>e-mail: josealexandre@uel.br<\/strong><br>Instrumenta\u00e7\u00e3o: Agricultura de Precis\u00e3o, Sistemas Embarcados, Aquisi\u00e7\u00e3o Remota de Dados, desenvolvimento de instrumentos baseados em Espectroscopia no Infravermelho Pr\u00f3ximo.<\/p>\n\n\n\n<p>4. <strong>JOSE CARLOS MARINELLO FILHO<\/strong> (Eng. El\u00e9trica, UTFPR) <a href=\"https:\/\/buscatextual.cnpq.br\/buscatextual\/visualizacv.do?metodo=apresentar&amp;id=K4402993Z4\">CV-lattes<\/a> | <strong>e-mail: zecarlos.ee@gmail.com <\/strong><br>Sistemas de Telecomunica\u00e7\u00f5es: comunica\u00e7\u00f5es e processamento de sinais, detec\u00e7\u00e3o e estimativa multiusu\u00e1rio, sistemas MIMO Massivos, comunica\u00e7\u00e3o cooperativa, aloca\u00e7\u00e3o de recursos, sistemas sem fio 5G: URLLC, mMTC, EMBB, protocolos Grant-based e Grant-free; aprendizado de m\u00e1quina aplicado a redes sem fio<\/p>\n\n\n\n<p>5. <strong>LEONIMER FL\u00c1VIO DE MELO<\/strong> (Eng. El\u00e9trica, UEL) <a href=\"https:\/\/buscatextual.cnpq.br\/buscatextual\/visualizacv.do?metodo=apresentar&amp;id=K4751915H2\">CV-lattes<\/a> | <strong>e-mail: leonimer@uel.br<\/strong><br>Mecatr\u00f4nica: automa\u00e7\u00e3o industrial, engenharia de produ\u00e7\u00e3o, sistemas de controle embarcados, rob\u00f3tica, sistemas mecatr\u00f4nicos industriais, arquitetura reconfigur\u00e1vel, ensino a dist\u00e2ncia e engenharia de tr\u00e1fego.<\/p>\n\n\n\n<p>6. <strong>MARCELO CARVALHO TOSIN <\/strong>(EE-UEL) (2024-Atual) <a href=\"https:\/\/buscatextual.cnpq.br\/buscatextual\/visualizacv.do?metodo=apresentar&amp;id=K4795423U8\">CV-lattes<\/a> | <strong>e-mail: mctosin@uel.br <\/strong><br>Processamento Digital de Sinais, Aprendizado de M\u00e1quina, Reconhecimento de Padr\u00f5es, Aprendizado de M\u00e1quina e Vis\u00e3o Computacional.<\/p>\n\n\n\n<p>7. <strong>MARIA BERNADETE DE MORAIS FRAN\u00c7A<\/strong> (EE-UEL) (2024-Atual) <a href=\"https:\/\/buscatextual.cnpq.br\/buscatextual\/visualizacv.do?metodo=apresentar&amp;id=K4799092Y2\">CV-lattes<\/a> | <strong>e-mail: mbmorais@uel.br <\/strong><br>Circuitos eletr\u00f4nicos anal\u00f3gicos e digitais, atuando nos seguintes temas: microcontroladores, sensores para agricultura, instrumenta\u00e7\u00e3o eletr\u00f4nica, linguagem de descri\u00e7\u00e3o de hardware, rob\u00f3tica educacional, aplica\u00e7\u00f5es de aprendizado de m\u00e1quina e redes neurais.<\/p>\n\n\n\n<p>8. <strong>MARIO LEMES PROEN\u00c7A JR.<\/strong> (DC-UEL) PQ-2-CNPq (2023-atual; 2020-2022; 2017-2019) <a href=\"https:\/\/buscatextual.cnpq.br\/buscatextual\/visualizacv.do?metodo=apresentar&amp;id=K4703654D1\">CV lattes<\/a> | <strong>e-mail: proenca@uel.br <\/strong><br>Ci\u00eancia da Computa\u00e7\u00e3o, com \u00eanfase em Teleinform\u00e1tica, Seguran\u00e7a e Gest\u00e3o de Redes e Governan\u00e7a de Tecnologia da Informa\u00e7\u00e3o e Comunica\u00e7\u00e3o.<\/p>\n\n\n\n<p>9. <strong>PAULO R. SCALASSARA<\/strong> (Eng. El\u00e9trica, UTFPR) <a href=\"https:\/\/buscatextual.cnpq.br\/buscatextual\/visualizacv.do?metodo=apresentar&amp;id=K4705232D0\">CV-lattes<\/a> | website | <strong>e-mail: prscalassara@utfpr.edu.br <\/strong><br>Processamento de Sinais: processamento estoc\u00e1stico de sinais, an\u00e1lise de imagens, reconhecimento de padr\u00f5es, aprendizado de m\u00e1quina, sinais biol\u00f3gicos.<\/p>\n\n\n\n<p>10. <strong>TAUFIK ABR\u00c3O<\/strong> (Eng. El\u00e9trica, UEL) PQ-1C-CNPq (2024-atual) (PQ-1D-CNPq: 2020-2023; 2016-2019) <strong><a href=\"https:\/\/buscatextual.cnpq.br\/buscatextual\/visualizacv.do?metodo=apresentar&amp;id=K4727016U0\">CV-lattes<\/a> <\/strong>|<strong> <a href=\"https:\/\/www.uel.br\/pessoal\/taufik\">website<\/a><\/strong> | <strong>e-mail: taufik@uel.br<\/strong> | <a href=\"https:\/\/orcid.org\/0000-0001-8678-2805\">ORCid<\/a> | <a href=\"https:\/\/www.scopus.com\/authid\/detail.uri?authorId=8964781700\">ScopusID<\/a><strong> <\/strong><br>Sistemas de Telecomunica\u00e7\u00f5es: comunica\u00e7\u00f5es e processamento de sinais, especialmente detec\u00e7\u00e3o e estimativa multiusu\u00e1rio, sistemas Massive MIMO e XL-MIMO, comunica\u00e7\u00e3o cooperativa, aloca\u00e7\u00e3o de recursos, aspectos de otimiza\u00e7\u00e3o heur\u00edstica e convexa de sistemas sem fio 5G; URLLC, mMTC, EMBB, protocolos Grant-based e Grant-free; aprendizado de m\u00e1quina aplicado a redes sem fio; sistemas de comunica\u00e7\u00e3o smartgrid.<\/p>\n<\/div><\/details>\n<\/div>\n\n\n\n<div id=\"wp-block-themeisle-blocks-accordion-d3e3c8be\" class=\"wp-block-themeisle-blocks-accordion exclusive\">\n<details class=\"wp-block-themeisle-blocks-accordion-item\"><summary class=\"wp-block-themeisle-blocks-accordion-item__title\"><div><strong>Processamento e Convers\u00e3o de Energia (PCE)<\/strong><\/div><\/summary><div class=\"wp-block-themeisle-blocks-accordion-item__content\">\n<p>11. <strong>ALESSANDRO DO NASCIMENTO VARGAS<\/strong> PQ-1D-CNPq (2024-atual) (PQ-2-CNPq: 2020-2023; 2017-2019) (EE, UTFPR) | <a href=\"https:\/\/buscatextual.cnpq.br\/buscatextual\/visualizacv.do?metodo=apresentar&amp;id=K4774631U7\">CV-Lattes<\/a> |<strong> e-mail: avargas@utfpr.edu.br <\/strong><br>Controle de Processos Eletr\u00f4nicos e realimenta\u00e7\u00e3o: estabilidade e controle de sistemas estoc\u00e1sticos, processos de decis\u00e3o Markovianos, controle \u00f3timo e robusto, sistemas din\u00e2micos.<\/p>\n\n\n\n<p>12. <strong>ALESSANDRO GOEDTEL<\/strong> DT-2-CNPq (2021-atual) DT-1D-CNPq (2017-2020) (Eng. El\u00e9trica, UTFPR) | <a href=\"https:\/\/buscatextual.cnpq.br\/buscatextual\/visualizacv.do?metodo=apresentar&amp;id=K4763478U2\">CV-lattes<\/a> | <strong>e-mail: agoedtel@utfpr.edu.br <\/strong><br>Processos El\u00e9tricos e Industriais. Automa\u00e7\u00e3o Eletr\u00f4nica: redes neurais artificiais, sistemas inteligentes, motores de indu\u00e7\u00e3o, acionamento de m\u00e1quinas el\u00e9tricas e cargas industriais.<\/p>\n\n\n\n<p>13. <strong>LEONARDO POLTRONIERI SAMPAIO<\/strong> PQ-2-CNPq (2022-atual) (Eng. El\u00e9trica, UTFPR) | <a href=\"https:\/\/buscatextual.cnpq.br\/buscatextual\/visualizacv.do?metodo=apresentar&amp;id=K4713309H8\">CV-Lattes<\/a> | <strong>e-mail: sampaio@utfpr.edu.br<\/strong><br>Energias alternativas e renov\u00e1veis: aplica\u00e7\u00f5es fotovoltaicas, qualidade de energia el\u00e9trica, an\u00e1lise e modelagem de conversores est\u00e1ticos de pot\u00eancia, programa\u00e7\u00e3o de controladores digitais de sinais (DSC).<\/p>\n\n\n\n<p>14. <strong>MARCELO FAVORETO CASTOLDI<\/strong> DT-2-CNPq (2023-atual) (Eng. El\u00e9trica, UTFPR) | <a href=\"https:\/\/buscatextual.cnpq.br\/buscatextual\/visualizacv.do?metodo=apresentar&amp;id=K4713309H8\">CV-lattes<\/a> | <strong>e-mail: marcastoldi@utfpr.edu.br<\/strong><br>Controle de m\u00e1quinas, detec\u00e7\u00e3o de falhas em m\u00e1quinas el\u00e9tricas, projeto de drivers para amortecimento de SEPs, dispositivos FACTS e algoritmos de otimiza\u00e7\u00e3o.<\/p>\n\n\n\n<p>15. <strong>S\u00c9RGIO AUGUSTO OLIVEIRA DA SILVA<\/strong> PQ-1D-CNPq (2022-atual) PQ-2-CNPq (2019-2021) (EE, UTFPR) | <a href=\"https:\/\/buscatextual.cnpq.br\/buscatextual\/visualizacv.do?metodo=apresentar&amp;id=K4798852P5\">CV-Lattes<\/a> | <strong>e-mail: augus@utfpr.edu.br<\/strong><br>Eletr\u00f4nica de Pot\u00eancia: Filtros Ativos de Pot\u00eancia, Sistemas de Energia Ininterrupta, Qualidade de Energia El\u00e9trica e Energias Renov\u00e1veis \u200b\u200b(Sistemas Fotovoltaicos).<\/p>\n<\/div><\/details>\n<\/div>\n","protected":false},"excerpt":{"rendered":"","protected":false},"author":6,"featured_media":0,"parent":0,"menu_order":0,"comment_status":"closed","ping_status":"closed","template":"","meta":{"_acf_changed":false,"_themeisle_gutenberg_block_has_review":false,"footnotes":""},"class_list":["post-64","page","type-page","status-publish","hentry"],"acf":[],"_links":{"self":[{"href":"https:\/\/pos.uel.br\/deel\/wp-json\/wp\/v2\/pages\/64","targetHints":{"allow":["GET"]}}],"collection":[{"href":"https:\/\/pos.uel.br\/deel\/wp-json\/wp\/v2\/pages"}],"about":[{"href":"https:\/\/pos.uel.br\/deel\/wp-json\/wp\/v2\/types\/page"}],"author":[{"embeddable":true,"href":"https:\/\/pos.uel.br\/deel\/wp-json\/wp\/v2\/users\/6"}],"replies":[{"embeddable":true,"href":"https:\/\/pos.uel.br\/deel\/wp-json\/wp\/v2\/comments?post=64"}],"version-history":[{"count":36,"href":"https:\/\/pos.uel.br\/deel\/wp-json\/wp\/v2\/pages\/64\/revisions"}],"predecessor-version":[{"id":213,"href":"https:\/\/pos.uel.br\/deel\/wp-json\/wp\/v2\/pages\/64\/revisions\/213"}],"wp:attachment":[{"href":"https:\/\/pos.uel.br\/deel\/wp-json\/wp\/v2\/media?parent=64"}],"curies":[{"name":"wp","href":"https:\/\/api.w.org\/{rel}","templated":true}]}}