{"id":18,"date":"2025-10-01T14:08:21","date_gmt":"2025-10-01T17:08:21","guid":{"rendered":"https:\/\/pos.uel.br\/deel\/?page_id=18"},"modified":"2025-10-06T14:09:16","modified_gmt":"2025-10-06T17:09:16","slug":"area-de-pesquisa","status":"publish","type":"page","link":"https:\/\/pos.uel.br\/deel\/area-de-pesquisa\/","title":{"rendered":"\u00c1rea de Pesquisa"},"content":{"rendered":"\n<div id=\"wp-block-themeisle-blocks-accordion-280c3bbf\" class=\"wp-block-themeisle-blocks-accordion exclusive\">\n<details class=\"wp-block-themeisle-blocks-accordion-item\"><summary class=\"wp-block-themeisle-blocks-accordion-item__title\"><div><strong>MODELAGEM, SIMULA\u00c7\u00c3O E IMPLEMENTA\u00c7\u00c3O DE SISTEMAS (MSI) <\/strong><\/div><\/summary><div class=\"wp-block-themeisle-blocks-accordion-item__content\">\n<p><strong>\u00c1rea correlata:<\/strong> Sistemas Eletr\u00f4nicos A linha de pesquisa Modelagem, Simula\u00e7\u00e3o e Implementa\u00e7\u00e3o de Sistemas desenvolve-se a partir de diferentes abordagens em sistemas eletr\u00f4nicos:<\/p>\n\n\n\n<p>a) Sistemas de Telecomunica\u00e7\u00f5es e Comunica\u00e7\u00e3o de Dados. <br>b) Automa\u00e7\u00e3o, Instrumenta\u00e7\u00e3o Industrial, Controle e Rob\u00f3tica. <br>c) Processamento de Sinais Aplicado; <br><br><strong>MSI &#8211; Telecomunica\u00e7\u00f5es:<\/strong> Novos m\u00e9todos em sistemas de comunica\u00e7\u00e3o, incluindo sistemas \u00f3pticos, sem fio; prova de conceito em comunica\u00e7\u00e3o e t\u00e9cnicas de processamento de sinais aplicados; m\u00e9todos de diversidade; aloca\u00e7\u00e3o de recursos (RA) em redes de comunica\u00e7\u00e3o; comunica\u00e7\u00f5es de espectro espalhado (SS) e acesso m\u00faltiplo por divis\u00e3o ortogonal de frequ\u00eancia (OFDMA); modelagem matem\u00e1tica de sistemas de comunica\u00e7\u00e3o. Transmiss\u00e3o de dados, protocolos de rede, arquitetura, topologia e seguran\u00e7a de redes, redes sem fio, engenharia de tr\u00e1fego, redes locais, redes de banda larga, aplica\u00e7\u00f5es multim\u00eddia em redes e sistemas de informa\u00e7\u00e3o em redes. MSI &#8211; Automa\u00e7\u00e3o, Instrumenta\u00e7\u00e3o Industrial, Controle e Rob\u00f3tica. Sistemas de medi\u00e7\u00e3o diversos. Rob\u00f3tica e sistemas de navega\u00e7\u00e3o remota. Desenvolvimento de sistemas de monitoramento agrometeorol\u00f3gico mais precisos, com opera\u00e7\u00e3o remota e competitiva. Desenvolvimento de instrumentos port\u00e1teis para:<\/p>\n\n\n\n<p>a) quantifica\u00e7\u00e3o de subst\u00e2ncias f\u00edsico-qu\u00edmicas em meios s\u00f3lidos, l\u00edquidos e gasosos; <br>b) novos padr\u00f5es para detec\u00e7\u00e3o de adultera\u00e7\u00e3o em leite e derivados; <br>c) sistema de monitoramento de vibra\u00e7\u00e3o em linhas de transmiss\u00e3o (LTs) para auxiliar na manuten\u00e7\u00e3o preditiva de sistemas el\u00e9tricos.<\/p>\n<\/div><\/details>\n<\/div>\n\n\n\n<div id=\"wp-block-themeisle-blocks-accordion-54c77636\" class=\"wp-block-themeisle-blocks-accordion exclusive\">\n<details class=\"wp-block-themeisle-blocks-accordion-item\"><summary class=\"wp-block-themeisle-blocks-accordion-item__title\"><div><strong>PROCESSAMENTO E CONVERS\u00c3O DE ENERGIA (PCE)<\/strong><\/div><\/summary><div class=\"wp-block-themeisle-blocks-accordion-item__content\">\n<p><strong>\u00c1rea relacionada:<\/strong> Sistemas Eletr\u00f4nicos Este ramo de pesquisa sobre processamento e convers\u00e3o de energia \u00e9 desenvolvido a partir de duas abordagens em sistemas eletr\u00f4nicos:<\/p>\n\n\n\n<p>a) Processamento de Energia <br>b) Convers\u00e3o de Energia<\/p>\n\n\n\n<p><strong>PCE &#8211; Processamento de energia:<\/strong> Novas metodologias aplic\u00e1veis \u200b\u200bao planejamento e opera\u00e7\u00e3o otimizada dos sistemas el\u00e9tricos, fluxo de energia para sistemas de transmiss\u00e3o e distribui\u00e7\u00e3o, an\u00e1lise de conting\u00eancia e confiabilidade das redes el\u00e9tricas, impacto da gera\u00e7\u00e3o distribu\u00edda nas redes el\u00e9tricas, tecnologias inteligentes (Smart Grid), condicionadores ativos para aumento da qualidade da energia e utiliza\u00e7\u00e3o de fontes renov\u00e1veis.<\/p>\n\n\n\n<p><strong>PCE &#8211; Convers\u00e3o de energia:<\/strong> Desenvolvimento de novas t\u00e9cnicas de controle e acionamento de m\u00e1quinas el\u00e9tricas para aumentar seus desempenhos est\u00e1tico e din\u00e2mico. No contexto do uso racional de energia, est\u00e3o envolvidos aspectos relacionados \u00e0 tecnologia de produtos, processos produtivos, manuten\u00e7\u00e3o preditiva e uso racional de recursos naturais. Em rela\u00e7\u00e3o ao uso de fontes renov\u00e1veis \u200b\u200bde energia, esta linha de pesquisa tamb\u00e9m busca o estudo e a aplica\u00e7\u00e3o de novas t\u00e9cnicas e m\u00e9todos que visem explorar a m\u00e1xima pot\u00eancia\/efici\u00eancia dos sistemas que envolvem a gera\u00e7\u00e3o de energia a partir de fontes renov\u00e1veis.<br><\/p>\n<\/div><\/details>\n<\/div>\n","protected":false},"excerpt":{"rendered":"","protected":false},"author":6,"featured_media":0,"parent":0,"menu_order":0,"comment_status":"closed","ping_status":"closed","template":"","meta":{"_acf_changed":false,"_themeisle_gutenberg_block_has_review":false,"footnotes":""},"class_list":["post-18","page","type-page","status-publish","hentry"],"acf":[],"_links":{"self":[{"href":"https:\/\/pos.uel.br\/deel\/wp-json\/wp\/v2\/pages\/18","targetHints":{"allow":["GET"]}}],"collection":[{"href":"https:\/\/pos.uel.br\/deel\/wp-json\/wp\/v2\/pages"}],"about":[{"href":"https:\/\/pos.uel.br\/deel\/wp-json\/wp\/v2\/types\/page"}],"author":[{"embeddable":true,"href":"https:\/\/pos.uel.br\/deel\/wp-json\/wp\/v2\/users\/6"}],"replies":[{"embeddable":true,"href":"https:\/\/pos.uel.br\/deel\/wp-json\/wp\/v2\/comments?post=18"}],"version-history":[{"count":8,"href":"https:\/\/pos.uel.br\/deel\/wp-json\/wp\/v2\/pages\/18\/revisions"}],"predecessor-version":[{"id":215,"href":"https:\/\/pos.uel.br\/deel\/wp-json\/wp\/v2\/pages\/18\/revisions\/215"}],"wp:attachment":[{"href":"https:\/\/pos.uel.br\/deel\/wp-json\/wp\/v2\/media?parent=18"}],"curies":[{"name":"wp","href":"https:\/\/api.w.org\/{rel}","templated":true}]}}