{"id":14,"date":"2025-10-01T14:06:18","date_gmt":"2025-10-01T17:06:18","guid":{"rendered":"https:\/\/pos.uel.br\/deel\/?page_id=14"},"modified":"2025-10-06T16:52:18","modified_gmt":"2025-10-06T19:52:18","slug":"estrutura-curricular","status":"publish","type":"page","link":"https:\/\/pos.uel.br\/deel\/estrutura-curricular\/","title":{"rendered":"Estrutura Curricular"},"content":{"rendered":"\n<p><strong>A) DISCIPLINAS DO N\u00daCLEO OBRIGAT\u00d3RIO:<\/strong><br>2 ELE 217 &#8211; M\u00e9todos, Procedimentos e T\u00e9cnicas de Pesquisa             2 cr 30 h M\/D<br>2 ELE 271 &#8211; Semin\u00e1rios I                                                                           2 cr 30 h M\/D<br>2 ELE 272 &#8211; Semin\u00e1rios II                                                                         2 cr 30 h D<br>2 ELE 105 &#8211; Processos Estoc\u00e1sticos Aplicados \u00e0 Engenharia El\u00e9trica 3 cr 45 h M\/D<br>2 ELE 218 &#8211; Sistemas Lineares e Matrizes 3 cr 45 h M\/D<br>2 ELE 219 &#8211; An\u00e1lise de Sistemas de Energia El\u00e9trica I 3 cr 45 h M\/D<br>2 ELE 134 &#8211; Otimiza\u00e7\u00e3o Linear 3 cr 45 h M\/D<br>2 ELE 220 &#8211; Processamento Anal\u00f3gico e Digital de Sinais 3 cr 45 h M\/D<br>2 ELE 135 &#8211; Otimiza\u00e7\u00e3o N\u00e3o-Linear 3 cr 45 h M\/D<br>2 ELE 136 &#8211; Filtragem Adaptativa 3 cr 45 h M\/D<br><\/p>\n\n\n\n<p><strong>Sede UTFPR -Corn\u00e9lio Proc\u00f3pio (exclusivamente)<\/strong><br>2 ELE 221 &#8211; Sistemas N\u00e3o Lineares 3 cr 45 h M\/D<br>2 ELE 222 &#8211; Engenharia de Controle 3 cr 45 h M\/D<br>2 ELE 223 &#8211; Redes Neurais Artificiais 3 cr 45 h M\/D<br><br><strong>B) DISCIPLINAS DO N\u00daCLEO COMPLEMENTAR:<\/strong><br>2 ELE 224 &#8211; Processamento Estoc\u00e1stico de Sinais 3 cr 45 h D<br>2 ELE 153 &#8211; T\u00e9cnicas, M\u00e9todos e An\u00e1lise de Sistemas de Telecomunica\u00e7\u00f5es 3 cr 45 h M\/D<br>2 ELE 144 &#8211; Redes de Computadores 3 cr 45 h M\/D<br>2 ELE 225 &#8211; Ger\u00eancia e Seguran\u00e7a de Redes de Computadores 3 cr 45 h M\/D<br>2 ELE 150 &#8211; Circuitos Eletr\u00f4nicos para Instrumenta\u00e7\u00e3o 3 cr 45 h M\/D<br>2 ELE 201 &#8211; Instrumenta\u00e7\u00e3o Eletr\u00f4nica 3 cr 45 h M\/D<br>2 ELE 141 &#8211; Otimiza\u00e7\u00e3o Heur\u00edstica 3 cr 45 h M\/D<br>2 ELE 149 &#8211; Sistemas de Controle Embarcados 3 cr 45 h M\/D<br>2 ELE 226 &#8211; T\u00f3picos Especiais em Teleinform\u00e1tica 3 cr 45 h M\/D<br>2 ELE 143 &#8211; T\u00f3picos Especiais em Processamento de Sinais 3 cr 45 h M\/D<br>2 ELE 227 &#8211; T\u00f3picos Especiais em Modelagem, Simula\u00e7\u00e3o e Implementa\u00e7\u00e3o de Sistemas 3 cr 45 h M\/D<br>2 ELE 228 &#8211; T\u00f3picos Especiais em Convers\u00e3o e Processamento de Energia I  3 cr 45 h M\/D<br>2 ELE 236 &#8211; T\u00f3picos Especiais em Convers\u00e3o e Processamento de Energia II 3 cr 45 h M\/D<br>2 ELE 154 a 2 ELE 200 T\u00f3picos Especiais em Engenharia El\u00e9trica Cr\u00e9d. Vari\u00e1v. M\/D<\/p>\n\n\n\n<p><strong>Sede UTFPR &#8211; Corn\u00e9lio Proc\u00f3pio (exclusivamente)<\/strong><br>2 ELE 229 &#8211; An\u00e1lise de Sistemas de Energia El\u00e9trica II 3 cr 45 h M\/D<br>2 ELE 230 &#8211; Modelos Din\u00e2micos de Maquinas El\u00e9tricas 3 cr 45 h M\/D<br>2 ELE 231 &#8211; Controle Adaptativo e Estoc\u00e1stico 3 cr 45 h M\/D<br>2 ELE 232 &#8211; Controle Digital 3 cr 45 h M\/D<br>2 ELE 233 &#8211; Qualidade da Energia El\u00e9trica 3 cr 45 h M\/D<br>2 ELE 234 &#8211; Eletr\u00f4nica de Pot\u00eancia 3 cr 45 h M\/D<br>2 ELE 235 &#8211; Modelagem e Controle de Conversores Est\u00e1ticos 3 cr 45 h M\/D<br><br><strong>C) EST\u00c1GIO DE DOC\u00caNCIA NA GRADUA\u00c7\u00c3O<\/strong><br>2 ELE 031 &#8211; Est\u00e1gio de Doc\u00eancia na Gradua\u00e7\u00e3o I 2 cr 30 h M\/D<br>2 ELE 204 &#8211; Est\u00e1gio de Doc\u00eancia na Gradua\u00e7\u00e3o II 2 cr 30 h D<\/p>\n\n\n\n<p><strong>D) TESE DE DOUTORADO<\/strong><br>2 ELE 214 &#8211; Tese I 6 cr 90 h D<br>2 ELE 215 &#8211; Tese II 6 cr 90 h D<br>2 ELE 216 &#8211; Tese III 6 cr 90 h D<br>2 ELE 209 &#8211; Tese IV 10 cr 150 h D<br>2 ELE 210 &#8211; Tese V 10 cr 150 h D<br>2 ELE 211 &#8211; Tese VI 10 cr 150 h D<br>2 ELE 212 &#8211; Tese VII 10 cr 150 h D<br>2 ELE 213 &#8211; Tese VIII 10 cr 150 h D<br><br><strong>Sede UTFPR-CP (exclusivamente)<\/strong><br>2 ELE 237 &#8211; Tese I 90 h D<br>2 ELE 238- Tese II 90 h D<br>2 ELE 239 &#8211; Tese III 90 h D<br>2 ELE 240 &#8211; Tese IV 150 h D<br>2 ELE 241 &#8211; Tese V 150 h D<br>2 ELE 242 &#8211; Tese VI 150 h D<br>2 ELE 243 &#8211; Tese VII 150 h D<br>2 ELE 244 &#8211; Tese VIII 150 h D<br><br><strong>E) ATIVIDADES ESPECIAIS<\/strong><br>2 ELE 273 &#8211; Atividades Especiais I 3 cr 45 h D<br>2 ELE 274 &#8211; Atividades Especiais II 3 cr 45 h D<\/p>\n\n\n\n<div class=\"wp-block-columns is-layout-flex wp-container-core-columns-is-layout-9d6595d7 wp-block-columns-is-layout-flex\">\n<div class=\"wp-block-column is-layout-flow wp-block-column-is-layout-flow\"><\/div>\n<\/div>\n","protected":false},"excerpt":{"rendered":"<p>A) DISCIPLINAS DO N\u00daCLEO OBRIGAT\u00d3RIO:2 ELE 217 &#8211; M\u00e9todos, Procedimentos e T\u00e9cnicas de Pesquisa 2 cr 30 h M\/D2 ELE 271 &#8211; Semin\u00e1rios I 2 cr 30 h M\/D2 ELE 272 &#8211; Semin\u00e1rios II 2 cr 30 h D2 ELE 105 &#8211; Processos Estoc\u00e1sticos Aplicados \u00e0 Engenharia El\u00e9trica 3 cr 45 h M\/D2 ELE 218 [&hellip;]<\/p>\n","protected":false},"author":6,"featured_media":0,"parent":0,"menu_order":0,"comment_status":"closed","ping_status":"closed","template":"","meta":{"_acf_changed":false,"_themeisle_gutenberg_block_has_review":false,"footnotes":""},"class_list":["post-14","page","type-page","status-publish","hentry"],"acf":[],"_links":{"self":[{"href":"https:\/\/pos.uel.br\/deel\/wp-json\/wp\/v2\/pages\/14","targetHints":{"allow":["GET"]}}],"collection":[{"href":"https:\/\/pos.uel.br\/deel\/wp-json\/wp\/v2\/pages"}],"about":[{"href":"https:\/\/pos.uel.br\/deel\/wp-json\/wp\/v2\/types\/page"}],"author":[{"embeddable":true,"href":"https:\/\/pos.uel.br\/deel\/wp-json\/wp\/v2\/users\/6"}],"replies":[{"embeddable":true,"href":"https:\/\/pos.uel.br\/deel\/wp-json\/wp\/v2\/comments?post=14"}],"version-history":[{"count":14,"href":"https:\/\/pos.uel.br\/deel\/wp-json\/wp\/v2\/pages\/14\/revisions"}],"predecessor-version":[{"id":232,"href":"https:\/\/pos.uel.br\/deel\/wp-json\/wp\/v2\/pages\/14\/revisions\/232"}],"wp:attachment":[{"href":"https:\/\/pos.uel.br\/deel\/wp-json\/wp\/v2\/media?parent=14"}],"curies":[{"name":"wp","href":"https:\/\/api.w.org\/{rel}","templated":true}]}}