{"id":129,"date":"2025-10-02T16:39:10","date_gmt":"2025-10-02T19:39:10","guid":{"rendered":"https:\/\/pos.uel.br\/deel\/?page_id=129"},"modified":"2025-10-06T14:13:05","modified_gmt":"2025-10-06T17:13:05","slug":"proficiencia-em-ingles","status":"publish","type":"page","link":"https:\/\/pos.uel.br\/deel\/proficiencia-em-ingles\/","title":{"rendered":"Profici\u00eancia em Ingl\u00eas"},"content":{"rendered":"\n<p><strong>CARACTERIZA\u00c7\u00c3O DO PROGRAMA PPGA-DEE UEL\/UTFPR <\/strong><br>N\u00edvel: DOUTORADO <br>Nome: Programa de P\u00f3s-Gradua\u00e7\u00e3o Associado em Engenharia El\u00e9trica UEL\/UTFPR-CP <br>Objetivos do Curso \/ Perfil do profissional a ser formado: <br><\/p>\n\n\n\n<p>\u2022 Formar profissionais em Engenharia El\u00e9trica e \u00e1reas afins para atuarem como pesquisadores, profissionais altamente qualificados e docentes em institui\u00e7\u00f5es p\u00fablicas e privadas na \u00e1rea de Engenharia El\u00e9trica; <br>\u2022 Contribuir para o desenvolvimento tecnol\u00f3gico e a inova\u00e7\u00e3o regional e nacional na \u00e1rea de Engenharia El\u00e9trica.<\/p>\n\n\n\n<p><strong>TOTAL DE HORAS\/CR\u00c9DITOS NECESS\u00c1RIOS (DOUTORADO):<\/strong> <br>1.620 horas, correspondendo a 108 cr\u00e9ditos para o aluno matriculado na Sede da UEL ou 40 cr\u00e9ditos para o aluno matriculado na Sede da UTFPRQCP, assim distribu\u00eddos: <br><br>a) 36 cr\u00e9ditos em disciplinas: 15 cr\u00e9ditos referentes \u00e0s disciplinas do n\u00facleo obrigat\u00f3rio e 21 cr\u00e9ditos referentes \u00e0s disciplinas do n\u00facleo complementar; <br>b) 04 cr\u00e9ditos em doc\u00eancia na gradua\u00e7\u00e3o; <br>c) 68 cr\u00e9ditos em Disserta\u00e7\u00e3o para o aluno matriculado na Sede da UEL ou 1.020 horas referentes \u00e0s atividades de Disserta\u00e7\u00e3o para o aluno matriculado na UTFPR-CP. <br><br>Ressalta-se que, de acordo com as normas regimentais da UTFPR, n\u00e3o \u00e9 poss\u00edvel a atribui\u00e7\u00e3o de cr\u00e9ditos \u00e0s atividades de Disserta\u00e7\u00e3o para alunos de Doutorado matriculados naquela IES. No entanto, esta Proposta garante a equival\u00eancia em termos de carga hor\u00e1ria das atividades da Tese (total de 1020 horas) em ambas as sedes. Para fins de valida\u00e7\u00e3o e equival\u00eancia, ser\u00e3o consideradas pelo candidato disciplinas em Programas de P\u00f3s-Gradua\u00e7\u00e3o em Engenharia IV e \u00e1reas afins, reconhecidos pela CAPES. Caso o candidato tenha conclu\u00eddo o Mestrado no PPG-EE-UEL ou PPG-EE-UTFPR-CP nos \u00faltimos cinco anos, ser\u00e3o aceitos cr\u00e9ditos para o Doutorado. Ressalta-se que a quantidade de cr\u00e9ditos exigidos em ambos os Programas de Mestrado em Engenharia El\u00e9trica (UEL e UTFPR-CP) \u00e9 semelhante.<\/p>\n\n\n\n<p>A valida\u00e7\u00e3o de cr\u00e9ditos no \u00e2mbito do Programa de Doutorado Associado em Engenharia El\u00e9trica da UEL\/UTFPR-CP poder\u00e1 ocorrer tanto para as disciplinas obrigat\u00f3rias do n\u00facleo quanto para as do n\u00facleo complementar, respeitando o limite m\u00e1ximo de 50% do n\u00famero de cr\u00e9ditos em disciplinas obrigat\u00f3rias (36 cr\u00e9ditos). Assim, desde que aprovados pela Comiss\u00e3o Coordenadora do Programa, poder\u00e3o ser concedidos cr\u00e9ditos em disciplinas ministradas no Mestrado em Engenharia El\u00e9trica de uma das Unidades ou em outros Programas de P\u00f3s-Gradua\u00e7\u00e3o stricto sensu com validade nacional, at\u00e9 o limite m\u00e1ximo de 18 cr\u00e9ditos. <\/p>\n\n\n\n<p>Adicionalmente, para fins de aproveitamento de cr\u00e9ditos em atividades, poder\u00e3o ser validados at\u00e9 25% dos cr\u00e9ditos em disciplinas do n\u00facleo complementar do Doutorado, mediante o aproveitamento de cr\u00e9ditos nas categorias descritas a seguir. Esses cr\u00e9ditos ser\u00e3o computados nas disciplinas ATIVIDADES ESPECIAIS I e II:<\/p>\n\n\n\n<p>I. Artigo Cient\u00edfico (divulga\u00e7\u00e3o referente ao tema da tese). O aluno dever\u00e1 constar como primeiro autor, ter publicado ou ter sido aceito para publica\u00e7\u00e3o &#8211; durante o per\u00edodo do curso &#8211; em peri\u00f3dico registrado no Sistema Qualis-CAPES, \u00e1rea Eng-IV, com classifica\u00e7\u00e3o: <br><br>a) Peri\u00f3dico A1 ou A2: tr\u00eas cr\u00e9ditos por artigo aceito, sendo o aproveitamento m\u00e1ximo de seis cr\u00e9ditos para o Doutorado; <br>b) Peri\u00f3dico B1-Qualis CAPES: dois cr\u00e9ditos por artigo aceito, sendo o aproveitamento m\u00e1ximo de seis cr\u00e9ditos para o curso de doutorado; c) Peri\u00f3dico B2: um cr\u00e9dito por artigo aceito, sendo o aproveitamento m\u00e1ximo de um cr\u00e9dito para o curso de doutorado. <\/p>\n\n\n\n<p>II. Apresenta\u00e7\u00e3o de trabalhos em eventos de cunho cient\u00edfico de \u00e2mbito internacional, realizados no Brasil ou no exterior, que caracterizem divulga\u00e7\u00e3o de trabalho de tese com publica\u00e7\u00e3o em anais, um cr\u00e9dito por evento, sendo o aproveitamento m\u00e1ximo de dois cr\u00e9ditos para o curso de doutorado. <\/p>\n\n\n\n<p>III. Etapas de coopera\u00e7\u00e3o cient\u00edfica, trabalhos ou estudos espec\u00edficos em outras institui\u00e7\u00f5es de pesquisa e ensino, propostos pelo orientador e mediante comprova\u00e7\u00e3o de aproveitamento, visando \u00e0 forma\u00e7\u00e3o complementar do aluno; aproveitamento m\u00e1ximo de um cr\u00e9dito para o Doutorado.<\/p>\n\n\n\n<p><\/p>\n\n\n\n<p>DISCIPLINAS: 36 cr <br>TESE: 68 cr <br>OUTRAS: 4 cr <br>PERIODICIDADE DE ADMISS\u00c3O: Semestral (Semestral) <br>VAGAS POR SELE\u00c7\u00c3O: at\u00e9 12 novos alunos de doutorado por ano, idealmente 50% das vagas alocadas na sede da UEL e 50% na sede da UTFPR-CP.<\/p>\n\n\n\n<p><strong>Exames aceitos\u00a0\u00a0\u00a0\u00a0\u00a0\u00a0\u00a0\u00a0\u00a0\u00a0\u00a0\u00a0\u00a0\u00a0\u00a0\u00a0\u00a0\u00a0\u00a0\u00a0\u00a0\u00a0\u00a0\u00a0\u00a0\u00a0\u00a0\u00a0\u00a0\u00a0\u00a0\u00a0\u00a0\u00a0\u00a0\u00a0\u00a0\u00a0\u00a0\u00a0\u00a0\u00a0\u00a0\u00a0\u00a0\u00a0\u00a0\u00a0\u00a0\u00a0\u00a0\u00a0\u00a0\u00a0\u00a0\u00a0\u00a0\u00a0\u00a0\u00a0\u00a0\u00a0\u00a0\u00a0\u00a0\u00a0\u00a0\u00a0min. Pontua\u00e7\u00e3o <\/strong><br>TOEFL &#8211; Teste de Ingl\u00eas como L\u00edngua Estrangeira (ITP-N\u00edvel 1) &#8230;&#8230;. <strong>510 pontos<\/strong> <br>TOEFL &#8211; Teste de Ingl\u00eas como L\u00edngua Estrangeira (PAPER) &#8230;&#8230; .. &#8230;. <strong>520 pontos<\/strong> <br>TOEFL &#8211; Teste de Ingl\u00eas como L\u00edngua Estrangeira (CBT) &#8230;&#8230;&#8230;&#8230; &#8230; ..<strong>180 pontos <\/strong><br>TOEFL &#8211; Teste de Ingl\u00eas como L\u00edngua Estrangeira (IBT) &#8230;&#8230;&#8230;&#8230;&#8230; .. &#8230; <strong>62 pontos<\/strong> <br>TOEIC &#8211; Teste de Ingl\u00eas para Comunica\u00e7\u00e3o Internacional &#8230;&#8230;&#8230;&#8230;&#8230;   <strong>650 pontos<\/strong> <br>IELTS &#8211; Sistema Internacional de Testes de L\u00edngua Inglesa &#8230;&#8230;&#8230;&#8230;&#8230;&#8230; <strong>5,0<\/strong> <br>Cambridge FCE (Primeiro Certificado em Ingl\u00eas) &#8230;&#8230;&#8230;&#8230;&#8230;&#8230;&#8230;&#8230;&#8230; .. &#8230;.<strong>B1 <\/strong><br>Cambridge CAE (Certificado em Ingl\u00eas Avan\u00e7ado da ESOL) &#8230; &#8230;..<strong>&#8230;&#8230;.B1 <\/strong><br>Cambridge CPE (Certificado de Profici\u00eancia em Ingl\u00eas da ESOL) &#8230;&#8230;.. <strong>B1 <\/strong><br><br><strong>Observa\u00e7\u00e3o: 1.<\/strong> a crit\u00e9rio da Comiss\u00e3o Coordenadora, no momento da sele\u00e7\u00e3o dos candidatos, dever\u00e1 ser apresentada comprova\u00e7\u00e3o de profici\u00eancia em l\u00edngua inglesa.<\/p>\n\n\n\n<p><\/p>\n\n\n\n<p><\/p>\n\n\n\n<p><\/p>\n\n\n\n<p><\/p>\n\n\n\n<div class=\"wp-block-columns is-layout-flex wp-container-core-columns-is-layout-9d6595d7 wp-block-columns-is-layout-flex\">\n<div class=\"wp-block-column is-layout-flow wp-block-column-is-layout-flow\"><\/div>\n<\/div>\n\n\n\n<p><\/p>\n","protected":false},"excerpt":{"rendered":"<p>CARACTERIZA\u00c7\u00c3O DO PROGRAMA PPGA-DEE UEL\/UTFPR N\u00edvel: DOUTORADO Nome: Programa de P\u00f3s-Gradua\u00e7\u00e3o Associado em Engenharia El\u00e9trica UEL\/UTFPR-CP Objetivos do Curso \/ Perfil do profissional a ser formado: \u2022 Formar profissionais em Engenharia El\u00e9trica e \u00e1reas afins para atuarem como pesquisadores, profissionais altamente qualificados e docentes em institui\u00e7\u00f5es p\u00fablicas e privadas na \u00e1rea de Engenharia El\u00e9trica; \u2022 [&hellip;]<\/p>\n","protected":false},"author":6,"featured_media":0,"parent":0,"menu_order":0,"comment_status":"closed","ping_status":"closed","template":"","meta":{"_acf_changed":false,"_themeisle_gutenberg_block_has_review":false,"footnotes":""},"class_list":["post-129","page","type-page","status-publish","hentry"],"acf":[],"_links":{"self":[{"href":"https:\/\/pos.uel.br\/deel\/wp-json\/wp\/v2\/pages\/129","targetHints":{"allow":["GET"]}}],"collection":[{"href":"https:\/\/pos.uel.br\/deel\/wp-json\/wp\/v2\/pages"}],"about":[{"href":"https:\/\/pos.uel.br\/deel\/wp-json\/wp\/v2\/types\/page"}],"author":[{"embeddable":true,"href":"https:\/\/pos.uel.br\/deel\/wp-json\/wp\/v2\/users\/6"}],"replies":[{"embeddable":true,"href":"https:\/\/pos.uel.br\/deel\/wp-json\/wp\/v2\/comments?post=129"}],"version-history":[{"count":15,"href":"https:\/\/pos.uel.br\/deel\/wp-json\/wp\/v2\/pages\/129\/revisions"}],"predecessor-version":[{"id":161,"href":"https:\/\/pos.uel.br\/deel\/wp-json\/wp\/v2\/pages\/129\/revisions\/161"}],"wp:attachment":[{"href":"https:\/\/pos.uel.br\/deel\/wp-json\/wp\/v2\/media?parent=129"}],"curies":[{"name":"wp","href":"https:\/\/api.w.org\/{rel}","templated":true}]}}