{"id":12,"date":"2025-10-01T14:06:00","date_gmt":"2025-10-01T17:06:00","guid":{"rendered":"https:\/\/pos.uel.br\/deel\/?page_id=12"},"modified":"2026-02-10T16:20:28","modified_gmt":"2026-02-10T19:20:28","slug":"contatos","status":"publish","type":"page","link":"https:\/\/pos.uel.br\/deel\/contatos\/","title":{"rendered":"Contatos"},"content":{"rendered":"\n<p><strong>Coordenadora<\/strong><br>Prof. Dra. Maria Bernadete de Morais (UEL) <\/p>\n\n\n\n<p><strong>Vice-Coordenador<\/strong><br>Prof. Dr. Jos\u00e9 Carlos Marinello (UTFPR)<\/p>\n\n\n\n<p><strong>Comiss\u00e3o de Bolsa de Estudos<\/strong><br>Prof. Dr. Taufik Abr\u00e3o (UEL)<br>Prof. Dr. M\u00e1rio Lemes Proen\u00e7a Jr (UEL)<br>Prof. Dr. Alessandro Vargas (UTFPR)<br>Prof. Dr. S\u00e9rgio A. Oliveira Silva (UTFPR)<br>Prof. Dr. Leonimer F. de Melo (UEL)<\/p>\n\n\n\n<p><strong>E-mail do programa<\/strong>: <a href=\"mailto:ppga.dee.uel.utf@uel.br\" target=\"_blank\" rel=\"noreferrer noopener\">ppga.dee.uel.utf@uel.br<\/a><\/p>\n\n\n\n<p><strong>E-mail da secretaria:<\/strong> <a href=\"mailto:spgctu@uel.br\">spgctu@uel.br<\/a><\/p>\n\n\n\n<p><\/p>\n","protected":false},"excerpt":{"rendered":"<p>CoordenadoraProf. Dra. Maria Bernadete de Morais (UEL) Vice-CoordenadorProf. Dr. Jos\u00e9 Carlos Marinello (UTFPR) Comiss\u00e3o de Bolsa de EstudosProf. Dr. Taufik Abr\u00e3o (UEL)Prof. Dr. M\u00e1rio Lemes Proen\u00e7a Jr (UEL)Prof. Dr. Alessandro Vargas (UTFPR)Prof. Dr. S\u00e9rgio A. Oliveira Silva (UTFPR)Prof. Dr. Leonimer F. de Melo (UEL) E-mail do programa: ppga.dee.uel.utf@uel.br E-mail da secretaria: spgctu@uel.br<\/p>\n","protected":false},"author":6,"featured_media":0,"parent":0,"menu_order":0,"comment_status":"closed","ping_status":"closed","template":"","meta":{"_acf_changed":false,"_themeisle_gutenberg_block_has_review":false,"footnotes":""},"class_list":["post-12","page","type-page","status-publish","hentry"],"acf":[],"_links":{"self":[{"href":"https:\/\/pos.uel.br\/deel\/wp-json\/wp\/v2\/pages\/12","targetHints":{"allow":["GET"]}}],"collection":[{"href":"https:\/\/pos.uel.br\/deel\/wp-json\/wp\/v2\/pages"}],"about":[{"href":"https:\/\/pos.uel.br\/deel\/wp-json\/wp\/v2\/types\/page"}],"author":[{"embeddable":true,"href":"https:\/\/pos.uel.br\/deel\/wp-json\/wp\/v2\/users\/6"}],"replies":[{"embeddable":true,"href":"https:\/\/pos.uel.br\/deel\/wp-json\/wp\/v2\/comments?post=12"}],"version-history":[{"count":8,"href":"https:\/\/pos.uel.br\/deel\/wp-json\/wp\/v2\/pages\/12\/revisions"}],"predecessor-version":[{"id":356,"href":"https:\/\/pos.uel.br\/deel\/wp-json\/wp\/v2\/pages\/12\/revisions\/356"}],"wp:attachment":[{"href":"https:\/\/pos.uel.br\/deel\/wp-json\/wp\/v2\/media?parent=12"}],"curies":[{"name":"wp","href":"https:\/\/api.w.org\/{rel}","templated":true}]}}