{"id":101,"date":"2025-10-02T15:52:26","date_gmt":"2025-10-02T18:52:26","guid":{"rendered":"https:\/\/pos.uel.br\/deel\/?page_id=101"},"modified":"2025-10-02T16:09:59","modified_gmt":"2025-10-02T19:09:59","slug":"bolsas-de-estudos","status":"publish","type":"page","link":"https:\/\/pos.uel.br\/deel\/bolsas-de-estudos\/","title":{"rendered":"Bolsas de Estudos"},"content":{"rendered":"\n<p>a) Conv\u00eanio FA\/CAPES; <br>b) DS\/CAPES; <br>c) CNPq-AE<\/p>\n\n\n\n<p><strong>Para se Candidatar a Bolsa de Estudos DS\/CAPES:<\/strong><\/p>\n\n\n\n<p>Para a Candidatura \u00e0 Bolsa de Estudos Institucionais (DS\/CAPES, CNPq, Acordo FA\/CAPES, Acordo FA\/CNPq, Funda\u00e7\u00e3o Arauc\u00e1ria, entre outros), o discente regularmente matriculado no PPGAEE-UEL\/UTFPR-CP deve atender \u00e0s seguintes exig\u00eancias simultaneamente:<\/p>\n\n\n\n<p>a. N\u00e3o ter remunera\u00e7\u00e3o decorrente de vinculo empregat\u00edcio formal ou informal de qualquer natureza, com exce\u00e7\u00e3o dos casos previstos pelas normas das ag\u00eancias de fomento \u00e0 pesquisa;<\/p>\n\n\n\n<p>b. Estar formalmente vinculado a um orientador do Programa PPGAEE-UEL\/UTFPR-CP;<\/p>\n\n\n\n<p>c. N\u00e3o acumular a percep\u00e7\u00e3o da bolsa com qualquer modalidade de aux\u00edlio ou bolsa de outro programa da CAPES, ou de quaisquer outras ag\u00eancias de fomento Nacional ou Internacional;<\/p>\n\n\n\n<p>d. Comprovar plano de atividades com aval do Orientador de dedica\u00e7\u00e3o exclusiva \u00e0s atividades de pesquisa e ensino no \u00e2mbito do PPGAEE (40 horas\/semana);<\/p>\n\n\n\n<div class=\"wp-block-columns is-layout-flex wp-container-core-columns-is-layout-9d6595d7 wp-block-columns-is-layout-flex\">\n<div class=\"wp-block-column is-layout-flow wp-block-column-is-layout-flow\"><\/div>\n<\/div>\n\n\n\n<hr class=\"wp-block-separator has-text-color has-primary-accent-color has-alpha-channel-opacity has-primary-accent-background-color has-background is-style-wide\"\/>\n\n\n\n<p><strong>Crit\u00e9rios para a Manuten\u00e7\u00e3o de bolsa no \u00e2mbito do PPGA-DEE-UEL\/UTFPR:<\/strong><\/p>\n\n\n\n<p>Ap\u00f3s a concess\u00e3o de bolsa de estudo, cabe ao aluno bolsista atender aos seguintes requisitos progressivos e no tempo adequado, de forma a manter sua bolsa:<\/p>\n\n\n\n<p>a. N\u00e3o acumular reprova\u00e7\u00e3o em disciplinas durante o recebimento da bolsa;<\/p>\n\n\n\n<p>b. Concluir no prazo de um ano, ou dois semestres letivos, o n\u00famero total m\u00ednimo de cr\u00e9ditos exigidos pelo Programa, com aproveitamento;<\/p>\n\n\n\n<p>c. Em um per\u00edodo m\u00e1ximo de 24 (vinte e quatro) meses da entrada no Programa, o discente deve ter realizado e sido aprovado no Exame de Qualifica\u00e7\u00e3o, tendo, dentro deste per\u00edodo, ter submetido pelo menos 01 (um) artigo a peri\u00f3dicos A1 ou A2 no estrato Eng.IV-CAPES vigente, como primeiro autor e com aval do orientador, ou realizado dep\u00f3sito de patente nacional ou internacional, ambos no contexto do tema da tese;<\/p>\n\n\n\n<p>d. Em um per\u00edodo m\u00e1ximo de 36 (trinta e seis) meses ap\u00f3s a sua entrada no Programa na condi\u00e7\u00e3o de aluno regular, o discente dever ter submetido e recebido aceita\u00e7\u00e3o para publica\u00e7\u00e3o de pelo menos<strong>&nbsp;um artigo<\/strong>&nbsp;cient\u00edfico-tecnol\u00f3gico em&nbsp;<strong>peri\u00f3dicos A1, A2 ou B1<\/strong>&nbsp;no estrato Eng.IV-CAPES vigente, como&nbsp;<strong>primeiro autor e com aval do orientador<\/strong>, ou ainda ter obtido patente nacional ou internacional concedida tamb\u00e9m figurando como primeiro autor, ambas as produ\u00e7\u00f5es correlacionadas ao contexto do tema da tese;<\/p>\n\n\n\n<p>e. Apresentar \u00e0 Coordena\u00e7\u00e3o do Programa uma declara\u00e7\u00e3o, com ci\u00eancia do orientador, constando o agendamento da defesa de Tese, dentro de um per\u00edodo m\u00e1ximo de 45 (quarenta e cinco) meses, ou seja, tr\u00eas meses antes de completar o per\u00edodo regular de 48 (quarenta e oito) meses.<\/p>\n\n\n\n<div class=\"wp-block-columns is-layout-flex wp-container-core-columns-is-layout-9d6595d7 wp-block-columns-is-layout-flex\">\n<div class=\"wp-block-column is-layout-flow wp-block-column-is-layout-flow\"><\/div>\n<\/div>\n\n\n\n<hr class=\"wp-block-separator has-text-color has-primary-accent-color has-alpha-channel-opacity has-primary-accent-background-color has-background is-style-wide\"\/>\n\n\n\n<p><strong>Crit\u00e9rios de Classifica\u00e7\u00e3o dos Candidatos inscritos \u00e0 bolsa no \u00e2mbito do PPGA-DEE-UEL\/UTFPR:<\/strong><\/p>\n\n\n\n<p>Para cada bolsa institucional dispon\u00edvel, a bom tempo, a Comiss\u00e3o de Bolsas do Programa lan\u00e7ar\u00e1 e divulgar\u00e1 entre todos os discentes regularmente matriculados no Programa, Edital de Sele\u00e7\u00e3o espec\u00edfico contendo os crit\u00e9rios objetivos de elegibilidade e sele\u00e7\u00e3o dos candidatos \u00e0 bolsa, constando minimamente os seguintes requisitos:<\/p>\n\n\n\n<p>a. Todos os discentes regularmente matriculados e n\u00e3o-bolsistas podem se inscrever.<\/p>\n\n\n\n<p>b. Os discentes eleg\u00edveis devem entregar documenta\u00e7\u00e3o comprobat\u00f3ria no prazo estabelecido pela Comiss\u00e3o de Bolsas do Programa.<\/p>\n\n\n\n<p>c. Para o crit\u00e9rio objetivo (quantitativo), ser\u00e1 computada a produ\u00e7\u00e3o t\u00e9cnico-cient\u00edfica do candidato, documentada e atualizada segundo o padr\u00e3o Curr\u00edculo Lattes CNPq, constando os \u00faltimos 5 (cinco) anos de produ\u00e7\u00e3o conforme as seguintes regras:<\/p>\n\n\n\n<p>&nbsp;&nbsp;&nbsp;&nbsp;&nbsp; i. Ser\u00e1 considerado apenas a produ\u00e7\u00e3o cient\u00edfica e tecnol\u00f3gica dos \u00faltimos 5 (cinco) anos at\u00e9 a data das inscri\u00e7\u00f5es para solicita\u00e7\u00e3o de bolsa;<\/p>\n\n\n\n<p>&nbsp;&nbsp;&nbsp;&nbsp;&nbsp;ii.&nbsp;&nbsp;&nbsp;&nbsp;&nbsp;A produ\u00e7\u00e3o cient\u00edfica e tecnol\u00f3gica documentada a partir do&nbsp;&nbsp;CV Lattes ser\u00e1 pontuada de acordo com os itens (b) e (c) do anexo III do Edital de Sele\u00e7\u00e3o discente corrente o qual se encontra dispon\u00edvel no site do programa.<\/p>\n\n\n\n<div class=\"wp-block-columns is-layout-flex wp-container-core-columns-is-layout-9d6595d7 wp-block-columns-is-layout-flex\">\n<div class=\"wp-block-column is-layout-flow wp-block-column-is-layout-flow\"><\/div>\n<\/div>\n","protected":false},"excerpt":{"rendered":"<p>a) Conv\u00eanio FA\/CAPES; b) DS\/CAPES; c) CNPq-AE Para se Candidatar a Bolsa de Estudos DS\/CAPES: Para a Candidatura \u00e0 Bolsa de Estudos Institucionais (DS\/CAPES, CNPq, Acordo FA\/CAPES, Acordo FA\/CNPq, Funda\u00e7\u00e3o Arauc\u00e1ria, entre outros), o discente regularmente matriculado no PPGAEE-UEL\/UTFPR-CP deve atender \u00e0s seguintes exig\u00eancias simultaneamente: a. N\u00e3o ter remunera\u00e7\u00e3o decorrente de vinculo empregat\u00edcio formal ou [&hellip;]<\/p>\n","protected":false},"author":6,"featured_media":0,"parent":0,"menu_order":0,"comment_status":"closed","ping_status":"closed","template":"","meta":{"_acf_changed":false,"_themeisle_gutenberg_block_has_review":false,"footnotes":""},"class_list":["post-101","page","type-page","status-publish","hentry"],"acf":[],"_links":{"self":[{"href":"https:\/\/pos.uel.br\/deel\/wp-json\/wp\/v2\/pages\/101","targetHints":{"allow":["GET"]}}],"collection":[{"href":"https:\/\/pos.uel.br\/deel\/wp-json\/wp\/v2\/pages"}],"about":[{"href":"https:\/\/pos.uel.br\/deel\/wp-json\/wp\/v2\/types\/page"}],"author":[{"embeddable":true,"href":"https:\/\/pos.uel.br\/deel\/wp-json\/wp\/v2\/users\/6"}],"replies":[{"embeddable":true,"href":"https:\/\/pos.uel.br\/deel\/wp-json\/wp\/v2\/comments?post=101"}],"version-history":[{"count":6,"href":"https:\/\/pos.uel.br\/deel\/wp-json\/wp\/v2\/pages\/101\/revisions"}],"predecessor-version":[{"id":112,"href":"https:\/\/pos.uel.br\/deel\/wp-json\/wp\/v2\/pages\/101\/revisions\/112"}],"wp:attachment":[{"href":"https:\/\/pos.uel.br\/deel\/wp-json\/wp\/v2\/media?parent=101"}],"curies":[{"name":"wp","href":"https:\/\/api.w.org\/{rel}","templated":true}]}}