{"id":9,"date":"2025-08-04T15:41:52","date_gmt":"2025-08-04T18:41:52","guid":{"rendered":"https:\/\/pos.uel.br\/controle-de-infeccao\/?page_id=9"},"modified":"2025-08-05T11:05:44","modified_gmt":"2025-08-05T14:05:44","slug":"sobre-o-curso","status":"publish","type":"page","link":"https:\/\/pos.uel.br\/controle-de-infeccao\/sobre-o-curso\/","title":{"rendered":"Sobre o curso"},"content":{"rendered":"\n<p>A Infec\u00e7\u00e3o Relacionada \u00e0 Assist\u00eancia \u00e0 Sa\u00fade (IRAS) refere-se a infec\u00e7\u00f5es que um paciente adquire durante o processo de cuidado em servi\u00e7os de sa\u00fade, como hospitais, cl\u00ednicas, unidades de terapia intensiva, entre outros. <\/p>\n\n\n\n<p>Essas infec\u00e7\u00f5es podem surgir durante a interna\u00e7\u00e3o, ap\u00f3s procedimentos m\u00e9dicos ou durante o uso de dispositivos invasivos.<\/p>\n\n\n\n<p>O controle de IRAS \u00e9 um conjunto de estrat\u00e9gias e pr\u00e1ticas que visam prevenir e reduzir a incid\u00eancia de infec\u00e7\u00f5es adquiridas por pacientes durante a assist\u00eancia m\u00e9dica. Essas infec\u00e7\u00f5es podem ser evitadas com a\u00e7\u00f5es de preven\u00e7\u00e3o, controle rigoroso e monitoramento cont\u00ednuo.<\/p>\n\n\n\n<p><strong>Objetivos do curso:<\/strong><\/p>\n\n\n\n<p>O objetivo principal do curso de p\u00f3s-gradua\u00e7\u00e3o de <strong>Controle de Infec\u00e7\u00e3o Relacionada \u00e0 Assist\u00eancia \u00e0 Sa\u00fade<\/strong> \u00e9 capacitar profissionais de sa\u00fade a entender, identificar e implementar estrat\u00e9gias eficazes para prevenir e controlar infec\u00e7\u00f5es adquiridas durante a assist\u00eancia aos pacientes. <\/p>\n\n\n\n<p>Atrav\u00e9s deste curso, os participantes ser\u00e3o preparados para aplicar pr\u00e1ticas baseadas em evid\u00eancias e normas de controle de infec\u00e7\u00e3o, promovendo a seguran\u00e7a dos pacientes e a qualidade dos servi\u00e7os de sa\u00fade.<\/p>\n\n\n\n<p>Os profissionais aprender\u00e3o como: Compreender os Conceitos de IRAS; Medidas de Preven\u00e7\u00e3o; T\u00e9cnicas de Desinfec\u00e7\u00e3o e Esteriliza\u00e7\u00e3o; Capacita\u00e7\u00e3o para Monitoramento e Vigil\u00e2ncia de Infec\u00e7\u00f5es; Educa\u00e7\u00e3o Continuada; Desenvolver habilidades para Gest\u00e3o de Riscos de Infec\u00e7\u00e3o; Protocolos de Preven\u00e7\u00e3o de Infec\u00e7\u00f5es Cir\u00fargicas, entre outros.<\/p>\n\n\n\n<p><strong>P\u00fablico alvo:<\/strong><\/p>\n\n\n\n<p>Profissionais da \u00e1rea de Medicina, Enfermagem, Farm\u00e1cia, Bioqu\u00edmica, Biomedicina, Fisioterapia, Odontologia, Nutri\u00e7\u00e3o, Gestores Hospitalares e Administradores de Unidades de Sa\u00fade, entre outros.<\/p>\n\n\n\n<p>O curso \u00e9 direcionado a todos os profissionais que lidam com a assist\u00eancia direta ao paciente ou que participam da gest\u00e3o e supervis\u00e3o de ambientes hospitalares e de sa\u00fade.<\/p>\n\n\n\n<div class=\"wp-block-columns is-layout-flex wp-container-core-columns-is-layout-9d6595d7 wp-block-columns-is-layout-flex\">\n<div class=\"wp-block-column is-layout-flow wp-block-column-is-layout-flow\"><\/div>\n<\/div>\n","protected":false},"excerpt":{"rendered":"<p>A Infec\u00e7\u00e3o Relacionada \u00e0 Assist\u00eancia \u00e0 Sa\u00fade (IRAS) refere-se a infec\u00e7\u00f5es que um paciente adquire durante o processo de cuidado em servi\u00e7os de sa\u00fade, como hospitais, cl\u00ednicas, unidades de terapia intensiva, entre outros. Essas infec\u00e7\u00f5es podem surgir durante a interna\u00e7\u00e3o, ap\u00f3s procedimentos m\u00e9dicos ou durante o uso de dispositivos invasivos. O controle de IRAS \u00e9 [&hellip;]<\/p>\n","protected":false},"author":6,"featured_media":0,"parent":0,"menu_order":0,"comment_status":"closed","ping_status":"closed","template":"","meta":{"_acf_changed":false,"_themeisle_gutenberg_block_has_review":false,"footnotes":""},"class_list":["post-9","page","type-page","status-publish","hentry"],"acf":[],"_links":{"self":[{"href":"https:\/\/pos.uel.br\/controle-de-infeccao\/wp-json\/wp\/v2\/pages\/9","targetHints":{"allow":["GET"]}}],"collection":[{"href":"https:\/\/pos.uel.br\/controle-de-infeccao\/wp-json\/wp\/v2\/pages"}],"about":[{"href":"https:\/\/pos.uel.br\/controle-de-infeccao\/wp-json\/wp\/v2\/types\/page"}],"author":[{"embeddable":true,"href":"https:\/\/pos.uel.br\/controle-de-infeccao\/wp-json\/wp\/v2\/users\/6"}],"replies":[{"embeddable":true,"href":"https:\/\/pos.uel.br\/controle-de-infeccao\/wp-json\/wp\/v2\/comments?post=9"}],"version-history":[{"count":3,"href":"https:\/\/pos.uel.br\/controle-de-infeccao\/wp-json\/wp\/v2\/pages\/9\/revisions"}],"predecessor-version":[{"id":41,"href":"https:\/\/pos.uel.br\/controle-de-infeccao\/wp-json\/wp\/v2\/pages\/9\/revisions\/41"}],"wp:attachment":[{"href":"https:\/\/pos.uel.br\/controle-de-infeccao\/wp-json\/wp\/v2\/media?parent=9"}],"curies":[{"name":"wp","href":"https:\/\/api.w.org\/{rel}","templated":true}]}}