{"id":15,"date":"2025-08-04T15:42:34","date_gmt":"2025-08-04T18:42:34","guid":{"rendered":"https:\/\/pos.uel.br\/controle-de-infeccao\/?page_id=15"},"modified":"2025-12-12T16:57:09","modified_gmt":"2025-12-12T19:57:09","slug":"corpo-docente","status":"publish","type":"page","link":"https:\/\/pos.uel.br\/controle-de-infeccao\/corpo-docente\/","title":{"rendered":"Corpo Docente"},"content":{"rendered":"\n<figure class=\"wp-block-table is-style-stripes has-small-font-size\"><table class=\"has-fixed-layout\"><tbody><tr><td><strong>PROFESSOR<\/strong><\/td><td><strong>TITULA\u00c7\u00c3O<\/strong><\/td><td><strong>INSTITUI\u00c7\u00c3O<\/strong><\/td><td><strong>DEPARTAMENTO<\/strong><\/td><\/tr><tr><td>Aleandre Cassonatto<\/td><td>Doutor<\/td><td>UEL<\/td><td>HU<\/td><\/tr><tr><td>Anna Paula Silva Olak<\/td><td>Mestre<\/td><td>UEL<\/td><td>HU<\/td><\/tr><tr><td>Cl\u00e1udia Maria Dantas de Maio Carrilho<\/td><td>Doutora<\/td><td>UEL<\/td><td>MED<\/td><\/tr><tr><td>Danielly Negr\u00e3o<\/td><td>Doutora<\/td><td>UEL<\/td><td>ENF<\/td><\/tr><tr><td>Felipe Crepaldi Duarte<\/td><td>Doutor<\/td><td>PUC<\/td><td>EXTERNO<\/td><\/tr><tr><td>Gerusa Luciana Gomes Magalh\u00e3es<\/td><td>Doutora<\/td><td>UEL<\/td><td>PAC<\/td><\/tr><tr><td>Gilselena Kerbauy Lopes<\/td><td>Doutora<\/td><td>UEL<\/td><td>ENF<\/td><\/tr><tr><td>Jaqueline Dario Capobiango<\/td><td>Doutora<\/td><td>UEL<\/td><td>PED<\/td><\/tr><tr><td>Karine Maria Boll<\/td><td>Doutora<\/td><td>UEL<\/td><td>PAC<\/td><\/tr><tr><td>Marcelo Carneiro<\/td><td>Doutor<\/td><td>UNISC<\/td><td>EXTERNO<\/td><\/tr><tr><td>Marcia Regina Eches Perugini<\/td><td>Doutora<\/td><td>UEL<\/td><td>PAC<\/td><\/tr><tr><td>Marsileni Pelisson<\/td><td>Doutora<\/td><td>UEL<\/td><td>PAC<\/td><\/tr><tr><td>Renata Perugini Biasi Garbim<\/td><td>Doutora<\/td><td>UEL<\/td><td>MIB<\/td><\/tr><tr><td>Rita de C\u00e1ssia Domansky<\/td><td>Doutora<\/td><td>UEL<\/td><td>HU<\/td><\/tr><tr><td>Vitor Hugo Perugini<\/td><td>Especialista<\/td><td>UEL<\/td><td>HU<\/td><\/tr><tr><td>Tiago Danelli<\/td><td>Doutor<\/td><td>UEL<\/td><td>HEMOCENTRO<\/td><\/tr><\/tbody><\/table><\/figure>\n\n\n\n<div class=\"wp-block-columns is-layout-flex wp-container-core-columns-is-layout-9d6595d7 wp-block-columns-is-layout-flex\">\n<div class=\"wp-block-column is-layout-flow wp-block-column-is-layout-flow\"><\/div>\n<\/div>\n\n\n\n<p><\/p>\n","protected":false},"excerpt":{"rendered":"<p>PROFESSOR TITULA\u00c7\u00c3O INSTITUI\u00c7\u00c3O DEPARTAMENTO Aleandre Cassonatto Doutor UEL HU Anna Paula Silva Olak Mestre UEL HU Cl\u00e1udia Maria Dantas de Maio Carrilho Doutora UEL MED Danielly Negr\u00e3o Doutora UEL ENF Felipe Crepaldi Duarte Doutor PUC EXTERNO Gerusa Luciana Gomes Magalh\u00e3es Doutora UEL PAC Gilselena Kerbauy Lopes Doutora UEL ENF Jaqueline Dario Capobiango Doutora UEL PED [&hellip;]<\/p>\n","protected":false},"author":6,"featured_media":0,"parent":0,"menu_order":0,"comment_status":"closed","ping_status":"closed","template":"","meta":{"_acf_changed":false,"_themeisle_gutenberg_block_has_review":false,"footnotes":""},"class_list":["post-15","page","type-page","status-publish","hentry"],"acf":[],"_links":{"self":[{"href":"https:\/\/pos.uel.br\/controle-de-infeccao\/wp-json\/wp\/v2\/pages\/15","targetHints":{"allow":["GET"]}}],"collection":[{"href":"https:\/\/pos.uel.br\/controle-de-infeccao\/wp-json\/wp\/v2\/pages"}],"about":[{"href":"https:\/\/pos.uel.br\/controle-de-infeccao\/wp-json\/wp\/v2\/types\/page"}],"author":[{"embeddable":true,"href":"https:\/\/pos.uel.br\/controle-de-infeccao\/wp-json\/wp\/v2\/users\/6"}],"replies":[{"embeddable":true,"href":"https:\/\/pos.uel.br\/controle-de-infeccao\/wp-json\/wp\/v2\/comments?post=15"}],"version-history":[{"count":6,"href":"https:\/\/pos.uel.br\/controle-de-infeccao\/wp-json\/wp\/v2\/pages\/15\/revisions"}],"predecessor-version":[{"id":135,"href":"https:\/\/pos.uel.br\/controle-de-infeccao\/wp-json\/wp\/v2\/pages\/15\/revisions\/135"}],"wp:attachment":[{"href":"https:\/\/pos.uel.br\/controle-de-infeccao\/wp-json\/wp\/v2\/media?parent=15"}],"curies":[{"name":"wp","href":"https:\/\/api.w.org\/{rel}","templated":true}]}}