{"id":13,"date":"2025-08-04T15:42:16","date_gmt":"2025-08-04T18:42:16","guid":{"rendered":"https:\/\/pos.uel.br\/controle-de-infeccao\/?page_id=13"},"modified":"2025-08-05T11:31:36","modified_gmt":"2025-08-05T14:31:36","slug":"estrutura-curricular","status":"publish","type":"page","link":"https:\/\/pos.uel.br\/controle-de-infeccao\/estrutura-curricular\/","title":{"rendered":"Estrutura Curricular"},"content":{"rendered":"\n<p>2 DEO 243 &#8211; <strong>EPIDEMIOLOGIA E VIGIL\u00c2NCIA EPIDEMIOL\u00d3GICA APLICADAS<\/strong><\/p>\n\n\n\n<p><strong>AO CONTROLE DE INFEC\u00c7\u00c3O RELACIONADA \u00c0 ASSIST\u00caNCIA EM SA\u00daDE<\/strong>.<\/p>\n\n\n\n<p>Linhas te\u00f3ricas do m\u00e9todo epidemiol\u00f3gico em sa\u00fade, transcrito para infec\u00e7\u00e3o hospitalar. Realiza\u00e7\u00e3o de projeto de pesquisa e avalia\u00e7\u00e3o cr\u00edtica da pesquisa cl\u00ednico-epidemiol\u00f3gica observacional e experimental, m\u00e9todos de vigil\u00e2ncia epidemiol\u00f3gica, metodologia NNISS, an\u00e1lise de indicadores epidemiol\u00f3gicos.<\/p>\n\n\n\n<p>Cr\u00e9dito: 4 CH: 60<\/p>\n\n\n\n<p>2 DEO 211 &#8211;&nbsp;<strong>EQUIPE MULTIPROFISSIONAL NO CONTROLE DAS INFEC\u00c7\u00d5ES<\/strong><\/p>\n\n\n\n<p><strong>EM SERVI\u00c7O DE SA\u00daDE<\/strong>.<\/p>\n\n\n\n<p>Principais agentes etiol\u00f3gicos envolvidos em surtos hospitalares, etapas de investiga\u00e7\u00e3o de surtos, medidas de controle, atua\u00e7\u00e3o multiprofissional nos servi\u00e7os e controle de infec\u00e7\u00e3o hospitalar atrav\u00e9s da discuss\u00e3o de casos cl\u00ednicos, assist\u00eancia \u00e0 sa\u00fade no Brasil, infec\u00e7\u00e3o hospitalar sob o ponto de vista pol\u00edtico-social, aspectos legais, \u00e9tica e controle de infec\u00e7\u00e3o hospitalar, administra\u00e7\u00e3o hospitalar.<\/p>\n\n\n\n<p>Cr\u00e9dito: 2 CH: 30h<\/p>\n\n\n\n<p>2 DEO 207 &#8211;&nbsp;<strong>FARM\u00c1CIA E CONTROLE DE INFEC\u00c7\u00c3O<\/strong>.<\/p>\n\n\n\n<p>Farm\u00e1cia hospitalar: farm\u00e1cia cl\u00ednica, papel do farmac\u00eautico no controle de infec\u00e7\u00e3o, desinfetantes e antiss\u00e9pticos, nutri\u00e7\u00e3o parenteral e misturas intravenosas, quimiot\u00e1picos, antimicrobianos, tratamento das s\u00edndromes cl\u00ednicas, antibi\u00f3tico profilaxia em cl\u00ednica e cirurgia e controle antimicrobianos.<\/p>\n\n\n\n<p>Cr\u00e9dito: 3 CH: 45<\/p>\n\n\n\n<p>2 DEO 212 &#8211;&nbsp;<strong>METODOLOGIA DE ENSINO APLICADA \u00c0 PREVEN\u00c7\u00c3O E CONTROLE DE INFEC\u00c7\u00c3O<\/strong>.<\/p>\n\n\n\n<p>Contextualiza\u00e7\u00e3o do processo ensino-aprendizagem na \u00c1rea da Sa\u00fade, did\u00e1tica e metodologia do Ensino Superior, processos pedag\u00f3gicos inovadores em sa\u00fade, produ\u00e7\u00e3o, sistematiza\u00e7\u00e3o e dissemina\u00e7\u00e3o do conhecimento em sa\u00fade.<\/p>\n\n\n\n<p>Cr\u00e9dito: 2 CH: 30h<\/p>\n\n\n\n<p>2 DEO 208 &#8211;&nbsp;<strong>MICROBIOLOGIA DAS INFEC\u00c7\u00d5ES RELACIONADAS \u00c0 ASSIST\u00caNCIA \u00c0 SA\u00daDE<\/strong>.<\/p>\n\n\n\n<p>Microrganismos de interesse no controle de infec\u00e7\u00f5es relacionadas \u00e0 assist\u00eancia em sa\u00fade, papel do microbiologista no controle de infec\u00e7\u00f5es, microbiota e topografia das infec\u00e7\u00f5es hospitalares, o exame microbiol\u00f3gico, microrganismos multirresistentes, resist\u00eancia bacteriana, mecanismos de resist\u00eancia e detec\u00e7\u00e3o laboratorial, culturas de vigil\u00e2ncia, produ\u00e7\u00e3o de indicadores epidemiol\u00f3gicos, controles microbiol\u00f3gicos de materiais, investiga\u00e7\u00e3o microbiol\u00f3gica de surtos, biologia molecular aplicada ao diagn\u00f3stico de infec\u00e7\u00f5es relacionadas \u00e0 assist\u00eancia.<\/p>\n\n\n\n<p>Cr\u00e9dito: 3 CH: 45h<\/p>\n\n\n\n<p>2 DEO 221 &#8211;&nbsp;<strong>PREVEN\u00c7\u00c3O E CONTROLE DE INFEC\u00c7\u00c3O EM \u00c1REAS HOSPITALARES ESPECIAIS E DE APOIO EM SERVI\u00c7OS DE SA\u00daDE N\u00c3O HOSPITALARES<\/strong>.<\/p>\n\n\n\n<p>Abordagem geral das atividades de preven\u00e7\u00e3o e controle das infec\u00e7\u00f5es hospitalares em unidades de atendimento especializado como: Unidade de Terapia Intensiva, Unidade de tratamento dial\u00edtico, Hemocentro, Setor de endoscopia, Anatomia patol\u00f3gica, Centro de Material, Limpeza Hospitalar, Lavanderia hospitalar. Gerenciamento de Res\u00edduos s\u00f3lidos de sa\u00fade. Preven\u00e7\u00e3o e controle de infec\u00e7\u00e3o em Unidades B\u00e1sicas de Sa\u00fade, Ambulat\u00f3rios, Atendimento Domiciliar, Hospitais Dia, Consult\u00f3rios M\u00e9dicos, Homecare, Casas de Repouso e Creches, Laborat\u00f3rios Cl\u00ednicos, Farm\u00e1cias P\u00fablicas, Cl\u00ednicas de Fisioterapia, Consult\u00f3rios Odontol\u00f3gicos.<\/p>\n\n\n\n<p>Cr\u00e9dito: 3 CH: 45h<\/p>\n\n\n\n<p>2 DEO 204 &#8211;&nbsp;<strong>RISCO OCUPACIONAL E MEDIDIDAS DE PRECAU\u00c7\u00d5ES E ISOLAMENTO<\/strong>.<\/p>\n\n\n\n<p>Precau\u00e7\u00f5es universais padr\u00e3o, equipamentos de prote\u00e7\u00e3o individual, lavagem das m\u00e3os, acidentes de trabalho, sa\u00fade ocupacional,  Hepatite e HIV. Imuniza\u00e7\u00e3o para profissionais da sa\u00fade, modelos de isolamento e recomenda\u00e7\u00f5es do CDC.<\/p>\n\n\n\n<p>Cr\u00e9dito: 2&nbsp; CH: 30h<\/p>\n\n\n\n<p>2 DEO 203 &#8211;&nbsp;<strong>S<\/strong><strong>\u00cdNDROMES INFECIOSAS RELACIONADAS \u00c0 ASSIST\u00caNCIA EM SA\u00daDE<\/strong>.<\/p>\n\n\n\n<p>Introdu\u00e7\u00e3o \u00e0s infec\u00e7\u00f5es hospitalares, programa de controle de infec\u00e7\u00f5es hospitalares, caracter\u00edsticas cl\u00ednicas, epidemiologia, preven\u00e7\u00e3o e controle, diagn\u00f3stico e tratamento das s\u00edndromes infecciosas hospitalares: pneumonias, infec\u00e7\u00f5es urin\u00e1rias, da corrente sangu\u00ednea, cut\u00e2neas cir\u00fargicas e n\u00e3o cir\u00fargicas, no neonato, em queimaduras e nos imunodeprimidos. Controle de infec\u00e7\u00e3o relacionada a  procedimentos invasivos, diagn\u00f3stico microbiol\u00f3gico, imunol\u00f3gico e molecular das infec\u00e7\u00f5es relacionadas \u00e0 assist\u00eancia.<\/p>\n\n\n\n<p>Cr\u00e9dito: 5 CH: 75h.<\/p>\n\n\n\n<p>2 DEO 200 &#8211;&nbsp;<strong>MONOGRAFIA<\/strong>.<\/p>\n\n\n\n<div class=\"wp-block-columns is-layout-flex wp-container-core-columns-is-layout-9d6595d7 wp-block-columns-is-layout-flex\">\n<div class=\"wp-block-column is-layout-flow wp-block-column-is-layout-flow\"><\/div>\n<\/div>\n\n\n\n<p><\/p>\n","protected":false},"excerpt":{"rendered":"<p>2 DEO 243 &#8211; EPIDEMIOLOGIA E VIGIL\u00c2NCIA EPIDEMIOL\u00d3GICA APLICADAS AO CONTROLE DE INFEC\u00c7\u00c3O RELACIONADA \u00c0 ASSIST\u00caNCIA EM SA\u00daDE. Linhas te\u00f3ricas do m\u00e9todo epidemiol\u00f3gico em sa\u00fade, transcrito para infec\u00e7\u00e3o hospitalar. Realiza\u00e7\u00e3o de projeto de pesquisa e avalia\u00e7\u00e3o cr\u00edtica da pesquisa cl\u00ednico-epidemiol\u00f3gica observacional e experimental, m\u00e9todos de vigil\u00e2ncia epidemiol\u00f3gica, metodologia NNISS, an\u00e1lise de indicadores epidemiol\u00f3gicos. Cr\u00e9dito: 4 [&hellip;]<\/p>\n","protected":false},"author":6,"featured_media":0,"parent":0,"menu_order":0,"comment_status":"closed","ping_status":"closed","template":"","meta":{"_acf_changed":false,"_themeisle_gutenberg_block_has_review":false,"footnotes":""},"class_list":["post-13","page","type-page","status-publish","hentry"],"acf":[],"_links":{"self":[{"href":"https:\/\/pos.uel.br\/controle-de-infeccao\/wp-json\/wp\/v2\/pages\/13","targetHints":{"allow":["GET"]}}],"collection":[{"href":"https:\/\/pos.uel.br\/controle-de-infeccao\/wp-json\/wp\/v2\/pages"}],"about":[{"href":"https:\/\/pos.uel.br\/controle-de-infeccao\/wp-json\/wp\/v2\/types\/page"}],"author":[{"embeddable":true,"href":"https:\/\/pos.uel.br\/controle-de-infeccao\/wp-json\/wp\/v2\/users\/6"}],"replies":[{"embeddable":true,"href":"https:\/\/pos.uel.br\/controle-de-infeccao\/wp-json\/wp\/v2\/comments?post=13"}],"version-history":[{"count":13,"href":"https:\/\/pos.uel.br\/controle-de-infeccao\/wp-json\/wp\/v2\/pages\/13\/revisions"}],"predecessor-version":[{"id":64,"href":"https:\/\/pos.uel.br\/controle-de-infeccao\/wp-json\/wp\/v2\/pages\/13\/revisions\/64"}],"wp:attachment":[{"href":"https:\/\/pos.uel.br\/controle-de-infeccao\/wp-json\/wp\/v2\/media?parent=13"}],"curies":[{"name":"wp","href":"https:\/\/api.w.org\/{rel}","templated":true}]}}