{"id":11,"date":"2025-08-04T15:42:03","date_gmt":"2025-08-04T18:42:03","guid":{"rendered":"https:\/\/pos.uel.br\/controle-de-infeccao\/?page_id=11"},"modified":"2025-12-12T16:59:52","modified_gmt":"2025-12-12T19:59:52","slug":"contatos","status":"publish","type":"page","link":"https:\/\/pos.uel.br\/controle-de-infeccao\/contatos\/","title":{"rendered":"Contatos"},"content":{"rendered":"\n<p><strong>Secretaria de P\u00f3s-Gradua\u00e7\u00e3o<\/strong><\/p>\n\n\n\n<p>TELEFONE:&nbsp;&nbsp;(43) 3371-2353<\/p>\n\n\n\n<p>e-mail: marciaperugini@uel.br<\/p>\n\n\n\n<p>e-mail da p\u00f3s: pos.iras@uel.br<\/p>\n\n\n\n<p><\/p>\n","protected":false},"excerpt":{"rendered":"<p>Secretaria de P\u00f3s-Gradua\u00e7\u00e3o TELEFONE:&nbsp;&nbsp;(43) 3371-2353 e-mail: marciaperugini@uel.br e-mail da p\u00f3s: pos.iras@uel.br<\/p>\n","protected":false},"author":6,"featured_media":0,"parent":0,"menu_order":0,"comment_status":"closed","ping_status":"closed","template":"","meta":{"_acf_changed":false,"_themeisle_gutenberg_block_has_review":false,"footnotes":""},"class_list":["post-11","page","type-page","status-publish","hentry"],"acf":[],"_links":{"self":[{"href":"https:\/\/pos.uel.br\/controle-de-infeccao\/wp-json\/wp\/v2\/pages\/11","targetHints":{"allow":["GET"]}}],"collection":[{"href":"https:\/\/pos.uel.br\/controle-de-infeccao\/wp-json\/wp\/v2\/pages"}],"about":[{"href":"https:\/\/pos.uel.br\/controle-de-infeccao\/wp-json\/wp\/v2\/types\/page"}],"author":[{"embeddable":true,"href":"https:\/\/pos.uel.br\/controle-de-infeccao\/wp-json\/wp\/v2\/users\/6"}],"replies":[{"embeddable":true,"href":"https:\/\/pos.uel.br\/controle-de-infeccao\/wp-json\/wp\/v2\/comments?post=11"}],"version-history":[{"count":6,"href":"https:\/\/pos.uel.br\/controle-de-infeccao\/wp-json\/wp\/v2\/pages\/11\/revisions"}],"predecessor-version":[{"id":136,"href":"https:\/\/pos.uel.br\/controle-de-infeccao\/wp-json\/wp\/v2\/pages\/11\/revisions\/136"}],"wp:attachment":[{"href":"https:\/\/pos.uel.br\/controle-de-infeccao\/wp-json\/wp\/v2\/media?parent=11"}],"curies":[{"name":"wp","href":"https:\/\/api.w.org\/{rel}","templated":true}]}}