{"id":102,"date":"2025-10-14T17:14:42","date_gmt":"2025-10-14T20:14:42","guid":{"rendered":"https:\/\/pos.uel.br\/controle-de-infeccao\/?page_id=102"},"modified":"2025-10-23T12:43:51","modified_gmt":"2025-10-23T15:43:51","slug":"inscricoes","status":"publish","type":"page","link":"https:\/\/pos.uel.br\/controle-de-infeccao\/inscricoes\/","title":{"rendered":"Inscri\u00e7\u00f5es"},"content":{"rendered":"\n<p>As inscri\u00e7\u00f5es estar\u00e3o dispon\u00edveis a partir de 05\/11\/2025 e ser\u00e3o realizadas somente via Sistema de Inscri\u00e7\u00e3o online, no endere\u00e7o eletr\u00f4nico da <a href=\"https:\/\/sites.uel.br\/proppg\/inscricoes\/\" data-type=\"link\" data-id=\"https:\/\/sites.uel.br\/proppg\/inscricoes\/\">Pr\u00f3-Reitoria de Pesquisa e P\u00f3s-Gradua\u00e7\u00e3o<\/a>.<\/p>\n\n\n\n<p>Conforme edital: O per\u00edodo de 20 a 30 de outubro refere-se aos casos de isen\u00e7\u00e3o de taxa de inscri\u00e7\u00e3o por motivo de doa\u00e7\u00e3o de sangue ou volunt\u00e1rio da justi\u00e7a eleitoral.<\/p>\n\n\n\n<a href=\"https:\/\/pos.uel.br\/controle-de-infeccao\/wp-content\/uploads\/2025\/10\/Edital-2026-1_assinado.pdf\">Edital<\/a>\n\n\n\n<figure class=\"wp-block-image size-full\"><img loading=\"lazy\" decoding=\"async\" width=\"605\" height=\"553\" src=\"https:\/\/pos.uel.br\/controle-de-infeccao\/wp-content\/uploads\/2025\/10\/cronograma-mestrado.png\" alt=\"\" class=\"wp-image-125\" srcset=\"https:\/\/pos.uel.br\/controle-de-infeccao\/wp-content\/uploads\/2025\/10\/cronograma-mestrado.png 605w, https:\/\/pos.uel.br\/controle-de-infeccao\/wp-content\/uploads\/2025\/10\/cronograma-mestrado-300x274.png 300w\" sizes=\"auto, (max-width: 605px) 100vw, 605px\" \/><\/figure>\n\n\n\n<a href=\"https:\/\/pos.uel.br\/controle-de-infeccao\/wp-content\/uploads\/2025\/10\/Edital-2026-1_assinado.pdf\">Edital<\/a>\n","protected":false},"excerpt":{"rendered":"<p>As inscri\u00e7\u00f5es estar\u00e3o dispon\u00edveis a partir de 05\/11\/2025 e ser\u00e3o realizadas somente via Sistema de Inscri\u00e7\u00e3o online, no endere\u00e7o eletr\u00f4nico da Pr\u00f3-Reitoria de Pesquisa e P\u00f3s-Gradua\u00e7\u00e3o. Conforme edital: O per\u00edodo de 20 a 30 de outubro refere-se aos casos de isen\u00e7\u00e3o de taxa de inscri\u00e7\u00e3o por motivo de doa\u00e7\u00e3o de sangue ou volunt\u00e1rio da justi\u00e7a [&hellip;]<\/p>\n","protected":false},"author":6,"featured_media":0,"parent":0,"menu_order":0,"comment_status":"closed","ping_status":"closed","template":"","meta":{"_acf_changed":false,"_themeisle_gutenberg_block_has_review":false,"footnotes":""},"class_list":["post-102","page","type-page","status-publish","hentry"],"acf":[],"_links":{"self":[{"href":"https:\/\/pos.uel.br\/controle-de-infeccao\/wp-json\/wp\/v2\/pages\/102","targetHints":{"allow":["GET"]}}],"collection":[{"href":"https:\/\/pos.uel.br\/controle-de-infeccao\/wp-json\/wp\/v2\/pages"}],"about":[{"href":"https:\/\/pos.uel.br\/controle-de-infeccao\/wp-json\/wp\/v2\/types\/page"}],"author":[{"embeddable":true,"href":"https:\/\/pos.uel.br\/controle-de-infeccao\/wp-json\/wp\/v2\/users\/6"}],"replies":[{"embeddable":true,"href":"https:\/\/pos.uel.br\/controle-de-infeccao\/wp-json\/wp\/v2\/comments?post=102"}],"version-history":[{"count":11,"href":"https:\/\/pos.uel.br\/controle-de-infeccao\/wp-json\/wp\/v2\/pages\/102\/revisions"}],"predecessor-version":[{"id":127,"href":"https:\/\/pos.uel.br\/controle-de-infeccao\/wp-json\/wp\/v2\/pages\/102\/revisions\/127"}],"wp:attachment":[{"href":"https:\/\/pos.uel.br\/controle-de-infeccao\/wp-json\/wp\/v2\/media?parent=102"}],"curies":[{"name":"wp","href":"https:\/\/api.w.org\/{rel}","templated":true}]}}