{"id":662,"date":"2025-07-10T14:54:13","date_gmt":"2025-07-10T17:54:13","guid":{"rendered":"https:\/\/pos.uel.br\/contfinanceira\/?page_id=662"},"modified":"2025-07-10T15:52:01","modified_gmt":"2025-07-10T18:52:01","slug":"corpo-docente","status":"publish","type":"page","link":"https:\/\/pos.uel.br\/contfinanceira\/corpo-docente\/","title":{"rendered":"Corpo Docente"},"content":{"rendered":"\n<figure class=\"wp-block-table is-style-stripes has-small-font-size\"><table class=\"has-fixed-layout\"><tbody><tr><td><strong>Professor<\/strong><\/td><td><strong>Titula\u00e7\u00e3o<\/strong><\/td><td><strong>Institui\u00e7\u00e3o<\/strong><\/td><td><strong>Forma\u00e7\u00e3o<\/strong><\/td><\/tr><tr><td>Antonio Marcos Flauzino dos Santos<\/td><td>Doutor<\/td><td>UEM<\/td><td>FGV<\/td><\/tr><tr><td>Eduardo Augusto R. Contani<\/td><td>Doutor<\/td><td>UEL<\/td><td>FEA-USP<\/td><\/tr><tr><td>Eric Ferreira dos Santos<\/td><td>Mestre<\/td><td>UEL<\/td><td>UEM<\/td><\/tr><tr><td>Federico Natalio Madkur<\/td><td>Mestre<\/td><td>UEL<\/td><td>UEL<\/td><\/tr><tr><td>Luciano Gomes dos Reis<\/td><td>Doutor<\/td><td>UEL<\/td><td>USP<\/td><\/tr><tr><td>Marlon Athos Mar\u00e7al Oliveira<\/td><td>Mestre<\/td><td>\u2014<\/td><td>UEM<\/td><\/tr><tr><td>Saulo Fabiano Am\u00e2ncio Vieira<\/td><td>Doutor<\/td><td>UEL<\/td><td>UniNove<\/td><\/tr><tr><td>Vitor Hideu Nasu<\/td><td>Doutorando<\/td><td>USP<\/td><td>USP<\/td><\/tr><\/tbody><\/table><\/figure>\n","protected":false},"excerpt":{"rendered":"<p>Professor Titula\u00e7\u00e3o Institui\u00e7\u00e3o Forma\u00e7\u00e3o Antonio Marcos Flauzino dos Santos Doutor UEM FGV Eduardo Augusto R. Contani Doutor UEL FEA-USP Eric Ferreira dos Santos Mestre UEL UEM Federico Natalio Madkur Mestre UEL UEL Luciano Gomes dos Reis Doutor UEL USP Marlon Athos Mar\u00e7al Oliveira Mestre \u2014 UEM Saulo Fabiano Am\u00e2ncio Vieira Doutor UEL UniNove Vitor Hideu [&hellip;]<\/p>\n","protected":false},"author":8,"featured_media":0,"parent":0,"menu_order":0,"comment_status":"closed","ping_status":"closed","template":"","meta":{"_acf_changed":false,"_themeisle_gutenberg_block_has_review":false,"footnotes":""},"class_list":["post-662","page","type-page","status-publish","hentry"],"acf":[],"_links":{"self":[{"href":"https:\/\/pos.uel.br\/contfinanceira\/wp-json\/wp\/v2\/pages\/662","targetHints":{"allow":["GET"]}}],"collection":[{"href":"https:\/\/pos.uel.br\/contfinanceira\/wp-json\/wp\/v2\/pages"}],"about":[{"href":"https:\/\/pos.uel.br\/contfinanceira\/wp-json\/wp\/v2\/types\/page"}],"author":[{"embeddable":true,"href":"https:\/\/pos.uel.br\/contfinanceira\/wp-json\/wp\/v2\/users\/8"}],"replies":[{"embeddable":true,"href":"https:\/\/pos.uel.br\/contfinanceira\/wp-json\/wp\/v2\/comments?post=662"}],"version-history":[{"count":2,"href":"https:\/\/pos.uel.br\/contfinanceira\/wp-json\/wp\/v2\/pages\/662\/revisions"}],"predecessor-version":[{"id":674,"href":"https:\/\/pos.uel.br\/contfinanceira\/wp-json\/wp\/v2\/pages\/662\/revisions\/674"}],"wp:attachment":[{"href":"https:\/\/pos.uel.br\/contfinanceira\/wp-json\/wp\/v2\/media?parent=662"}],"curies":[{"name":"wp","href":"https:\/\/api.w.org\/{rel}","templated":true}]}}