{"id":660,"date":"2025-07-10T14:53:50","date_gmt":"2025-07-10T17:53:50","guid":{"rendered":"https:\/\/pos.uel.br\/contfinanceira\/?page_id=660"},"modified":"2025-10-09T08:34:55","modified_gmt":"2025-10-09T11:34:55","slug":"estrutura-curricular","status":"publish","type":"page","link":"https:\/\/pos.uel.br\/contfinanceira\/estrutura-curricular\/","title":{"rendered":"Estrutura Curricular"},"content":{"rendered":"\n<p>O Curso ter\u00e1 a dura\u00e7\u00e3o de 360 (trezentos e sessenta) horas, correspondentes a 24 (vinte e quatro) cr\u00e9ditos, a serem desenvolvidos em 3 (tr\u00eas) per\u00edodos letivos. O desenvolvimento do Curso obedecer\u00e1 a seguinte organiza\u00e7\u00e3o curricular.&nbsp;<\/p>\n\n\n\n<p>a) A cada conjunto de 15 horas\/aula, o total de 5 (cinco) horas aula ser\u00e3o realizadas mediante atividades extrassala, de natureza te\u00f3rica e\/ou pr\u00e1tica, desenvolvidas pelo docente da disciplina e sujeitas a avalia\u00e7\u00e3o, a crit\u00e9rio de cada docente, a serem disponibilizadas aos acad\u00eamicos por meio eletr\u00f4nico, que ir\u00e3o servir de subs\u00eddio para as aulas presenciais;&nbsp;<\/p>\n\n\n\n<p>b) O total de 10 (dez) horas aula ser\u00e3o realizadas de forma presencial, aos s\u00e1bados, de forma te\u00f3rico\/pr\u00e1tica, desenvolvidas em sala de aula ou laborat\u00f3rios de inform\u00e1tica do Centro de Estudos Sociais Aplicados (CESA) da Universidade Estadual de Londrina;&nbsp;<\/p>\n\n\n\n<p>c) Desta forma, o aluno ter\u00e1 aulas presenciais somente aos s\u00e1bados, sendo as atividades extrassala gerenciadas pelo docente da disciplina, por interm\u00e9dio de ferramentas eletr\u00f4nicas.&nbsp;&nbsp;<\/p>\n\n\n\n<p>d) A oferta de disciplinas nesta modalidade justifica-se por possibilitar ao discente conciliar as suas atividades previstas no curso sem concorrer com as suas atividades profissionais. Como o cronograma de aulas \u00e9, usualmente, disponibilizado com grande anteced\u00eancia, permite aos alunos oriundos de outras localidades o planejamento de sua participa\u00e7\u00e3o nas disciplinas.&nbsp;&nbsp;<\/p>\n\n\n\n<p>e) As disciplinas ser\u00e3o ofertadas, preferencialmente, de forma quinzenal, podendo ocorrer situa\u00e7\u00f5es nas quais as aulas ocorrer\u00e3o em dois finais de semanas consecutivos.<\/p>\n\n\n\n<figure class=\"wp-block-table is-style-stripes has-small-font-size\"><table class=\"has-fixed-layout\"><tbody><tr><td><strong>Disciplinas<\/strong><\/td><td><strong>C.H.<\/strong><\/td><td><strong>N\u00ba de Cr\u00e9ditos<\/strong><\/td><td><strong>Departamento<\/strong><\/td><\/tr><tr><td>T\u00f3picos Avan\u00e7ados de Contabilidade<\/td><td>45<\/td><td>3<\/td><td>Cont\u00e1beis<\/td><\/tr><tr><td>Gest\u00e3o Financeira, Or\u00e7ament\u00e1ria e Simula\u00e7\u00e3o Empresarial<\/td><td>60<\/td><td>4<\/td><td>Cont\u00e1beis<\/td><\/tr><tr><td>An\u00e1lise Cont\u00e1bil de Empresas e Gest\u00e3o de Custos para fins Societ\u00e1rios<\/td><td>60<\/td><td>4<\/td><td>Cont\u00e1beis<\/td><\/tr><tr><td>T\u00f3picos Especiais em Contabilidade Tribut\u00e1ria<\/td><td>60<\/td><td>4<\/td><td>Cont\u00e1beis<\/td><\/tr><tr><td>Gest\u00e3o Trabalhista e Previdenci\u00e1ria<\/td><td>60<\/td><td>4<\/td><td>Cont\u00e1beis<\/td><\/tr><tr><td>Aspectos Jur\u00eddicos da Contabilidade Financeira,&nbsp; Tribut\u00e1ria e da tributa\u00e7\u00e3o da Pessoa F\u00edsica (IRPF)<\/td><td>45<\/td><td>4<\/td><td>Direito Privado<\/td><\/tr><tr><td>Planejamento Tribut\u00e1rio<\/td><td>30<\/td><td>2<\/td><td>Cont\u00e1beis<\/td><\/tr><tr><td>TOTAL<\/td><td>360<\/td><td>24<\/td><td>&nbsp;<\/td><\/tr><\/tbody><\/table><\/figure>\n\n\n\n<div class=\"wp-block-columns is-layout-flex wp-container-core-columns-is-layout-9d6595d7 wp-block-columns-is-layout-flex\">\n<div class=\"wp-block-column is-layout-flow wp-block-column-is-layout-flow\"><\/div>\n<\/div>\n\n\n\n<p><\/p>\n","protected":false},"excerpt":{"rendered":"<p>O Curso ter\u00e1 a dura\u00e7\u00e3o de 360 (trezentos e sessenta) horas, correspondentes a 24 (vinte e quatro) cr\u00e9ditos, a serem desenvolvidos em 3 (tr\u00eas) per\u00edodos letivos. O desenvolvimento do Curso obedecer\u00e1 a seguinte organiza\u00e7\u00e3o curricular.&nbsp; a) A cada conjunto de 15 horas\/aula, o total de 5 (cinco) horas aula ser\u00e3o realizadas mediante atividades extrassala, de [&hellip;]<\/p>\n","protected":false},"author":8,"featured_media":0,"parent":0,"menu_order":0,"comment_status":"closed","ping_status":"closed","template":"","meta":{"_acf_changed":false,"_themeisle_gutenberg_block_has_review":false,"footnotes":""},"class_list":["post-660","page","type-page","status-publish","hentry"],"acf":[],"_links":{"self":[{"href":"https:\/\/pos.uel.br\/contfinanceira\/wp-json\/wp\/v2\/pages\/660","targetHints":{"allow":["GET"]}}],"collection":[{"href":"https:\/\/pos.uel.br\/contfinanceira\/wp-json\/wp\/v2\/pages"}],"about":[{"href":"https:\/\/pos.uel.br\/contfinanceira\/wp-json\/wp\/v2\/types\/page"}],"author":[{"embeddable":true,"href":"https:\/\/pos.uel.br\/contfinanceira\/wp-json\/wp\/v2\/users\/8"}],"replies":[{"embeddable":true,"href":"https:\/\/pos.uel.br\/contfinanceira\/wp-json\/wp\/v2\/comments?post=660"}],"version-history":[{"count":4,"href":"https:\/\/pos.uel.br\/contfinanceira\/wp-json\/wp\/v2\/pages\/660\/revisions"}],"predecessor-version":[{"id":718,"href":"https:\/\/pos.uel.br\/contfinanceira\/wp-json\/wp\/v2\/pages\/660\/revisions\/718"}],"wp:attachment":[{"href":"https:\/\/pos.uel.br\/contfinanceira\/wp-json\/wp\/v2\/media?parent=660"}],"curies":[{"name":"wp","href":"https:\/\/api.w.org\/{rel}","templated":true}]}}