{"id":676,"date":"2025-07-01T10:48:21","date_gmt":"2025-07-01T13:48:21","guid":{"rendered":"https:\/\/pos.uel.br\/contabilidade\/?page_id=676"},"modified":"2025-10-09T08:24:58","modified_gmt":"2025-10-09T11:24:58","slug":"estrutura-curricular","status":"publish","type":"page","link":"https:\/\/pos.uel.br\/contabilidade\/estrutura-curricular\/","title":{"rendered":"Estrutura Curricular"},"content":{"rendered":"\n<p>O Curso ter\u00e1 a dura\u00e7\u00e3o de 360 (trezentos e sessenta) horas, correspondentes a 24 (vinte e quatro) cr\u00e9ditos, a serem desenvolvidos em 3 (tr\u00eas) per\u00edodos letivos. O desenvolvimento do Curso obedecer\u00e1 a seguinte organiza\u00e7\u00e3o curricular.<\/p>\n\n\n\n<figure class=\"wp-block-table is-style-stripes has-small-font-size\"><table class=\"has-fixed-layout\"><tbody><tr><td><strong>C\u00f3digo<\/strong><\/td><td><strong>Disciplinas<\/strong><\/td><td><strong>Cr\u00e9ditos<\/strong><\/td><td><strong>C.H.<\/strong><\/td><\/tr><tr><td>2ADM150<\/td><td>Planejamento e Controle Financeiro<\/td><td>2<\/td><td>30<\/td><\/tr><tr><td>2CON022<\/td><td>Fundamentos da Contabilidade de Custos<\/td><td>2<\/td><td>30<\/td><\/tr><tr><td>2CON055<\/td><td>Gest\u00e3o Estrat\u00e9gica de Custos<\/td><td>2<\/td><td>30<\/td><\/tr><tr><td>2CON024<\/td><td>Gest\u00e3o Or\u00e7ament\u00e1ria<\/td><td>2<\/td><td>30<\/td><\/tr><tr><td>2CON053<\/td><td>T\u00f3picos Especiais em Contabilidade e Controladoria<\/td><td>2<\/td><td>30<\/td><\/tr><tr><td>2CON127<\/td><td>Controladoria Empresarial<\/td><td>2<\/td><td>30<\/td><\/tr><tr><td>2CON128<\/td><td>M\u00e9todos Quantitativos Aplicados \u00e0 Controladoria<\/td><td>2<\/td><td>30<\/td><\/tr><tr><td>2CON057<\/td><td>Simula\u00e7\u00e3o Empresarial<\/td><td>2<\/td><td>30<\/td><\/tr><tr><td>2CON129<\/td><td>Introdu\u00e7\u00e3o \u00e0 Controladoria<\/td><td>2<\/td><td>30<\/td><\/tr><tr><td>2CON130<\/td><td>Contabilidade e Gest\u00e3o Baseada em Valor<\/td><td>2<\/td><td>30<\/td><\/tr><tr><td>2CON131<\/td><td>Controladoria: viv\u00eancia empresarial<\/td><td>2<\/td><td>30<\/td><\/tr><tr><td>2CON139<\/td><td>Contabilidade e Controladoria Aplicadas ao Terceiro Setor<\/td><td>2<\/td><td>30<\/td><\/tr><\/tbody><\/table><\/figure>\n","protected":false},"excerpt":{"rendered":"<p>O Curso ter\u00e1 a dura\u00e7\u00e3o de 360 (trezentos e sessenta) horas, correspondentes a 24 (vinte e quatro) cr\u00e9ditos, a serem desenvolvidos em 3 (tr\u00eas) per\u00edodos letivos. O desenvolvimento do Curso obedecer\u00e1 a seguinte organiza\u00e7\u00e3o curricular. C\u00f3digo Disciplinas Cr\u00e9ditos C.H. 2ADM150 Planejamento e Controle Financeiro 2 30 2CON022 Fundamentos da Contabilidade de Custos 2 30 2CON055 [&hellip;]<\/p>\n","protected":false},"author":10,"featured_media":0,"parent":0,"menu_order":0,"comment_status":"closed","ping_status":"closed","template":"","meta":{"_acf_changed":false,"_themeisle_gutenberg_block_has_review":false,"footnotes":""},"class_list":["post-676","page","type-page","status-publish","hentry"],"acf":[],"_links":{"self":[{"href":"https:\/\/pos.uel.br\/contabilidade\/wp-json\/wp\/v2\/pages\/676","targetHints":{"allow":["GET"]}}],"collection":[{"href":"https:\/\/pos.uel.br\/contabilidade\/wp-json\/wp\/v2\/pages"}],"about":[{"href":"https:\/\/pos.uel.br\/contabilidade\/wp-json\/wp\/v2\/types\/page"}],"author":[{"embeddable":true,"href":"https:\/\/pos.uel.br\/contabilidade\/wp-json\/wp\/v2\/users\/10"}],"replies":[{"embeddable":true,"href":"https:\/\/pos.uel.br\/contabilidade\/wp-json\/wp\/v2\/comments?post=676"}],"version-history":[{"count":5,"href":"https:\/\/pos.uel.br\/contabilidade\/wp-json\/wp\/v2\/pages\/676\/revisions"}],"predecessor-version":[{"id":770,"href":"https:\/\/pos.uel.br\/contabilidade\/wp-json\/wp\/v2\/pages\/676\/revisions\/770"}],"wp:attachment":[{"href":"https:\/\/pos.uel.br\/contabilidade\/wp-json\/wp\/v2\/media?parent=676"}],"curies":[{"name":"wp","href":"https:\/\/api.w.org\/{rel}","templated":true}]}}